{"id":17223,"date":"2025-07-24T09:06:32","date_gmt":"2025-07-24T09:06:32","guid":{"rendered":"https:\/\/fv6qoy3ls0.wpdns.site\/produto\/viltrox-adaptador-ef-eos-m-canon-ef-canon-m\/"},"modified":"2026-02-25T17:11:52","modified_gmt":"2026-02-25T17:11:52","slug":"viltrox-adaptador-ef-eos-m-canon-m","status":"publish","type":"product","link":"https:\/\/hi-techwonder.com\/es\/producto\/viltrox-adaptador-ef-eos-m-canon-m\/","title":{"rendered":"Viltrox Adaptador EF-EOS M Canon EF &#8211; Canon M"},"content":{"rendered":"<h1>Viltrox Adaptador EF-EOS M Canon EF &#8211; Canon M<\/h1>\n<p>Este adaptador de montura de objetivos de Viltrox est\u00e1 dise\u00f1ado para permitir el uso de un objetivo de montura Canon EF o EF-S con una c\u00e1mara con montura Canon EF-M con comunicaci\u00f3n electr\u00f3nica completa. La parte inferior de la pata de tr\u00edpode desmontable de este adaptador est\u00e1 roscada con una rosca accesoria de 1\/4&#8243;-20, lo que proporciona una conexi\u00f3n directa a tr\u00edpodes o placas de liberaci\u00f3n r\u00e1pida que cuentan con monturas de 1\/4&#8243;-20.<\/p>\n<p>&nbsp;<\/p>\n<ul>\n<li>Admite la comunicaci\u00f3n electr\u00f3nica entre la c\u00e1mara y el objetivo para habilitar el enfoque autom\u00e1tico cuando sea posible<\/li>\n<li>Pie de tr\u00edpode desmontable con rosca accesoria de 1\/4&#8243;-20 para conexi\u00f3n directa a tr\u00edpodes o placas de liberaci\u00f3n r\u00e1pida que cuentan con monturas de 1\/4&#8243;-20<\/li>\n<\/ul>\n<p><img loading=\"lazy\" decoding=\"async\" class=\"alignnone size-full wp-image-27154\" src=\"https:\/\/hi-techwonder.com\/wp-content\/themes\/woodmart\/images\/lazy.svg\" data-src=\"https:\/\/viltrox.pt\/wp-content\/uploads\/2023\/09\/Viltrox-Adaptador-EF-EOS-M-7.jpg\" alt=\"\" width=\"1024\" height=\"964\"><\/p>\n<p><strong>Especificaciones:<\/strong><\/p>\n<p><em>Adaptador<\/em><\/p>\n<table width=\"644\">\n<tbody>\n<tr>\n<td width=\"303\"><strong>Montura de la C\u00e1mara<\/strong><\/td>\n<td width=\"340\">Canon EOS M<\/td>\n<\/tr>\n<tr>\n<td width=\"303\"><strong>Montura del objetivo<\/strong><\/td>\n<td width=\"340\">Canon EF\/EF-S<\/td>\n<\/tr>\n<tr>\n<td width=\"303\"><strong>Comunicaci\u00f3n electr\u00f3nica<\/strong><\/td>\n<td width=\"340\">Si<\/td>\n<\/tr>\n<tr>\n<td width=\"303\"><strong>Visor<\/strong><\/td>\n<td width=\"340\">No<\/td>\n<\/tr>\n<\/tbody>\n<\/table>\n<p><em>\u00a0<\/em><\/p>\n<p><em>Cuerpo<\/em><\/p>\n<table width=\"640\">\n<tbody>\n<tr>\n<td width=\"302\"><strong>Dimensiones<\/strong><\/td>\n<td width=\"337\">\u00f8: 66,0 x P: 26,0 mm<\/td>\n<\/tr>\n<tr>\n<td width=\"302\"><strong>Peso<\/strong><\/td>\n<td width=\"337\">145g<\/td>\n<\/tr>\n<\/tbody>\n<\/table>\n","protected":false},"excerpt":{"rendered":"<ul>\n<li>Use objetivos Canon EF\/EF-S en c\u00e1maras Canon EOS M<\/li>\n<li>Habilita el enfoque autom\u00e1tico y la exposici\u00f3n autom\u00e1tica<\/li>\n<li>Permite el control de apertura en el cuerpo de la c\u00e1mara<\/li>\n<li>Transfiere datos Exif a la c\u00e1mara<\/li>\n<\/ul>\n","protected":false},"featured_media":17236,"comment_status":"closed","ping_status":"closed","template":"","meta":{"_acf_changed":false},"product_brand":[2544],"product_cat":[1041],"product_tag":[],"class_list":{"0":"post-17223","1":"product","2":"type-product","3":"status-publish","4":"has-post-thumbnail","6":"product_brand-viltrox-es","7":"product_cat-adaptadores-es","8":"pa_montagem-canon-m-es","9":"pa_montagem-da-objetiva-canon-ef-es","10":"pa_tipo-de-foco-enfoque-automatico","12":"first","13":"instock","14":"taxable","15":"shipping-taxable","16":"purchasable","17":"product-type-simple"},"bundled_by":[],"bundle_stock_status":"instock","bundle_stock_quantity":1,"bundle_virtual":false,"bundle_layout":"","bundle_add_to_cart_form_location":"","bundle_editable_in_cart":false,"bundle_sold_individually_context":"","bundle_item_grouping":"","bundle_min_size":"","bundle_max_size":"","bundle_price":[],"bundled_items":[],"bundle_sell_ids":[],"acf":[],"_links":{"self":[{"href":"https:\/\/hi-techwonder.com\/es\/wp-json\/wp\/v2\/product\/17223","targetHints":{"allow":["GET"]}}],"collection":[{"href":"https:\/\/hi-techwonder.com\/es\/wp-json\/wp\/v2\/product"}],"about":[{"href":"https:\/\/hi-techwonder.com\/es\/wp-json\/wp\/v2\/types\/product"}],"replies":[{"embeddable":true,"href":"https:\/\/hi-techwonder.com\/es\/wp-json\/wp\/v2\/comments?post=17223"}],"wp:featuredmedia":[{"embeddable":true,"href":"https:\/\/hi-techwonder.com\/es\/wp-json\/wp\/v2\/media\/17236"}],"wp:attachment":[{"href":"https:\/\/hi-techwonder.com\/es\/wp-json\/wp\/v2\/media?parent=17223"}],"wp:term":[{"taxonomy":"product_brand","embeddable":true,"href":"https:\/\/hi-techwonder.com\/es\/wp-json\/wp\/v2\/product_brand?post=17223"},{"taxonomy":"product_cat","embeddable":true,"href":"https:\/\/hi-techwonder.com\/es\/wp-json\/wp\/v2\/product_cat?post=17223"},{"taxonomy":"product_tag","embeddable":true,"href":"https:\/\/hi-techwonder.com\/es\/wp-json\/wp\/v2\/product_tag?post=17223"}],"curies":[{"name":"wp","href":"https:\/\/api.w.org\/{rel}","templated":true}]}}