{"id":17242,"date":"2025-07-24T09:06:32","date_gmt":"2025-07-24T09:06:32","guid":{"rendered":"https:\/\/fv6qoy3ls0.wpdns.site\/produto\/viltrox-adaptador-ef-gfx-canon-ef-fujifilm-gfx\/"},"modified":"2026-02-06T15:31:47","modified_gmt":"2026-02-06T15:31:47","slug":"viltrox-adaptador-ef-gfx-canon","status":"publish","type":"product","link":"https:\/\/hi-techwonder.com\/es\/producto\/viltrox-adaptador-ef-gfx-canon\/","title":{"rendered":"Viltrox Adaptador EF-GFX Canon EF &#8211; Fujifilm GFX"},"content":{"rendered":"<h1>Viltrox Adaptador EF-GFX Canon EF &#8211; Fujifilm GFX<\/h1>\n<p><iframe loading=\"lazy\" title=\"Viltrox Adaptador EF-GFX\" width=\"500\" height=\"281\" src=\"https:\/\/www.youtube.com\/embed\/hlGkSEmbFPM?feature=oembed\" frameborder=\"0\" allow=\"accelerometer; autoplay; clipboard-write; encrypted-media; gyroscope; picture-in-picture; web-share\" referrerpolicy=\"strict-origin-when-cross-origin\" allowfullscreen><\/iframe><\/p>\n<p>El adaptador de montura Viltrox EF-GFX permite montar lentes Canon EF sin problemas en c\u00e1maras de formato medio con una montura Fuji GFX.<\/p>\n<p>Tiene contactos electr\u00f3nicos incorporados y las bayonetas son de metal tratado superficialmente, siendo duradero y resistente. Tambi\u00e9n compatible con la funci\u00f3n AF. El firmware se puede actualizar a trav\u00e9s de un puerto Micro-USB.<\/p>\n<p><strong>Especificaciones:<\/strong><\/p>\n<p><em>Adaptador<\/em><\/p>\n<table width=\"642\">\n<tbody>\n<tr>\n<td width=\"302\">Montura de la C\u00e1mara<\/td>\n<td width=\"339\">FUJIFILM G<\/td>\n<\/tr>\n<tr>\n<td width=\"302\"><strong>Montura del objetivo<\/strong><\/td>\n<td width=\"339\">Canon EF\/EF-S<\/td>\n<\/tr>\n<tr>\n<td width=\"302\"><strong>Comunicaci\u00f3n electr\u00f3nica<\/strong><\/td>\n<td width=\"339\">Si<\/td>\n<\/tr>\n<tr>\n<td width=\"302\"><strong>Visor<\/strong><\/td>\n<td width=\"339\">No<\/td>\n<\/tr>\n<\/tbody>\n<\/table>\n<p><em>\u00a0<\/em><\/p>\n<p><em>Cuerpo<\/em><\/p>\n<table width=\"640\">\n<tbody>\n<tr>\n<td width=\"302\"><strong>Dimensiones<\/strong><\/td>\n<td width=\"337\">\u00f8: 79.0 x D: 24.0\u00a0mm<\/td>\n<\/tr>\n<tr>\n<td width=\"302\"><strong>Peso<\/strong><\/td>\n<td width=\"337\">85g<\/td>\n<\/tr>\n<\/tbody>\n<\/table>\n<p>&nbsp;<\/p>\n","protected":false},"excerpt":{"rendered":"<ul>\n<li>Contacto electr\u00f3nico con oro<\/li>\n<li>Funci\u00f3n de enfoque autom\u00e1tico<\/li>\n<li>Compatible con reducci\u00f3n de vibraciones<\/li>\n<li>Material met\u00e1lico m\u00e1s duradero<\/li>\n<li>Compatible con todos los objetivos EF<\/li>\n<\/ul>\n","protected":false},"featured_media":17251,"comment_status":"closed","ping_status":"closed","template":"","meta":{"_acf_changed":false},"product_brand":[2544],"product_cat":[1041],"product_tag":[],"class_list":{"0":"post-17242","1":"product","2":"type-product","3":"status-publish","4":"has-post-thumbnail","6":"product_brand-viltrox-es","7":"product_cat-adaptadores-es","8":"pa_montagem-fujifilm-g-es","9":"pa_montagem-da-objetiva-canon-ef-es","10":"pa_tipo-de-foco-enfoque-automatico","12":"first","13":"instock","14":"taxable","15":"shipping-taxable","16":"purchasable","17":"product-type-simple"},"bundled_by":[],"bundle_stock_status":"instock","bundle_stock_quantity":1,"bundle_virtual":false,"bundle_layout":"","bundle_add_to_cart_form_location":"","bundle_editable_in_cart":false,"bundle_sold_individually_context":"","bundle_item_grouping":"","bundle_min_size":"","bundle_max_size":"","bundle_price":[],"bundled_items":[],"bundle_sell_ids":[],"acf":[],"_links":{"self":[{"href":"https:\/\/hi-techwonder.com\/es\/wp-json\/wp\/v2\/product\/17242","targetHints":{"allow":["GET"]}}],"collection":[{"href":"https:\/\/hi-techwonder.com\/es\/wp-json\/wp\/v2\/product"}],"about":[{"href":"https:\/\/hi-techwonder.com\/es\/wp-json\/wp\/v2\/types\/product"}],"replies":[{"embeddable":true,"href":"https:\/\/hi-techwonder.com\/es\/wp-json\/wp\/v2\/comments?post=17242"}],"wp:featuredmedia":[{"embeddable":true,"href":"https:\/\/hi-techwonder.com\/es\/wp-json\/wp\/v2\/media\/17251"}],"wp:attachment":[{"href":"https:\/\/hi-techwonder.com\/es\/wp-json\/wp\/v2\/media?parent=17242"}],"wp:term":[{"taxonomy":"product_brand","embeddable":true,"href":"https:\/\/hi-techwonder.com\/es\/wp-json\/wp\/v2\/product_brand?post=17242"},{"taxonomy":"product_cat","embeddable":true,"href":"https:\/\/hi-techwonder.com\/es\/wp-json\/wp\/v2\/product_cat?post=17242"},{"taxonomy":"product_tag","embeddable":true,"href":"https:\/\/hi-techwonder.com\/es\/wp-json\/wp\/v2\/product_tag?post=17242"}],"curies":[{"name":"wp","href":"https:\/\/api.w.org\/{rel}","templated":true}]}}