{"id":17255,"date":"2025-07-24T09:06:32","date_gmt":"2025-07-24T09:06:32","guid":{"rendered":"https:\/\/fv6qoy3ls0.wpdns.site\/produto\/viltrox-adaptador-ef-nex-iv-canon-ef-sony-e\/"},"modified":"2026-04-21T17:37:34","modified_gmt":"2026-04-21T16:37:34","slug":"viltrox-adaptador-ef-nex-iv-sony","status":"publish","type":"product","link":"https:\/\/hi-techwonder.com\/es\/producto\/viltrox-adaptador-ef-nex-iv-sony\/","title":{"rendered":"Viltrox Adaptador EF-NEX IV Canon EF &#8211; Sony E"},"content":{"rendered":"<h1>Viltrox Adaptador EF-NEX IV Canon EF &#8211; Sony E<\/h1>\n<p>Este adaptador de montura de objetivo de Viltrox est\u00e1 dise\u00f1ado para permitir que una lente con montura Canon EF o EF-S se use con una c\u00e1mara Sony con montura E con comunicaci\u00f3n electr\u00f3nica completa. La parte inferior de la pata de tr\u00edpode desmontable de este adaptador est\u00e1 roscada con una rosca accesoria de 1\/4&#8243;-20, lo que proporciona una conexi\u00f3n directa a tr\u00edpodes o placas de liberaci\u00f3n r\u00e1pida que cuentan con monturas de 1\/4&#8243;-20. Para facilitar la actualizaci\u00f3n de su firmware, este adaptador tambi\u00e9n incluye un puerto micro-USB.<\/p>\n<p>Para las c\u00e1maras con montura E de Sony que admiten el enfoque autom\u00e1tico de detecci\u00f3n de fase y detecci\u00f3n de contraste, se coloca un interruptor de palanca para habilitar estas configuraciones de enfoque autom\u00e1tico con una lente con montura EF de Canon colocada en el lateral de este adaptador. Para aplicar correctamente una configuraci\u00f3n de enfoque autom\u00e1tico deseada, la selecci\u00f3n del bot\u00f3n de alternancia debe realizarse antes de colocar el adaptador en la c\u00e1mara.<\/p>\n<p>Este adaptador es compatible con las c\u00e1maras de la serie Sony NEX-5C, C3, 5N, F3, 5R, 6, 7, FS700, VG20, VG900 y Sony Alpha a7.<\/p>\n<ul>\n<li>Admite la comunicaci\u00f3n electr\u00f3nica entre la c\u00e1mara y el objetivo para habilitar el enfoque autom\u00e1tico<\/li>\n<li>Interruptor de palanca integrado para detecci\u00f3n de fase desde una c\u00e1mara compatible con montura E de Sony o configuraci\u00f3n de enfoque autom\u00e1tico de detecci\u00f3n de contraste para aplicarse con una lente adjunta<\/li>\n<li>Pie de tr\u00edpode extra\u00edble con rosca accesoria de 1\/4&#8243;-20 para conexi\u00f3n directa a un tr\u00edpode o placa de liberaci\u00f3n r\u00e1pida que tiene un montaje de 1\/4&#8243;-20<\/li>\n<\/ul>\n<p><strong>Especificaciones:<\/strong><\/p>\n<p><em>Adaptador<\/em><\/p>\n<table width=\"642\">\n<tbody>\n<tr>\n<td width=\"302\"><strong>Montura de la C\u00e1mara<\/strong><\/td>\n<td width=\"339\">Sony E<\/td>\n<\/tr>\n<tr>\n<td width=\"302\"><strong>Montura del objetivo<\/strong><\/td>\n<td width=\"339\">Canon EF\/EF-S<\/td>\n<\/tr>\n<tr>\n<td width=\"302\"><strong>Comunicaci\u00f3n electr\u00f3nica<\/strong><\/td>\n<td width=\"339\">Si<\/td>\n<\/tr>\n<tr>\n<td width=\"302\"><strong>Visor<\/strong><\/td>\n<td width=\"339\">No<\/td>\n<\/tr>\n<\/tbody>\n<\/table>\n<p><em>\u00a0<\/em><\/p>\n<p><em>Cuerpo<\/em><\/p>\n<table width=\"640\">\n<tbody>\n<tr>\n<td width=\"302\"><strong>Dimensiones<\/strong><\/td>\n<td width=\"337\">\u00f8: 69,0 x Al: 69,0 x An: 95,0 mm<\/td>\n<\/tr>\n<tr>\n<td width=\"302\"><strong>Peso<\/strong><\/td>\n<td width=\"337\">174 g<\/td>\n<\/tr>\n<\/tbody>\n<\/table>\n<p>&nbsp;<\/p>\n<p>&nbsp;<\/p>\n","protected":false},"excerpt":{"rendered":"<ul>\n<li>Use objetivos Canon EF\/EF-S en c\u00e1maras Sony E<\/li>\n<li>Habilita el enfoque autom\u00e1tico y la exposici\u00f3n autom\u00e1tica<\/li>\n<li>Permite el control de apertura en el cuerpo de la c\u00e1mara<\/li>\n<li>Transfiere datos Exif a la c\u00e1mara<\/li>\n<li>Interfaz micro-USB<\/li>\n<\/ul>\n","protected":false},"featured_media":17266,"comment_status":"closed","ping_status":"closed","template":"","meta":{"_acf_changed":false},"product_brand":[2544],"product_cat":[1041],"product_tag":[],"class_list":{"0":"post-17255","1":"product","2":"type-product","3":"status-publish","4":"has-post-thumbnail","6":"product_brand-viltrox-es","7":"product_cat-adaptadores-es","8":"pa_montagem-sony-e-es","9":"pa_montagem-da-objetiva-canon-ef-es","10":"pa_tipo-de-foco-enfoque-automatico","12":"first","13":"instock","14":"taxable","15":"shipping-taxable","16":"purchasable","17":"product-type-simple"},"bundled_by":[],"bundle_stock_status":"instock","bundle_stock_quantity":1,"bundle_virtual":false,"bundle_layout":"","bundle_add_to_cart_form_location":"","bundle_editable_in_cart":false,"bundle_sold_individually_context":"","bundle_item_grouping":"","bundle_min_size":"","bundle_max_size":"","bundle_price":[],"bundled_items":[],"bundle_sell_ids":[],"acf":[],"_links":{"self":[{"href":"https:\/\/hi-techwonder.com\/es\/wp-json\/wp\/v2\/product\/17255","targetHints":{"allow":["GET"]}}],"collection":[{"href":"https:\/\/hi-techwonder.com\/es\/wp-json\/wp\/v2\/product"}],"about":[{"href":"https:\/\/hi-techwonder.com\/es\/wp-json\/wp\/v2\/types\/product"}],"replies":[{"embeddable":true,"href":"https:\/\/hi-techwonder.com\/es\/wp-json\/wp\/v2\/comments?post=17255"}],"wp:featuredmedia":[{"embeddable":true,"href":"https:\/\/hi-techwonder.com\/es\/wp-json\/wp\/v2\/media\/17266"}],"wp:attachment":[{"href":"https:\/\/hi-techwonder.com\/es\/wp-json\/wp\/v2\/media?parent=17255"}],"wp:term":[{"taxonomy":"product_brand","embeddable":true,"href":"https:\/\/hi-techwonder.com\/es\/wp-json\/wp\/v2\/product_brand?post=17255"},{"taxonomy":"product_cat","embeddable":true,"href":"https:\/\/hi-techwonder.com\/es\/wp-json\/wp\/v2\/product_cat?post=17255"},{"taxonomy":"product_tag","embeddable":true,"href":"https:\/\/hi-techwonder.com\/es\/wp-json\/wp\/v2\/product_tag?post=17255"}],"curies":[{"name":"wp","href":"https:\/\/api.w.org\/{rel}","templated":true}]}}