{"id":17271,"date":"2025-07-24T09:06:37","date_gmt":"2025-07-24T09:06:37","guid":{"rendered":"https:\/\/fv6qoy3ls0.wpdns.site\/produto\/viltrox-adaptador-ef-z-canon-ef-nikon-z\/"},"modified":"2026-04-27T12:17:51","modified_gmt":"2026-04-27T11:17:51","slug":"viltrox-adaptador-ef-z-canon-nikon","status":"publish","type":"product","link":"https:\/\/hi-techwonder.com\/es\/producto\/viltrox-adaptador-ef-z-canon-nikon\/","title":{"rendered":"Viltrox Adaptador EF-Z Canon EF &#8211; Nikon Z"},"content":{"rendered":"<h1>Viltrox Adaptador EF-Z Canon EF &#8211; Nikon Z<\/h1>\n<p><iframe loading=\"lazy\" title=\"Viltrox Adaptador EF-Z\" width=\"500\" height=\"281\" src=\"https:\/\/www.youtube.com\/embed\/1BQymtbAh_Y?feature=oembed\" frameborder=\"0\" allow=\"accelerometer; autoplay; clipboard-write; encrypted-media; gyroscope; picture-in-picture; web-share\" referrerpolicy=\"strict-origin-when-cross-origin\" allowfullscreen><\/iframe><\/p>\n<p>Este adaptador de montura de objetivo de Viltrox est\u00e1 dise\u00f1ado para permitir que una lente con montura Canon EF o EF-S se use con una c\u00e1mara Nikon con montura Z con comunicaci\u00f3n electr\u00f3nica completa. La parte inferior de la pata de tr\u00edpode desmontable de este adaptador est\u00e1 roscada con una rosca accesoria de 1\/4&#8243;-20, lo que proporciona una conexi\u00f3n directa a tr\u00edpodes o placas de liberaci\u00f3n r\u00e1pida que cuentan con monturas de 1\/4&#8243;-20. Para facilitar la actualizaci\u00f3n de su firmware, este adaptador tambi\u00e9n incluye un puerto micro-USB.<\/p>\n<ul>\n<li>Seg\u00fan las diferentes especificaciones de la c\u00e1mara, es posible que no se utilicen algunas funciones de los objetivos EF\/EF-S.<\/li>\n<li>La conexi\u00f3n de este anillo adaptador a la lente no afecta el rendimiento de la lente.<\/li>\n<li>Cuando utilice un objetivo m\u00e1s pesado que la c\u00e1mara, aseg\u00farese de sujetar el objetivo mientras mueve la c\u00e1mara y dispara.<\/li>\n<li>Debido a que la distancia m\u00ednima de enfoque de la lente aumentar\u00e1 cuando se conecte este adaptador, la ampliaci\u00f3n m\u00e1xima y el campo de visi\u00f3n pueden cambiar<\/li>\n<li>Aunque el anillo adaptador tiene una cierta funci\u00f3n impermeable, si dispara en d\u00edas lluviosos, trate de no mojar el adaptador.<\/li>\n<li>Admite la comunicaci\u00f3n electr\u00f3nica entre la c\u00e1mara y el objetivo para habilitar el enfoque autom\u00e1tico cuando sea posible<\/li>\n<li>Pie de tr\u00edpode desmontable con rosca accesoria de 1\/4&#8243;-20 para conexi\u00f3n directa a tr\u00edpodes o placas de liberaci\u00f3n r\u00e1pida que cuentan con monturas de 1\/4&#8243;-20<\/li>\n<\/ul>\n<p>&nbsp;<\/p>\n<p><strong>Especificaciones:<\/strong><\/p>\n<p><em>Adaptador<\/em><\/p>\n<table width=\"642\">\n<tbody>\n<tr>\n<td width=\"302\"><strong>Montura de la C\u00e1mara<\/strong><\/td>\n<td width=\"339\">Nikon Z<\/td>\n<\/tr>\n<tr>\n<td width=\"302\"><strong>Montura del objetivo<\/strong><\/td>\n<td width=\"339\">Canon EF\/EF-S<\/td>\n<\/tr>\n<tr>\n<td width=\"302\"><strong>Comunicaci\u00f3n electr\u00f3nica<\/strong><\/td>\n<td width=\"339\">Si<\/td>\n<\/tr>\n<tr>\n<td width=\"302\"><strong>Visor<\/strong><\/td>\n<td width=\"339\">No<\/td>\n<\/tr>\n<\/tbody>\n<\/table>\n<p><em>\u00a0<\/em><\/p>\n<p><em>Cuerpo<\/em><\/p>\n<table width=\"640\">\n<tbody>\n<tr>\n<td width=\"302\"><strong>Dimensiones<\/strong><\/td>\n<td width=\"337\">\u00f8: 68.0 x P: 33.0\u00a0mm<\/td>\n<\/tr>\n<tr>\n<td width=\"302\"><strong>Peso<\/strong><\/td>\n<td width=\"337\">159g<\/td>\n<\/tr>\n<\/tbody>\n<\/table>\n<p>&nbsp;<\/p>\n","protected":false},"excerpt":{"rendered":"<ul>\n<li>Objetivos Canon EF\/EF-S para c\u00e1maras Nikon Z<\/li>\n<li>Funciona con formatos de fotograma completo y APS-C<\/li>\n<li>Habilita el enfoque autom\u00e1tico y la exposici\u00f3n autom\u00e1tica<\/li>\n<li>Permite el control de apertura en el cuerpo de la c\u00e1mara<\/li>\n<li>Transfiere datos Exif a la c\u00e1mara<\/li>\n<li>Interfaz micro-USB<\/li>\n<\/ul>\n","protected":false},"featured_media":17286,"comment_status":"closed","ping_status":"closed","template":"","meta":{"_acf_changed":false},"product_brand":[2544],"product_cat":[1041],"product_tag":[],"class_list":{"0":"post-17271","1":"product","2":"type-product","3":"status-publish","4":"has-post-thumbnail","6":"product_brand-viltrox-es","7":"product_cat-adaptadores-es","8":"pa_montagem-nikon-z-es","9":"pa_montagem-da-objetiva-canon-ef-es","10":"pa_tipo-de-foco-enfoque-automatico","12":"first","13":"instock","14":"taxable","15":"shipping-taxable","16":"purchasable","17":"product-type-simple"},"bundled_by":[],"bundle_stock_status":"instock","bundle_stock_quantity":1,"bundle_virtual":false,"bundle_layout":"","bundle_add_to_cart_form_location":"","bundle_editable_in_cart":false,"bundle_sold_individually_context":"","bundle_item_grouping":"","bundle_min_size":"","bundle_max_size":"","bundle_price":[],"bundled_items":[],"bundle_sell_ids":[],"acf":[],"_links":{"self":[{"href":"https:\/\/hi-techwonder.com\/es\/wp-json\/wp\/v2\/product\/17271","targetHints":{"allow":["GET"]}}],"collection":[{"href":"https:\/\/hi-techwonder.com\/es\/wp-json\/wp\/v2\/product"}],"about":[{"href":"https:\/\/hi-techwonder.com\/es\/wp-json\/wp\/v2\/types\/product"}],"replies":[{"embeddable":true,"href":"https:\/\/hi-techwonder.com\/es\/wp-json\/wp\/v2\/comments?post=17271"}],"wp:featuredmedia":[{"embeddable":true,"href":"https:\/\/hi-techwonder.com\/es\/wp-json\/wp\/v2\/media\/17286"}],"wp:attachment":[{"href":"https:\/\/hi-techwonder.com\/es\/wp-json\/wp\/v2\/media?parent=17271"}],"wp:term":[{"taxonomy":"product_brand","embeddable":true,"href":"https:\/\/hi-techwonder.com\/es\/wp-json\/wp\/v2\/product_brand?post=17271"},{"taxonomy":"product_cat","embeddable":true,"href":"https:\/\/hi-techwonder.com\/es\/wp-json\/wp\/v2\/product_cat?post=17271"},{"taxonomy":"product_tag","embeddable":true,"href":"https:\/\/hi-techwonder.com\/es\/wp-json\/wp\/v2\/product_tag?post=17271"}],"curies":[{"name":"wp","href":"https:\/\/api.w.org\/{rel}","templated":true}]}}