{"id":17316,"date":"2025-07-24T09:06:37","date_gmt":"2025-07-24T09:06:37","guid":{"rendered":"https:\/\/fv6qoy3ls0.wpdns.site\/produto\/viltrox-adaptador-nf-m1-nikon-f-micro-4-3\/"},"modified":"2026-02-06T11:47:52","modified_gmt":"2026-02-06T11:47:52","slug":"viltrox-adaptador-nf-m1-nikon-f-m43","status":"publish","type":"product","link":"https:\/\/hi-techwonder.com\/es\/producto\/viltrox-adaptador-nf-m1-nikon-f-m43\/","title":{"rendered":"Viltrox Adaptador NF-M1 Nikon F &#8211; Micro 4\/3"},"content":{"rendered":"<h1>Viltrox Adaptador NF-M1 Nikon F &#8211; Micro 4\/3<\/h1>\n<p><iframe loading=\"lazy\" title=\"Viltrox Adaptador NF-M1\" width=\"500\" height=\"281\" src=\"https:\/\/www.youtube.com\/embed\/eM5MAbLnnyg?feature=oembed\" frameborder=\"0\" allow=\"accelerometer; autoplay; clipboard-write; encrypted-media; gyroscope; picture-in-picture; web-share\" referrerpolicy=\"strict-origin-when-cross-origin\" allowfullscreen><\/iframe><\/p>\n<p>El adaptador de montura de lente de enfoque autom\u00e1tico Viltrox NF-M1 cuenta con contactos electr\u00f3nicos met\u00e1licos y le permite montar una lente de enfoque autom\u00e1tico Nikon F-Mount en una c\u00e1mara Micro Four Thirds. Un interruptor MF\/AF le permite cambiar r\u00e1pidamente del enfoque manual al enfoque autom\u00e1tico para un enfoque r\u00e1pido y preciso, y la unidad es compatible con la tecnolog\u00eda antivibraci\u00f3n que ofrecen las lentes estabilizadas con VR. El adaptador tambi\u00e9n cuenta con un motor y una caja de cambios para ajustar electr\u00f3nicamente la apertura, y un puerto USB integrado proporciona conectividad para actualizaciones de firmware.<\/p>\n<p>Tenga en cuenta que el enfoque autom\u00e1tico solo funciona con lentes compatibles, tipo AF-S o equivalente.<\/p>\n<ul>\n<li>Montura de bayoneta met\u00e1lica resistente y duradera<\/li>\n<li>Contactos electr\u00f3nicos met\u00e1licos y dorados<\/li>\n<li>Enfoque autom\u00e1tico r\u00e1pido, fluido y preciso<\/li>\n<li>Admite estabilizaci\u00f3n de realidad virtual<\/li>\n<li>Apertura ajustable electr\u00f3nicamente<\/li>\n<li>Puerto USB integrado para actualizaciones de firmware<\/li>\n<\/ul>\n<p>&nbsp;<\/p>\n<p><strong>Especificaciones:<\/strong><\/p>\n<p><em>Adaptador<\/em><\/p>\n<table width=\"643\">\n<tbody>\n<tr>\n<td width=\"303\"><strong>Montura de la C\u00e1mara<\/strong><\/td>\n<td width=\"340\">Micro 4\/3<\/td>\n<\/tr>\n<tr>\n<td width=\"303\"><strong>Montura del objetivo<\/strong><\/td>\n<td width=\"340\">Nikon F (tipo AF-S)<\/td>\n<\/tr>\n<tr>\n<td width=\"303\"><strong>Comunicaci\u00f3n electr\u00f3nica<\/strong><\/td>\n<td width=\"340\">Si<\/td>\n<\/tr>\n<tr>\n<td width=\"303\"><strong>Visor<\/strong><\/td>\n<td width=\"340\">No<\/td>\n<\/tr>\n<\/tbody>\n<\/table>\n<p><em>\u00a0<\/em><\/p>\n<p><em>Cuerpo<\/em><\/p>\n<table width=\"640\">\n<tbody>\n<tr>\n<td width=\"302\"><strong>Dimensiones<\/strong><\/td>\n<td width=\"337\">78.0 x 66.0\u00a0mm<\/td>\n<\/tr>\n<tr>\n<td width=\"302\"><strong>Peso<\/strong><\/td>\n<td width=\"337\">126g<\/td>\n<\/tr>\n<\/tbody>\n<\/table>\n","protected":false},"excerpt":{"rendered":"<ul>\n<li>Use objetivos Nikon F en la c\u00e1mara Micro Four Thirds<\/li>\n<li>Contactos Electr\u00f3nicos Met\u00e1licos<\/li>\n<li>Mantiene el enfoque autom\u00e1tico<\/li>\n<li>Admite estabilizaci\u00f3n de realidad virtual<\/li>\n<li>Apertura ajustable<\/li>\n<li>Puerto USB para actualizaciones de firmware<\/li>\n<\/ul>\n","protected":false},"featured_media":17331,"comment_status":"closed","ping_status":"closed","template":"","meta":{"_acf_changed":false},"product_brand":[2544],"product_cat":[1041],"product_tag":[],"class_list":{"0":"post-17316","1":"product","2":"type-product","3":"status-publish","4":"has-post-thumbnail","6":"product_brand-viltrox-es","7":"product_cat-adaptadores-es","8":"pa_montagem-micro-4-3","9":"pa_montagem-da-objetiva-nikon-f-es","10":"pa_tipo-de-foco-enfoque-automatico","12":"first","13":"instock","14":"taxable","15":"shipping-taxable","16":"purchasable","17":"product-type-simple"},"bundled_by":[],"bundle_stock_status":"instock","bundle_stock_quantity":1,"bundle_virtual":false,"bundle_layout":"","bundle_add_to_cart_form_location":"","bundle_editable_in_cart":false,"bundle_sold_individually_context":"","bundle_item_grouping":"","bundle_min_size":"","bundle_max_size":"","bundle_price":[],"bundled_items":[],"bundle_sell_ids":[],"acf":[],"_links":{"self":[{"href":"https:\/\/hi-techwonder.com\/es\/wp-json\/wp\/v2\/product\/17316","targetHints":{"allow":["GET"]}}],"collection":[{"href":"https:\/\/hi-techwonder.com\/es\/wp-json\/wp\/v2\/product"}],"about":[{"href":"https:\/\/hi-techwonder.com\/es\/wp-json\/wp\/v2\/types\/product"}],"replies":[{"embeddable":true,"href":"https:\/\/hi-techwonder.com\/es\/wp-json\/wp\/v2\/comments?post=17316"}],"wp:featuredmedia":[{"embeddable":true,"href":"https:\/\/hi-techwonder.com\/es\/wp-json\/wp\/v2\/media\/17331"}],"wp:attachment":[{"href":"https:\/\/hi-techwonder.com\/es\/wp-json\/wp\/v2\/media?parent=17316"}],"wp:term":[{"taxonomy":"product_brand","embeddable":true,"href":"https:\/\/hi-techwonder.com\/es\/wp-json\/wp\/v2\/product_brand?post=17316"},{"taxonomy":"product_cat","embeddable":true,"href":"https:\/\/hi-techwonder.com\/es\/wp-json\/wp\/v2\/product_cat?post=17316"},{"taxonomy":"product_tag","embeddable":true,"href":"https:\/\/hi-techwonder.com\/es\/wp-json\/wp\/v2\/product_tag?post=17316"}],"curies":[{"name":"wp","href":"https:\/\/api.w.org\/{rel}","templated":true}]}}