{"id":17338,"date":"2025-07-24T09:06:37","date_gmt":"2025-07-24T09:06:37","guid":{"rendered":"https:\/\/fv6qoy3ls0.wpdns.site\/produto\/viltrox-adaptador-nf-m4-3-nikon-f-micro-4-3\/"},"modified":"2026-04-27T12:17:56","modified_gmt":"2026-04-27T11:17:56","slug":"viltrox-adaptador-nf-m4-3-nikon-m43","status":"publish","type":"product","link":"https:\/\/hi-techwonder.com\/es\/producto\/viltrox-adaptador-nf-m4-3-nikon-m43\/","title":{"rendered":"Viltrox Adaptador NF-M4\/3 Nikon F &#8211; Micro 4\/3"},"content":{"rendered":"<h1 class=\"product_title entry-title wd-entities-title\">Viltrox Adaptador NF-M4\/3 Nikon F \u2013 Micro 4\/3<\/h1>\n<p>Este adaptador de montura de lente Viltrox est\u00e1 dise\u00f1ado para permitir el uso de una lente Nikon con montura F, tipo D o G con una c\u00e1mara con montura Micro Four Thirds. Admite enfoque manual y control de apertura de ocho pasos. La parte inferior del pie del tr\u00edpode tiene una rosca para accesorios de 1\/4&#8243;-20, lo que proporciona una conexi\u00f3n directa a un tr\u00edpode o placa de liberaci\u00f3n r\u00e1pida que tenga un soporte de 1\/4&#8243;-20.<\/p>\n<ul>\n<li>Permite el enfoque manual y ocho paradas de control de apertura<\/li>\n<li>Pie de tr\u00edpode con rosca accesoria de 1\/4&#8243;-20 para conexi\u00f3n directa a un tr\u00edpode o placa de liberaci\u00f3n r\u00e1pida que tenga una montura de 1\/4&#8243;-20<\/li>\n<\/ul>\n<p>&nbsp;<\/p>\n<p><strong>Especificaciones:<\/strong><\/p>\n<p><em>Adaptador<\/em><\/p>\n<table width=\"642\">\n<tbody>\n<tr>\n<td width=\"302\"><strong>Montura de la C\u00e1mara<\/strong><\/td>\n<td width=\"339\">Micro 4\/3<\/td>\n<\/tr>\n<tr>\n<td width=\"302\"><strong>Montura del objetivo<\/strong><\/td>\n<td width=\"339\">Nikon F tipo G o D (Nikon AI, AF, Ai(G), AI-D)<\/td>\n<\/tr>\n<tr>\n<td width=\"302\"><strong>Comunicaci\u00f3n electr\u00f3nica<\/strong><\/td>\n<td width=\"339\">No<\/td>\n<\/tr>\n<tr>\n<td width=\"302\"><strong>Visor<\/strong><\/td>\n<td width=\"339\">No<\/td>\n<\/tr>\n<\/tbody>\n<\/table>\n<p><em>\u00a0<\/em><\/p>\n<p><em>Cuerpo<\/em><\/p>\n<table width=\"640\">\n<tbody>\n<tr>\n<td width=\"302\"><strong>Dimensiones<\/strong><\/td>\n<td width=\"337\">\u00f8: 67.0 x P: 32.0 mm<\/td>\n<\/tr>\n<tr>\n<td width=\"302\"><strong>Peso<\/strong><\/td>\n<td width=\"337\">167 g<\/td>\n<\/tr>\n<\/tbody>\n<\/table>\n","protected":false},"excerpt":{"rendered":"<ul>\n<li>Utilice lentes Nikon F (Tipo D y G) en c\u00e1maras Micro 4\/3<\/li>\n<li>Compatible con enfoque manual<\/li>\n<li>Sin contactos electr\u00f3nicos<\/li>\n<\/ul>\n","protected":false},"featured_media":17343,"comment_status":"closed","ping_status":"closed","template":"","meta":{"_acf_changed":false},"product_brand":[2544],"product_cat":[1041],"product_tag":[],"class_list":{"0":"post-17338","1":"product","2":"type-product","3":"status-publish","4":"has-post-thumbnail","6":"product_brand-viltrox-es","7":"product_cat-adaptadores-es","8":"pa_montagem-micro-4-3","9":"pa_montagem-da-objetiva-nikon-f-es","10":"pa_tipo-de-foco-enfoque-manual","12":"first","13":"instock","14":"taxable","15":"shipping-taxable","16":"purchasable","17":"product-type-simple"},"bundled_by":[],"bundle_stock_status":"instock","bundle_stock_quantity":1,"bundle_virtual":false,"bundle_layout":"","bundle_add_to_cart_form_location":"","bundle_editable_in_cart":false,"bundle_sold_individually_context":"","bundle_item_grouping":"","bundle_min_size":"","bundle_max_size":"","bundle_price":[],"bundled_items":[],"bundle_sell_ids":[],"acf":[],"_links":{"self":[{"href":"https:\/\/hi-techwonder.com\/es\/wp-json\/wp\/v2\/product\/17338","targetHints":{"allow":["GET"]}}],"collection":[{"href":"https:\/\/hi-techwonder.com\/es\/wp-json\/wp\/v2\/product"}],"about":[{"href":"https:\/\/hi-techwonder.com\/es\/wp-json\/wp\/v2\/types\/product"}],"replies":[{"embeddable":true,"href":"https:\/\/hi-techwonder.com\/es\/wp-json\/wp\/v2\/comments?post=17338"}],"wp:featuredmedia":[{"embeddable":true,"href":"https:\/\/hi-techwonder.com\/es\/wp-json\/wp\/v2\/media\/17343"}],"wp:attachment":[{"href":"https:\/\/hi-techwonder.com\/es\/wp-json\/wp\/v2\/media?parent=17338"}],"wp:term":[{"taxonomy":"product_brand","embeddable":true,"href":"https:\/\/hi-techwonder.com\/es\/wp-json\/wp\/v2\/product_brand?post=17338"},{"taxonomy":"product_cat","embeddable":true,"href":"https:\/\/hi-techwonder.com\/es\/wp-json\/wp\/v2\/product_cat?post=17338"},{"taxonomy":"product_tag","embeddable":true,"href":"https:\/\/hi-techwonder.com\/es\/wp-json\/wp\/v2\/product_tag?post=17338"}],"curies":[{"name":"wp","href":"https:\/\/api.w.org\/{rel}","templated":true}]}}