{"id":17393,"date":"2025-07-24T09:06:32","date_gmt":"2025-07-24T09:06:32","guid":{"rendered":"https:\/\/fv6qoy3ls0.wpdns.site\/produto\/viltrox-adaptador-ef-l-canon-ef-l-mount\/"},"modified":"2026-03-16T12:25:01","modified_gmt":"2026-03-16T12:25:01","slug":"viltrox-adaptador-ef-l-pro-canon","status":"publish","type":"product","link":"https:\/\/hi-techwonder.com\/es\/producto\/viltrox-adaptador-ef-l-pro-canon\/","title":{"rendered":"Viltrox Adaptador EF-L Pro Canon EF \u2013 L-Mount"},"content":{"rendered":"<h3>Viltrox Adaptador EF-L Pro Canon EF \u2013 L-Mount<\/h3>\n<p>Este adaptador de objetivo Viltrox Pro le permite montar objetivos Canon EF en un cuerpo de c\u00e1mara sin espejo con montura L Leica\/Panasonic\/Sigma y conservar la funcionalidad autom\u00e1tica completa. El adaptador permite la funcionalidad de exposici\u00f3n autom\u00e1tica, as\u00ed como la capacidad de controlar la apertura y la velocidad de obturaci\u00f3n desde el cuerpo de la c\u00e1mara. La estabilizaci\u00f3n de imagen tambi\u00e9n es compatible y funcionar\u00e1 junto con la mayor\u00eda de los sistemas de estabilizaci\u00f3n en el cuerpo. Adem\u00e1s, todos los objetivos de Canon podr\u00e1n comunicar datos Exif a trav\u00e9s del adaptador a la c\u00e1mara.<\/p>\n<ul>\n<li>Adapta objetivos con montura Canon EF y EF-S a c\u00e1maras sin espejo con montura L Leica\/Panasonic\/Sigma<\/li>\n<li>El anillo adaptador de enfoque autom\u00e1tico mantiene el enfoque autom\u00e1tico de alta precisi\u00f3n y la estabilizaci\u00f3n de la lente IS<\/li>\n<li>Funciones de software integradas para registrar datos de disparo EXIF \u200b\u200b\u200b\u200bcon respecto a la apertura, la velocidad del obturador y el ISO<\/li>\n<li>El cambio de modo O\/A permite que la c\u00e1mara reconozca la unidad como una lente o un anillo adaptador<\/li>\n<li>La bayoneta de metal y el pestillo de lat\u00f3n galvanizado bloquean de forma segura la lente en su lugar<\/li>\n<li>El dise\u00f1o mate roscado interno reduce los destellos para una calidad de imagen \u00f3ptima<\/li>\n<li>Sello de goma con dise\u00f1o a prueba de polvo<\/li>\n<li>Construcci\u00f3n de metal y lat\u00f3n para una mayor durabilidad<\/li>\n<li>Puerto USB tipo C para actualizaciones de firmware<\/li>\n<\/ul>\n<p><img loading=\"lazy\" decoding=\"async\" class=\"alignnone size-full wp-image-27214\" src=\"https:\/\/hi-techwonder.com\/wp-content\/themes\/woodmart\/images\/lazy.svg\" data-src=\"https:\/\/viltrox.pt\/wp-content\/uploads\/2023\/09\/1662641240_IMG_1834250-e1693836036803.jpg\" sizes=\"auto, (max-width: 1000px) 100vw, 1000px\" srcset=\"\" data-srcset=\"https:\/\/viltrox.es\/wp-content\/uploads\/2023\/09\/1662641240_IMG_1834250-e1693836036803.jpg 1000w, https:\/\/viltrox.es\/wp-content\/uploads\/2023\/09\/1662641240_IMG_1834250-e1693836036803-300x201.jpg 300w, https:\/\/viltrox.es\/wp-content\/uploads\/2023\/09\/1662641240_IMG_1834250-e1693836036803-768x515.jpg 768w, https:\/\/viltrox.es\/wp-content\/uploads\/2023\/09\/1662641240_IMG_1834250-e1693836036803-270x180.jpg 270w, https:\/\/viltrox.es\/wp-content\/uploads\/2023\/09\/1662641240_IMG_1834250-e1693836036803-600x402.jpg 600w\" alt=\"\" width=\"1000\" height=\"670\"><\/p>\n<p><strong>Especificaciones:<\/strong><\/p>\n<p><em>Adaptador<\/em><\/p>\n<table width=\"642\">\n<tbody>\n<tr>\n<td width=\"302\"><strong>Montura de la C\u00e1mara<\/strong><\/td>\n<td width=\"339\">L-Mount<\/td>\n<\/tr>\n<tr>\n<td width=\"302\"><strong>Montura del objetivo<\/strong><\/td>\n<td width=\"339\">Canon EF\/EF-S<\/td>\n<\/tr>\n<tr>\n<td width=\"302\"><strong>Comunicaci\u00f3n electr\u00f3nica<\/strong><\/td>\n<td width=\"339\">Si<\/td>\n<\/tr>\n<tr>\n<td width=\"302\"><strong>Visor<\/strong><\/td>\n<td width=\"339\">No<\/td>\n<\/tr>\n<\/tbody>\n<\/table>\n<p><em>\u00a0<\/em><\/p>\n<p><em>Cuerpo<\/em><\/p>\n<table width=\"640\">\n<tbody>\n<tr>\n<td width=\"302\"><strong>Dimensiones<\/strong><\/td>\n<td width=\"337\">\u00f8: 82,0 x A: 82,0 x L: 82,0 x P: 30,5 mm<\/td>\n<\/tr>\n<tr>\n<td width=\"302\"><strong>Materiales<\/strong><\/td>\n<td width=\"337\">Lat\u00f3n, metal<\/td>\n<\/tr>\n<tr>\n<td width=\"302\"><strong>Peso<\/strong><\/td>\n<td width=\"337\">159g<\/td>\n<\/tr>\n<\/tbody>\n<\/table>\n","protected":false},"excerpt":{"rendered":"<ul>\n<li>Objetivos Canon EF\/EF-S para Leica L-Mount<\/li>\n<li>Funciona con formatos de fotograma completo y APS-C<\/li>\n<li>Habilita el enfoque autom\u00e1tico y la exposici\u00f3n autom\u00e1tica<\/li>\n<li>Mantiene las funciones de estabilizaci\u00f3n de imagen<\/li>\n<li>Permite el control de apertura en el cuerpo de la c\u00e1mara<\/li>\n<li>Transfiere datos Exif a la c\u00e1mara<\/li>\n<li>Dise\u00f1o a prueba de polvo<\/li>\n<li>Interfaz USB tipo C<\/li>\n<\/ul>\n","protected":false},"featured_media":71184,"comment_status":"closed","ping_status":"closed","template":"","meta":{"_acf_changed":false},"product_brand":[2544],"product_cat":[1041],"product_tag":[],"class_list":{"0":"post-17393","1":"product","2":"type-product","3":"status-publish","4":"has-post-thumbnail","6":"product_brand-viltrox-es","7":"product_cat-adaptadores-es","8":"pa_montagem-l-mount-es","9":"pa_montagem-da-objetiva-canon-ef-es","10":"pa_tipo-de-foco-enfoque-automatico","12":"first","13":"instock","14":"taxable","15":"shipping-taxable","16":"purchasable","17":"product-type-simple"},"bundled_by":[],"bundle_stock_status":"instock","bundle_stock_quantity":2,"bundle_virtual":false,"bundle_layout":"","bundle_add_to_cart_form_location":"","bundle_editable_in_cart":false,"bundle_sold_individually_context":"","bundle_item_grouping":"","bundle_min_size":"","bundle_max_size":"","bundle_price":[],"bundled_items":[],"bundle_sell_ids":[],"acf":[],"_links":{"self":[{"href":"https:\/\/hi-techwonder.com\/es\/wp-json\/wp\/v2\/product\/17393","targetHints":{"allow":["GET"]}}],"collection":[{"href":"https:\/\/hi-techwonder.com\/es\/wp-json\/wp\/v2\/product"}],"about":[{"href":"https:\/\/hi-techwonder.com\/es\/wp-json\/wp\/v2\/types\/product"}],"replies":[{"embeddable":true,"href":"https:\/\/hi-techwonder.com\/es\/wp-json\/wp\/v2\/comments?post=17393"}],"wp:featuredmedia":[{"embeddable":true,"href":"https:\/\/hi-techwonder.com\/es\/wp-json\/wp\/v2\/media\/71184"}],"wp:attachment":[{"href":"https:\/\/hi-techwonder.com\/es\/wp-json\/wp\/v2\/media?parent=17393"}],"wp:term":[{"taxonomy":"product_brand","embeddable":true,"href":"https:\/\/hi-techwonder.com\/es\/wp-json\/wp\/v2\/product_brand?post=17393"},{"taxonomy":"product_cat","embeddable":true,"href":"https:\/\/hi-techwonder.com\/es\/wp-json\/wp\/v2\/product_cat?post=17393"},{"taxonomy":"product_tag","embeddable":true,"href":"https:\/\/hi-techwonder.com\/es\/wp-json\/wp\/v2\/product_tag?post=17393"}],"curies":[{"name":"wp","href":"https:\/\/api.w.org\/{rel}","templated":true}]}}