{"id":17418,"date":"2025-07-24T09:06:42","date_gmt":"2025-07-24T09:06:42","guid":{"rendered":"https:\/\/fv6qoy3ls0.wpdns.site\/produto\/viltrox-adaptador-ef-eos-m2-speed-booster-0-71x\/"},"modified":"2026-02-10T10:44:33","modified_gmt":"2026-02-10T10:44:33","slug":"viltrox-ef-eos-m2-speed-booster","status":"publish","type":"product","link":"https:\/\/hi-techwonder.com\/es\/producto\/viltrox-ef-eos-m2-speed-booster\/","title":{"rendered":"Viltrox Adaptador EF-EOS M2 Speed Booster 0.71x"},"content":{"rendered":"<h1>Viltrox Adaptador EF-EOS M2 Speed Booster 0.71x<\/h1>\n<p>Este adaptador de montura de lente 0.71x de Viltrox permite montar un objetivo con montura EF de Canon de fotograma completo en una c\u00e1mara con montura EF-M de Canon. Al hacerlo, la \u00f3ptica del adaptador ayuda a maximizar el \u00e1ngulo de visi\u00f3n aparente de la lente adjunta, al mismo tiempo que proporciona un impulso \u00fanico para la c\u00e1mara en el rango de apertura de la lente.<\/p>\n<p>Si se conecta un objetivo dise\u00f1ada para pel\u00edcula de 35 mm o sensores de c\u00e1mara de fotograma completo de tama\u00f1o similar a una c\u00e1mara Canon con montura EF-M, proyectar\u00e1 una imagen m\u00e1s grande que el sensor de tama\u00f1o APS-C para el que se dise\u00f1\u00f3 la c\u00e1mara. Capaz de capturar solo la parte central de la imagen proyectada, el \u00e1ngulo de visi\u00f3n efectivo del objetivo se reducir\u00eda, creando un \u00abfactor de recorte\u00bb en la c\u00e1mara.<\/p>\n<p>Este adaptador condensa la luz de una lente dise\u00f1ada para pel\u00edculas de 35 mm o sensores de c\u00e1mara de fotograma completo y la proyecta en un sensor APS-C en la c\u00e1mara con montura Canon EF-M. Esto permite que el sensor APS-C utilice m\u00e1s luz recolectada por un objetivo adjunto, lo que reduce efectivamente el factor de recorte mientras le da al sensor una parada de luz adicional para cada una de las configuraciones de f\/stop de la lente.<\/p>\n<p>Si un objetivo compatible incluye enfoque autom\u00e1tico y funciones de apertura controlada por la c\u00e1mara, este adaptador est\u00e1 dise\u00f1ado para permitir el uso de esas funciones. Adem\u00e1s, el adaptador tambi\u00e9n admite metadatos Exif, si la lente los produce.<\/p>\n<p>Este adaptador est\u00e1 construido con cuatro elementos de lente en cuatro grupos que est\u00e1n dise\u00f1ados para brindar claridad \u00f3ptica y fidelidad de color, y la parte inferior de su pie de tr\u00edpode desmontable est\u00e1 roscada con una rosca de accesorio de 1\/4&#8243;-20, lo que permite la conexi\u00f3n directa a los tr\u00edpodes o placas de liberaci\u00f3n r\u00e1pida que cuentan con montajes de 1\/4&#8243;-20. Para facilitar la actualizaci\u00f3n de su firmware, este adaptador tambi\u00e9n incluye un puerto micro-USB.<\/p>\n<ul>\n<li>Maximiza el \u00e1ngulo de visi\u00f3n aparente de la c\u00e1mara y el objetivo combinados<\/li>\n<li>Proporciona un impulso \u00fanico para la c\u00e1mara en el rango de apertura de la lente<\/li>\n<li>Cuatro elementos de lente en cuatro grupos para claridad \u00f3ptica y fidelidad de color<\/li>\n<li>Admite la comunicaci\u00f3n electr\u00f3nica entre la c\u00e1mara y el objetivo para permitir el enfoque autom\u00e1tico, el control de apertura en la c\u00e1mara y la generaci\u00f3n de metadatos Exif cuando sea posible<\/li>\n<li>Pie de tr\u00edpode desmontable con rosca accesoria de 1\/4&#8243;-20 para conexi\u00f3n directa a tr\u00edpodes o placas de liberaci\u00f3n r\u00e1pida que cuentan con monturas de 1\/4&#8243;-20<\/li>\n<\/ul>\n<p>&nbsp;<\/p>\n<p><strong>Especificaciones:<\/strong><\/p>\n<p><em>Adaptador<\/em><\/p>\n<table width=\"642\">\n<tbody>\n<tr>\n<td width=\"302\"><strong>Montura<\/strong> <strong>de la C\u00e1mara<\/strong><\/td>\n<td width=\"339\">Canon EOS-M<\/td>\n<\/tr>\n<tr>\n<td width=\"302\"><strong>Montura del objetivo<\/strong><\/td>\n<td width=\"339\">Canon EF<\/td>\n<\/tr>\n<tr>\n<td width=\"302\"><strong>Magnificaci\u00f3n<\/strong><\/td>\n<td width=\"339\">0.71x<\/td>\n<\/tr>\n<tr>\n<td width=\"302\"><strong>Dise\u00f1o \u00f3ptico<\/strong><\/td>\n<td width=\"339\">4 elementos en 4 grupos<\/td>\n<\/tr>\n<tr>\n<td width=\"302\"><strong>Comunicaci\u00f3n electr\u00f3nica<\/strong><\/td>\n<td width=\"339\">Si<\/td>\n<\/tr>\n<tr>\n<td width=\"302\"><strong>Visor<\/strong><\/td>\n<td width=\"339\">No<\/td>\n<\/tr>\n<\/tbody>\n<\/table>\n<p><em>\u00a0<\/em><\/p>\n<p><em>Cuerpo<\/em><\/p>\n<table width=\"640\">\n<tbody>\n<tr>\n<td width=\"302\"><strong>Dimensiones<\/strong><\/td>\n<td width=\"337\">\u00f8: 68.0 x D: 27.0\u00a0mm<\/td>\n<\/tr>\n<tr>\n<td width=\"302\"><strong>Hilo para tr\u00edpode<\/strong><\/td>\n<td width=\"337\">Hembra 1\/4&#8243;-20<\/td>\n<\/tr>\n<tr>\n<td width=\"302\"><strong>Peso<\/strong><\/td>\n<td width=\"337\">145 g<\/td>\n<\/tr>\n<\/tbody>\n<\/table>\n","protected":false},"excerpt":{"rendered":"<ul>\n<li>Use objetivos Canon EF en c\u00e1maras Canon EOS-M<\/li>\n<li>Reductor de enfoque integrado, aumento de 0,71x<\/li>\n<li>Aumento de una parada en la apertura de la lente<\/li>\n<li>Mantiene las funciones AF, AE e IS<\/li>\n<li>Los contactos transfieren datos Exif<\/li>\n<li>Mantiene el enfoque infinito<\/li>\n<li>Pie de tr\u00edpode con montura de 1\/4&#8243;-20<\/li>\n<\/ul>\n","protected":false},"featured_media":17427,"comment_status":"closed","ping_status":"closed","template":"","meta":{"_acf_changed":false},"product_brand":[2544],"product_cat":[1041],"product_tag":[],"class_list":{"0":"post-17418","1":"product","2":"type-product","3":"status-publish","4":"has-post-thumbnail","6":"product_brand-viltrox-es","7":"product_cat-adaptadores-es","8":"pa_montagem-canon-m-es","9":"pa_montagem-da-objetiva-canon-ef-es","10":"pa_tipo-de-foco-enfoque-automatico","12":"first","13":"onbackorder","14":"taxable","15":"shipping-taxable","16":"purchasable","17":"product-type-simple"},"bundled_by":[],"bundle_stock_status":"onbackorder","bundle_stock_quantity":null,"bundle_virtual":false,"bundle_layout":"","bundle_add_to_cart_form_location":"","bundle_editable_in_cart":false,"bundle_sold_individually_context":"","bundle_item_grouping":"","bundle_min_size":"","bundle_max_size":"","bundle_price":[],"bundled_items":[],"bundle_sell_ids":[],"acf":[],"_links":{"self":[{"href":"https:\/\/hi-techwonder.com\/es\/wp-json\/wp\/v2\/product\/17418","targetHints":{"allow":["GET"]}}],"collection":[{"href":"https:\/\/hi-techwonder.com\/es\/wp-json\/wp\/v2\/product"}],"about":[{"href":"https:\/\/hi-techwonder.com\/es\/wp-json\/wp\/v2\/types\/product"}],"replies":[{"embeddable":true,"href":"https:\/\/hi-techwonder.com\/es\/wp-json\/wp\/v2\/comments?post=17418"}],"wp:featuredmedia":[{"embeddable":true,"href":"https:\/\/hi-techwonder.com\/es\/wp-json\/wp\/v2\/media\/17427"}],"wp:attachment":[{"href":"https:\/\/hi-techwonder.com\/es\/wp-json\/wp\/v2\/media?parent=17418"}],"wp:term":[{"taxonomy":"product_brand","embeddable":true,"href":"https:\/\/hi-techwonder.com\/es\/wp-json\/wp\/v2\/product_brand?post=17418"},{"taxonomy":"product_cat","embeddable":true,"href":"https:\/\/hi-techwonder.com\/es\/wp-json\/wp\/v2\/product_cat?post=17418"},{"taxonomy":"product_tag","embeddable":true,"href":"https:\/\/hi-techwonder.com\/es\/wp-json\/wp\/v2\/product_tag?post=17418"}],"curies":[{"name":"wp","href":"https:\/\/api.w.org\/{rel}","templated":true}]}}