{"id":17431,"date":"2025-07-24T09:06:42","date_gmt":"2025-07-24T09:06:42","guid":{"rendered":"https:\/\/fv6qoy3ls0.wpdns.site\/produto\/viltrox-adaptador-ef-fx2-pro-speed-booster-0-71x\/"},"modified":"2026-04-08T17:36:54","modified_gmt":"2026-04-08T16:36:54","slug":"viltrox-ef-fx2-pro-speed-booster","status":"publish","type":"product","link":"https:\/\/hi-techwonder.com\/es\/producto\/viltrox-ef-fx2-pro-speed-booster\/","title":{"rendered":"Viltrox Adaptador EF-FX2 Pro Speed Booster 0.71x"},"content":{"rendered":"<h1>Viltrox Adaptador EF-FX2 Pro Speed Booster 0.71x<\/h1>\n<p>Este adaptador de montura de lente de Viltrox EF-FX2 Pro permite montar un objetivo Canon EF de fotograma completo en una c\u00e1mara FUJIFILM con montura X. Al hacerlo, la \u00f3ptica del adaptador ayuda a maximizar el \u00e1ngulo de visi\u00f3n aparente del objetivo adjunto, al mismo tiempo que proporciona un impulso \u00fanico para la c\u00e1mara en el rango de apertura del objetivo.<\/p>\n<p>Si se conecta un objetivo dise\u00f1ado para pel\u00edcula de 35 mm o sensores de c\u00e1mara de fotograma completo de tama\u00f1o similar a una c\u00e1mara FUJIFILM con montura X, proyectar\u00e1 una imagen m\u00e1s grande que la que acepta el sensor de tama\u00f1o APS-C de la c\u00e1mara. Capaz de capturar solo la parte central de la imagen proyectada, el \u00e1ngulo de visi\u00f3n efectivo del objetivo se reducir\u00eda, creando un \u00abfactor de recorte\u00bb en la c\u00e1mara. Este adaptador condensa la luz de un objetivo dise\u00f1ado para sensores de c\u00e1mara de fotograma completo o pel\u00edcula de 35 mm y la proyecta en un sensor APS-C en la c\u00e1mara con montura X de FUJIFILM. Esto permite que el sensor APS-C utilice m\u00e1s luz recolectada por una lente adjunta, lo que reduce efectivamente el factor de recorte mientras proporciona al sensor una parada de luz adicional para cada una de las configuraciones de f\/stop del objetivo.<\/p>\n<p>Si un objetivo compatible incluye enfoque autom\u00e1tico y funciones de apertura controlada por la c\u00e1mara, este adaptador est\u00e1 dise\u00f1ado para permitir el uso de esas funciones. Adem\u00e1s, si un objetivo adjunto es capaz de generar metadatos Exif cuando se usa con una c\u00e1mara directamente compatible, este adaptador est\u00e1 dise\u00f1ado para permitir que esa informaci\u00f3n se guarde junto con los archivos de imagen generados con una combinaci\u00f3n de la lente, una c\u00e1mara FUJIFILM X-mount compatible y el adaptador.<\/p>\n<p>Este adaptador est\u00e1 construido con cuatro elementos de lente en cuatro grupos que est\u00e1n dise\u00f1ados para brindar claridad \u00f3ptica y fidelidad de color, y la parte inferior de su pie de tr\u00edpode desmontable est\u00e1 roscada con una rosca de accesorio de 1\/4&#8243;-20, lo que permite la conexi\u00f3n directa a los tr\u00edpodes. o placas de liberaci\u00f3n r\u00e1pida que cuentan con montajes de 1\/4&#8243;-20. Para facilitar la actualizaci\u00f3n de su firmware, este adaptador tambi\u00e9n incluye un puerto micro-USB.<\/p>\n<ul>\n<li>Debido a su dise\u00f1o f\u00edsico, este adaptador no es adecuado para usar con la c\u00e1mara FUJIFILM X-Pro3 y puede rayar el cuerpo de la c\u00e1mara si est\u00e1 conectado.<\/li>\n<li>Maximiza el \u00e1ngulo de visi\u00f3n aparente de la c\u00e1mara y el objetivo combinados<\/li>\n<li>Proporciona un impulso \u00fanico para la c\u00e1mara en el rango de apertura del objetivo<\/li>\n<li>Cuatro elementos de lente en cuatro grupos para claridad \u00f3ptica y fidelidad de color<\/li>\n<li>Admite la comunicaci\u00f3n electr\u00f3nica entre la c\u00e1mara y el objetivo para permitir el enfoque autom\u00e1tico, el control de apertura en la c\u00e1mara y la generaci\u00f3n de metadatos Exif cuando sea posible<\/li>\n<li>Pie de tr\u00edpode desmontable con rosca accesoria de 1\/4&#8243;-20 para conexi\u00f3n directa a tr\u00edpodes o placas de liberaci\u00f3n r\u00e1pida que cuentan con monturas de 1\/4&#8243;-20<\/li>\n<\/ul>\n<p>&nbsp;<\/p>\n<p><strong>Especificaciones:<\/strong><\/p>\n<p><em>Adaptador<\/em><\/p>\n<table width=\"642\">\n<tbody>\n<tr>\n<td width=\"302\"><strong>Montura<\/strong> <strong>de la C\u00e1mara<\/strong><\/td>\n<td width=\"339\">FUJIFILM X<\/td>\n<\/tr>\n<tr>\n<td width=\"302\"><strong>Montura del objetivo<\/strong><\/td>\n<td width=\"339\">Canon EF\/EF-S<\/td>\n<\/tr>\n<tr>\n<td width=\"302\"><strong>Magnificaci\u00f3n<\/strong><\/td>\n<td width=\"339\">0.71x<\/td>\n<\/tr>\n<tr>\n<td width=\"302\"><strong>Dise\u00f1o \u00f3ptico<\/strong><\/td>\n<td width=\"339\">4 elementos en 4 grupos<\/td>\n<\/tr>\n<tr>\n<td width=\"302\"><strong>Comunicaci\u00f3n electr\u00f3nica<\/strong><\/td>\n<td width=\"339\">Si<\/td>\n<\/tr>\n<tr>\n<td width=\"302\"><strong>Visor<\/strong><\/td>\n<td width=\"339\">No<\/td>\n<\/tr>\n<\/tbody>\n<\/table>\n<p><em>\u00a0<\/em><\/p>\n<p><em>Cuerpo<\/em><\/p>\n<table width=\"640\">\n<tbody>\n<tr>\n<td width=\"302\"><strong>Dimensiones<\/strong><\/td>\n<td width=\"337\">\u00f8: 68.0 x D: 27.0\u00a0mm<\/td>\n<\/tr>\n<tr>\n<td width=\"302\"><strong>Hilo para tr\u00edpode<\/strong><\/td>\n<td width=\"337\">Hembra 1\/4&#8243;-20<\/td>\n<\/tr>\n<tr>\n<td width=\"302\"><strong>Peso<\/strong><\/td>\n<td width=\"337\">145g<\/td>\n<\/tr>\n<\/tbody>\n<\/table>\n","protected":false},"excerpt":{"rendered":"<ul>\n<li>No compatible con Fuji X-Pro 3<\/li>\n<li>Compatible con enfoque autom\u00e1tico<\/li>\n<li>Compatible con reducci\u00f3n de vibraciones<\/li>\n<li>Material met\u00e1lico m\u00e1s duradero<\/li>\n<li>Compatible con todos los objetivos EF<\/li>\n<li>Ampliaci\u00f3n de 0,71x para no crear un factor de recorte<\/li>\n<\/ul>\n","protected":false},"featured_media":17442,"comment_status":"closed","ping_status":"closed","template":"","meta":{"_acf_changed":false},"product_brand":[2544],"product_cat":[1041],"product_tag":[],"class_list":{"0":"post-17431","1":"product","2":"type-product","3":"status-publish","4":"has-post-thumbnail","6":"product_brand-viltrox-es","7":"product_cat-adaptadores-es","8":"pa_montagem-fujifilm-x-es","9":"pa_montagem-da-objetiva-canon-ef-es","10":"pa_tipo-de-foco-enfoque-automatico","12":"first","13":"instock","14":"sale","15":"taxable","16":"shipping-taxable","17":"purchasable","18":"product-type-simple"},"bundled_by":[],"bundle_stock_status":"instock","bundle_stock_quantity":1,"bundle_virtual":false,"bundle_layout":"","bundle_add_to_cart_form_location":"","bundle_editable_in_cart":false,"bundle_sold_individually_context":"","bundle_item_grouping":"","bundle_min_size":"","bundle_max_size":"","bundle_price":[],"bundled_items":[],"bundle_sell_ids":[],"acf":[],"_links":{"self":[{"href":"https:\/\/hi-techwonder.com\/es\/wp-json\/wp\/v2\/product\/17431","targetHints":{"allow":["GET"]}}],"collection":[{"href":"https:\/\/hi-techwonder.com\/es\/wp-json\/wp\/v2\/product"}],"about":[{"href":"https:\/\/hi-techwonder.com\/es\/wp-json\/wp\/v2\/types\/product"}],"replies":[{"embeddable":true,"href":"https:\/\/hi-techwonder.com\/es\/wp-json\/wp\/v2\/comments?post=17431"}],"wp:featuredmedia":[{"embeddable":true,"href":"https:\/\/hi-techwonder.com\/es\/wp-json\/wp\/v2\/media\/17442"}],"wp:attachment":[{"href":"https:\/\/hi-techwonder.com\/es\/wp-json\/wp\/v2\/media?parent=17431"}],"wp:term":[{"taxonomy":"product_brand","embeddable":true,"href":"https:\/\/hi-techwonder.com\/es\/wp-json\/wp\/v2\/product_brand?post=17431"},{"taxonomy":"product_cat","embeddable":true,"href":"https:\/\/hi-techwonder.com\/es\/wp-json\/wp\/v2\/product_cat?post=17431"},{"taxonomy":"product_tag","embeddable":true,"href":"https:\/\/hi-techwonder.com\/es\/wp-json\/wp\/v2\/product_tag?post=17431"}],"curies":[{"name":"wp","href":"https:\/\/api.w.org\/{rel}","templated":true}]}}