{"id":17460,"date":"2025-07-24T09:06:47","date_gmt":"2025-07-24T09:06:47","guid":{"rendered":"https:\/\/fv6qoy3ls0.wpdns.site\/produto\/viltrox-adaptador-ef-z2-speed-booster-0-71x\/"},"modified":"2026-02-03T15:16:30","modified_gmt":"2026-02-03T15:16:30","slug":"viltrox-adaptador-ef-z2-speedbooster","status":"publish","type":"product","link":"https:\/\/hi-techwonder.com\/es\/producto\/viltrox-adaptador-ef-z2-speedbooster\/","title":{"rendered":"Viltrox Adaptador EF-Z2 Speed Booster 0.71x"},"content":{"rendered":"<h1>Viltrox Adaptador EF-Z2 Speed Booster 0.71x<\/h1>\n<p>Este adaptador EF-Z2 con Speed \u200b\u200b\u200b\u200bBooster de Viltrox permite utilizar un objetivo EF de Canon en un cuerpo de c\u00e1mara Nikon Z. La unidad incorpora un multiplicador \u00f3ptico de 0,71x y los contactos electr\u00f3nicos est\u00e1n dorados con cobre puro. Se admite la comunicaci\u00f3n electr\u00f3nica entre la c\u00e1mara y la lente, lo que permite el enfoque autom\u00e1tico. Con algunas lentes, el rango de enfoque m\u00e1ximo puede verse afectado, ya que la distancia entre la lente y el sensor de la c\u00e1mara se modifica ligeramente y hay un aumento de 1 punto en la luz hacia la c\u00e1mara en el rango de apertura de la lente. Adem\u00e1s, las funciones de algunos objetivos no est\u00e1n totalmente disponibles seg\u00fan el cuerpo de la c\u00e1mara.<\/p>\n<p>Si una lente compatible incluye enfoque autom\u00e1tico y funciones de apertura controlada por la c\u00e1mara, este adaptador est\u00e1 dise\u00f1ado para permitir el uso de esas funciones. Adem\u00e1s, si una lente adjunta es capaz de generar metadatos Exif cuando se usa con una c\u00e1mara directamente compatible, este adaptador est\u00e1 dise\u00f1ado para permitir que esa informaci\u00f3n se guarde junto con los archivos de imagen generados con una combinaci\u00f3n de la lente, una c\u00e1mara Nikon Z compatible y el adaptador<\/p>\n<p>Este adaptador est\u00e1 construido con cuatro elementos de lente en cuatro grupos que est\u00e1n dise\u00f1ados para brindar claridad \u00f3ptica y fidelidad de color, y la parte inferior de su pie de tr\u00edpode desmontable est\u00e1 roscada con una rosca de accesorio de 1\/4&#8243;-20, lo que permite la conexi\u00f3n directa a los tr\u00edpodes. o placas de liberaci\u00f3n r\u00e1pida que cuentan con montajes de 1\/4&#8243;-20. Para facilitar la actualizaci\u00f3n de su firmware, este adaptador tambi\u00e9n incluye un puerto micro-USB.<\/p>\n<p>&nbsp;<\/p>\n<ul>\n<li>Maximiza el \u00e1ngulo de visi\u00f3n aparente de la c\u00e1mara y el objetivo combinados<\/li>\n<li>Proporciona un impulso \u00fanico para la c\u00e1mara en el rango de apertura del objetivo<\/li>\n<li>Cuatro elementos de lente en cuatro grupos para claridad \u00f3ptica y fidelidad de color<\/li>\n<li>Admite la comunicaci\u00f3n electr\u00f3nica entre la c\u00e1mara y el objetivo para permitir el enfoque autom\u00e1tico, el control de apertura en la c\u00e1mara y la generaci\u00f3n de metadatos Exif cuando sea posible<\/li>\n<li>Pie de tr\u00edpode desmontable con rosca accesoria de 1\/4&#8243;-20 para conexi\u00f3n directa a tr\u00edpodes o placas de liberaci\u00f3n r\u00e1pida que cuentan con monturas de 1\/4&#8243;-20<\/li>\n<\/ul>\n<p>&nbsp;<\/p>\n<p><strong>Especificaciones:<\/strong><\/p>\n<p><em>Adaptador<\/em><\/p>\n<table width=\"642\">\n<tbody>\n<tr>\n<td width=\"302\"><strong>Montura<\/strong> <strong>de la C\u00e1mara<\/strong><\/td>\n<td width=\"339\">Nikon Z<\/td>\n<\/tr>\n<tr>\n<td width=\"302\"><strong>Montura del objetivo<\/strong><\/td>\n<td width=\"339\">Canon EF<\/td>\n<\/tr>\n<tr>\n<td width=\"302\"><strong>Magnificaci\u00f3n<\/strong><\/td>\n<td width=\"339\">0.71x<\/td>\n<\/tr>\n<tr>\n<td width=\"302\"><strong>Dise\u00f1o \u00f3ptico<\/strong><\/td>\n<td width=\"339\">4 elementos en 4 grupos<\/td>\n<\/tr>\n<tr>\n<td width=\"302\"><strong>Comunicaci\u00f3n electr\u00f3nica<\/strong><\/td>\n<td width=\"339\">Si<\/td>\n<\/tr>\n<tr>\n<td width=\"302\"><strong>Visor<\/strong><\/td>\n<td width=\"339\">No<\/td>\n<\/tr>\n<\/tbody>\n<\/table>\n<p><em>\u00a0<\/em><\/p>\n<p><em>Cuerpo<\/em><\/p>\n<table width=\"640\">\n<tbody>\n<tr>\n<td width=\"302\"><strong>Dimensiones<\/strong><\/td>\n<td width=\"337\">\u00f8: 72.0 x H: 30.0 x W: 82.0\u00a0cm<\/td>\n<\/tr>\n<tr>\n<td width=\"302\"><strong>Hilo para tr\u00edpode<\/strong><\/td>\n<td width=\"337\">Hembra 1\/4&#8243;-20<\/td>\n<\/tr>\n<tr>\n<td width=\"302\"><strong>Peso<\/strong><\/td>\n<td width=\"337\">255 g<\/td>\n<\/tr>\n<\/tbody>\n<\/table>\n<p>&nbsp;<\/p>\n","protected":false},"excerpt":{"rendered":"<ul>\n<li>Compatible con enfoque autom\u00e1tico<\/li>\n<li>Compatible con reducci\u00f3n de vibraciones<\/li>\n<li>Material met\u00e1lico m\u00e1s duradero<\/li>\n<li>Aumento de 0,71x<\/li>\n<li>Adaptador para usar con c\u00e1maras APS-C o en modo APS-C<\/li>\n<\/ul>\n","protected":false},"featured_media":17481,"comment_status":"closed","ping_status":"closed","template":"","meta":{"_acf_changed":false},"product_brand":[2544],"product_cat":[1041],"product_tag":[],"class_list":{"0":"post-17460","1":"product","2":"type-product","3":"status-publish","4":"has-post-thumbnail","6":"product_brand-viltrox-es","7":"product_cat-adaptadores-es","8":"pa_montagem-nikon-z-es","9":"pa_montagem-da-objetiva-canon-ef-es","10":"pa_tipo-de-foco-enfoque-automatico","12":"first","13":"instock","14":"taxable","15":"shipping-taxable","16":"purchasable","17":"product-type-simple"},"bundled_by":[],"bundle_stock_status":"instock","bundle_stock_quantity":1,"bundle_virtual":false,"bundle_layout":"","bundle_add_to_cart_form_location":"","bundle_editable_in_cart":false,"bundle_sold_individually_context":"","bundle_item_grouping":"","bundle_min_size":"","bundle_max_size":"","bundle_price":[],"bundled_items":[],"bundle_sell_ids":[],"acf":[],"_links":{"self":[{"href":"https:\/\/hi-techwonder.com\/es\/wp-json\/wp\/v2\/product\/17460","targetHints":{"allow":["GET"]}}],"collection":[{"href":"https:\/\/hi-techwonder.com\/es\/wp-json\/wp\/v2\/product"}],"about":[{"href":"https:\/\/hi-techwonder.com\/es\/wp-json\/wp\/v2\/types\/product"}],"replies":[{"embeddable":true,"href":"https:\/\/hi-techwonder.com\/es\/wp-json\/wp\/v2\/comments?post=17460"}],"wp:featuredmedia":[{"embeddable":true,"href":"https:\/\/hi-techwonder.com\/es\/wp-json\/wp\/v2\/media\/17481"}],"wp:attachment":[{"href":"https:\/\/hi-techwonder.com\/es\/wp-json\/wp\/v2\/media?parent=17460"}],"wp:term":[{"taxonomy":"product_brand","embeddable":true,"href":"https:\/\/hi-techwonder.com\/es\/wp-json\/wp\/v2\/product_brand?post=17460"},{"taxonomy":"product_cat","embeddable":true,"href":"https:\/\/hi-techwonder.com\/es\/wp-json\/wp\/v2\/product_cat?post=17460"},{"taxonomy":"product_tag","embeddable":true,"href":"https:\/\/hi-techwonder.com\/es\/wp-json\/wp\/v2\/product_tag?post=17460"}],"curies":[{"name":"wp","href":"https:\/\/api.w.org\/{rel}","templated":true}]}}