{"id":17491,"date":"2025-07-24T09:06:47","date_gmt":"2025-07-24T09:06:47","guid":{"rendered":"https:\/\/fv6qoy3ls0.wpdns.site\/produto\/viltrox-temporizador-disparador-mc\/"},"modified":"2026-02-03T15:04:25","modified_gmt":"2026-02-03T15:04:25","slug":"viltrox-temporizador-disparador-mc","status":"publish","type":"product","link":"https:\/\/hi-techwonder.com\/es\/producto\/viltrox-temporizador-disparador-mc\/","title":{"rendered":"Viltrox Temporizador Disparador MC"},"content":{"rendered":"<h1>Viltrox Temporizador Disparador MC<\/h1>\n<p>El Viltrox Temporizador Disparador MC es un disparador con cable de grado profesional muy popular para fotograf\u00eda profesional. Puede configurar con precisi\u00f3n: Tiempo de retardo de toma\/Tiempo de exposici\u00f3n\/N\u00famero de tomas\/Se puede reducir a la unidad de segundo para el tiempo de retardo\/Tiempo de intervalo\/Tiempo de duraci\u00f3n\/ Puede configurar desde un segundo hasta 99 horas.<\/p>\n<ul>\n<li>Es muy f\u00e1cil establecer la configuraci\u00f3n en la pantalla LCD con iluminaci\u00f3n nocturna.<\/li>\n<li>Temporizador autom\u00e1tico: se puede configurar en: Tiempo de retardo \/ Tiempo de exposici\u00f3n \/ Tiempo de intervalo \/ N\u00famero de disparos.<\/li>\n<li>Compatibilidad con el obturador manual: puede presionar el obturador en cualquier momento para tomar fotograf\u00edas, incluso si el disparador autom\u00e1tico est\u00e1 activado.<\/li>\n<li>El tiempo se puede configurar en unidades de segundo: desde un segundo hasta 99 horas\/59 minutos\/59 segundos.<\/li>\n<li style=\"list-style-type: none;\"><\/li>\n<li>Otras funciones a\u00f1adidas: Obturador manual \/ Enfoque continuo autom\u00e1tico \/ R\u00e1faga (Prioridad de velocidad).<\/li>\n<\/ul>\n<p><strong>Compatibilidad por modelo:<\/strong><\/p>\n<ul>\n<li style=\"list-style-type: none;\">\n<ul>\n<li><strong>MC-C1:<\/strong><\/li>\n<\/ul>\n<\/li>\n<li>Canon: Powershot G10 \/E0S30 \/ EOS33 \/ 50 \/ 50E \/ 300 \/ 300D \/ 300V \/ 350D (Rebel Xti) \/ 400D (Rebel Xti) \/ 450D (Rebel Xti) \/ 500D (Rebel Xti) \/ 1000D (Rebel Xti) \/ 60D \/ 600D \/ 1100D<\/li>\n<li>Pentax: K10D \/ K110D \/ K100D \/ K20D \/ K200D \/ KM \/ K5 \/ Cs205,*ist D \/ DS \/ DS2 \/ DL \/ DL2 \/ K10 Obturador de interruptor remoto, Pentax MZ-6, MZ-L, ZX-L;<\/li>\n<li>Sigma: SD1<\/li>\n<li>Samsung: GX-1L, GX-1S, GX-20, GX-10<\/li>\n<li>Contactos: 645 \/ Nl \/ Nx \/ N \/ Digital \/ LA-50<\/li>\n<li>Hasselblad: H\/H1\/H2\/H2D\/H1D\/K7<\/li>\n<li style=\"list-style-type: none;\">\n<ul>\n<li><strong>MC-C3:<\/strong><\/li>\n<\/ul>\n<\/li>\n<li>Canon EOS Digital SLR: 1D \/ 1D Mark II \/ 1D Mark II N \/ 1D Mark III \/ ID MARK IV \/ 1Ds \/ 1Ds Mark II \/ 1Ds Mark III \/ 10D \/ 20D \/ 30D \/ 40D \/ 50D \/ 5D \/ 5D Mark II \/ 5D Mark III \/ D30 \/ D60 \/ D2000 \/ 7D \/ 1D X<\/li>\n<li>Canon EOS Pel\u00edcula SLR: 1V \/ 1VHS \/ 3<\/li>\n<li>KODAK: DSC-530<\/li>\n<li style=\"list-style-type: none;\">\n<ul>\n<li><strong>MC-N1:<\/strong><\/li>\n<\/ul>\n<\/li>\n<li>Nikon: D200 \/ D300 \/ D700 \/ D300S \/ D3X \/ D3S \/ D1 \/ D1h \/ D1x \/ D3 \/ D2 \/ D2H \/ D2Hs \/ D2X \/ F6 \/ F5 \/ F100 \/ F90 \/ F90x \/ N90 \/ N90x \/ D800<\/li>\n<li>Kodak: DCS Pro 14n \/ DCS620<\/li>\n<li>FUJIFILM: S3 Pro \/ S5 Pro\n<ul>\n<li><strong>MC-N3:<\/strong><\/li>\n<\/ul>\n<\/li>\n<li>Nikon: D90\/D5000\/D5100\/D3100\/D7000\n<ul>\n<li><strong>MC-S2:<\/strong><\/li>\n<\/ul>\n<\/li>\n<li>Sony: A7, A7R, 3000, A5000, A6000, A58, RX100II, RX100M2, RX100M3, NEX-3NL, HX50, HX60, HX300, HX400<\/li>\n<\/ul>\n","protected":false},"excerpt":{"rendered":"<ul>\n<li>Disparador\/temporizador con cable<\/li>\n<li>Gran n\u00famero de funciones para una m\u00e1xima versatilidad<\/li>\n<li>LCD iluminado<\/li>\n<li>Funciona con pilas AAA<\/li>\n<li>Compatibilidad dependiente del modelo<\/li>\n<\/ul>\n<p>&nbsp;<\/p>\n","protected":false},"featured_media":17492,"comment_status":"closed","ping_status":"closed","template":"","meta":{"_acf_changed":false},"product_brand":[2544],"product_cat":[919],"product_tag":[],"class_list":{"0":"post-17491","1":"product","2":"type-product","3":"status-publish","4":"has-post-thumbnail","6":"product_brand-viltrox-es","7":"product_cat-disparadores-es","9":"first","10":"instock","11":"taxable","12":"shipping-taxable","13":"purchasable","14":"product-type-variable"},"bundled_by":[],"bundle_stock_status":"instock","bundle_stock_quantity":null,"bundle_virtual":false,"bundle_layout":"","bundle_add_to_cart_form_location":"","bundle_editable_in_cart":false,"bundle_sold_individually_context":"","bundle_item_grouping":"","bundle_min_size":"","bundle_max_size":"","bundle_price":[],"bundled_items":[],"bundle_sell_ids":[],"acf":[],"_links":{"self":[{"href":"https:\/\/hi-techwonder.com\/es\/wp-json\/wp\/v2\/product\/17491","targetHints":{"allow":["GET"]}}],"collection":[{"href":"https:\/\/hi-techwonder.com\/es\/wp-json\/wp\/v2\/product"}],"about":[{"href":"https:\/\/hi-techwonder.com\/es\/wp-json\/wp\/v2\/types\/product"}],"replies":[{"embeddable":true,"href":"https:\/\/hi-techwonder.com\/es\/wp-json\/wp\/v2\/comments?post=17491"}],"wp:featuredmedia":[{"embeddable":true,"href":"https:\/\/hi-techwonder.com\/es\/wp-json\/wp\/v2\/media\/17492"}],"wp:attachment":[{"href":"https:\/\/hi-techwonder.com\/es\/wp-json\/wp\/v2\/media?parent=17491"}],"wp:term":[{"taxonomy":"product_brand","embeddable":true,"href":"https:\/\/hi-techwonder.com\/es\/wp-json\/wp\/v2\/product_brand?post=17491"},{"taxonomy":"product_cat","embeddable":true,"href":"https:\/\/hi-techwonder.com\/es\/wp-json\/wp\/v2\/product_cat?post=17491"},{"taxonomy":"product_tag","embeddable":true,"href":"https:\/\/hi-techwonder.com\/es\/wp-json\/wp\/v2\/product_tag?post=17491"}],"curies":[{"name":"wp","href":"https:\/\/api.w.org\/{rel}","templated":true}]}}