{"id":17513,"date":"2025-07-24T09:06:53","date_gmt":"2025-07-24T09:06:53","guid":{"rendered":"https:\/\/fv6qoy3ls0.wpdns.site\/produto\/viltrox-disparador-wireless-jyc-120\/"},"modified":"2026-02-03T15:03:10","modified_gmt":"2026-02-03T15:03:10","slug":"viltrox-disparador-wireless-jyc-120","status":"publish","type":"product","link":"https:\/\/hi-techwonder.com\/es\/producto\/viltrox-disparador-wireless-jyc-120\/","title":{"rendered":"Viltrox Disparador Wireless JYC-120"},"content":{"rendered":"<h1 class=\"serp-title\">Viltrox Disparador Wireless JYC-120<\/h1>\n<p>El disparador wireless JYC-120 de Viltrox est\u00e1 equipado con FSK (modulaci\u00f3n por cambio de frecuencia) en la frecuencia de radio de seguridad p\u00fablica de 2,4 GHz para evitar interferencias electr\u00f3nicas. Le permite utilizar varios tipos de funciones de disparo, como un solo disparo, disparo a intervalos y Bulb.<\/p>\n<p>Con una apariencia moderna y delgada, es un tirador muy port\u00e1til. Se puede utilizar con un cable espec\u00edfico para cada marca, y compatible con la misma, y \u200b\u200bfunciona con 4 pilas AAA comunes.<\/p>\n<p><strong>En la caja:<\/strong><\/p>\n<ul>\n<li>Transmisor<\/li>\n<li>Receptor<\/li>\n<li>Cable receptor-c\u00e1mara<\/li>\n<\/ul>\n<p><strong>Compatibilidad del modelo:<\/strong><\/p>\n<ul>\n<li style=\"list-style-type: none;\">\n<ul>\n<li><strong>JYC-120-C1<\/strong><\/li>\n<\/ul>\n<\/li>\n<li>Canon: Powershot G10 \/ Canon E0S30 \/ EOS33 \/ 50 \/ 50E \/ 300 \/ 300D \/ 300V \/ 350D (Rebel Xti) \/ 400D (Rebel Xti) \/ 450D (Rebel Xti) \/ 500D (Rebel Xti) \/ 1000D (Rebel Xti) \/ 60D \/ 600D \/ 1100D<\/li>\n<li>Pentax: K10D \/ K110D \/ K100D \/ K20D \/ K200D \/ KM \/ K5 \/ Cs205,*istD \/ DS \/ DS2 \/ DL \/ DL2 \/ K10 Remote Switch Shutter, Pentax MZ-6, MZ-L, ZX-L ; Sigma SD1<\/li>\n<li>Samsung: GX-1L \/ GX-1S \/ GX-20 \/ GX-10<\/li>\n<li>Contax: 645 \/ Nl \/ Nx \/ N \/ Digital \/ LA-50<\/li>\n<li>Hasselblad: H \/ H1 \/ H2 \/ H2D \/ H1D \/ K7\n<ul>\n<li><strong>JYC-120-C3<\/strong><\/li>\n<\/ul>\n<\/li>\n<li>Canon: EOS Digital SLR:1D \/ 1D Mark II \/ 1D Mark II N \/ 1D Mark III \/ 1D MARK IV \/ 1Ds \/ 1Ds Mark II \/ 1Ds Mark III \/ 10D \/ 20D \/ 30D \/ 40D \/ 50D \/ 5D \/ 5D Mark II \/ 5D Mark III \/ D30 \/ D60 \/ D2000 \/ 7D \/ 1D X \/ Canon EOS Film SLR \/ 1V \/ 1VHS 3 \/<\/li>\n<li>KODAK: DSC-530<\/li>\n<li style=\"list-style-type: none;\">\n<ul>\n<li><strong>JYC-120-N1<\/strong><\/li>\n<\/ul>\n<\/li>\n<li>Nikon: D200 \/ D300 \/ D700 \/ D300S \/ D3X \/ D3S \/ D1 \/ D1h \/ D1x \/ D3 \/ D2 \/ D2H \/ D2Hs \/ D2X \/ F6\/ F5 \/ F100 \/ F90 \/ F90x\/ N90 \/ N90x \/ D800<\/li>\n<li>Kodak: DCS Pro 14n \/ DCS620<\/li>\n<li>FUJIFILM: S3 Pro \/ S5 Pro\n<ul>\n<li><strong>JYC-120-N3<\/strong><\/li>\n<\/ul>\n<\/li>\n<li>NIKON: D90 \/ D5000 \/ D5100 \/ D3100 \/ D7000<\/li>\n<li style=\"list-style-type: none;\">\n<ul>\n<li><strong>JYC-120-S2<\/strong><\/li>\n<\/ul>\n<\/li>\n<li>Sony: A7 \/ A7R \/ 3000 \/ A5000 \/ A6000 \/ A58 \/ RX100II \/ RX100M2 \/ RX100M3 \/ NEX-3NL \/ HX50 \/ HX60 \/ HX300 \/ HX400<\/li>\n<\/ul>\n","protected":false},"excerpt":{"rendered":"<ul>\n<li>Frecuencia de 2,4 GHz, con tecnolog\u00eda FSK<\/li>\n<li>Toma \u00fanica, time-lapse y Bulb<\/li>\n<li>Cable espec\u00edfico para cada marca de c\u00e1mara y disparador<\/li>\n<li>Funciona con pilas AAA<\/li>\n<\/ul>\n","protected":false},"featured_media":17518,"comment_status":"closed","ping_status":"closed","template":"","meta":{"_acf_changed":false},"product_brand":[2544],"product_cat":[919],"product_tag":[],"class_list":{"0":"post-17513","1":"product","2":"type-product","3":"status-publish","4":"has-post-thumbnail","6":"product_brand-viltrox-es","7":"product_cat-disparadores-es","9":"first","10":"instock","11":"taxable","12":"shipping-taxable","13":"purchasable","14":"product-type-variable"},"bundled_by":[],"bundle_stock_status":"instock","bundle_stock_quantity":null,"bundle_virtual":false,"bundle_layout":"","bundle_add_to_cart_form_location":"","bundle_editable_in_cart":false,"bundle_sold_individually_context":"","bundle_item_grouping":"","bundle_min_size":"","bundle_max_size":"","bundle_price":[],"bundled_items":[],"bundle_sell_ids":[],"acf":[],"_links":{"self":[{"href":"https:\/\/hi-techwonder.com\/es\/wp-json\/wp\/v2\/product\/17513","targetHints":{"allow":["GET"]}}],"collection":[{"href":"https:\/\/hi-techwonder.com\/es\/wp-json\/wp\/v2\/product"}],"about":[{"href":"https:\/\/hi-techwonder.com\/es\/wp-json\/wp\/v2\/types\/product"}],"replies":[{"embeddable":true,"href":"https:\/\/hi-techwonder.com\/es\/wp-json\/wp\/v2\/comments?post=17513"}],"wp:featuredmedia":[{"embeddable":true,"href":"https:\/\/hi-techwonder.com\/es\/wp-json\/wp\/v2\/media\/17518"}],"wp:attachment":[{"href":"https:\/\/hi-techwonder.com\/es\/wp-json\/wp\/v2\/media?parent=17513"}],"wp:term":[{"taxonomy":"product_brand","embeddable":true,"href":"https:\/\/hi-techwonder.com\/es\/wp-json\/wp\/v2\/product_brand?post=17513"},{"taxonomy":"product_cat","embeddable":true,"href":"https:\/\/hi-techwonder.com\/es\/wp-json\/wp\/v2\/product_cat?post=17513"},{"taxonomy":"product_tag","embeddable":true,"href":"https:\/\/hi-techwonder.com\/es\/wp-json\/wp\/v2\/product_tag?post=17513"}],"curies":[{"name":"wp","href":"https:\/\/api.w.org\/{rel}","templated":true}]}}