{"id":17555,"date":"2025-07-24T09:07:08","date_gmt":"2025-07-24T09:07:08","guid":{"rendered":"https:\/\/fv6qoy3ls0.wpdns.site\/produto\/viltrox-af-13mm-f-1-4-xf-z-e\/"},"modified":"2026-04-24T18:23:24","modified_gmt":"2026-04-24T17:23:24","slug":"viltrox-af-13mm-f-1-4-xf-z-e","status":"publish","type":"product","link":"https:\/\/hi-techwonder.com\/es\/producto\/viltrox-af-13mm-f-1-4-xf-z-e\/","title":{"rendered":"Viltrox AF 13mm f\/1.4 XF | Z | E"},"content":{"rendered":"<p><iframe loading=\"lazy\" title=\"VILTROX AF 13mm f1.4\" src=\"https:\/\/www.youtube.com\/embed\/3z7tik-J9jM?feature=oembed\" width=\"1170\" height=\"658\" frameborder=\"0\" allowfullscreen=\"allowfullscreen\" data-mce-fragment=\"1\"><\/iframe><\/p>\n<p>Ideal para paisajes, paisajes urbanos, escenas callejeras, arquitectura y m\u00e1s, el Viltrox AF 13 mm f\/1.4 XF es un elegante lente fijo ultra gran angular que se caracteriza por su portabilidad, dise\u00f1o \u00f3ptico avanzado y manejo intuitivo. Su r\u00e1pida apertura m\u00e1xima de f\/1.4 equilibra el tama\u00f1o y la velocidad y es adecuada para trabajar en las condiciones de iluminaci\u00f3n disponibles. Ofrece un mayor control sobre la profundidad de campo y proporciona un efecto bokeh suave en aperturas m\u00e1s amplias, al mismo tiempo que limita el tama\u00f1o y el peso total de la lente para el uso diario. Dise\u00f1ado para una captura de video fluida, la lente elimina efectivamente la respiraci\u00f3n de enfoque al cambiar las distancias de enfoque durante la grabaci\u00f3n de video, y un motor de enfoque autom\u00e1tico STM proporciona un enfoque autom\u00e1tico r\u00e1pido y receptivo hasta una distancia m\u00ednima del sujeto de solo 22 cm.<\/p>\n<p><img loading=\"lazy\" decoding=\"async\" class=\"alignnone wp-image-27524\" src=\"https:\/\/hi-techwonder.com\/wp-content\/themes\/woodmart\/images\/lazy.svg\" data-src=\"https:\/\/viltrox.pt\/wp-content\/uploads\/2023\/09\/D9A7535-1-1024x683.jpg\" sizes=\"auto, (max-width: 752px) 100vw, 752px\" srcset=\"\" data-srcset=\"https:\/\/viltrox.es\/wp-content\/uploads\/2023\/09\/D9A7535-1-1024x683.jpg 1024w, https:\/\/viltrox.es\/wp-content\/uploads\/2023\/09\/D9A7535-1-300x200.jpg 300w, https:\/\/viltrox.es\/wp-content\/uploads\/2023\/09\/D9A7535-1-768x512.jpg 768w, https:\/\/viltrox.es\/wp-content\/uploads\/2023\/09\/D9A7535-1-1536x1024.jpg 1536w, https:\/\/viltrox.es\/wp-content\/uploads\/2023\/09\/D9A7535-1-2048x1365.jpg 2048w, https:\/\/viltrox.es\/wp-content\/uploads\/2023\/09\/D9A7535-1-270x180.jpg 270w, https:\/\/viltrox.es\/wp-content\/uploads\/2023\/09\/D9A7535-1-600x400.jpg 600w\" alt=\"\" width=\"752\" height=\"501\"><\/p>\n<p><strong>Dise\u00f1o \u00f3ptico<\/strong><\/p>\n<ul>\n<li>Lente principal ultra ancha dise\u00f1ada para c\u00e1maras sin espejo de formato APS-C, donde proporciona el equivalente de 20 mm de fotograma completo de 35 mm.<\/li>\n<li>La brillante apertura m\u00e1xima de f\/1.4 es adecuada para trabajar en condiciones de iluminaci\u00f3n dif\u00edciles y ayuda a mantener un factor de forma relativamente compacto.<\/li>\n<li>14 elementos de lentes en 11 grupos brindan un dise\u00f1o \u00f3ptico sofisticado. Dos elementos de lente asf\u00e9rica est\u00e1n optimizados para la distorsi\u00f3n y la aberraci\u00f3n \u00f3ptica fuera del eje, lo que permite que la lente mantenga una resoluci\u00f3n excelente en todo el rango de enfoque.<\/li>\n<li>Cuatro elementos de lente ED (Extra Low Dispersion) reducen en gran medida las franjas de color y las aberraciones crom\u00e1ticas para producir una mayor claridad y precisi\u00f3n de color, independientemente de la apertura que elija.<\/li>\n<li>Dise\u00f1ado para una captura de video fluida, la lente elimina efectivamente la respiraci\u00f3n focal al cambiar las distancias de enfoque durante la grabaci\u00f3n de video.<\/li>\n<li>El motor de enfoque autom\u00e1tico STM proporciona un enfoque autom\u00e1tico r\u00e1pido y sensible hasta una distancia m\u00ednima del sujeto de solo 22 cm.<\/li>\n<li>El diafragma de nueve hojas contribuye a una agradable calidad de bokeh.<\/li>\n<\/ul>\n<p><img loading=\"lazy\" decoding=\"async\" class=\"alignnone size-large wp-image-27522\" src=\"https:\/\/hi-techwonder.com\/wp-content\/themes\/woodmart\/images\/lazy.svg\" data-src=\"https:\/\/viltrox.pt\/wp-content\/uploads\/2023\/09\/D9A7535.jpg\" alt=\"\" width=\"1\" height=\"1\"><img loading=\"lazy\" decoding=\"async\" class=\"alignnone wp-image-27526\" src=\"https:\/\/hi-techwonder.com\/wp-content\/themes\/woodmart\/images\/lazy.svg\" data-src=\"https:\/\/viltrox.pt\/wp-content\/uploads\/2023\/09\/8X1A0041-%E6%8B%B7%E8%B4%9D-1024x683.jpg\" sizes=\"auto, (max-width: 752px) 100vw, 752px\" srcset=\"\" data-srcset=\"https:\/\/viltrox.es\/wp-content\/uploads\/2023\/09\/8X1A0041-\u62f7\u8d1d-1024x683.jpg 1024w, https:\/\/viltrox.es\/wp-content\/uploads\/2023\/09\/8X1A0041-\u62f7\u8d1d-300x200.jpg 300w, https:\/\/viltrox.es\/wp-content\/uploads\/2023\/09\/8X1A0041-\u62f7\u8d1d-768x512.jpg 768w, https:\/\/viltrox.es\/wp-content\/uploads\/2023\/09\/8X1A0041-\u62f7\u8d1d-1536x1024.jpg 1536w, https:\/\/viltrox.es\/wp-content\/uploads\/2023\/09\/8X1A0041-\u62f7\u8d1d-2048x1365.jpg 2048w, https:\/\/viltrox.es\/wp-content\/uploads\/2023\/09\/8X1A0041-\u62f7\u8d1d-270x180.jpg 270w, https:\/\/viltrox.es\/wp-content\/uploads\/2023\/09\/8X1A0041-\u62f7\u8d1d-600x400.jpg 600w\" alt=\"\" width=\"752\" height=\"501\"><\/p>\n<p><strong>Especificaciones:<\/strong><\/p>\n<table width=\"584\">\n<tbody>\n<tr>\n<td width=\"292\">Longitud focal<\/td>\n<td width=\"292\">13 mm (equivalente a 35 mm: 20 mm)<\/td>\n<\/tr>\n<tr>\n<td width=\"292\">Apertura M\u00e1xima<\/td>\n<td width=\"292\">f\/1.4<\/td>\n<\/tr>\n<tr>\n<td width=\"292\">Apertura M\u00ednima<\/td>\n<td width=\"292\">f\/16<\/td>\n<\/tr>\n<tr>\n<td width=\"292\">Montura<\/td>\n<td width=\"292\">Fujifilm X | Sony E | Nikon Z<\/td>\n<\/tr>\n<tr>\n<td width=\"292\">Cobertura de formato de lente<\/td>\n<td width=\"292\">APS-C<\/td>\n<\/tr>\n<tr>\n<td width=\"292\">\u00c1ngulo de visi\u00f3n<\/td>\n<td width=\"292\">94\u00b0<\/td>\n<\/tr>\n<tr>\n<td width=\"292\">Distancia m\u00ednima de enfoque<\/td>\n<td width=\"292\">22 cm<\/td>\n<\/tr>\n<tr>\n<td width=\"292\">Ampliaci\u00f3n m\u00e1xima<\/td>\n<td width=\"292\">0,1x<\/td>\n<\/tr>\n<tr>\n<td width=\"292\">Dise\u00f1o \u00f3ptico<\/td>\n<td width=\"292\">14 elementos en 11 grupos<\/td>\n<\/tr>\n<tr>\n<td width=\"292\">Hojas de diafragma<\/td>\n<td width=\"292\">9<\/td>\n<\/tr>\n<tr>\n<td width=\"292\">Tipo de enfoque<\/td>\n<td width=\"292\">Enfoque autom\u00e1tico<\/td>\n<\/tr>\n<tr>\n<td width=\"292\">Estabilizaci\u00f3n de imagen<\/td>\n<td width=\"292\">No<\/td>\n<\/tr>\n<tr>\n<td width=\"292\">Tama\u00f1o del filtro<\/td>\n<td width=\"292\">67 mm (Frente)<\/td>\n<\/tr>\n<tr>\n<td width=\"292\">Dimensiones (\u00f8 x L)<\/td>\n<td width=\"292\">74 x 90\u00a0mm<\/td>\n<\/tr>\n<tr>\n<td width=\"292\">Peso<\/td>\n<td width=\"292\">420 g<\/td>\n<\/tr>\n<\/tbody>\n<\/table>\n<p>&nbsp;<\/p>\n","protected":false},"excerpt":{"rendered":"<ul>\n<li>Formato APS-C<\/li>\n<li>20 mm (equivalente a 35 mm)<\/li>\n<li>Rango de apertura: f\/1.4 a f\/16<\/li>\n<li>Dos elementos asf\u00e9ricos<\/li>\n<li>Dos elementos de alta refracci\u00f3n<\/li>\n<li>Cuatro elementos de dispersi\u00f3n extra baja<\/li>\n<li>Motor paso a paso STM AF<\/li>\n<li>Diafragma de 9 hojas<\/li>\n<\/ul>\n","protected":false},"featured_media":17576,"comment_status":"closed","ping_status":"closed","template":"","meta":{"_acf_changed":false},"product_brand":[2544],"product_cat":[1062],"product_tag":[],"class_list":{"0":"post-17555","1":"product","2":"type-product","3":"status-publish","4":"has-post-thumbnail","6":"product_brand-viltrox-es","7":"product_cat-mirrorless-objectivos","8":"pa_abertura-maxima-f-1-4-es","9":"pa_cor-negro","10":"pa_diametro-67mm-es","11":"pa_estabilizacao-de-imagem-no","12":"pa_montagem-da-objetiva-fujifilm-x-es","13":"pa_montagem-da-objetiva-nikon-z-es","14":"pa_montagem-da-objetiva-sony-e-es","15":"pa_sensor-aps-c-es","16":"pa_tipo-de-foco-enfoque-automatico","17":"pa_tipo-de-objetiva-gran-angular","18":"pa_zoom-fixa-fijo","20":"first","21":"instock","22":"sale","23":"taxable","24":"shipping-taxable","25":"purchasable","26":"product-type-variable"},"bundled_by":[],"bundle_stock_status":"instock","bundle_stock_quantity":null,"bundle_virtual":false,"bundle_layout":"","bundle_add_to_cart_form_location":"","bundle_editable_in_cart":false,"bundle_sold_individually_context":"","bundle_item_grouping":"","bundle_min_size":"","bundle_max_size":"","bundle_price":[],"bundled_items":[],"bundle_sell_ids":[],"acf":[],"_links":{"self":[{"href":"https:\/\/hi-techwonder.com\/es\/wp-json\/wp\/v2\/product\/17555","targetHints":{"allow":["GET"]}}],"collection":[{"href":"https:\/\/hi-techwonder.com\/es\/wp-json\/wp\/v2\/product"}],"about":[{"href":"https:\/\/hi-techwonder.com\/es\/wp-json\/wp\/v2\/types\/product"}],"replies":[{"embeddable":true,"href":"https:\/\/hi-techwonder.com\/es\/wp-json\/wp\/v2\/comments?post=17555"}],"wp:featuredmedia":[{"embeddable":true,"href":"https:\/\/hi-techwonder.com\/es\/wp-json\/wp\/v2\/media\/17576"}],"wp:attachment":[{"href":"https:\/\/hi-techwonder.com\/es\/wp-json\/wp\/v2\/media?parent=17555"}],"wp:term":[{"taxonomy":"product_brand","embeddable":true,"href":"https:\/\/hi-techwonder.com\/es\/wp-json\/wp\/v2\/product_brand?post=17555"},{"taxonomy":"product_cat","embeddable":true,"href":"https:\/\/hi-techwonder.com\/es\/wp-json\/wp\/v2\/product_cat?post=17555"},{"taxonomy":"product_tag","embeddable":true,"href":"https:\/\/hi-techwonder.com\/es\/wp-json\/wp\/v2\/product_tag?post=17555"}],"curies":[{"name":"wp","href":"https:\/\/api.w.org\/{rel}","templated":true}]}}