{"id":17595,"date":"2025-07-24T09:07:08","date_gmt":"2025-07-24T09:07:08","guid":{"rendered":"https:\/\/fv6qoy3ls0.wpdns.site\/produto\/viltrox-af-16mm-f-1-8-fe-z\/"},"modified":"2026-04-21T17:37:33","modified_gmt":"2026-04-21T16:37:33","slug":"viltrox-af-16mm-f-1-8-fe-z","status":"publish","type":"product","link":"https:\/\/hi-techwonder.com\/es\/producto\/viltrox-af-16mm-f-1-8-fe-z\/","title":{"rendered":"Viltrox AF 16mm f\/1.8"},"content":{"rendered":"<h3><strong>Viltrox AF 16mm f\/1.8<\/strong><\/h3>\n<p><iframe loading=\"lazy\" title=\"VILTROX AF 16mm f1.8 FE\" src=\"https:\/\/www.youtube.com\/embed\/1YCJRqQlEfI?feature=oembed\" width=\"1170\" height=\"658\" frameborder=\"0\" allowfullscreen=\"allowfullscreen\" data-mce-fragment=\"1\"><\/iframe><\/p>\n<p><strong>Objetivo prime ultra gran angular de alta resoluci\u00f3n<\/strong><\/p>\n<p>Con un \u00e1ngulo de visi\u00f3n ultra amplio para c\u00e1maras con montura E de Sony o Nikon Z de fotograma completo, el objetivo Viltrox AF 16mm f\/1.8 es una opci\u00f3n ideal para una amplia variedad de actividades fotogr\u00e1ficas, que incluyen fotograf\u00eda de paisajes y arquitectura, astrofotograf\u00eda y videograf\u00eda creativa que requieren capacidades de primer plano con fondos amplios.<\/p>\n<p><strong>\u00d3ptica excepcional<\/strong><\/p>\n<p>El Viltrox AF 16mm f\/1.8, un objetivo fijo de alta resoluci\u00f3n y gran apertura, brinda una excelente nitidez de borde a borde con un bokeh suave y natural. Dise\u00f1ado tanto para aplicaciones de fotograf\u00eda como de video, este objetivo resistente y liviano es igualmente adecuado para fot\u00f3grafos y camar\u00f3grafos. 4 ED (dispersi\u00f3n ultrabaja) y 3 elementos asf\u00e9ricos se combinan para lograr una nitidez excepcional al tiempo que reducen el destello de coma sagital que distorsiona las formas de las estrellas. El dise\u00f1o \u00f3ptico tambi\u00e9n minimiza las im\u00e1genes superpuestas y los destellos al fotografiar cielos estrellados y escenas nocturnas de larga exposici\u00f3n.<\/p>\n<p><img loading=\"lazy\" decoding=\"async\" class=\"alignnone wp-image-31223\" src=\"https:\/\/hi-techwonder.com\/wp-content\/themes\/woodmart\/images\/lazy.svg\" data-src=\"https:\/\/viltrox.pt\/wp-content\/uploads\/2023\/09\/DSC3409.jpeg\" sizes=\"auto, (max-width: 752px) 100vw, 752px\" srcset=\"\" data-srcset=\"https:\/\/viltrox.es\/wp-content\/uploads\/2023\/09\/DSC3409.jpeg 9504w, https:\/\/viltrox.es\/wp-content\/uploads\/2023\/09\/DSC3409-300x200.jpeg 300w, https:\/\/viltrox.es\/wp-content\/uploads\/2023\/09\/DSC3409-768x512.jpeg 768w, https:\/\/viltrox.es\/wp-content\/uploads\/2023\/09\/DSC3409-600x400.jpeg 600w\" alt=\"\" width=\"752\" height=\"501\"><\/p>\n<p><strong>Dise\u00f1o inteligente y robusto<\/strong><\/p>\n<ul>\n<li>El interruptor de liberaci\u00f3n de f\u00e1cil acceso permite la operaci\u00f3n con o sin clic. Cuando est\u00e1 apagado, el modo de apertura continua silenciosamente facilita transiciones suaves de profundidad de campo durante la grabaci\u00f3n de video.<\/li>\n<li>Interruptor AF\/MF incorporado para cambiar r\u00e1pidamente entre los modos de enfoque autom\u00e1tico y enfoque manual.<\/li>\n<li>Los botones personalizados Fn1 y Fn2 permiten un acceso r\u00e1pido a funciones clave con c\u00e1maras Sony seleccionadas.<\/li>\n<li>La sofisticada pantalla LCD muestra informaci\u00f3n importante sobre el disparo, incluida la distancia del sujeto, los iconos Fn y la identificaci\u00f3n de la apertura.<\/li>\n<li>Un cuerpo completamente met\u00e1lico y una bayoneta de lat\u00f3n para una conexi\u00f3n profesional y confiable a los cuerpos de c\u00e1mara con montura E de Sony.<\/li>\n<li>Dise\u00f1o a prueba de polvo y resistente al agua para uso en condiciones clim\u00e1ticas adversas.<\/li>\n<li>Interfaz USB-C para actualizaciones de firmware.<\/li>\n<li>Compatible con filtros de 77 mm<\/li>\n<\/ul>\n<p><strong>En la caja<\/strong><\/p>\n<ul>\n<li>Viltrox AF 16mm f\/1.8 FE (Sony E) | Z (Nikon Z) | L (L-Mount)<\/li>\n<li>Cubierta frontal de la lente<\/li>\n<li>Cubierta de la lente trasera<\/li>\n<li>Parasol<\/li>\n<li>Bolsa<\/li>\n<\/ul>\n<p><img loading=\"lazy\" decoding=\"async\" class=\"alignnone wp-image-27661\" src=\"https:\/\/hi-techwonder.com\/wp-content\/themes\/woodmart\/images\/lazy.svg\" data-src=\"https:\/\/viltrox.pt\/wp-content\/uploads\/2023\/09\/16mm-4%E7%89%87ED%E9%95%9C%E7%89%87%E5%92%8C3%E7%89%87%E9%9D%9E%E7%90%83%E9%9D%A2%E9%95%9C%E7%89%87-1024x576.png\" sizes=\"auto, (max-width: 738px) 100vw, 738px\" srcset=\"\" data-srcset=\"https:\/\/viltrox.es\/wp-content\/uploads\/2023\/09\/16mm-4\u7247ED\u955c\u7247\u548c3\u7247\u975e\u7403\u9762\u955c\u7247-1024x576.png 1024w, https:\/\/viltrox.es\/wp-content\/uploads\/2023\/09\/16mm-4\u7247ED\u955c\u7247\u548c3\u7247\u975e\u7403\u9762\u955c\u7247-300x169.png 300w, https:\/\/viltrox.es\/wp-content\/uploads\/2023\/09\/16mm-4\u7247ED\u955c\u7247\u548c3\u7247\u975e\u7403\u9762\u955c\u7247-768x432.png 768w, https:\/\/viltrox.es\/wp-content\/uploads\/2023\/09\/16mm-4\u7247ED\u955c\u7247\u548c3\u7247\u975e\u7403\u9762\u955c\u7247-1536x864.png 1536w, https:\/\/viltrox.es\/wp-content\/uploads\/2023\/09\/16mm-4\u7247ED\u955c\u7247\u548c3\u7247\u975e\u7403\u9762\u955c\u7247-2048x1152.png 2048w, https:\/\/viltrox.es\/wp-content\/uploads\/2023\/09\/16mm-4\u7247ED\u955c\u7247\u548c3\u7247\u975e\u7403\u9762\u955c\u7247-600x338.png 600w\" alt=\"\" width=\"738\" height=\"415\"><\/p>\n<p><strong>Especificaciones<\/strong>:<\/p>\n<table width=\"770\">\n<tbody>\n<tr>\n<td width=\"292\">Longitud focal<\/td>\n<td width=\"292\">16mm<\/td>\n<\/tr>\n<tr>\n<td width=\"292\">Apertura M\u00e1xima<\/td>\n<td width=\"292\">f\/1.8<\/td>\n<\/tr>\n<tr>\n<td width=\"292\">Apertura M\u00ednima<\/td>\n<td width=\"292\">f\/22<\/td>\n<\/tr>\n<tr>\n<td width=\"292\">Montura<\/td>\n<td width=\"292\">Sony E<\/td>\n<\/tr>\n<tr>\n<td width=\"292\">Cobertura de formato de lente<\/td>\n<td width=\"292\">Fotograma Completo<\/td>\n<\/tr>\n<tr>\n<td width=\"292\">\u00c1ngulo de visi\u00f3n<\/td>\n<td width=\"292\">105,6\u00b0<\/td>\n<\/tr>\n<tr>\n<td width=\"292\">Distancia m\u00ednima de enfoque<\/td>\n<td width=\"292\">27 cm<\/td>\n<\/tr>\n<tr>\n<td width=\"292\">Ampliaci\u00f3n m\u00e1xima<\/td>\n<td width=\"292\">0,1x<\/td>\n<\/tr>\n<tr>\n<td width=\"292\">Dise\u00f1o \u00f3ptico<\/td>\n<td width=\"292\">15 elementos en 12 grupos<\/td>\n<\/tr>\n<tr>\n<td width=\"292\">Hojas de diafragma<\/td>\n<td width=\"292\">9<\/td>\n<\/tr>\n<tr>\n<td width=\"292\">Tipo de enfoque<\/td>\n<td width=\"292\">Enfoque autom\u00e1tico<\/td>\n<\/tr>\n<tr>\n<td width=\"292\">Estabilizaci\u00f3n de imagen<\/td>\n<td width=\"292\">No<\/td>\n<\/tr>\n<tr>\n<td width=\"292\">Tama\u00f1o del filtro<\/td>\n<td width=\"292\">77 mm (Frente)<\/td>\n<\/tr>\n<tr>\n<td width=\"292\">Dimensiones (\u00f8 x L)<\/td>\n<td width=\"292\">85,2 x 103 mm (Sony E y L-Mount) | 85,2 x 105 mm (Nikon Z)<\/td>\n<\/tr>\n<tr>\n<td width=\"292\">Peso<\/td>\n<td width=\"292\">550 g (Sony E y L-Mount) | 565g (Nikon Z)<\/td>\n<\/tr>\n<\/tbody>\n<\/table>\n<h3><\/h3>\n","protected":false},"excerpt":{"rendered":"<ul>\n<li>Fotograma completo | f\/1.8 a f\/22<\/li>\n<li>\u00c1ngulo de visi\u00f3n ultra amplio<\/li>\n<li>Motor de enfoque autom\u00e1tico STM r\u00e1pido<\/li>\n<li>Anillo de apertura silencioso sin clic<\/li>\n<li>Revestimiento multicapa Nano HD<\/li>\n<li>Pantalla LCD f\u00e1cil de leer<\/li>\n<li>Interfaz USB-C para actualizaciones de firmware<\/li>\n<li>Todo el cuerpo de metal, dise\u00f1o resistente a la intemperie<\/li>\n<\/ul>\n","protected":false},"featured_media":17596,"comment_status":"closed","ping_status":"closed","template":"","meta":{"_acf_changed":false},"product_brand":[2544],"product_cat":[1062],"product_tag":[],"class_list":{"0":"post-17595","1":"product","2":"type-product","3":"status-publish","4":"has-post-thumbnail","6":"product_brand-viltrox-es","7":"product_cat-mirrorless-objectivos","8":"pa_abertura-maxima-f-1-8-es","9":"pa_cor-negro","10":"pa_diametro-77mm-es","11":"pa_estabilizacao-de-imagem-no","12":"pa_montagem-da-objetiva-l-mount-es","13":"pa_montagem-da-objetiva-nikon-z-es","14":"pa_montagem-da-objetiva-sony-e-es","15":"pa_sensor-fotograma-completo","16":"pa_tipo-de-foco-enfoque-automatico","17":"pa_tipo-de-objetiva-gran-angular","18":"pa_zoom-fixa-fijo","20":"first","21":"instock","22":"sale","23":"taxable","24":"shipping-taxable","25":"purchasable","26":"product-type-variable"},"bundled_by":[],"bundle_stock_status":"instock","bundle_stock_quantity":null,"bundle_virtual":false,"bundle_layout":"","bundle_add_to_cart_form_location":"","bundle_editable_in_cart":false,"bundle_sold_individually_context":"","bundle_item_grouping":"","bundle_min_size":"","bundle_max_size":"","bundle_price":[],"bundled_items":[],"bundle_sell_ids":[],"acf":[],"_links":{"self":[{"href":"https:\/\/hi-techwonder.com\/es\/wp-json\/wp\/v2\/product\/17595","targetHints":{"allow":["GET"]}}],"collection":[{"href":"https:\/\/hi-techwonder.com\/es\/wp-json\/wp\/v2\/product"}],"about":[{"href":"https:\/\/hi-techwonder.com\/es\/wp-json\/wp\/v2\/types\/product"}],"replies":[{"embeddable":true,"href":"https:\/\/hi-techwonder.com\/es\/wp-json\/wp\/v2\/comments?post=17595"}],"wp:featuredmedia":[{"embeddable":true,"href":"https:\/\/hi-techwonder.com\/es\/wp-json\/wp\/v2\/media\/17596"}],"wp:attachment":[{"href":"https:\/\/hi-techwonder.com\/es\/wp-json\/wp\/v2\/media?parent=17595"}],"wp:term":[{"taxonomy":"product_brand","embeddable":true,"href":"https:\/\/hi-techwonder.com\/es\/wp-json\/wp\/v2\/product_brand?post=17595"},{"taxonomy":"product_cat","embeddable":true,"href":"https:\/\/hi-techwonder.com\/es\/wp-json\/wp\/v2\/product_cat?post=17595"},{"taxonomy":"product_tag","embeddable":true,"href":"https:\/\/hi-techwonder.com\/es\/wp-json\/wp\/v2\/product_tag?post=17595"}],"curies":[{"name":"wp","href":"https:\/\/api.w.org\/{rel}","templated":true}]}}