{"id":17654,"date":"2025-07-24T09:07:13","date_gmt":"2025-07-24T09:07:13","guid":{"rendered":"https:\/\/fv6qoy3ls0.wpdns.site\/produto\/viltrox-af-24mm-f-1-8-z-fe\/"},"modified":"2026-02-03T14:30:10","modified_gmt":"2026-02-03T14:30:10","slug":"viltrox-af-24mm-f-1-8-z-fe","status":"publish","type":"product","link":"https:\/\/hi-techwonder.com\/es\/producto\/viltrox-af-24mm-f-1-8-z-fe\/","title":{"rendered":"Viltrox AF 24mm f\/1.8 Z | FE"},"content":{"rendered":"<h1>Viltrox AF 24mm f\/1.8 Z | FE<\/h1>\n<p>Caracterizado por su elegante dise\u00f1o, el objetivo de 24mm f\/1.8 de Viltrox es un lente gran angular de 24 mm dise\u00f1ado para c\u00e1maras sin espejo de fotograma completo. La distancia focal flexible de gran angular se combina con la brillante apertura m\u00e1xima de f\/1.8 para adaptarse al trabajo en una variedad de condiciones de iluminaci\u00f3n y permite un control mejorado sobre la profundidad de campo para aislar al sujeto mediante t\u00e9cnicas de enfoque selectivo.<\/p>\n<p>El dise\u00f1o \u00f3ptico incorpora tres elementos de dispersi\u00f3n extra baja y dos elementos asf\u00e9ricos, que se combinan para suprimir una variedad de aberraciones y producir una gran nitidez, claridad y precisi\u00f3n de color. Se incluyen tres elementos de alto \u00edndice de refracci\u00f3n para suprimir una variedad de aberraciones y distorsiones, y tambi\u00e9n se ha aplicado un revestimiento multicapa HD Nano para reducir los destellos y las im\u00e1genes fantasma para un mayor contraste en condiciones de luz brillante y retroiluminada.<\/p>\n<p>Este objetivo compacto incorpora un motor paso a paso STM, que produce un rendimiento de enfoque autom\u00e1tico r\u00e1pido, casi silencioso y preciso, junto con la anulaci\u00f3n del enfoque manual a tiempo completo. Un dise\u00f1o de enfoque interno tambi\u00e9n permite un rendimiento r\u00e1pido. La lente cuenta con una construcci\u00f3n de metal duradero y un puerto USB tipo C incorporado para futuras actualizaciones de firmware.<\/p>\n<p><img loading=\"lazy\" decoding=\"async\" class=\"alignnone wp-image-27665\" src=\"https:\/\/hi-techwonder.com\/wp-content\/themes\/woodmart\/images\/lazy.svg\" data-src=\"https:\/\/viltrox.pt\/wp-content\/uploads\/2023\/09\/Z14-1024x1024.jpg\" sizes=\"auto, (max-width: 752px) 100vw, 752px\" srcset=\"\" data-srcset=\"https:\/\/viltrox.es\/wp-content\/uploads\/2023\/09\/Z14-1024x1024.jpg 1024w, https:\/\/viltrox.es\/wp-content\/uploads\/2023\/09\/Z14-300x300.jpg 300w, https:\/\/viltrox.es\/wp-content\/uploads\/2023\/09\/Z14-150x150.jpg 150w, https:\/\/viltrox.es\/wp-content\/uploads\/2023\/09\/Z14-768x768.jpg 768w, https:\/\/viltrox.es\/wp-content\/uploads\/2023\/09\/Z14-600x600.jpg 600w, https:\/\/viltrox.es\/wp-content\/uploads\/2023\/09\/Z14-100x100.jpg 100w, https:\/\/viltrox.es\/wp-content\/uploads\/2023\/09\/Z14.jpg 1200w\" alt=\"\" width=\"752\" height=\"752\"><\/p>\n<ul>\n<li>Objetivo gran angular prime dise\u00f1ado para Sony E | Nikon Z de fotograma completo; sin embargo, tambi\u00e9n se puede usar con los modelos APS-C, donde proporciona una distancia focal equivalente a 36 mm.<\/li>\n<li>La brillante apertura m\u00e1xima de f\/1.8 es adecuada para trabajar en condiciones de poca luz y tambi\u00e9n ofrece un mayor control sobre la profundidad de campo.<\/li>\n<li>Tres elementos de dispersi\u00f3n extra baja reducen las franjas de color y las aberraciones crom\u00e1ticas para lograr un alto grado de claridad y precisi\u00f3n de color.<\/li>\n<li>Dos elementos asf\u00e9ricos ayudan a controlar las aberraciones esf\u00e9ricas y reducen la distorsi\u00f3n para lograr una gran nitidez y una representaci\u00f3n precisa.<\/li>\n<li>Tres elementos de alto \u00edndice de refracci\u00f3n ayudan a controlar las aberraciones esf\u00e9ricas y reducen la distorsi\u00f3n para una alta nitidez y una reproducci\u00f3n precisa.<\/li>\n<li>Cuando se utiliza para astrofotograf\u00eda, la combinaci\u00f3n de elementos asf\u00e9ricos y elementos ED altamente refractivos reduce en gran medida el deslumbramiento radial para reproducir con precisi\u00f3n las fuentes de luz puntuales con colores brillantes.<\/li>\n<li>El revestimiento multicapa HD Nano se ha aplicado a elementos individuales para suprimir los destellos y las im\u00e1genes fantasma para lograr un mayor contraste y fidelidad de color cuando se trabaja en condiciones de iluminaci\u00f3n brillante.<\/li>\n<li>El motor paso a paso STM permite un enfoque autom\u00e1tico r\u00e1pido, silencioso y preciso junto con la anulaci\u00f3n del enfoque manual a tiempo completo. Adem\u00e1s, un dise\u00f1o de enfoque interno mantiene la longitud completa de la lente durante el uso para un mejor manejo y una respuesta m\u00e1s r\u00e1pida.<\/li>\n<li>Eye Autofocus compatible con las c\u00e1maras habilitadas.<\/li>\n<li>Anillo de apertura manual integrado para control de exposici\u00f3n t\u00e1ctil; este anillo tambi\u00e9n cuenta con una posici\u00f3n \u2018A\u2019 para la selecci\u00f3n de apertura autom\u00e1tica basada en la c\u00e1mara.<\/li>\n<li>El diafragma de nueve aspas contribuye a una agradable calidad de bokeh.<\/li>\n<li>Puerto USB tipo C integrado para actualizaciones de firmware.<\/li>\n<\/ul>\n<p><img loading=\"lazy\" decoding=\"async\" class=\"alignnone wp-image-27667\" src=\"https:\/\/hi-techwonder.com\/wp-content\/themes\/woodmart\/images\/lazy.svg\" data-src=\"https:\/\/viltrox.pt\/wp-content\/uploads\/2023\/09\/FE17.jpg\" sizes=\"auto, (max-width: 752px) 100vw, 752px\" srcset=\"\" data-srcset=\"https:\/\/viltrox.es\/wp-content\/uploads\/2023\/09\/FE17.jpg 1000w, https:\/\/viltrox.es\/wp-content\/uploads\/2023\/09\/FE17-300x300.jpg 300w, https:\/\/viltrox.es\/wp-content\/uploads\/2023\/09\/FE17-150x150.jpg 150w, https:\/\/viltrox.es\/wp-content\/uploads\/2023\/09\/FE17-768x768.jpg 768w, https:\/\/viltrox.es\/wp-content\/uploads\/2023\/09\/FE17-600x600.jpg 600w, https:\/\/viltrox.es\/wp-content\/uploads\/2023\/09\/FE17-100x100.jpg 100w\" alt=\"\" width=\"752\" height=\"752\"><\/p>\n<p><strong>Especificaciones:<\/strong><\/p>\n<table width=\"584\">\n<tbody>\n<tr>\n<td width=\"292\">Longitud focal<\/td>\n<td width=\"292\">24mm<\/td>\n<\/tr>\n<tr>\n<td width=\"292\">Apertura M\u00e1xima<\/td>\n<td width=\"292\">f\/1.8<\/td>\n<\/tr>\n<tr>\n<td width=\"292\">Apertura M\u00ednima<\/td>\n<td width=\"292\">f\/16<\/td>\n<\/tr>\n<tr>\n<td width=\"292\">Montura<\/td>\n<td width=\"292\">Sony E | Nikon Z<\/td>\n<\/tr>\n<tr>\n<td width=\"292\">Cobertura de formato de lente<\/td>\n<td width=\"292\">Full Frame<\/td>\n<\/tr>\n<tr>\n<td width=\"292\">\u00c1ngulo de visi\u00f3n<\/td>\n<td width=\"292\">84\u00b0<\/td>\n<\/tr>\n<tr>\n<td width=\"292\">Distancia m\u00ednima de enfoque<\/td>\n<td width=\"292\">30 cm<\/td>\n<\/tr>\n<tr>\n<td width=\"292\">Ampliaci\u00f3n m\u00e1xima<\/td>\n<td width=\"292\">0,1x<\/td>\n<\/tr>\n<tr>\n<td width=\"292\">Dise\u00f1o \u00f3ptico<\/td>\n<td width=\"292\">11 elementos en 9 grupos<\/td>\n<\/tr>\n<tr>\n<td width=\"292\">Hojas de diafragma<\/td>\n<td width=\"292\">9<\/td>\n<\/tr>\n<tr>\n<td width=\"292\">Tipo de enfoque<\/td>\n<td width=\"292\">Enfoque autom\u00e1tico<\/td>\n<\/tr>\n<tr>\n<td width=\"292\">Estabilizaci\u00f3n de imagen<\/td>\n<td width=\"292\">No<\/td>\n<\/tr>\n<tr>\n<td width=\"292\">Tama\u00f1o del filtro<\/td>\n<td width=\"292\">55 mm (Frente)<\/td>\n<\/tr>\n<tr>\n<td width=\"292\">Dimensiones (\u00f8 x L)<\/td>\n<td width=\"292\">70 x 85 mm<\/td>\n<\/tr>\n<tr>\n<td width=\"292\">Peso<\/td>\n<td width=\"292\">340 g<\/td>\n<\/tr>\n<\/tbody>\n<\/table>\n<p>&nbsp;<\/p>\n","protected":false},"excerpt":{"rendered":"<ul>\n<li>Sony E | Nikon Z<\/li>\n<li>Formato de fotograma completo<\/li>\n<li>Rango de apertura: f\/1.8 a f\/16<\/li>\n<li>2 elementos asf\u00e9ricos, 3 elementos ED<\/li>\n<li>3 elementos con alto \u00edndice de refracci\u00f3n<\/li>\n<li>\u00d3ptica multicapa HD Nano<\/li>\n<li>Motor paso a paso silencioso STM + tornillo de avance<\/li>\n<li>Distancia m\u00ednima de enfoque: 30 cm<\/li>\n<li>Tama\u00f1o de filtro frontal de 55 mm<\/li>\n<li>Diafragma de 9 hojas<\/li>\n<li>Puerto de actualizaci\u00f3n USB tipo C<\/li>\n<\/ul>\n","protected":false},"featured_media":17685,"comment_status":"closed","ping_status":"closed","template":"","meta":{"_acf_changed":false},"product_brand":[2544],"product_cat":[1062],"product_tag":[],"class_list":{"0":"post-17654","1":"product","2":"type-product","3":"status-publish","4":"has-post-thumbnail","6":"product_brand-viltrox-es","7":"product_cat-mirrorless-objectivos","8":"pa_abertura-maxima-f-1-8-es","9":"pa_cor-negro","10":"pa_diametro-55mm-es","11":"pa_estabilizacao-de-imagem-no","12":"pa_montagem-da-objetiva-nikon-z-es","13":"pa_montagem-da-objetiva-sony-e-es","14":"pa_sensor-fotograma-completo","15":"pa_tipo-de-foco-enfoque-automatico","16":"pa_tipo-de-objetiva-gran-angular","17":"pa_zoom-fixa-fijo","19":"first","20":"instock","21":"taxable","22":"shipping-taxable","23":"purchasable","24":"product-type-variable"},"bundled_by":[],"bundle_stock_status":"instock","bundle_stock_quantity":null,"bundle_virtual":false,"bundle_layout":"","bundle_add_to_cart_form_location":"","bundle_editable_in_cart":false,"bundle_sold_individually_context":"","bundle_item_grouping":"","bundle_min_size":"","bundle_max_size":"","bundle_price":[],"bundled_items":[],"bundle_sell_ids":[],"acf":[],"_links":{"self":[{"href":"https:\/\/hi-techwonder.com\/es\/wp-json\/wp\/v2\/product\/17654","targetHints":{"allow":["GET"]}}],"collection":[{"href":"https:\/\/hi-techwonder.com\/es\/wp-json\/wp\/v2\/product"}],"about":[{"href":"https:\/\/hi-techwonder.com\/es\/wp-json\/wp\/v2\/types\/product"}],"replies":[{"embeddable":true,"href":"https:\/\/hi-techwonder.com\/es\/wp-json\/wp\/v2\/comments?post=17654"}],"wp:featuredmedia":[{"embeddable":true,"href":"https:\/\/hi-techwonder.com\/es\/wp-json\/wp\/v2\/media\/17685"}],"wp:attachment":[{"href":"https:\/\/hi-techwonder.com\/es\/wp-json\/wp\/v2\/media?parent=17654"}],"wp:term":[{"taxonomy":"product_brand","embeddable":true,"href":"https:\/\/hi-techwonder.com\/es\/wp-json\/wp\/v2\/product_brand?post=17654"},{"taxonomy":"product_cat","embeddable":true,"href":"https:\/\/hi-techwonder.com\/es\/wp-json\/wp\/v2\/product_cat?post=17654"},{"taxonomy":"product_tag","embeddable":true,"href":"https:\/\/hi-techwonder.com\/es\/wp-json\/wp\/v2\/product_tag?post=17654"}],"curies":[{"name":"wp","href":"https:\/\/api.w.org\/{rel}","templated":true}]}}