{"id":17705,"date":"2025-07-24T09:07:13","date_gmt":"2025-07-24T09:07:13","guid":{"rendered":"https:\/\/fv6qoy3ls0.wpdns.site\/produto\/viltrox-af-27mm-f-1-2-pro-xf-z-e\/"},"modified":"2026-04-08T17:41:37","modified_gmt":"2026-04-08T16:41:37","slug":"viltrox-af-27mm-f-1-2-pro-xf-z-e","status":"publish","type":"product","link":"https:\/\/hi-techwonder.com\/es\/producto\/viltrox-af-27mm-f-1-2-pro-xf-z-e\/","title":{"rendered":"Viltrox AF 27mm f\/1.2 Pro XF | Z | E"},"content":{"rendered":"<h3><strong>Viltrox AF 27mm f\/1.2 XF | Z | E<\/strong><\/h3>\n<p><iframe loading=\"lazy\" title=\"Viltrox AF 27mm f1.2 XF\" src=\"https:\/\/www.youtube.com\/embed\/KkotmrEeMYo?feature=oembed\" width=\"1170\" height=\"658\" frameborder=\"0\" allowfullscreen=\"allowfullscreen\" data-mce-fragment=\"1\"><\/iframe><\/p>\n<p>Este objetivo\u00a0<strong>Viltrox AF 27 mm f\/1,2<\/strong>\u00a0ofrece un manejo y fiabilidad profesionales. Al ofrecer una gran apertura m\u00e1xima y poca profundidad de campo, este objetivo ofrece un excelente rendimiento con poca luz y una calidad de imagen excepcionalmente n\u00edtida. Un motor paso a paso STM de nuevo dise\u00f1o proporciona un rendimiento de enfoque autom\u00e1tico r\u00e1pido y preciso. Adem\u00e1s, la lente tambi\u00e9n admite enfoque autom\u00e1tico de ojos y rostro, enfoque autom\u00e1tico de animales y modos de enfoque autom\u00e1tico adicionales. De construcci\u00f3n robusta, la lente cuenta con un cilindro de lente totalmente met\u00e1lico en un dise\u00f1o resistente a la intemperie y contactos electr\u00f3nicos met\u00e1licos que admiten la transmisi\u00f3n de informaci\u00f3n Exif.<\/p>\n<ul>\n<li>Objetivo prime ultra gran angular dise\u00f1ado para c\u00e1maras sin espejo en formato APS-C, donde proporciona 40,5 mm equivalente a una distancia focal de fotograma completo de 35 mm.<\/li>\n<li>La luminosa apertura m\u00e1xima de f\/1,2 es adecuada para trabajar en condiciones de iluminaci\u00f3n dif\u00edciles y permite separar el sujeto de su fondo.<\/li>\n<li>15 elementos de lente en 11 grupos brindan un dise\u00f1o \u00f3ptico sofisticado, lo que permite que la lente mantenga una resoluci\u00f3n excelente en todo el rango de enfoque.<\/li>\n<li>Dos elementos de lente ED (baja dispersi\u00f3n) reducen en gran medida las franjas de color y las aberraciones crom\u00e1ticas para producir una mayor claridad y precisi\u00f3n del color independientemente de la apertura elegida.<\/li>\n<li>El motor de enfoque autom\u00e1tico STM proporciona un enfoque autom\u00e1tico r\u00e1pido y preciso.<\/li>\n<li>Admite enfoque autom\u00e1tico de ojos y rostro, enfoque autom\u00e1tico de animales y modos de enfoque autom\u00e1tico adicionales.<\/li>\n<li>Cuerpo de lente totalmente met\u00e1lico con un dise\u00f1o resistente a la intemperie para trabajar en condiciones adversas.<\/li>\n<li>Incluye parasol en forma de p\u00e9talo para evitar im\u00e1genes fantasma y destellos.<\/li>\n<li>Los contactos electr\u00f3nicos met\u00e1licos admiten la transmisi\u00f3n de informaci\u00f3n EXIF.<\/li>\n<li>Interfaz USB-C para actualizaciones de firmware.<\/li>\n<\/ul>\n<p><img loading=\"lazy\" decoding=\"async\" class=\"alignnone wp-image-30465\" src=\"https:\/\/hi-techwonder.com\/wp-content\/themes\/woodmart\/images\/lazy.svg\" data-src=\"https:\/\/viltrox.pt\/wp-content\/uploads\/2023\/09\/DSF0093-%E6%8B%B7%E8%B4%9D-1024x683.jpg\" sizes=\"auto, (max-width: 752px) 100vw, 752px\" srcset=\"\" data-srcset=\"https:\/\/viltrox.es\/wp-content\/uploads\/2023\/09\/DSF0093-\u62f7\u8d1d-1024x683.jpg 1024w, https:\/\/viltrox.es\/wp-content\/uploads\/2023\/09\/DSF0093-\u62f7\u8d1d-300x200.jpg 300w, https:\/\/viltrox.es\/wp-content\/uploads\/2023\/09\/DSF0093-\u62f7\u8d1d-768x512.jpg 768w, https:\/\/viltrox.es\/wp-content\/uploads\/2023\/09\/DSF0093-\u62f7\u8d1d-1536x1024.jpg 1536w, https:\/\/viltrox.es\/wp-content\/uploads\/2023\/09\/DSF0093-\u62f7\u8d1d-2048x1365.jpg 2048w, https:\/\/viltrox.es\/wp-content\/uploads\/2023\/09\/DSF0093-\u62f7\u8d1d-270x180.jpg 270w, https:\/\/viltrox.es\/wp-content\/uploads\/2023\/09\/DSF0093-\u62f7\u8d1d-600x400.jpg 600w\" alt=\"\" width=\"752\" height=\"501\"><\/p>\n<p><strong>En la caja:<\/strong><\/p>\n<ul>\n<li>VILTROX AF 27m f\/1.2<\/li>\n<li>Tapa de lente frontal<\/li>\n<li>Tapa de lente trasera<\/li>\n<li>Parasol<\/li>\n<li>Bolsa de lentes<\/li>\n<\/ul>\n<p><img loading=\"lazy\" decoding=\"async\" class=\"alignnone wp-image-30467\" src=\"https:\/\/hi-techwonder.com\/wp-content\/themes\/woodmart\/images\/lazy.svg\" data-src=\"https:\/\/viltrox.pt\/wp-content\/uploads\/2023\/09\/DSC6076-1024x683.jpeg\" sizes=\"auto, (max-width: 752px) 100vw, 752px\" srcset=\"\" data-srcset=\"https:\/\/viltrox.es\/wp-content\/uploads\/2023\/09\/DSC6076-1024x683.jpeg 1024w, https:\/\/viltrox.es\/wp-content\/uploads\/2023\/09\/DSC6076-300x200.jpeg 300w, https:\/\/viltrox.es\/wp-content\/uploads\/2023\/09\/DSC6076-768x512.jpeg 768w, https:\/\/viltrox.es\/wp-content\/uploads\/2023\/09\/DSC6076-1536x1024.jpeg 1536w, https:\/\/viltrox.es\/wp-content\/uploads\/2023\/09\/DSC6076-2048x1365.jpeg 2048w, https:\/\/viltrox.es\/wp-content\/uploads\/2023\/09\/DSC6076-270x180.jpeg 270w, https:\/\/viltrox.es\/wp-content\/uploads\/2023\/09\/DSC6076-600x400.jpeg 600w\" alt=\"\" width=\"752\" height=\"501\"><\/p>\n<p><strong>Especificaciones:<\/strong><\/p>\n<table width=\"797\">\n<tbody>\n<tr>\n<td width=\"292\">Longitud focal<\/td>\n<td width=\"292\">27 mm (Distancia focal equivalente a 35 mm: 40,5mm<\/td>\n<\/tr>\n<tr>\n<td width=\"292\">Apertura M\u00e1xima<\/td>\n<td width=\"292\">f\/1.2<\/td>\n<\/tr>\n<tr>\n<td width=\"292\">Apertura M\u00ednima<\/td>\n<td width=\"292\">f\/16<\/td>\n<\/tr>\n<tr>\n<td width=\"292\">Montura<\/td>\n<td width=\"292\">Fujifilm X | Nikon Z | Sony E<\/td>\n<\/tr>\n<tr>\n<td width=\"292\">Cobertura de formato de lente<\/td>\n<td width=\"292\">APS-C<\/td>\n<\/tr>\n<tr>\n<td width=\"292\">\u00c1ngulo de visi\u00f3n<\/td>\n<td width=\"292\">55,3\u00b0<\/td>\n<\/tr>\n<tr>\n<td width=\"292\">Distancia m\u00ednima de enfoque<\/td>\n<td width=\"292\">28 cm<\/td>\n<\/tr>\n<tr>\n<td width=\"292\">Ampliaci\u00f3n m\u00e1xima<\/td>\n<td width=\"292\">0,15x<\/td>\n<\/tr>\n<tr>\n<td width=\"292\">Dise\u00f1o \u00f3ptico<\/td>\n<td width=\"292\">15 elementos en 11 grupos<\/td>\n<\/tr>\n<tr>\n<td width=\"292\">Hojas de diafragma<\/td>\n<td width=\"292\">11<\/td>\n<\/tr>\n<tr>\n<td width=\"292\">Tipo de enfoque<\/td>\n<td width=\"292\">Enfoque autom\u00e1tico, Enfoque manual<\/td>\n<\/tr>\n<tr>\n<td width=\"292\">Estabilizaci\u00f3n de imagen<\/td>\n<td width=\"292\">No<\/td>\n<\/tr>\n<tr>\n<td width=\"292\">Tama\u00f1o del filtro<\/td>\n<td width=\"292\">67 mm (Frente)<\/td>\n<\/tr>\n<tr>\n<td width=\"292\">Dimensiones (\u00f8 x L)<\/td>\n<td width=\"292\">82 x 92\u00a0mm<\/td>\n<\/tr>\n<tr>\n<td width=\"292\">Peso<\/td>\n<td width=\"292\">560 g<\/td>\n<\/tr>\n<\/tbody>\n<\/table>\n<h3><\/h3>\n","protected":false},"excerpt":{"rendered":"<ul>\n<li>Formato APS-C | f\/1,2 a f\/16<\/li>\n<li>40,5 mm (equivalente a fotograma completo)<\/li>\n<li>Excelente rendimiento con poca luz<\/li>\n<li>Motor paso a paso STM<\/li>\n<li>Cuerpo de lente totalmente met\u00e1lico<\/li>\n<li>Dise\u00f1o resistente a la intemperie<\/li>\n<\/ul>\n","protected":false},"featured_media":17738,"comment_status":"closed","ping_status":"closed","template":"","meta":{"_acf_changed":false},"product_brand":[2544],"product_cat":[1062],"product_tag":[],"class_list":{"0":"post-17705","1":"product","2":"type-product","3":"status-publish","4":"has-post-thumbnail","6":"product_brand-viltrox-es","7":"product_cat-mirrorless-objectivos","8":"pa_abertura-maxima-f-1-2-es","9":"pa_cor-negro","10":"pa_diametro-67mm-es","11":"pa_estabilizacao-de-imagem-no","12":"pa_montagem-da-objetiva-fujifilm-x-es","13":"pa_montagem-da-objetiva-nikon-z-es","14":"pa_montagem-da-objetiva-sony-e-es","15":"pa_sensor-aps-c-es","16":"pa_tipo-de-foco-enfoque-automatico","17":"pa_tipo-de-objetiva-estandar","18":"pa_zoom-fixa-fijo","20":"first","21":"instock","22":"sale","23":"taxable","24":"shipping-taxable","25":"purchasable","26":"product-type-variable"},"bundled_by":[],"bundle_stock_status":"instock","bundle_stock_quantity":null,"bundle_virtual":false,"bundle_layout":"","bundle_add_to_cart_form_location":"","bundle_editable_in_cart":false,"bundle_sold_individually_context":"","bundle_item_grouping":"","bundle_min_size":"","bundle_max_size":"","bundle_price":[],"bundled_items":[],"bundle_sell_ids":[],"acf":[],"_links":{"self":[{"href":"https:\/\/hi-techwonder.com\/es\/wp-json\/wp\/v2\/product\/17705","targetHints":{"allow":["GET"]}}],"collection":[{"href":"https:\/\/hi-techwonder.com\/es\/wp-json\/wp\/v2\/product"}],"about":[{"href":"https:\/\/hi-techwonder.com\/es\/wp-json\/wp\/v2\/types\/product"}],"replies":[{"embeddable":true,"href":"https:\/\/hi-techwonder.com\/es\/wp-json\/wp\/v2\/comments?post=17705"}],"wp:featuredmedia":[{"embeddable":true,"href":"https:\/\/hi-techwonder.com\/es\/wp-json\/wp\/v2\/media\/17738"}],"wp:attachment":[{"href":"https:\/\/hi-techwonder.com\/es\/wp-json\/wp\/v2\/media?parent=17705"}],"wp:term":[{"taxonomy":"product_brand","embeddable":true,"href":"https:\/\/hi-techwonder.com\/es\/wp-json\/wp\/v2\/product_brand?post=17705"},{"taxonomy":"product_cat","embeddable":true,"href":"https:\/\/hi-techwonder.com\/es\/wp-json\/wp\/v2\/product_cat?post=17705"},{"taxonomy":"product_tag","embeddable":true,"href":"https:\/\/hi-techwonder.com\/es\/wp-json\/wp\/v2\/product_tag?post=17705"}],"curies":[{"name":"wp","href":"https:\/\/api.w.org\/{rel}","templated":true}]}}