{"id":17753,"date":"2025-07-24T09:07:13","date_gmt":"2025-07-24T09:07:13","guid":{"rendered":"https:\/\/fv6qoy3ls0.wpdns.site\/produto\/viltrox-af-28mm-f-1-8-fe-z\/"},"modified":"2026-02-23T09:02:00","modified_gmt":"2026-02-23T09:02:00","slug":"viltrox-af-28mm-f-1-8-fe-z","status":"publish","type":"product","link":"https:\/\/hi-techwonder.com\/es\/producto\/viltrox-af-28mm-f-1-8-fe-z\/","title":{"rendered":"Viltrox AF 28mm f\/1.8 FE | Z"},"content":{"rendered":"<p>Una excelente opci\u00f3n para la fotograf\u00eda de calles, paisajes y viajes, el objetivo Viltrox AF 28 mm f\/1.8 ofrece una excelente nitidez y rendimiento de enfoque autom\u00e1tico en un dise\u00f1o compacto y liviano. Dise\u00f1ado para la montura E de Sony y montura Z de Nikon, este primer gran angular r\u00e1pido es un compa\u00f1ero de viaje confiable para una amplia variedad de escenarios de disparo. La brillante apertura m\u00e1xima de f\/1.8 de la lente es adecuada para trabajar en condiciones de poca luz y permite un control preciso sobre las posiciones de enfoque, y con una distancia de enfoque m\u00ednima de solo 37 cm, esta \u00f3ptica le permite capturar im\u00e1genes din\u00e1micas de gran angular de objetos cercanos. .<\/p>\n<p>&nbsp;<\/p>\n<ul>\n<li>Lente gran angular de fotograma completo que ofrece una excelente calidad de imagen en un dise\u00f1o compacto y liviano.<\/li>\n<li>l motor de enfoque autom\u00e1tico STM proporciona un rendimiento de enfoque autom\u00e1tico r\u00e1pido, preciso y silencioso compatible con el modo de enfoque autom\u00e1tico Eye AF de Sony y Nikon.<\/li>\n<li>Luminosa apertura m\u00e1xima de f\/1.8 adecuada para trabajar en condiciones de poca luz, al mismo tiempo que proporciona un control preciso sobre la posici\u00f3n de enfoque cuando se utilizan t\u00e9cnicas de poca profundidad de campo.<\/li>\n<li>11 elementos de lente en 9 grupos brindan un dise\u00f1o \u00f3ptico sofisticado, lo que permite que la lente mantenga una resoluci\u00f3n excelente en todo el rango de enfoque.<\/li>\n<li>Los elementos de lente 3 ED (dispersi\u00f3n ultrabaja) reducen en gran medida las franjas de color y las aberraciones crom\u00e1ticas para brindar una claridad y precisi\u00f3n de color excelentes, sin importar la apertura que elija.<\/li>\n<li>La distancia focal m\u00ednima de 37 cm permite obtener im\u00e1genes din\u00e1micas de gran angular de sujetos en primer plano.<\/li>\n<li>Revestimiento multicapa HD Nano para reducir significativamente o eliminar las luces par\u00e1sitas y los destellos.<\/li>\n<li>El diafragma de 9 hojas contribuye a una agradable calidad de desenfoque que se beneficia cuando se utiliza poca profundidad de campo y t\u00e9cnicas de enfoque selectivo.<\/li>\n<li>Los contactos electr\u00f3nicos met\u00e1licos admiten la transmisi\u00f3n de informaci\u00f3n Exif.<\/li>\n<li>Cuerpo de lente completamente met\u00e1lico y calidad de construcci\u00f3n robusta.<\/li>\n<li>Interfaz USB-C para actualizaciones de firmware.<\/li>\n<\/ul>\n<p><img loading=\"lazy\" decoding=\"async\" class=\"alignnone wp-image-27771\" src=\"https:\/\/hi-techwonder.com\/wp-content\/themes\/woodmart\/images\/lazy.svg\" data-src=\"https:\/\/viltrox.pt\/wp-content\/uploads\/2023\/09\/DSC5754-1-1024x683.jpeg\" sizes=\"auto, (max-width: 752px) 100vw, 752px\" srcset=\"\" data-srcset=\"https:\/\/viltrox.es\/wp-content\/uploads\/2023\/09\/DSC5754-1-1024x683.jpeg 1024w, https:\/\/viltrox.es\/wp-content\/uploads\/2023\/09\/DSC5754-1-300x200.jpeg 300w, https:\/\/viltrox.es\/wp-content\/uploads\/2023\/09\/DSC5754-1-768x512.jpeg 768w, https:\/\/viltrox.es\/wp-content\/uploads\/2023\/09\/DSC5754-1-1536x1024.jpeg 1536w, https:\/\/viltrox.es\/wp-content\/uploads\/2023\/09\/DSC5754-1-2048x1365.jpeg 2048w\" alt=\"\" width=\"752\" height=\"501\"><\/p>\n<p><strong>Especificaciones:<\/strong><\/p>\n<table width=\"584\">\n<tbody>\n<tr>\n<td width=\"292\">Longitud focal<\/td>\n<td width=\"292\">28 mm<\/td>\n<\/tr>\n<tr>\n<td width=\"292\">Apertura M\u00e1xima<\/td>\n<td width=\"292\">f\/1.8<\/td>\n<\/tr>\n<tr>\n<td width=\"292\">Apertura M\u00ednima<\/td>\n<td width=\"292\">f\/16<\/td>\n<\/tr>\n<tr>\n<td width=\"292\">Montura<\/td>\n<td width=\"292\">Sony E | Nikon Z<\/td>\n<\/tr>\n<tr>\n<td width=\"292\">Cobertura de formato de lente<\/td>\n<td width=\"292\">Full Frame<\/td>\n<\/tr>\n<tr>\n<td width=\"292\">\u00c1ngulo de visi\u00f3n<\/td>\n<td width=\"292\">74.6\u00b0<\/td>\n<\/tr>\n<tr>\n<td width=\"292\">Distancia m\u00ednima de enfoque<\/td>\n<td width=\"292\">37 cm<\/td>\n<\/tr>\n<tr>\n<td width=\"292\">Ampliaci\u00f3n m\u00e1xima<\/td>\n<td width=\"292\">0,1x<\/td>\n<\/tr>\n<tr>\n<td width=\"292\">Dise\u00f1o \u00f3ptico<\/td>\n<td width=\"292\">11 elementos en 9 grupos<\/td>\n<\/tr>\n<tr>\n<td width=\"292\">Hojas de diafragma<\/td>\n<td width=\"292\">9<\/td>\n<\/tr>\n<tr>\n<td width=\"292\">Tipo de enfoque<\/td>\n<td width=\"292\">Enfoque autom\u00e1tico<\/td>\n<\/tr>\n<tr>\n<td width=\"292\">Estabilizaci\u00f3n de imagen<\/td>\n<td width=\"292\">No<\/td>\n<\/tr>\n<tr>\n<td width=\"292\">Tama\u00f1o del filtro<\/td>\n<td width=\"292\">55 mm (Frente)<\/td>\n<\/tr>\n<tr>\n<td width=\"292\">Dimensiones (\u00f8 x L)<\/td>\n<td width=\"292\">70 x 88,2 mm<\/td>\n<\/tr>\n<tr>\n<td width=\"292\">Peso<\/td>\n<td width=\"292\">367 g<\/td>\n<\/tr>\n<\/tbody>\n<\/table>\n<p>&nbsp;<\/p>\n","protected":false},"excerpt":{"rendered":"<ul>\n<li>Para Nikon Z | Sony E<\/li>\n<li>Fotograma completo | f\/1.8 a f\/16<\/li>\n<li>Prime gran angular r\u00e1pido<\/li>\n<li>Motor paso a paso STM, compatible con Eye AF<\/li>\n<li>Sistema de enfoque interno ligero<\/li>\n<li>Revestimiento multicapa Nano HD<\/li>\n<li>Distancia m\u00ednima de enfoque: 37 cm<\/li>\n<li>Diafragma de 9 hojas<\/li>\n<li>Firmware actualizable a trav\u00e9s del puerto USB-C<\/li>\n<\/ul>\n","protected":false},"featured_media":17798,"comment_status":"closed","ping_status":"closed","template":"","meta":{"_acf_changed":false},"product_brand":[2544],"product_cat":[1062],"product_tag":[],"class_list":{"0":"post-17753","1":"product","2":"type-product","3":"status-publish","4":"has-post-thumbnail","6":"product_brand-viltrox-es","7":"product_cat-mirrorless-objectivos","8":"pa_abertura-maxima-f-1-8-es","9":"pa_cor-negro","10":"pa_diametro-55mm-es","11":"pa_estabilizacao-de-imagem-no","12":"pa_montagem-da-objetiva-nikon-z-es","13":"pa_montagem-da-objetiva-sony-e-es","14":"pa_sensor-fotograma-completo","15":"pa_tipo-de-foco-enfoque-automatico","16":"pa_tipo-de-objetiva-gran-angular","17":"pa_zoom-fixa-fijo","19":"first","20":"instock","21":"taxable","22":"shipping-taxable","23":"purchasable","24":"product-type-variable"},"bundled_by":[],"bundle_stock_status":"instock","bundle_stock_quantity":null,"bundle_virtual":false,"bundle_layout":"","bundle_add_to_cart_form_location":"","bundle_editable_in_cart":false,"bundle_sold_individually_context":"","bundle_item_grouping":"","bundle_min_size":"","bundle_max_size":"","bundle_price":[],"bundled_items":[],"bundle_sell_ids":[],"acf":[],"_links":{"self":[{"href":"https:\/\/hi-techwonder.com\/es\/wp-json\/wp\/v2\/product\/17753","targetHints":{"allow":["GET"]}}],"collection":[{"href":"https:\/\/hi-techwonder.com\/es\/wp-json\/wp\/v2\/product"}],"about":[{"href":"https:\/\/hi-techwonder.com\/es\/wp-json\/wp\/v2\/types\/product"}],"replies":[{"embeddable":true,"href":"https:\/\/hi-techwonder.com\/es\/wp-json\/wp\/v2\/comments?post=17753"}],"wp:featuredmedia":[{"embeddable":true,"href":"https:\/\/hi-techwonder.com\/es\/wp-json\/wp\/v2\/media\/17798"}],"wp:attachment":[{"href":"https:\/\/hi-techwonder.com\/es\/wp-json\/wp\/v2\/media?parent=17753"}],"wp:term":[{"taxonomy":"product_brand","embeddable":true,"href":"https:\/\/hi-techwonder.com\/es\/wp-json\/wp\/v2\/product_brand?post=17753"},{"taxonomy":"product_cat","embeddable":true,"href":"https:\/\/hi-techwonder.com\/es\/wp-json\/wp\/v2\/product_cat?post=17753"},{"taxonomy":"product_tag","embeddable":true,"href":"https:\/\/hi-techwonder.com\/es\/wp-json\/wp\/v2\/product_tag?post=17753"}],"curies":[{"name":"wp","href":"https:\/\/api.w.org\/{rel}","templated":true}]}}