{"id":17820,"date":"2025-07-24T09:07:20","date_gmt":"2025-07-24T09:07:20","guid":{"rendered":"https:\/\/fv6qoy3ls0.wpdns.site\/produto\/viltrox-af-35mm-f-1-8-z-fe\/"},"modified":"2026-02-02T15:55:04","modified_gmt":"2026-02-02T15:55:04","slug":"viltrox-af-35mm-f-1-8-z-fe","status":"publish","type":"product","link":"https:\/\/hi-techwonder.com\/es\/producto\/viltrox-af-35mm-f-1-8-z-fe\/","title":{"rendered":"Viltrox AF 35mm f\/1.8 Z | FE"},"content":{"rendered":"<h1>Viltrox AF 35mm f\/1.8 Z | FE<\/h1>\n<p><iframe loading=\"lazy\" title=\"VILTROX AF 35mm f1.8\" src=\"https:\/\/www.youtube.com\/embed\/TUoJ0ahbUrs?feature=oembed\" width=\"1170\" height=\"658\" frameborder=\"0\" allowfullscreen=\"allowfullscreen\" data-mce-fragment=\"1\"><\/iframe><\/p>\n<p>Compacto y c\u00f3modo, el objetivo de 35 mm f\/1.8 de Viltrox es un objetivo gran angular dise\u00f1ado para c\u00e1maras sin espejo de fotograma completo. El amplio campo de visi\u00f3n vers\u00e1til es adecuado para una amplia gama de sujetos, desde retratos hasta informes de noticias, y el dise\u00f1o r\u00e1pido de f\/1.8 sobresale en condiciones de poca luz y para aplicaciones con poca profundidad de campo. El dise\u00f1o \u00f3ptico incorpora elementos de dispersi\u00f3n ultrabaja y alto \u00edndice de refracci\u00f3n para suprimir una variedad de aberraciones y distorsiones, y tambi\u00e9n se ha aplicado un revestimiento multicapa HD Nano para reducir los destellos y las im\u00e1genes fantasma para lograr un mayor contraste tanto en condiciones de luz brillante como de contraluz.<\/p>\n<p>Como complemento de la \u00f3ptica, el dise\u00f1o de el objetivo tambi\u00e9n incorpora un motor paso a paso STM que ofrece un rendimiento de enfoque autom\u00e1tico r\u00e1pido, casi silencioso y preciso junto con la anulaci\u00f3n de enfoque manual a tiempo completo. Un dise\u00f1o de enfoque interno tambi\u00e9n permite un rendimiento r\u00e1pido. Adem\u00e1s, el objetivo tiene un puerto micro-USB incorporado para realizar futuras actualizaciones de firmware para la lente.<\/p>\n<ul>\n<li>El objetivo gran angular prime est\u00e1 dise\u00f1ado para Sony E | Nikon Z tiene formato de fotograma completo y, cuando se usa con c\u00e1maras de formato APS-C, tiene la perspectiva equivalente a una lente de 52,5 mm.<\/li>\n<li>La brillante apertura m\u00e1xima de f\/1.8 es adecuada para trabajar en condiciones de poca luz y tambi\u00e9n ofrece un mayor control sobre la profundidad de campo.<\/li>\n<li>Dos elementos de dispersi\u00f3n extra baja y dos elementos de alta transparencia reducen las franjas de color y las aberraciones crom\u00e1ticas para lograr un alto grado de claridad y precisi\u00f3n de color.<\/li>\n<li>10 elementos en 8 grupos.<\/li>\n<li>Dos elementos asf\u00e9ricos ayudan a controlar las aberraciones esf\u00e9ricas y reducen la distorsi\u00f3n para lograr una gran nitidez y una representaci\u00f3n precisa.<\/li>\n<li>El revestimiento multicapa Nano HD se ha aplicado a elementos individuales para suprimir los destellos y las im\u00e1genes fantasma para lograr un mayor contraste y fidelidad de color cuando se trabaja en condiciones de iluminaci\u00f3n brillante.<\/li>\n<li>El motor paso a paso STM permite un enfoque autom\u00e1tico r\u00e1pido, silencioso y preciso junto con la anulaci\u00f3n del enfoque manual a tiempo completo. El dise\u00f1o de enfoque interno mantiene la longitud completa de el objetivo durante el uso para un mejor manejo y una respuesta m\u00e1s r\u00e1pida.<\/li>\n<li>Anillo de apertura manual integrado para control de exposici\u00f3n t\u00e1ctil; este anillo tambi\u00e9n cuenta con una posici\u00f3n \u2018A\u2019 para la selecci\u00f3n autom\u00e1tica de apertura basada en la c\u00e1mara.<\/li>\n<li>El diafragma de 9 hojas contribuye a una agradable calidad de bokeh.<\/li>\n<li>Puerto micro-USB integrado para actualizaciones de firmware.<\/li>\n<\/ul>\n<p><strong>Especificaciones:<\/strong><\/p>\n<table width=\"584\">\n<tbody>\n<tr>\n<td width=\"292\">Longitud focal<\/td>\n<td width=\"292\">35 mm<\/td>\n<\/tr>\n<tr>\n<td width=\"292\">Apertura M\u00e1xima<\/td>\n<td width=\"292\">f\/1.8<\/td>\n<\/tr>\n<tr>\n<td width=\"292\">Apertura M\u00ednima<\/td>\n<td width=\"292\">f\/16<\/td>\n<\/tr>\n<tr>\n<td width=\"292\">Montura<\/td>\n<td width=\"292\">Sony E | Nikon Z<\/td>\n<\/tr>\n<tr>\n<td width=\"292\">Cobertura de formato de lente<\/td>\n<td width=\"292\">Full Frame<\/td>\n<\/tr>\n<tr>\n<td width=\"292\">\u00c1ngulo de visi\u00f3n<\/td>\n<td width=\"292\">63.2\u00b0<\/td>\n<\/tr>\n<tr>\n<td width=\"292\">Distancia m\u00ednima de enfoque<\/td>\n<td width=\"292\">40 cm<\/td>\n<\/tr>\n<tr>\n<td width=\"292\">Ampliaci\u00f3n m\u00e1xima<\/td>\n<td width=\"292\">0,1x<\/td>\n<\/tr>\n<tr>\n<td width=\"292\">Dise\u00f1o \u00f3ptico<\/td>\n<td width=\"292\">10 elementos en 8 grupos<\/td>\n<\/tr>\n<tr>\n<td width=\"292\">Hojas de diafragma<\/td>\n<td width=\"292\">9<\/td>\n<\/tr>\n<tr>\n<td width=\"292\">Tipo de enfoque<\/td>\n<td width=\"292\">Enfoque autom\u00e1tico<\/td>\n<\/tr>\n<tr>\n<td width=\"292\">Estabilizaci\u00f3n de imagen<\/td>\n<td width=\"292\">No<\/td>\n<\/tr>\n<tr>\n<td width=\"292\">Tama\u00f1o del filtro<\/td>\n<td width=\"292\">55 mm (Frente)<\/td>\n<\/tr>\n<tr>\n<td width=\"292\">Dimensiones (\u00f8 x L)<\/td>\n<td width=\"292\">70 x 89.9 mm<\/td>\n<\/tr>\n<tr>\n<td width=\"292\">Peso<\/td>\n<td width=\"292\">340 g<\/td>\n<\/tr>\n<\/tbody>\n<\/table>\n","protected":false},"excerpt":{"rendered":"<ul>\n<li>Montura Sony E | Nikon Z<\/li>\n<li>Formato de fotograma completo<\/li>\n<li>Rango de apertura: f\/1.8 a f\/16<\/li>\n<li>Nano-recubrimiento y recubrimiento de resistencia<\/li>\n<li>Dos elementos ED, dos elementos asf\u00e9ricos<\/li>\n<li>Distancia m\u00ednima de enfoque: 40 cm<\/li>\n<li>Revestimiento Nano Multirevestimiento y Revestimiento de Resistencia<\/li>\n<li>Proyecto de Enfoque Interno<\/li>\n<li>Motor de enfoque autom\u00e1tico STM<\/li>\n<li>Tama\u00f1o del filtro: 55 mm<\/li>\n<li>Anillo de apertura manual con ajuste autom\u00e1tico<\/li>\n<\/ul>\n","protected":false},"featured_media":17851,"comment_status":"closed","ping_status":"closed","template":"","meta":{"_acf_changed":false},"product_brand":[2544],"product_cat":[1062],"product_tag":[],"class_list":{"0":"post-17820","1":"product","2":"type-product","3":"status-publish","4":"has-post-thumbnail","6":"product_brand-viltrox-es","7":"product_cat-mirrorless-objectivos","8":"pa_abertura-maxima-f-1-8-es","9":"pa_cor-negro","10":"pa_diametro-55mm-es","11":"pa_estabilizacao-de-imagem-no","12":"pa_montagem-da-objetiva-nikon-z-es","13":"pa_montagem-da-objetiva-sony-e-es","14":"pa_sensor-fotograma-completo","15":"pa_tipo-de-foco-enfoque-automatico","16":"pa_tipo-de-objetiva-estandar","17":"pa_zoom-fixa-fijo","19":"first","20":"instock","21":"taxable","22":"shipping-taxable","23":"purchasable","24":"product-type-variable"},"bundled_by":[],"bundle_stock_status":"instock","bundle_stock_quantity":null,"bundle_virtual":false,"bundle_layout":"","bundle_add_to_cart_form_location":"","bundle_editable_in_cart":false,"bundle_sold_individually_context":"","bundle_item_grouping":"","bundle_min_size":"","bundle_max_size":"","bundle_price":[],"bundled_items":[],"bundle_sell_ids":[],"acf":[],"_links":{"self":[{"href":"https:\/\/hi-techwonder.com\/es\/wp-json\/wp\/v2\/product\/17820","targetHints":{"allow":["GET"]}}],"collection":[{"href":"https:\/\/hi-techwonder.com\/es\/wp-json\/wp\/v2\/product"}],"about":[{"href":"https:\/\/hi-techwonder.com\/es\/wp-json\/wp\/v2\/types\/product"}],"replies":[{"embeddable":true,"href":"https:\/\/hi-techwonder.com\/es\/wp-json\/wp\/v2\/comments?post=17820"}],"wp:featuredmedia":[{"embeddable":true,"href":"https:\/\/hi-techwonder.com\/es\/wp-json\/wp\/v2\/media\/17851"}],"wp:attachment":[{"href":"https:\/\/hi-techwonder.com\/es\/wp-json\/wp\/v2\/media?parent=17820"}],"wp:term":[{"taxonomy":"product_brand","embeddable":true,"href":"https:\/\/hi-techwonder.com\/es\/wp-json\/wp\/v2\/product_brand?post=17820"},{"taxonomy":"product_cat","embeddable":true,"href":"https:\/\/hi-techwonder.com\/es\/wp-json\/wp\/v2\/product_cat?post=17820"},{"taxonomy":"product_tag","embeddable":true,"href":"https:\/\/hi-techwonder.com\/es\/wp-json\/wp\/v2\/product_tag?post=17820"}],"curies":[{"name":"wp","href":"https:\/\/api.w.org\/{rel}","templated":true}]}}