{"id":17874,"date":"2025-07-24T09:07:20","date_gmt":"2025-07-24T09:07:20","guid":{"rendered":"https:\/\/fv6qoy3ls0.wpdns.site\/produto\/viltrox-af-50mm-f-1-8-z-fe\/"},"modified":"2026-04-21T15:06:58","modified_gmt":"2026-04-21T14:06:58","slug":"viltrox-af-50mm-f-1-8-z-fe","status":"publish","type":"product","link":"https:\/\/hi-techwonder.com\/es\/producto\/viltrox-af-50mm-f-1-8-z-fe\/","title":{"rendered":"Viltrox AF 50mm f\/1.8 Z | FE"},"content":{"rendered":"<p><iframe loading=\"lazy\" title=\"VILTROX AF 50mm f1.8\" src=\"https:\/\/www.youtube.com\/embed\/lRMUxJYdPQw?feature=oembed\" width=\"1170\" height=\"658\" frameborder=\"0\" allowfullscreen=\"allowfullscreen\" data-mce-fragment=\"1\"><\/iframe><\/p>\n<p>El objetivo de 50mm f\/1,8 de Viltrox es un objetivo de formato de fotograma completo con un campo de visi\u00f3n normal vers\u00e1til adecuado para una amplia gama de aplicaciones, desde retratos hasta reportajes, y el dise\u00f1o r\u00e1pido de f\/1,8 sobresale en condiciones de poca luz y poca profundidad de campo. El dise\u00f1o \u00f3ptico incorpora una dispersi\u00f3n extra baja, dos elementos altamente transparentes y dos asf\u00e9ricos para suprimir una variedad de aberraciones y distorsiones, y tambi\u00e9n se ha aplicado un revestimiento multicapa HD Nano para reducir los destellos y las im\u00e1genes fantasma para lograr un mayor contraste tanto en luz brillante como retroiluminada. condiciones.<\/p>\n<p>Como complemento de la \u00f3ptica, el dise\u00f1o de la lente tambi\u00e9n incorpora un motor paso a paso STM que ofrece un rendimiento de enfoque autom\u00e1tico r\u00e1pido, casi silencioso y preciso junto con la anulaci\u00f3n de enfoque manual a tiempo completo. Un dise\u00f1o de enfoque interno tambi\u00e9n permite un rendimiento r\u00e1pido. Adem\u00e1s, la lente tiene un puerto micro-USB incorporado para realizar futuras actualizaciones de firmware para la lente.<\/p>\n<ul>\n<li>Objetivo prime de distancia focal normal dise\u00f1ada para formato de fotograma completo. Cuando se usa en c\u00e1maras APS-C, tiene la perspectiva equivalente a una lente de 75 mm.<\/li>\n<li>La brillante apertura m\u00e1xima de f\/1.8 es adecuada para trabajar en condiciones de poca luz y tambi\u00e9n ofrece un mayor control sobre la profundidad de campo.<\/li>\n<li>11 elementos en 10 grupos<\/li>\n<li>Un elemento de dispersi\u00f3n extra baja y dos elementos de alta transparencia reducen las franjas de color y las aberraciones crom\u00e1ticas para lograr un alto grado de claridad y precisi\u00f3n de color.<\/li>\n<li>Dos elementos asf\u00e9ricos ayudan a controlar las aberraciones esf\u00e9ricas y reducen la distorsi\u00f3n para lograr una gran nitidez y una representaci\u00f3n precisa.<\/li>\n<li>El revestimiento multicapa HD Nano se ha aplicado a elementos individuales para suprimir los destellos y las im\u00e1genes fantasma para lograr un mayor contraste y fidelidad de color cuando se trabaja en condiciones de iluminaci\u00f3n brillante.<\/li>\n<li>El motor paso a paso STM permite un enfoque autom\u00e1tico r\u00e1pido, silencioso y preciso junto con la anulaci\u00f3n del enfoque manual a tiempo completo. El dise\u00f1o de enfoque interno mantiene la longitud completa de la lente durante el uso para un mejor manejo y una respuesta m\u00e1s r\u00e1pida.<\/li>\n<li>Anillo de apertura manual integrado para control de exposici\u00f3n t\u00e1ctil; este anillo tambi\u00e9n cuenta con una posici\u00f3n \u2018A\u2019 para la selecci\u00f3n autom\u00e1tica de apertura basada en la c\u00e1mara.<\/li>\n<li>Puerto micro-USB integrado para actualizaciones de firmware.<\/li>\n<\/ul>\n<p><img loading=\"lazy\" decoding=\"async\" class=\"alignnone wp-image-27894\" src=\"https:\/\/hi-techwonder.com\/wp-content\/themes\/woodmart\/images\/lazy.svg\" data-src=\"https:\/\/viltrox.pt\/wp-content\/uploads\/2023\/09\/35mmFE-%E7%8E%AF%E5%A2%83%E5%9B%BE11-1024x682.jpg\" sizes=\"auto, (max-width: 752px) 100vw, 752px\" srcset=\"\" data-srcset=\"https:\/\/viltrox.es\/wp-content\/uploads\/2023\/09\/35mmFE-\u73af\u5883\u56fe11-1024x682.jpg 1024w, https:\/\/viltrox.es\/wp-content\/uploads\/2023\/09\/35mmFE-\u73af\u5883\u56fe11-300x200.jpg 300w, https:\/\/viltrox.es\/wp-content\/uploads\/2023\/09\/35mmFE-\u73af\u5883\u56fe11-768x511.jpg 768w, https:\/\/viltrox.es\/wp-content\/uploads\/2023\/09\/35mmFE-\u73af\u5883\u56fe11-1536x1022.jpg 1536w, https:\/\/viltrox.es\/wp-content\/uploads\/2023\/09\/35mmFE-\u73af\u5883\u56fe11-2048x1363.jpg 2048w, https:\/\/viltrox.es\/wp-content\/uploads\/2023\/09\/35mmFE-\u73af\u5883\u56fe11-270x180.jpg 270w, https:\/\/viltrox.es\/wp-content\/uploads\/2023\/09\/35mmFE-\u73af\u5883\u56fe11-600x399.jpg 600w\" alt=\"\" width=\"752\" height=\"501\"><\/p>\n<p><strong>Especificaciones:<\/strong><\/p>\n<table width=\"584\">\n<tbody>\n<tr>\n<td width=\"292\">Longitud focal<\/td>\n<td width=\"292\">50mm<\/td>\n<\/tr>\n<tr>\n<td width=\"292\">Apertura M\u00e1xima<\/td>\n<td width=\"292\">f\/1.8<\/td>\n<\/tr>\n<tr>\n<td width=\"292\">Apertura M\u00ednima<\/td>\n<td width=\"292\">f\/16<\/td>\n<\/tr>\n<tr>\n<td width=\"292\">Montura<\/td>\n<td width=\"292\">Sony E | Nikon Z<\/td>\n<\/tr>\n<tr>\n<td width=\"292\">Cobertura de formato de lente<\/td>\n<td width=\"292\">Full Frame<\/td>\n<\/tr>\n<tr>\n<td width=\"292\">\u00c1ngulo de visi\u00f3n<\/td>\n<td width=\"292\">47.6\u00b0<\/td>\n<\/tr>\n<tr>\n<td width=\"292\">Distancia m\u00ednima de enfoque<\/td>\n<td width=\"292\">55 cm<\/td>\n<\/tr>\n<tr>\n<td width=\"292\">Ampliaci\u00f3n m\u00e1xima<\/td>\n<td width=\"292\">0,1x<\/td>\n<\/tr>\n<tr>\n<td width=\"292\">Dise\u00f1o \u00f3ptico<\/td>\n<td width=\"292\">11 elementos en 10 grupos<\/td>\n<\/tr>\n<tr>\n<td width=\"292\">Hojas de diafragma<\/td>\n<td width=\"292\">9<\/td>\n<\/tr>\n<tr>\n<td width=\"292\">Tipo de enfoque<\/td>\n<td width=\"292\">Enfoque autom\u00e1tico<\/td>\n<\/tr>\n<tr>\n<td width=\"292\">Estabilizaci\u00f3n de imagen<\/td>\n<td width=\"292\">No<\/td>\n<\/tr>\n<tr>\n<td width=\"292\">Tama\u00f1o del filtro<\/td>\n<td width=\"292\">55 mm (Frente)<\/td>\n<\/tr>\n<tr>\n<td width=\"292\">Dimensiones (\u00f8 x L)<\/td>\n<td width=\"292\">70 x 88,2 mm<\/td>\n<\/tr>\n<tr>\n<td width=\"292\">Peso<\/td>\n<td width=\"292\">340 g<\/td>\n<\/tr>\n<\/tbody>\n<\/table>\n","protected":false},"excerpt":{"rendered":"<ul>\n<li>Formato de fotograma completo<\/li>\n<li>Montura Sony E | Nikon Z<\/li>\n<li>Rango de apertura: f\/1.8 a f\/16<\/li>\n<li>Nano-recubrimiento y recubrimiento de resistencia<\/li>\n<li>Un elemento ED, dos elementos asf\u00e9ricos<\/li>\n<li>Distancia m\u00ednima de enfoque: 55 cm<\/li>\n<li>Revestimiento Nano Multirevestimiento y Revestimiento de Resistencia<\/li>\n<li>Dise\u00f1o de enfoque interno<\/li>\n<li>Motor de enfoque autom\u00e1tico STM<\/li>\n<li>Tama\u00f1o del filtro: 55 mm<\/li>\n<li>Anillo de apertura manual con ajuste autom\u00e1tico<\/li>\n<\/ul>\n","protected":false},"featured_media":17903,"comment_status":"closed","ping_status":"closed","template":"","meta":{"_acf_changed":false},"product_brand":[2544],"product_cat":[1062],"product_tag":[],"class_list":{"0":"post-17874","1":"product","2":"type-product","3":"status-publish","4":"has-post-thumbnail","6":"product_brand-viltrox-es","7":"product_cat-mirrorless-objectivos","8":"pa_abertura-maxima-f-1-8-es","9":"pa_cor-negro","10":"pa_diametro-55mm-es","11":"pa_estabilizacao-de-imagem-no","12":"pa_montagem-da-objetiva-sony-e-es","13":"pa_sensor-fotograma-completo","14":"pa_tipo-de-foco-enfoque-automatico","15":"pa_tipo-de-objetiva-estandar","16":"pa_zoom-fixa-fijo","18":"first","19":"outofstock","20":"taxable","21":"shipping-taxable","22":"purchasable","23":"product-type-variable"},"bundled_by":[],"bundle_stock_status":"outofstock","bundle_stock_quantity":null,"bundle_virtual":false,"bundle_layout":"","bundle_add_to_cart_form_location":"","bundle_editable_in_cart":false,"bundle_sold_individually_context":"","bundle_item_grouping":"","bundle_min_size":"","bundle_max_size":"","bundle_price":[],"bundled_items":[],"bundle_sell_ids":[],"acf":[],"_links":{"self":[{"href":"https:\/\/hi-techwonder.com\/es\/wp-json\/wp\/v2\/product\/17874","targetHints":{"allow":["GET"]}}],"collection":[{"href":"https:\/\/hi-techwonder.com\/es\/wp-json\/wp\/v2\/product"}],"about":[{"href":"https:\/\/hi-techwonder.com\/es\/wp-json\/wp\/v2\/types\/product"}],"replies":[{"embeddable":true,"href":"https:\/\/hi-techwonder.com\/es\/wp-json\/wp\/v2\/comments?post=17874"}],"wp:featuredmedia":[{"embeddable":true,"href":"https:\/\/hi-techwonder.com\/es\/wp-json\/wp\/v2\/media\/17903"}],"wp:attachment":[{"href":"https:\/\/hi-techwonder.com\/es\/wp-json\/wp\/v2\/media?parent=17874"}],"wp:term":[{"taxonomy":"product_brand","embeddable":true,"href":"https:\/\/hi-techwonder.com\/es\/wp-json\/wp\/v2\/product_brand?post=17874"},{"taxonomy":"product_cat","embeddable":true,"href":"https:\/\/hi-techwonder.com\/es\/wp-json\/wp\/v2\/product_cat?post=17874"},{"taxonomy":"product_tag","embeddable":true,"href":"https:\/\/hi-techwonder.com\/es\/wp-json\/wp\/v2\/product_tag?post=17874"}],"curies":[{"name":"wp","href":"https:\/\/api.w.org\/{rel}","templated":true}]}}