{"id":17924,"date":"2025-07-24T09:07:26","date_gmt":"2025-07-24T09:07:26","guid":{"rendered":"https:\/\/fv6qoy3ls0.wpdns.site\/produto\/viltrox-75mm-f-1-2-af-xf-z-e\/"},"modified":"2026-04-10T17:39:16","modified_gmt":"2026-04-10T16:39:16","slug":"viltrox-75mm-f-1-2-af-xf-z-e","status":"publish","type":"product","link":"https:\/\/hi-techwonder.com\/es\/producto\/viltrox-75mm-f-1-2-af-xf-z-e\/","title":{"rendered":"Viltrox 75mm f\/1.2 AF XF | Z | E"},"content":{"rendered":"<p><iframe loading=\"lazy\" title=\"Viltrox AF 75mm F1.2 Pro\" src=\"https:\/\/www.youtube.com\/embed\/9hX6fbUOQ8Q?feature=oembed\" width=\"1170\" height=\"658\" frameborder=\"0\" allowfullscreen=\"allowfullscreen\" data-mce-fragment=\"1\"><\/iframe><\/p>\n<p>Este objetivo AF Viltrox de 75 mm f\/1,2 para c\u00e1maras sin espejo es un objetivo principal r\u00e1pido de longitud de retrato con un rendimiento de enfoque autom\u00e1tico avanzado, as\u00ed como un manejo y una fiabilidad profesionales. Ofreciendo una gran apertura m\u00e1xima y poca profundidad de campo, este objetivo ofrece un excelente rendimiento con poca luz y una calidad de imagen excepcionalmente n\u00edtida. Un motor paso a paso STM de nuevo dise\u00f1o proporciona un rendimiento de enfoque autom\u00e1tico r\u00e1pido y preciso, y un interruptor MF\/AF de f\u00e1cil acceso le permite cambiar r\u00e1pidamente entre los modos de enfoque manual y autom\u00e1tico. Adem\u00e1s, el objetivo tambi\u00e9n es compatible con el enfoque autom\u00e1tico de ojos y rostros, el enfoque autom\u00e1tico de animales y modos de enfoque autom\u00e1tico adicionales. De construcci\u00f3n robusta, el objetivo presenta un cuerpo totalmente met\u00e1lico en un dise\u00f1o resistente a la intemperie, y los contactos met\u00e1licos electr\u00f3nicos admiten la transmisi\u00f3n de informaci\u00f3n Exif. Adem\u00e1s, una interfaz USB-C permite actualizaciones de firmware.<\/p>\n<p><img loading=\"lazy\" decoding=\"async\" class=\"alignnone wp-image-31137\" src=\"https:\/\/hi-techwonder.com\/wp-content\/themes\/woodmart\/images\/lazy.svg\" data-src=\"https:\/\/viltrox.pt\/wp-content\/uploads\/2023\/09\/75mmPro-EXF-Hero-shot-2-1024x576.jpg\" sizes=\"auto, (max-width: 752px) 100vw, 752px\" srcset=\"\" data-srcset=\"https:\/\/viltrox.es\/wp-content\/uploads\/2023\/09\/75mmPro-EXF-Hero-shot-2-1024x576.jpg 1024w, https:\/\/viltrox.es\/wp-content\/uploads\/2023\/09\/75mmPro-EXF-Hero-shot-2-300x169.jpg 300w, https:\/\/viltrox.es\/wp-content\/uploads\/2023\/09\/75mmPro-EXF-Hero-shot-2-768x432.jpg 768w, https:\/\/viltrox.es\/wp-content\/uploads\/2023\/09\/75mmPro-EXF-Hero-shot-2-1536x864.jpg 1536w, https:\/\/viltrox.es\/wp-content\/uploads\/2023\/09\/75mmPro-EXF-Hero-shot-2-2048x1152.jpg 2048w, https:\/\/viltrox.es\/wp-content\/uploads\/2023\/09\/75mmPro-EXF-Hero-shot-2-600x338.jpg 600w\" alt=\"\" width=\"752\" height=\"423\"><\/p>\n<ul>\n<li>Teleobjetivo dise\u00f1ado para c\u00e1maras sin espejo de formato APS-C, donde proporciona una distancia focal de 112,5 mm equivalente a un fotograma completo de 35 mm.<\/li>\n<li>La apertura m\u00e1xima brillante de f\/1.2 es adecuada para trabajar en condiciones de iluminaci\u00f3n dif\u00edciles y ayuda a mantener un factor de forma relativamente compacto.<\/li>\n<li>16 elementos de lente en 11 grupos brindan un dise\u00f1o \u00f3ptico sofisticado, lo que permite que la lente mantenga una excelente resoluci\u00f3n en todo el rango de enfoque.<\/li>\n<li>Tres elementos de lente ED (baja dispersi\u00f3n) reducen en gran medida las franjas de color y las aberraciones crom\u00e1ticas para producir una mayor claridad y precisi\u00f3n de color, independientemente de la apertura que elija.<\/li>\n<li>El motor de enfoque autom\u00e1tico STM proporciona un enfoque autom\u00e1tico r\u00e1pido y preciso.<\/li>\n<li>Admite enfoque autom\u00e1tico de ojos y rostros, enfoque autom\u00e1tico de animales y modos de enfoque autom\u00e1tico adicionales.<\/li>\n<li>Cilindro de lente totalmente met\u00e1lico en un dise\u00f1o resistente a la intemperie para trabajar en condiciones adversas.<\/li>\n<li>Incluye parasol en forma de p\u00e9talo para evitar el efecto fantasma y el deslumbramiento.<\/li>\n<li>Los contactos electr\u00f3nicos met\u00e1licos admiten la transmisi\u00f3n de informaci\u00f3n Exif.<\/li>\n<li>Interfaz USB-C para actualizaciones de firmware.<\/li>\n<\/ul>\n<p><img loading=\"lazy\" decoding=\"async\" class=\"alignnone wp-image-27942\" src=\"https:\/\/hi-techwonder.com\/wp-content\/themes\/woodmart\/images\/lazy.svg\" data-src=\"https:\/\/viltrox.pt\/wp-content\/uploads\/2023\/09\/DSC0694-1024x683.jpeg\" sizes=\"auto, (max-width: 752px) 100vw, 752px\" srcset=\"\" data-srcset=\"https:\/\/viltrox.es\/wp-content\/uploads\/2023\/09\/DSC0694-1024x683.jpeg 1024w, https:\/\/viltrox.es\/wp-content\/uploads\/2023\/09\/DSC0694-300x200.jpeg 300w, https:\/\/viltrox.es\/wp-content\/uploads\/2023\/09\/DSC0694-768x512.jpeg 768w, https:\/\/viltrox.es\/wp-content\/uploads\/2023\/09\/DSC0694-1536x1024.jpeg 1536w, https:\/\/viltrox.es\/wp-content\/uploads\/2023\/09\/DSC0694-2048x1365.jpeg 2048w\" alt=\"\" width=\"752\" height=\"501\"><\/p>\n<p><strong>Especificaciones:<\/strong><\/p>\n<p>&nbsp;<\/p>\n<table width=\"864\">\n<tbody>\n<tr>\n<td width=\"292\">Longitud focal<\/td>\n<td width=\"292\">75 mm (equivalente a 35 mm: 112,5 mm)<\/td>\n<\/tr>\n<tr>\n<td width=\"292\">Apertura M\u00e1xima<\/td>\n<td width=\"292\">f\/1.2<\/td>\n<\/tr>\n<tr>\n<td width=\"292\">Apertura M\u00ednima<\/td>\n<td width=\"292\">f\/16<\/td>\n<\/tr>\n<tr>\n<td width=\"292\">Montura<\/td>\n<td width=\"292\">Fujifilm X | Sony E | Nikon Z<\/td>\n<\/tr>\n<tr>\n<td width=\"292\">Cobertura de formato de lente<\/td>\n<td width=\"292\">APS-C<\/td>\n<\/tr>\n<tr>\n<td width=\"292\">\u00c1ngulo de visi\u00f3n<\/td>\n<td width=\"292\">21,35\u00b0<\/td>\n<\/tr>\n<tr>\n<td width=\"292\">Distancia m\u00ednima de enfoque<\/td>\n<td width=\"292\">88 cm<\/td>\n<\/tr>\n<tr>\n<td width=\"292\">Ampliaci\u00f3n m\u00e1xima<\/td>\n<td width=\"292\">0,1x<\/td>\n<\/tr>\n<tr>\n<td width=\"292\">Dise\u00f1o \u00f3ptico<\/td>\n<td width=\"292\">16 elementos en 11 grupos<\/td>\n<\/tr>\n<tr>\n<td width=\"292\">Hojas de diafragma<\/td>\n<td width=\"292\">11<\/td>\n<\/tr>\n<tr>\n<td width=\"292\">Tipo de enfoque<\/td>\n<td width=\"292\">Enfoque autom\u00e1tico<\/td>\n<\/tr>\n<tr>\n<td width=\"292\">Estabilizaci\u00f3n de imagen<\/td>\n<td width=\"292\">No<\/td>\n<\/tr>\n<tr>\n<td width=\"292\">Tama\u00f1o del filtro<\/td>\n<td width=\"292\">77 mm (Frente)<\/td>\n<\/tr>\n<tr>\n<td width=\"292\">Dimensiones (\u00f8 x L)<\/td>\n<td width=\"292\">87 x 101 mm (Fuji e Sony) | 87 x 102 mm (Nikon)<\/td>\n<\/tr>\n<tr>\n<td width=\"292\">Peso<\/td>\n<td width=\"292\">670 g (Fuji) | 675 g (Sony) | 710 g (Nikon)<\/td>\n<\/tr>\n<\/tbody>\n<\/table>\n","protected":false},"excerpt":{"rendered":"<ul>\n<li>Formato APS-C | f\/1.2 a f\/16<\/li>\n<li>Montura Fuji X | Nikon Z | Sony E<\/li>\n<li>112,5 mm (equivalente a fotograma completo)<\/li>\n<li>Excelente rendimiento con poca luz<\/li>\n<li>Motor paso a paso STM<\/li>\n<li>Cuerpo de lente totalmente met\u00e1lico<\/li>\n<li>Dise\u00f1o resistente a la intemperie<\/li>\n<\/ul>\n","protected":false},"featured_media":13586,"comment_status":"closed","ping_status":"closed","template":"","meta":{"_acf_changed":false},"product_brand":[2544],"product_cat":[1062],"product_tag":[],"class_list":{"0":"post-17924","1":"product","2":"type-product","3":"status-publish","4":"has-post-thumbnail","6":"product_brand-viltrox-es","7":"product_cat-mirrorless-objectivos","8":"pa_abertura-maxima-f-1-2-es","9":"pa_cor-negro","10":"pa_diametro-77mm-es","11":"pa_estabilizacao-de-imagem-no","12":"pa_montagem-da-objetiva-fujifilm-x-es","13":"pa_montagem-da-objetiva-nikon-z-es","14":"pa_montagem-da-objetiva-sony-e-es","15":"pa_sensor-aps-c-es","16":"pa_tipo-de-foco-enfoque-automatico","17":"pa_tipo-de-objetiva-teleobjetivo","18":"pa_zoom-fixa-fijo","20":"first","21":"instock","22":"sale","23":"taxable","24":"shipping-taxable","25":"purchasable","26":"product-type-variable"},"bundled_by":[],"bundle_stock_status":"instock","bundle_stock_quantity":null,"bundle_virtual":false,"bundle_layout":"","bundle_add_to_cart_form_location":"","bundle_editable_in_cart":false,"bundle_sold_individually_context":"","bundle_item_grouping":"","bundle_min_size":"","bundle_max_size":"","bundle_price":[],"bundled_items":[],"bundle_sell_ids":[],"acf":[],"_links":{"self":[{"href":"https:\/\/hi-techwonder.com\/es\/wp-json\/wp\/v2\/product\/17924","targetHints":{"allow":["GET"]}}],"collection":[{"href":"https:\/\/hi-techwonder.com\/es\/wp-json\/wp\/v2\/product"}],"about":[{"href":"https:\/\/hi-techwonder.com\/es\/wp-json\/wp\/v2\/types\/product"}],"replies":[{"embeddable":true,"href":"https:\/\/hi-techwonder.com\/es\/wp-json\/wp\/v2\/comments?post=17924"}],"wp:featuredmedia":[{"embeddable":true,"href":"https:\/\/hi-techwonder.com\/es\/wp-json\/wp\/v2\/media\/13586"}],"wp:attachment":[{"href":"https:\/\/hi-techwonder.com\/es\/wp-json\/wp\/v2\/media?parent=17924"}],"wp:term":[{"taxonomy":"product_brand","embeddable":true,"href":"https:\/\/hi-techwonder.com\/es\/wp-json\/wp\/v2\/product_brand?post=17924"},{"taxonomy":"product_cat","embeddable":true,"href":"https:\/\/hi-techwonder.com\/es\/wp-json\/wp\/v2\/product_cat?post=17924"},{"taxonomy":"product_tag","embeddable":true,"href":"https:\/\/hi-techwonder.com\/es\/wp-json\/wp\/v2\/product_tag?post=17924"}],"curies":[{"name":"wp","href":"https:\/\/api.w.org\/{rel}","templated":true}]}}