{"id":17965,"date":"2025-07-24T09:05:31","date_gmt":"2025-07-24T09:05:31","guid":{"rendered":"https:\/\/fv6qoy3ls0.wpdns.site\/produto\/ttartisan-af-56mm-f1-8\/"},"modified":"2026-04-06T12:17:17","modified_gmt":"2026-04-06T11:17:17","slug":"ttartisan-af-56mm-f1-8","status":"publish","type":"product","link":"https:\/\/hi-techwonder.com\/es\/producto\/ttartisan-af-56mm-f1-8\/","title":{"rendered":"TTArtisan AF 56mm f1.8"},"content":{"rendered":"<div class=\"vc_row wpb_row vc_row-fluid\">\n<div class=\"wpb_column vc_column_container vc_col-sm-12\">\n<div class=\"vc_column-inner\">\n<div class=\"wpb_wrapper\">\n<div class=\"wpb_text_column wpb_content_element\">\n<div class=\"wpb_wrapper\">\n<h3><strong>TTArtisan AF 56mm f1.8<\/strong><\/h3>\n<\/div>\n<\/div>\n<\/div>\n<\/div>\n<\/div>\n<\/div>\n<div class=\"vc_row wpb_row vc_row-fluid\">\n<div class=\"wpb_column vc_column_container vc_col-sm-12\">\n<div class=\"vc_column-inner\">\n<div class=\"wpb_wrapper\">\n<div class=\"wpb_video_widget wpb_content_element vc_clearfix   vc_video-aspect-ratio-169 vc_video-el-width-100 vc_video-align-left\">\n<div class=\"wpb_wrapper\">\n<div class=\"wpb_video_wrapper\"><iframe loading=\"lazy\" title=\"TTArtisan AF 56mm f\/1.8\" src=\"https:\/\/www.youtube.com\/embed\/TU0j8xtvdRc?feature=oembed\" width=\"500\" height=\"281\" frameborder=\"0\" allowfullscreen=\"allowfullscreen\" data-mce-fragment=\"1\"><\/iframe><\/div>\n<\/div>\n<\/div>\n<\/div>\n<\/div>\n<\/div>\n<\/div>\n<div class=\"vc_row wpb_row vc_row-fluid\">\n<div class=\"wpb_column vc_column_container vc_col-sm-12\">\n<div class=\"vc_column-inner\">\n<div class=\"wpb_wrapper\">\n<div class=\"wpb_text_column wpb_content_element\">\n<div class=\"wpb_wrapper\">\n<p>Uma objetiva prime leve ideal para retratos, a Lente AF 56mm f\/1.8 da TTArtisan foi concebida para utiliza\u00e7\u00e3o com c\u00e2maras sem espelho APS-C e proporciona uma equival\u00eancia de 84 mm ao comprimento de retrato em full-frame. Capturar imagens em condi\u00e7\u00f5es de pouca luz n\u00e3o \u00e9 um problema com a abertura m\u00e1xima brilhante de f\/1.8 desta objetiva.<\/p>\n<p>Est\u00e1 dispon\u00edvel uma dist\u00e2ncia de focagem m\u00ednima de 50cm. A condu\u00e7\u00e3o da focagem autom\u00e1tica \u00e9 efectuada por um motor de passo, que ajuda a permitir um desempenho silencioso e r\u00e1pido. Est\u00e1 incorporado um elemento de dispers\u00e3o extra baixa (ED) para reduzir a franja de cor e as aberra\u00e7\u00f5es crom\u00e1ticas, de modo a obter uma maior nitidez e precis\u00e3o de cor.<\/p>\n<\/div>\n<\/div>\n<\/div>\n<\/div>\n<\/div>\n<\/div>\n<div class=\"vc_row wpb_row vc_row-fluid\">\n<div class=\"wpb_column vc_column_container vc_col-sm-12\">\n<div class=\"vc_column-inner\">\n<div class=\"wpb_wrapper\">\n<div class=\"wpb_gallery wpb_content_element vc_clearfix wpb_content_element\">\n<div class=\"wpb_wrapper\">\n<div class=\"wpb_gallery_slides wpb_image_grid\" data-interval=\"3\">\n<p><a class=\"\" href=\"https:\/\/ttartisan.pt\/wp-content\/uploads\/2024\/06\/E-mount-2-1024x682.jpg\" data-lightbox=\"lightbox[rel-29346-2660282545]\" target=\"_blank\" rel=\"noopener\"><picture class=\"attachment-thumbnail\" title=\"E-mount (2)\"><source srcset=\"https:\/\/ttartisan.pt\/wp-content\/uploads\/2024\/06\/E-mount-2-150x150.jpg.avif 150w, https:\/\/ttartisan.pt\/wp-content\/uploads\/2024\/06\/E-mount-2-300x300.jpg.avif 300w, https:\/\/ttartisan.pt\/wp-content\/uploads\/2024\/06\/E-mount-2-100x100.jpg.avif 100w\" type=\"image\/avif\" sizes=\"auto, (max-width: 150px) 100vw, 150px\" \/><img loading=\"lazy\" decoding=\"async\" src=\"https:\/\/ttartisan.pt\/wp-content\/uploads\/2024\/06\/E-mount-2-150x150.jpg\" sizes=\"auto, (max-width: 150px) 100vw, 150px\" srcset=\"https:\/\/ttartisan.pt\/wp-content\/uploads\/2024\/06\/E-mount-2-150x150.jpg 150w, https:\/\/ttartisan.pt\/wp-content\/uploads\/2024\/06\/E-mount-2-300x300.jpg 300w, https:\/\/ttartisan.pt\/wp-content\/uploads\/2024\/06\/E-mount-2-100x100.jpg 100w\" alt=\"\" width=\"150\" height=\"150\"><\/picture><\/a><a class=\"\" href=\"https:\/\/ttartisan.pt\/wp-content\/uploads\/2024\/06\/X-mount-4-1024x682.jpg\" data-lightbox=\"lightbox[rel-29346-2660282545]\" target=\"_blank\" rel=\"noopener\"><picture class=\"attachment-thumbnail\" title=\"X-mount (4)\"><source srcset=\"https:\/\/ttartisan.pt\/wp-content\/uploads\/2024\/06\/X-mount-4-150x150.jpg.avif 150w, https:\/\/ttartisan.pt\/wp-content\/uploads\/2024\/06\/X-mount-4-300x300.jpg.avif 300w, https:\/\/ttartisan.pt\/wp-content\/uploads\/2024\/06\/X-mount-4-100x100.jpg.avif 100w\" type=\"image\/avif\" sizes=\"auto, (max-width: 150px) 100vw, 150px\" \/><img loading=\"lazy\" decoding=\"async\" src=\"https:\/\/ttartisan.pt\/wp-content\/uploads\/2024\/06\/X-mount-4-150x150.jpg\" sizes=\"auto, (max-width: 150px) 100vw, 150px\" srcset=\"https:\/\/ttartisan.pt\/wp-content\/uploads\/2024\/06\/X-mount-4-150x150.jpg 150w, https:\/\/ttartisan.pt\/wp-content\/uploads\/2024\/06\/X-mount-4-300x300.jpg 300w, https:\/\/ttartisan.pt\/wp-content\/uploads\/2024\/06\/X-mount-4-100x100.jpg 100w\" alt=\"\" width=\"150\" height=\"150\"><\/picture><\/a><a class=\"\" href=\"https:\/\/ttartisan.pt\/wp-content\/uploads\/2024\/06\/Z%E5%8D%A1%E5%8F%A3-13-1024x682.jpg\" data-lightbox=\"lightbox[rel-29346-2660282545]\" target=\"_blank\" rel=\"noopener\"><picture class=\"attachment-thumbnail\" title=\"Z\u5361\u53e3 (13)\"><source srcset=\"https:\/\/ttartisan.pt\/wp-content\/uploads\/2024\/06\/Z\u5361\u53e3-13-150x150.jpg.avif 150w, https:\/\/ttartisan.pt\/wp-content\/uploads\/2024\/06\/Z\u5361\u53e3-13-300x300.jpg.avif 300w, https:\/\/ttartisan.pt\/wp-content\/uploads\/2024\/06\/Z\u5361\u53e3-13-100x100.jpg.avif 100w\" type=\"image\/avif\" sizes=\"auto, (max-width: 150px) 100vw, 150px\" \/><img loading=\"lazy\" decoding=\"async\" src=\"https:\/\/ttartisan.pt\/wp-content\/uploads\/2024\/06\/Z%E5%8D%A1%E5%8F%A3-13-150x150.jpg\" sizes=\"auto, (max-width: 150px) 100vw, 150px\" srcset=\"https:\/\/ttartisan.pt\/wp-content\/uploads\/2024\/06\/Z\u5361\u53e3-13-150x150.jpg 150w, https:\/\/ttartisan.pt\/wp-content\/uploads\/2024\/06\/Z\u5361\u53e3-13-300x300.jpg 300w, https:\/\/ttartisan.pt\/wp-content\/uploads\/2024\/06\/Z\u5361\u53e3-13-100x100.jpg 100w\" alt=\"\" width=\"150\" height=\"150\"><\/picture><\/a><\/p>\n<\/div>\n<\/div>\n<\/div>\n<\/div>\n<\/div>\n<\/div>\n<\/div>\n<div class=\"vc_row wpb_row vc_row-fluid\">\n<div class=\"wpb_column vc_column_container vc_col-sm-12\">\n<div class=\"vc_column-inner\">\n<div class=\"wpb_wrapper\">\n<div class=\"wpb_text_column wpb_content_element\">\n<div class=\"wpb_wrapper\">\n<h4>Caracter\u00edsticas principais<\/h4>\n<ul>\n<li>Com a sua abertura larga, autofoco e peso pluma, a TTArtisan 56mm f\/1.8 \u00e9 perfeita para fotografar uma variedade de sujeitos, sendo o seu comprimento focal (equivalente a 84mm em full frame) ideal para retrato. A grande abertura permite um isolamento do sujeito perfeito, criando um bokeh suave e cremoso.<\/li>\n<li>Adopta motor STM + estrutura do tipo parafuso de avan\u00e7o, que proporciona uma focagem autom\u00e1tica silenciosa e r\u00e1pida para ajudar a captar os momentos mais marcantes.<\/li>\n<li>A precis\u00e3o de focagem proporcionada pela dete\u00e7\u00e3o de olhos facilita a capta\u00e7\u00e3o de imagens, assegurando que o motivo est\u00e1 focado. Isto tamb\u00e9m \u00e9 ben\u00e9fico para seguir o motivo durante a grava\u00e7\u00e3o de v\u00eddeo, garantindo filmagens suaves e focadas.<\/li>\n<li>O design \u00f3tico da objetiva inclui dez elementos de objetiva em nove grupos. Entre estes dez elementos de lente encontram-se um elemento ED e dois elementos de alto \u00edndice , que trabalham em conjunto para reduzir a dispers\u00e3o e a aberra\u00e7\u00e3o crom\u00e1tica.<\/li>\n<li>O corpo da lente e a montagem s\u00e3o feitos de alum\u00ednio, contribuindo para a sua constru\u00e7\u00e3o dur\u00e1vel, mas leve. Uma porta USB-C incorporada na tampa traseira da lente permite atualiza\u00e7\u00f5es de firmware.<\/li>\n<\/ul>\n<p><strong>Nota:<\/strong>\u00a0Se quiser utilizar filtros de 52mm em conjunto com o p\u00e1ra-sol, confirme que o di\u00e2metro externo dos mesmos \u00e9 inferior a 54mm.<\/p>\n<\/div>\n<\/div>\n<\/div>\n<\/div>\n<\/div>\n<\/div>\n<div class=\"vc_row wpb_row vc_row-fluid\">\n<div class=\"wpb_column vc_column_container vc_col-sm-12\">\n<div class=\"vc_column-inner\">\n<div class=\"wpb_wrapper\">\n<div class=\"wpb_single_image wpb_content_element vc_align_left wpb_content_element\">\n<figure class=\"wpb_wrapper vc_figure\">\n<div class=\"vc_single_image-wrapper   vc_box_border_grey\"><img loading=\"lazy\" decoding=\"async\" class=\"vc_single_image-img \" title=\"Z\u5361\u53e3 (3)\" src=\"https:\/\/ttartisan.pt\/wp-content\/uploads\/2024\/06\/Z%E5%8D%A1%E5%8F%A3-3-752x502.jpg\" alt=\"Z\u5361\u53e3 (3)\" width=\"752\" height=\"502\" \/><\/div>\n<\/figure>\n<\/div>\n<\/div>\n<\/div>\n<\/div>\n<\/div>\n<div class=\"vc_row wpb_row vc_row-fluid\">\n<div class=\"wpb_column vc_column_container vc_col-sm-12\">\n<div class=\"vc_column-inner\">\n<div class=\"wpb_wrapper\">\n<div class=\"wpb_text_column wpb_content_element\">\n<div class=\"wpb_wrapper\">\n<h4>Especifica\u00e7\u00f5es<\/h4>\n<table width=\"670\">\n<tbody>\n<tr>\n<td width=\"255\">Abertura m\u00e1xima<\/td>\n<td>f\/1.8<\/td>\n<\/tr>\n<tr>\n<td width=\"255\">Abertura m\u00ednima<\/td>\n<td>f\/16<\/td>\n<\/tr>\n<tr>\n<td width=\"255\">Montagem da lente<\/td>\n<td>Sony E | Fuji X | Nikon Z<\/td>\n<\/tr>\n<tr>\n<td width=\"255\">Cobertura do formato da lente<\/td>\n<td>APS-C<\/td>\n<\/tr>\n<tr>\n<td width=\"255\">Dist\u00e2ncia m\u00ednima de focagem<\/td>\n<td>50cm<\/td>\n<\/tr>\n<tr>\n<td width=\"255\">\u00c2ngulo de vis\u00e3o<\/td>\n<td>28\u00ba<\/td>\n<\/tr>\n<tr>\n<td width=\"255\">Design \u00f3tico<\/td>\n<td>10 elementos em 9 grupos<\/td>\n<\/tr>\n<tr>\n<td width=\"255\">L\u00e2minas de diafragma<\/td>\n<td>9<\/td>\n<\/tr>\n<tr>\n<td width=\"255\">Tipo de focagem<\/td>\n<td>Focagem autom\u00e1tica<\/td>\n<\/tr>\n<tr>\n<td width=\"255\">Anel de abertura<\/td>\n<td>Nenhum<\/td>\n<\/tr>\n<tr>\n<td width=\"255\">Estabiliza\u00e7\u00e3o de imagem<\/td>\n<td>N\u00e3o<\/td>\n<\/tr>\n<tr>\n<td width=\"255\">Filtro Frontal<\/td>\n<td>52mm<\/td>\n<\/tr>\n<tr>\n<td width=\"255\">Dimens\u00e3o (C x D)<\/td>\n<td>62 x 65mm<\/td>\n<\/tr>\n<tr>\n<td width=\"255\">Peso<\/td>\n<td>233~245g<\/td>\n<\/tr>\n<\/tbody>\n<\/table>\n<\/div>\n<\/div>\n<\/div>\n<\/div>\n<\/div>\n<\/div>\n<div class=\"vc_row wpb_row vc_row-fluid\">\n<div class=\"wpb_column vc_column_container vc_col-sm-12\">\n<div class=\"vc_column-inner\">\n<div class=\"wpb_wrapper\">\n<div class=\"wpb_single_image wpb_content_element vc_align_left wpb_content_element\">\n<figure class=\"wpb_wrapper vc_figure\">\n<div class=\"vc_single_image-wrapper   vc_box_border_grey\"><img loading=\"lazy\" decoding=\"async\" class=\"vc_single_image-img \" title=\"E-MOUNT (9)\" src=\"https:\/\/ttartisan.pt\/wp-content\/uploads\/2024\/06\/E-MOUNT-9-752x502.jpg\" alt=\"E-MOUNT (9)\" width=\"752\" height=\"502\" \/><\/div>\n<\/figure>\n<\/div>\n<\/div>\n<\/div>\n<\/div>\n<\/div>\n","protected":false},"excerpt":{"rendered":"<ul>\n<li>APS-C | f\/1.8 a f\/16<\/li>\n<li>56mm (equivalente em full-frame: 84 mm)<\/li>\n<li>Sistema AF com motor passo a passo<\/li>\n<li>Diafragma de 9 l\u00e2minas<\/li>\n<li>Um elemento ED<\/li>\n<li>Suporta focagem por dete\u00e7\u00e3o ocular<\/li>\n<li>Constru\u00e7\u00e3o em alum\u00ednio<\/li>\n<li>Interface USB-C para actualiza\u00e7\u00f5es de firmware<\/li>\n<\/ul>\n","protected":false},"featured_media":14637,"comment_status":"closed","ping_status":"closed","template":"","meta":{"_acf_changed":false},"product_brand":[2545],"product_cat":[1062],"product_tag":[],"class_list":{"0":"post-17965","1":"product","2":"type-product","3":"status-publish","4":"has-post-thumbnail","6":"product_brand-ttartisan-es","7":"product_cat-mirrorless-objectivos","8":"pa_abertura-maxima-f-1-8-es","9":"pa_cor-negro","10":"pa_cor-plata","11":"pa_diametro-52mm-es","12":"pa_estabilizacao-de-imagem-no","13":"pa_montagem-da-objetiva-fujifilm-x-es","14":"pa_montagem-da-objetiva-nikon-z-es","15":"pa_montagem-da-objetiva-sony-e-es","16":"pa_sensor-aps-c-es","17":"pa_tipo-de-foco-enfoque-automatico","18":"pa_tipo-de-objetiva-teleobjetivo","19":"pa_zoom-fixa-fijo","21":"first","22":"instock","23":"taxable","24":"shipping-taxable","25":"purchasable","26":"product-type-variable"},"bundled_by":[],"bundle_stock_status":"instock","bundle_stock_quantity":null,"bundle_virtual":false,"bundle_layout":"","bundle_add_to_cart_form_location":"","bundle_editable_in_cart":false,"bundle_sold_individually_context":"","bundle_item_grouping":"","bundle_min_size":"","bundle_max_size":"","bundle_price":[],"bundled_items":[],"bundle_sell_ids":[],"acf":[],"_links":{"self":[{"href":"https:\/\/hi-techwonder.com\/es\/wp-json\/wp\/v2\/product\/17965","targetHints":{"allow":["GET"]}}],"collection":[{"href":"https:\/\/hi-techwonder.com\/es\/wp-json\/wp\/v2\/product"}],"about":[{"href":"https:\/\/hi-techwonder.com\/es\/wp-json\/wp\/v2\/types\/product"}],"replies":[{"embeddable":true,"href":"https:\/\/hi-techwonder.com\/es\/wp-json\/wp\/v2\/comments?post=17965"}],"wp:featuredmedia":[{"embeddable":true,"href":"https:\/\/hi-techwonder.com\/es\/wp-json\/wp\/v2\/media\/14637"}],"wp:attachment":[{"href":"https:\/\/hi-techwonder.com\/es\/wp-json\/wp\/v2\/media?parent=17965"}],"wp:term":[{"taxonomy":"product_brand","embeddable":true,"href":"https:\/\/hi-techwonder.com\/es\/wp-json\/wp\/v2\/product_brand?post=17965"},{"taxonomy":"product_cat","embeddable":true,"href":"https:\/\/hi-techwonder.com\/es\/wp-json\/wp\/v2\/product_cat?post=17965"},{"taxonomy":"product_tag","embeddable":true,"href":"https:\/\/hi-techwonder.com\/es\/wp-json\/wp\/v2\/product_tag?post=17965"}],"curies":[{"name":"wp","href":"https:\/\/api.w.org\/{rel}","templated":true}]}}