{"id":17977,"date":"2025-07-24T09:07:31","date_gmt":"2025-07-24T09:07:31","guid":{"rendered":"https:\/\/fv6qoy3ls0.wpdns.site\/produto\/viltrox-af-85mm-f-1-8-xf-ii-z-e-ii\/"},"modified":"2026-04-08T17:41:17","modified_gmt":"2026-04-08T16:41:17","slug":"viltrox-af-85mm-f-1-8-xf-ii-z-e-ii","status":"publish","type":"product","link":"https:\/\/hi-techwonder.com\/es\/producto\/viltrox-af-85mm-f-1-8-xf-ii-z-e-ii\/","title":{"rendered":"Viltrox AF 85mm f\/1.8 XF II | Z | E II"},"content":{"rendered":"<p>Distinguido por su dise\u00f1o elegante y su \u00f3ptica avanzada, el Viltrox AF 85mm f\/1.8 es un objetivo fijo de longitud de retrato dise\u00f1ado para Nikon Z | Sony E | Fujifilm X. La distancia focal corta del teleobjetivo del objetivo se combina con el dise\u00f1o brillante de f\/1,8 para adaptarse al trabajo en una variedad de condiciones de iluminaci\u00f3n, as\u00ed como para controlar la profundidad de campo y aislar al sujeto. El dise\u00f1o \u00f3ptico consta de un elemento de dispersi\u00f3n extra baja y cuatro elementos hechos de vidrio altamente transparente de longitud de onda corta, que ayudan a reducir las aberraciones crom\u00e1ticas para obtener colores precisos y de alta claridad.<\/p>\n<p>Tambi\u00e9n se ha aplicado un revestimiento multicapa HD Nano para suprimir los destellos y las im\u00e1genes fantasma para mejorar el contraste cuando se trabaja en condiciones de iluminaci\u00f3n brillante. Adem\u00e1s, el objetivo cuenta con un motor STM para un enfoque autom\u00e1tico r\u00e1pido y silencioso junto con una distancia de enfoque m\u00ednima de 80 cm para trabajar con sujetos en primer plano.<\/p>\n<p>&nbsp;<\/p>\n<ul>\n<li>Longitud de retrato prime est\u00e1 dise\u00f1ado para c\u00e1maras de formato que no son de fotograma completo; sin embargo, tambi\u00e9n se puede usar con modelos APS-C donde proporciona una distancia focal equivalente a 127,5 mm.<\/li>\n<li>La brillante apertura m\u00e1xima de f\/1.8 beneficia al trabajar en condiciones de iluminaci\u00f3n dif\u00edciles y tambi\u00e9n ofrece un amplio control sobre la posici\u00f3n de enfoque cuando se utilizan t\u00e9cnicas de poca profundidad de campo.<\/li>\n<li>Un elemento de dispersi\u00f3n extra baja y cuatro elementos hechos de vidrio altamente transparente contribuyen a reducir una variedad de aberraciones para producir im\u00e1genes bien corregidas con colores precisos y sin franjas de color.<\/li>\n<li>El revestimiento multicapa HD Nano se ha aplicado a elementos individuales para reducir los destellos y las im\u00e1genes fantasma para mejorar el contraste. Adem\u00e1s, este revestimiento es resistente al agua para ayudar a proteger las superficies expuestas de la humedad.<\/li>\n<li>El motor de enfoque autom\u00e1tico STM ofrece un rendimiento de enfoque preciso y silencioso y una distancia de enfoque m\u00ednima de 80 cm.<\/li>\n<li>Los contactos electr\u00f3nicos transmiten datos Exif y permiten la selecci\u00f3n de apertura basada en la c\u00e1mara. Adem\u00e1s, un puerto USB incorporado le permite actualizar el firmware de la lente.<\/li>\n<li>El diafragma de nueve hojas contribuye a una agradable calidad de bokeh.<\/li>\n<li>El parasol de lente incluido protege el elemento frontal de la luz par\u00e1sita que causa deslumbramiento y tambi\u00e9n brinda protecci\u00f3n f\u00edsica adicional.<\/li>\n<\/ul>\n<p>&nbsp;<\/p>\n<p><strong>Especificaciones:<\/strong><\/p>\n<table width=\"584\">\n<tbody>\n<tr>\n<td width=\"292\">Longitud focal<\/td>\n<td width=\"292\">85 mm<\/td>\n<\/tr>\n<tr>\n<td width=\"292\">Apertura M\u00e1xima<\/td>\n<td width=\"292\">f\/1.8<\/td>\n<\/tr>\n<tr>\n<td width=\"292\">Apertura M\u00ednima<\/td>\n<td width=\"292\">f\/16<\/td>\n<\/tr>\n<tr>\n<td width=\"292\">Montura<\/td>\n<td width=\"292\">Sony E | Nikon Z | Fujifilm X<\/td>\n<\/tr>\n<tr>\n<td width=\"292\">Cobertura de formato de lente<\/td>\n<td width=\"292\">Fotograma Completo | APS-C (Fuji X)<\/td>\n<\/tr>\n<tr>\n<td width=\"292\">\u00c1ngulo de visi\u00f3n<\/td>\n<td width=\"292\">28\u00b0 46\u2032<\/td>\n<\/tr>\n<tr>\n<td width=\"292\">Distancia m\u00ednima de enfoque<\/td>\n<td width=\"292\">80 cm<\/td>\n<\/tr>\n<tr>\n<td width=\"292\">Ampliaci\u00f3n m\u00e1xima<\/td>\n<td width=\"292\">0,13x<\/td>\n<\/tr>\n<tr>\n<td width=\"292\">Dise\u00f1o \u00f3ptico<\/td>\n<td width=\"292\">10 elementos en 7 grupos<\/td>\n<\/tr>\n<tr>\n<td width=\"292\">Hojas de diafragma<\/td>\n<td width=\"292\">9<\/td>\n<\/tr>\n<tr>\n<td width=\"292\">Tipo de enfoque<\/td>\n<td width=\"292\">Enfoque autom\u00e1tico<\/td>\n<\/tr>\n<tr>\n<td width=\"292\">Estabilizaci\u00f3n de imagen<\/td>\n<td width=\"292\">No<\/td>\n<\/tr>\n<tr>\n<td width=\"292\">Tama\u00f1o del filtro<\/td>\n<td width=\"292\">72 mm (Frente)<\/td>\n<\/tr>\n<tr>\n<td width=\"292\">Dimensiones (\u00f8 x L)<\/td>\n<td width=\"292\">80 x 92 mm<\/td>\n<\/tr>\n<tr>\n<td width=\"292\">Peso<\/td>\n<td width=\"292\">484 g (Sony E) | 540 g (Nikon Z) | 492 g (Fuji X)<\/td>\n<\/tr>\n<\/tbody>\n<\/table>\n<p>&nbsp;<\/p>\n","protected":false},"excerpt":{"rendered":"<ul>\n<li>Formato de fotograma completo | APS-C (Fuji X)<\/li>\n<li>Rango de apertura: f\/1.8 a f\/16<\/li>\n<li>Un elemento de dispersi\u00f3n extra baja<\/li>\n<li>Cuatro elementos de alta transparencia<\/li>\n<li>Revestimiento multicapa Nano HD<\/li>\n<li>Motor paso a paso STM AF<\/li>\n<li>Diafragma de 9 hojas<\/li>\n<li>Contactos electr\u00f3nicos y selecci\u00f3n de apertura<\/li>\n<li>Puerto USB para actualizaciones de firmware<\/li>\n<\/ul>\n","protected":false},"featured_media":13624,"comment_status":"closed","ping_status":"closed","template":"","meta":{"_acf_changed":false},"product_brand":[2544],"product_cat":[1062],"product_tag":[],"class_list":{"0":"post-17977","1":"product","2":"type-product","3":"status-publish","4":"has-post-thumbnail","6":"product_brand-viltrox-es","7":"product_cat-mirrorless-objectivos","8":"pa_abertura-maxima-f-1-8-es","9":"pa_cor-negro","10":"pa_diametro-72mm-es","11":"pa_estabilizacao-de-imagem-no","12":"pa_montagem-da-objetiva-fujifilm-x-es","13":"pa_montagem-da-objetiva-nikon-z-es","14":"pa_montagem-da-objetiva-sony-e-es","15":"pa_sensor-aps-c-es","16":"pa_sensor-fotograma-completo","17":"pa_tipo-de-foco-enfoque-automatico","18":"pa_tipo-de-objetiva-teleobjetivo","19":"pa_zoom-fixa-fijo","21":"first","22":"instock","23":"sale","24":"taxable","25":"shipping-taxable","26":"purchasable","27":"product-type-variable"},"bundled_by":[],"bundle_stock_status":"instock","bundle_stock_quantity":null,"bundle_virtual":false,"bundle_layout":"","bundle_add_to_cart_form_location":"","bundle_editable_in_cart":false,"bundle_sold_individually_context":"","bundle_item_grouping":"","bundle_min_size":"","bundle_max_size":"","bundle_price":[],"bundled_items":[],"bundle_sell_ids":[],"acf":[],"_links":{"self":[{"href":"https:\/\/hi-techwonder.com\/es\/wp-json\/wp\/v2\/product\/17977","targetHints":{"allow":["GET"]}}],"collection":[{"href":"https:\/\/hi-techwonder.com\/es\/wp-json\/wp\/v2\/product"}],"about":[{"href":"https:\/\/hi-techwonder.com\/es\/wp-json\/wp\/v2\/types\/product"}],"replies":[{"embeddable":true,"href":"https:\/\/hi-techwonder.com\/es\/wp-json\/wp\/v2\/comments?post=17977"}],"wp:featuredmedia":[{"embeddable":true,"href":"https:\/\/hi-techwonder.com\/es\/wp-json\/wp\/v2\/media\/13624"}],"wp:attachment":[{"href":"https:\/\/hi-techwonder.com\/es\/wp-json\/wp\/v2\/media?parent=17977"}],"wp:term":[{"taxonomy":"product_brand","embeddable":true,"href":"https:\/\/hi-techwonder.com\/es\/wp-json\/wp\/v2\/product_brand?post=17977"},{"taxonomy":"product_cat","embeddable":true,"href":"https:\/\/hi-techwonder.com\/es\/wp-json\/wp\/v2\/product_cat?post=17977"},{"taxonomy":"product_tag","embeddable":true,"href":"https:\/\/hi-techwonder.com\/es\/wp-json\/wp\/v2\/product_tag?post=17977"}],"curies":[{"name":"wp","href":"https:\/\/api.w.org\/{rel}","templated":true}]}}