{"id":18013,"date":"2025-07-24T09:07:31","date_gmt":"2025-07-24T09:07:31","guid":{"rendered":"https:\/\/fv6qoy3ls0.wpdns.site\/produto\/viltrox-s-23mm-t1-5-cine-micro-4-3-sony-e\/"},"modified":"2026-02-06T17:54:57","modified_gmt":"2026-02-06T17:54:57","slug":"viltrox-s-23mm-t1-5-cine-micro-4-3-sony-e","status":"publish","type":"product","link":"https:\/\/hi-techwonder.com\/es\/producto\/viltrox-s-23mm-t1-5-cine-micro-4-3-sony-e\/","title":{"rendered":"Viltrox S 23mm T1.5 Cine Micro 4\/3 | Sony E"},"content":{"rendered":"<h1>Viltrox S 23mm T1.5 Cine Micro 4\/3 | Sony E<\/h1>\n<p>Equipado con una r\u00e1pida apertura T1.5, el objetivo Viltrox 23 mm T1.5 ofrece una cobertura estilo cine para c\u00e1maras con sensor MFT o Super35\/APS-C incluso en niveles de luz bajos. Los revestimientos multicapa, la construcci\u00f3n s\u00f3lida, el engranaje estilo cine de 0,8 MOD y una apertura de 14 hojas para un suave efecto bokeh completan los atributos de este objetivo compacto. Tambi\u00e9n comparte un di\u00e1metro frontal de 70 mm y una rosca de filtro de 62 mm con los otros lentes de la l\u00ednea de cine, lo que facilita los cambios de kit.<\/p>\n<p>&nbsp;<\/p>\n<ul>\n<li>La apertura m\u00e1xima T1.5 ultrarr\u00e1pida permite tomar fotograf\u00edas con poca luz y un mayor control sobre la profundidad de campo<\/li>\n<li>Un recubrimiento multicapa suprime el destello de la lente y un recubrimiento impermeable brinda protecci\u00f3n contra la intemperie<\/li>\n<li>El iris de 14 aspas crea efectos bokeh suaves y redondeados<\/li>\n<li>Dise\u00f1o de enfoque manual con distancia de enfoque m\u00ednima de 30 cm<\/li>\n<li>Marcas de enfoque en pies en un lado y metros en el otro<\/li>\n<li>ED (dispersi\u00f3n ultrabaja) y elementos de alta refracci\u00f3n para colores n\u00edtidos y precisos<\/li>\n<li>Las coronas dentadas MOD 0.8 se adaptan a los sistemas de enfoque estilo cine<\/li>\n<li>La colocaci\u00f3n uniforme de los engranajes facilita el cambio entre otros lentes de la serie<\/li>\n<li>Di\u00e1metro frontal com\u00fan de 70 mm para facilitar el uso de la caja mate con otras lentes de la serie<\/li>\n<li>Construcci\u00f3n totalmente met\u00e1lica duradera con componentes de lat\u00f3n<\/li>\n<\/ul>\n<p><strong>Especificaciones:<\/strong><\/p>\n<table width=\"584\">\n<tbody>\n<tr>\n<td width=\"292\">Longitud focal<\/td>\n<td width=\"292\">23 mm<\/td>\n<\/tr>\n<tr>\n<td width=\"292\">Apertura M\u00e1xima<\/td>\n<td width=\"292\">T1.5<\/td>\n<\/tr>\n<tr>\n<td width=\"292\">Apertura M\u00ednima<\/td>\n<td width=\"292\">T16<\/td>\n<\/tr>\n<tr>\n<td width=\"292\">Montura<\/td>\n<td width=\"292\">Micro 4\/3 | Sony E<\/td>\n<\/tr>\n<tr>\n<td width=\"292\">Cobertura de formato de lente<\/td>\n<td width=\"292\">Micro 4\/3 | Super35\/APS-C<\/td>\n<\/tr>\n<tr>\n<td width=\"292\">C\u00edrculo de Imagen<\/td>\n<td width=\"292\">21,7mm<\/td>\n<\/tr>\n<tr>\n<td width=\"292\">Distancia m\u00ednima de enfoque<\/td>\n<td width=\"292\">30 cm<\/td>\n<\/tr>\n<tr>\n<td width=\"292\">Escalas de enfoque<\/td>\n<td width=\"292\">M\u00e9trica e imperial<\/td>\n<\/tr>\n<tr>\n<td width=\"292\">Dise\u00f1o \u00f3ptico<\/td>\n<td width=\"292\">11 elementos en 10 grupos<\/td>\n<\/tr>\n<tr>\n<td width=\"292\">Hojas de diafragma<\/td>\n<td width=\"292\">14<\/td>\n<\/tr>\n<tr>\n<td width=\"292\">Comunicaci\u00f3n electr\u00f3nica<\/td>\n<td width=\"292\">No<\/td>\n<\/tr>\n<tr>\n<td width=\"292\">Estabilizaci\u00f3n de imagen<\/td>\n<td width=\"292\">No<\/td>\n<\/tr>\n<tr>\n<td width=\"292\">Tama\u00f1o del filtro<\/td>\n<td width=\"292\">62 mm (Frente)<\/td>\n<\/tr>\n<tr>\n<td width=\"292\">Dimensiones (\u00f8 x L)<\/td>\n<td width=\"292\">72 x 75 mm<\/td>\n<\/tr>\n<tr>\n<td width=\"292\">Peso<\/td>\n<td width=\"292\">500 g<\/td>\n<\/tr>\n<\/tbody>\n<\/table>\n","protected":false},"excerpt":{"rendered":"<ul>\n<li>Lente de cine con montura MFT | Sony E<\/li>\n<li>Cubre la imagen del sensor MFT | Super35\/APS-C<\/li>\n<li>Rango de apertura: T1.5 a T16<\/li>\n<li>Anillos de iris y enfoque estilo cine MOD 0.8<\/li>\n<li>Marcas de enfoque en pies y metros<\/li>\n<li>Iris de 14 hojas, efecto bokeh suave<\/li>\n<li>Di\u00e1metro frontal de 70 mm, rosca de filtro de 62 mm<\/li>\n<li>Nano revestimiento multicapa<\/li>\n<li>Estructura met\u00e1lica, revestimiento frontal impermeable<\/li>\n<\/ul>\n","protected":false},"featured_media":13660,"comment_status":"closed","ping_status":"closed","template":"","meta":{"_acf_changed":false},"product_brand":[2544],"product_cat":[1042],"product_tag":[],"class_list":{"0":"post-18013","1":"product","2":"type-product","3":"status-publish","4":"has-post-thumbnail","6":"product_brand-viltrox-es","7":"product_cat-cine","8":"pa_abertura-maxima-t1-5-es","9":"pa_cor-negro","10":"pa_diametro-62mm-es","11":"pa_estabilizacao-de-imagem-no","12":"pa_montagem-da-objetiva-micro-4-3-es","13":"pa_montagem-da-objetiva-sony-e-es","14":"pa_sensor-micro-cuatro-tercios","15":"pa_sensor-super-35-es","16":"pa_tipo-de-foco-enfoque-manual","17":"pa_tipo-de-objetiva-estandar","18":"pa_zoom-fixa-fijo","20":"first","21":"instock","22":"taxable","23":"shipping-taxable","24":"purchasable","25":"product-type-variable"},"bundled_by":[],"bundle_stock_status":"instock","bundle_stock_quantity":null,"bundle_virtual":false,"bundle_layout":"","bundle_add_to_cart_form_location":"","bundle_editable_in_cart":false,"bundle_sold_individually_context":"","bundle_item_grouping":"","bundle_min_size":"","bundle_max_size":"","bundle_price":[],"bundled_items":[],"bundle_sell_ids":[],"acf":[],"_links":{"self":[{"href":"https:\/\/hi-techwonder.com\/es\/wp-json\/wp\/v2\/product\/18013","targetHints":{"allow":["GET"]}}],"collection":[{"href":"https:\/\/hi-techwonder.com\/es\/wp-json\/wp\/v2\/product"}],"about":[{"href":"https:\/\/hi-techwonder.com\/es\/wp-json\/wp\/v2\/types\/product"}],"replies":[{"embeddable":true,"href":"https:\/\/hi-techwonder.com\/es\/wp-json\/wp\/v2\/comments?post=18013"}],"wp:featuredmedia":[{"embeddable":true,"href":"https:\/\/hi-techwonder.com\/es\/wp-json\/wp\/v2\/media\/13660"}],"wp:attachment":[{"href":"https:\/\/hi-techwonder.com\/es\/wp-json\/wp\/v2\/media?parent=18013"}],"wp:term":[{"taxonomy":"product_brand","embeddable":true,"href":"https:\/\/hi-techwonder.com\/es\/wp-json\/wp\/v2\/product_brand?post=18013"},{"taxonomy":"product_cat","embeddable":true,"href":"https:\/\/hi-techwonder.com\/es\/wp-json\/wp\/v2\/product_cat?post=18013"},{"taxonomy":"product_tag","embeddable":true,"href":"https:\/\/hi-techwonder.com\/es\/wp-json\/wp\/v2\/product_tag?post=18013"}],"curies":[{"name":"wp","href":"https:\/\/api.w.org\/{rel}","templated":true}]}}