{"id":18129,"date":"2025-07-24T09:05:31","date_gmt":"2025-07-24T09:05:31","guid":{"rendered":"https:\/\/fv6qoy3ls0.wpdns.site\/produto\/ttartisan-aps-c-7-5mm-f-2-fisheye\/"},"modified":"2026-04-21T08:41:58","modified_gmt":"2026-04-21T07:41:58","slug":"ttartisan-aps-c-7-5mm-f-2-fisheye","status":"publish","type":"product","link":"https:\/\/hi-techwonder.com\/es\/producto\/ttartisan-aps-c-7-5mm-f-2-fisheye\/","title":{"rendered":"TTArtisan APS-C 7.5mm f\/2 Fisheye"},"content":{"rendered":"<div class=\"vc_row wpb_row vc_row-fluid\">\n<div class=\"wpb_column vc_column_container vc_col-sm-12\">\n<div class=\"vc_column-inner\">\n<div class=\"wpb_wrapper\">\n<div class=\"wpb_text_column wpb_content_element\">\n<div class=\"wpb_wrapper\">\n<h3><strong>TTArtisan APS-C 7.5mm f\/2 Fisheye<\/strong><\/h3>\n<\/div>\n<\/div>\n<\/div>\n<\/div>\n<\/div>\n<\/div>\n<div class=\"vc_row wpb_row vc_row-fluid\">\n<div class=\"wpb_column vc_column_container vc_col-sm-12\">\n<div class=\"vc_column-inner\">\n<div class=\"wpb_wrapper\">\n<div class=\"wpb_video_widget wpb_content_element vc_clearfix   vc_video-aspect-ratio-169 vc_video-el-width-100 vc_video-align-left\">\n<div class=\"wpb_wrapper\">\n<div class=\"wpb_video_wrapper\"><iframe loading=\"lazy\" title=\"TTArtisan APS-C 7.5mm f\/2 Fisheye\" src=\"https:\/\/www.youtube.com\/embed\/fKN2v_g9AHo?feature=oembed\" width=\"500\" height=\"281\" frameborder=\"0\" allowfullscreen=\"allowfullscreen\" data-mce-fragment=\"1\"><\/iframe><\/div>\n<\/div>\n<\/div>\n<\/div>\n<\/div>\n<\/div>\n<\/div>\n<div class=\"vc_row wpb_row vc_row-fluid\">\n<div class=\"wpb_column vc_column_container vc_col-sm-12\">\n<div class=\"vc_column-inner\">\n<div class=\"wpb_wrapper\">\n<div class=\"wpb_text_column wpb_content_element\">\n<div class=\"wpb_wrapper\">\n<p>A sua objetiva TTArtisan 7.5mm f\/2 Fisheye dinamicamente ampla \u00e9 uma lente que preenche a \u00e1rea de imagem de um sensor de imagem ASP-C de canto a canto, mas tamb\u00e9m actua como uma fisheye circular quando utilizada num sensor de imagem de formato full-frame. Quando utilizada numa c\u00e2mara com sensor de imagem full-frame, a imagem fisheye circular \u00e9 fortemente vinhetada nos quatro cantos.<\/p>\n<p>O suporte da tampa frontal inclu\u00edda tem um design \u00fanico que corta ligeiramente mais para dentro da \u00e1rea da imagem para criar uma imagem totalmente circular com um per\u00edmetro mais limpo.<\/p>\n<p>O design da objetiva proporciona um \u00e2ngulo de vis\u00e3o de 180\u00b0 para produzir um atrativo visual distinto caracterizado por uma distor\u00e7\u00e3o dram\u00e1tica e uma representa\u00e7\u00e3o criativa do espa\u00e7o, o que ajuda a tirar fotografias amplas e inovadoras de paisagens e interiores.<\/p>\n<\/div>\n<\/div>\n<\/div>\n<\/div>\n<\/div>\n<\/div>\n<div class=\"vc_row wpb_row vc_row-fluid\">\n<div class=\"wpb_column vc_column_container vc_col-sm-12\">\n<div class=\"vc_column-inner\">\n<div class=\"wpb_wrapper\">\n<div class=\"wpb_gallery wpb_content_element vc_clearfix wpb_content_element\">\n<div class=\"wpb_wrapper\">\n<div class=\"wpb_gallery_slides wpb_image_grid\" data-interval=\"3\">\n<p><a class=\"\" href=\"https:\/\/ttartisan.pt\/wp-content\/uploads\/2024\/06\/Canon-RF-1-1024x1024.jpg\" data-lightbox=\"lightbox[rel-29387-1209293308]\" target=\"_blank\" rel=\"noopener\"><picture class=\"attachment-thumbnail\" title=\"Canon-RF (1)\"><source srcset=\"https:\/\/ttartisan.pt\/wp-content\/uploads\/2024\/06\/Canon-RF-1-150x150.jpg.avif 150w, https:\/\/ttartisan.pt\/wp-content\/uploads\/2024\/06\/Canon-RF-1-300x300.jpg.avif 300w, https:\/\/ttartisan.pt\/wp-content\/uploads\/2024\/06\/Canon-RF-1-1024x1024.jpg.avif 1024w, https:\/\/ttartisan.pt\/wp-content\/uploads\/2024\/06\/Canon-RF-1-768x768.jpg.avif 768w, https:\/\/ttartisan.pt\/wp-content\/uploads\/2024\/06\/Canon-RF-1-1536x1536.jpg.avif 1536w, https:\/\/ttartisan.pt\/wp-content\/uploads\/2024\/06\/Canon-RF-1-600x600.jpg.avif 600w, https:\/\/ttartisan.pt\/wp-content\/uploads\/2024\/06\/Canon-RF-1-100x100.jpg.avif 100w, https:\/\/ttartisan.pt\/wp-content\/uploads\/2024\/06\/Canon-RF-1.jpg.avif 2000w\" type=\"image\/avif\" sizes=\"auto, (max-width: 150px) 100vw, 150px\" \/><img loading=\"lazy\" decoding=\"async\" src=\"https:\/\/ttartisan.pt\/wp-content\/uploads\/2024\/06\/Canon-RF-1-150x150.jpg\" sizes=\"auto, (max-width: 150px) 100vw, 150px\" srcset=\"https:\/\/ttartisan.pt\/wp-content\/uploads\/2024\/06\/Canon-RF-1-150x150.jpg 150w, https:\/\/ttartisan.pt\/wp-content\/uploads\/2024\/06\/Canon-RF-1-300x300.jpg 300w, https:\/\/ttartisan.pt\/wp-content\/uploads\/2024\/06\/Canon-RF-1-1024x1024.jpg 1024w, https:\/\/ttartisan.pt\/wp-content\/uploads\/2024\/06\/Canon-RF-1-768x768.jpg 768w, https:\/\/ttartisan.pt\/wp-content\/uploads\/2024\/06\/Canon-RF-1-1536x1536.jpg 1536w, https:\/\/ttartisan.pt\/wp-content\/uploads\/2024\/06\/Canon-RF-1-600x600.jpg 600w, https:\/\/ttartisan.pt\/wp-content\/uploads\/2024\/06\/Canon-RF-1-100x100.jpg 100w, https:\/\/ttartisan.pt\/wp-content\/uploads\/2024\/06\/Canon-RF-1.jpg 2000w\" alt=\"\" width=\"150\" height=\"150\"><\/picture><\/a><a class=\"\" href=\"https:\/\/ttartisan.pt\/wp-content\/uploads\/2024\/06\/FUJI-3-1024x1024.jpg\" data-lightbox=\"lightbox[rel-29387-1209293308]\" target=\"_blank\" rel=\"noopener\"><picture class=\"attachment-thumbnail\" title=\"FUJI (3)\"><source srcset=\"https:\/\/ttartisan.pt\/wp-content\/uploads\/2024\/06\/FUJI-3-150x150.jpg.avif 150w, https:\/\/ttartisan.pt\/wp-content\/uploads\/2024\/06\/FUJI-3-300x300.jpg.avif 300w, https:\/\/ttartisan.pt\/wp-content\/uploads\/2024\/06\/FUJI-3-1024x1024.jpg.avif 1024w, https:\/\/ttartisan.pt\/wp-content\/uploads\/2024\/06\/FUJI-3-768x768.jpg.avif 768w, https:\/\/ttartisan.pt\/wp-content\/uploads\/2024\/06\/FUJI-3-1536x1536.jpg.avif 1536w, https:\/\/ttartisan.pt\/wp-content\/uploads\/2024\/06\/FUJI-3-600x600.jpg.avif 600w, https:\/\/ttartisan.pt\/wp-content\/uploads\/2024\/06\/FUJI-3-100x100.jpg.avif 100w, https:\/\/ttartisan.pt\/wp-content\/uploads\/2024\/06\/FUJI-3.jpg.avif 2000w\" type=\"image\/avif\" sizes=\"auto, (max-width: 150px) 100vw, 150px\" \/><img loading=\"lazy\" decoding=\"async\" src=\"https:\/\/ttartisan.pt\/wp-content\/uploads\/2024\/06\/FUJI-3-150x150.jpg\" sizes=\"auto, (max-width: 150px) 100vw, 150px\" srcset=\"https:\/\/ttartisan.pt\/wp-content\/uploads\/2024\/06\/FUJI-3-150x150.jpg 150w, https:\/\/ttartisan.pt\/wp-content\/uploads\/2024\/06\/FUJI-3-300x300.jpg 300w, https:\/\/ttartisan.pt\/wp-content\/uploads\/2024\/06\/FUJI-3-1024x1024.jpg 1024w, https:\/\/ttartisan.pt\/wp-content\/uploads\/2024\/06\/FUJI-3-768x768.jpg 768w, https:\/\/ttartisan.pt\/wp-content\/uploads\/2024\/06\/FUJI-3-1536x1536.jpg 1536w, https:\/\/ttartisan.pt\/wp-content\/uploads\/2024\/06\/FUJI-3-600x600.jpg 600w, https:\/\/ttartisan.pt\/wp-content\/uploads\/2024\/06\/FUJI-3-100x100.jpg 100w, https:\/\/ttartisan.pt\/wp-content\/uploads\/2024\/06\/FUJI-3.jpg 2000w\" alt=\"\" width=\"150\" height=\"150\"><\/picture><\/a><a class=\"\" href=\"https:\/\/ttartisan.pt\/wp-content\/uploads\/2024\/06\/Nikon-Z-1-1024x1024.jpg\" data-lightbox=\"lightbox[rel-29387-1209293308]\" target=\"_blank\" rel=\"noopener\"><picture class=\"attachment-thumbnail\" title=\"Nikon-Z (1)\"><source srcset=\"https:\/\/ttartisan.pt\/wp-content\/uploads\/2024\/06\/Nikon-Z-1-150x150.jpg.avif 150w, https:\/\/ttartisan.pt\/wp-content\/uploads\/2024\/06\/Nikon-Z-1-300x300.jpg.avif 300w, https:\/\/ttartisan.pt\/wp-content\/uploads\/2024\/06\/Nikon-Z-1-1024x1024.jpg.avif 1024w, https:\/\/ttartisan.pt\/wp-content\/uploads\/2024\/06\/Nikon-Z-1-768x768.jpg.avif 768w, https:\/\/ttartisan.pt\/wp-content\/uploads\/2024\/06\/Nikon-Z-1-1536x1536.jpg.avif 1536w, https:\/\/ttartisan.pt\/wp-content\/uploads\/2024\/06\/Nikon-Z-1-600x600.jpg.avif 600w, https:\/\/ttartisan.pt\/wp-content\/uploads\/2024\/06\/Nikon-Z-1-100x100.jpg.avif 100w, https:\/\/ttartisan.pt\/wp-content\/uploads\/2024\/06\/Nikon-Z-1.jpg.avif 2000w\" type=\"image\/avif\" sizes=\"auto, (max-width: 150px) 100vw, 150px\" \/><img loading=\"lazy\" decoding=\"async\" src=\"https:\/\/ttartisan.pt\/wp-content\/uploads\/2024\/06\/Nikon-Z-1-150x150.jpg\" sizes=\"auto, (max-width: 150px) 100vw, 150px\" srcset=\"https:\/\/ttartisan.pt\/wp-content\/uploads\/2024\/06\/Nikon-Z-1-150x150.jpg 150w, https:\/\/ttartisan.pt\/wp-content\/uploads\/2024\/06\/Nikon-Z-1-300x300.jpg 300w, https:\/\/ttartisan.pt\/wp-content\/uploads\/2024\/06\/Nikon-Z-1-1024x1024.jpg 1024w, https:\/\/ttartisan.pt\/wp-content\/uploads\/2024\/06\/Nikon-Z-1-768x768.jpg 768w, https:\/\/ttartisan.pt\/wp-content\/uploads\/2024\/06\/Nikon-Z-1-1536x1536.jpg 1536w, https:\/\/ttartisan.pt\/wp-content\/uploads\/2024\/06\/Nikon-Z-1-600x600.jpg 600w, https:\/\/ttartisan.pt\/wp-content\/uploads\/2024\/06\/Nikon-Z-1-100x100.jpg 100w, https:\/\/ttartisan.pt\/wp-content\/uploads\/2024\/06\/Nikon-Z-1.jpg 2000w\" alt=\"\" width=\"150\" height=\"150\"><\/picture><\/a><a class=\"\" href=\"https:\/\/ttartisan.pt\/wp-content\/uploads\/2024\/06\/OLYMPUS-1-1024x1024.jpg\" data-lightbox=\"lightbox[rel-29387-1209293308]\" target=\"_blank\" rel=\"noopener\"><picture class=\"attachment-thumbnail\" title=\"OLYMPUS (1)\"><source srcset=\"https:\/\/ttartisan.pt\/wp-content\/uploads\/2024\/06\/OLYMPUS-1-150x150.jpg.avif 150w, https:\/\/ttartisan.pt\/wp-content\/uploads\/2024\/06\/OLYMPUS-1-300x300.jpg.avif 300w, https:\/\/ttartisan.pt\/wp-content\/uploads\/2024\/06\/OLYMPUS-1-1024x1024.jpg.avif 1024w, https:\/\/ttartisan.pt\/wp-content\/uploads\/2024\/06\/OLYMPUS-1-768x768.jpg.avif 768w, https:\/\/ttartisan.pt\/wp-content\/uploads\/2024\/06\/OLYMPUS-1-1536x1536.jpg.avif 1536w, https:\/\/ttartisan.pt\/wp-content\/uploads\/2024\/06\/OLYMPUS-1-600x600.jpg.avif 600w, https:\/\/ttartisan.pt\/wp-content\/uploads\/2024\/06\/OLYMPUS-1-100x100.jpg.avif 100w, https:\/\/ttartisan.pt\/wp-content\/uploads\/2024\/06\/OLYMPUS-1.jpg.avif 2000w\" type=\"image\/avif\" sizes=\"auto, (max-width: 150px) 100vw, 150px\" \/><img loading=\"lazy\" decoding=\"async\" src=\"https:\/\/ttartisan.pt\/wp-content\/uploads\/2024\/06\/OLYMPUS-1-150x150.jpg\" sizes=\"auto, (max-width: 150px) 100vw, 150px\" srcset=\"https:\/\/ttartisan.pt\/wp-content\/uploads\/2024\/06\/OLYMPUS-1-150x150.jpg 150w, https:\/\/ttartisan.pt\/wp-content\/uploads\/2024\/06\/OLYMPUS-1-300x300.jpg 300w, https:\/\/ttartisan.pt\/wp-content\/uploads\/2024\/06\/OLYMPUS-1-1024x1024.jpg 1024w, https:\/\/ttartisan.pt\/wp-content\/uploads\/2024\/06\/OLYMPUS-1-768x768.jpg 768w, https:\/\/ttartisan.pt\/wp-content\/uploads\/2024\/06\/OLYMPUS-1-1536x1536.jpg 1536w, https:\/\/ttartisan.pt\/wp-content\/uploads\/2024\/06\/OLYMPUS-1-600x600.jpg 600w, https:\/\/ttartisan.pt\/wp-content\/uploads\/2024\/06\/OLYMPUS-1-100x100.jpg 100w, https:\/\/ttartisan.pt\/wp-content\/uploads\/2024\/06\/OLYMPUS-1.jpg 2000w\" alt=\"\" width=\"150\" height=\"150\"><\/picture><\/a><a class=\"\" href=\"https:\/\/ttartisan.pt\/wp-content\/uploads\/2024\/06\/SONY-E-4-1024x1024.jpg\" data-lightbox=\"lightbox[rel-29387-1209293308]\" target=\"_blank\" rel=\"noopener\"><picture class=\"attachment-thumbnail\" title=\"SONY-E (4)\"><source srcset=\"https:\/\/ttartisan.pt\/wp-content\/uploads\/2024\/06\/SONY-E-4-150x150.jpg.avif 150w, https:\/\/ttartisan.pt\/wp-content\/uploads\/2024\/06\/SONY-E-4-300x300.jpg.avif 300w, https:\/\/ttartisan.pt\/wp-content\/uploads\/2024\/06\/SONY-E-4-1024x1024.jpg.avif 1024w, https:\/\/ttartisan.pt\/wp-content\/uploads\/2024\/06\/SONY-E-4-768x768.jpg.avif 768w, https:\/\/ttartisan.pt\/wp-content\/uploads\/2024\/06\/SONY-E-4-1536x1536.jpg.avif 1536w, https:\/\/ttartisan.pt\/wp-content\/uploads\/2024\/06\/SONY-E-4-600x600.jpg.avif 600w, https:\/\/ttartisan.pt\/wp-content\/uploads\/2024\/06\/SONY-E-4-100x100.jpg.avif 100w, https:\/\/ttartisan.pt\/wp-content\/uploads\/2024\/06\/SONY-E-4.jpg.avif 2000w\" type=\"image\/avif\" sizes=\"auto, (max-width: 150px) 100vw, 150px\" \/><img loading=\"lazy\" decoding=\"async\" src=\"https:\/\/ttartisan.pt\/wp-content\/uploads\/2024\/06\/SONY-E-4-150x150.jpg\" sizes=\"auto, (max-width: 150px) 100vw, 150px\" srcset=\"https:\/\/ttartisan.pt\/wp-content\/uploads\/2024\/06\/SONY-E-4-150x150.jpg 150w, https:\/\/ttartisan.pt\/wp-content\/uploads\/2024\/06\/SONY-E-4-300x300.jpg 300w, https:\/\/ttartisan.pt\/wp-content\/uploads\/2024\/06\/SONY-E-4-1024x1024.jpg 1024w, https:\/\/ttartisan.pt\/wp-content\/uploads\/2024\/06\/SONY-E-4-768x768.jpg 768w, https:\/\/ttartisan.pt\/wp-content\/uploads\/2024\/06\/SONY-E-4-1536x1536.jpg 1536w, https:\/\/ttartisan.pt\/wp-content\/uploads\/2024\/06\/SONY-E-4-600x600.jpg 600w, https:\/\/ttartisan.pt\/wp-content\/uploads\/2024\/06\/SONY-E-4-100x100.jpg 100w, https:\/\/ttartisan.pt\/wp-content\/uploads\/2024\/06\/SONY-E-4.jpg 2000w\" alt=\"\" width=\"150\" height=\"150\"><\/picture><\/a><\/p>\n<\/div>\n<\/div>\n<\/div>\n<\/div>\n<\/div>\n<\/div>\n<\/div>\n<div class=\"vc_row wpb_row vc_row-fluid\">\n<div class=\"wpb_column vc_column_container vc_col-sm-12\">\n<div class=\"vc_column-inner\">\n<div class=\"wpb_wrapper\">\n<div class=\"wpb_text_column wpb_content_element\">\n<div class=\"wpb_wrapper\">\n<h4>Caracter\u00edsticas principais<\/h4>\n<ul>\n<li>Abertura m\u00e1xima f\/2, permitindo trabalhar em situa\u00e7\u00f5es de escassez de luz, como astrofotografia.<\/li>\n<li>Com um \u00e2ngulo de vis\u00e3o de 180\u00ba, permite um visual \u00fanico, com a distor\u00e7\u00e3o dram\u00e1tica, que garante fotografias de paisagem com um car\u00e1cter impressionante.<\/li>\n<li>A distor\u00e7\u00e3o olho-de-peixe carater\u00edstica e a dist\u00e2ncia de focagem pr\u00f3xima de 12,5cm tamb\u00e9m se prestam a retratos surreais e exagerados e a fotografias de grandes planos.<\/li>\n<li>Pode ser usada como uma fisheye diagonal, em sensores e formatos APS-C | M4\/3, ou como fisheye circula em sensores Full Frame<\/li>\n<\/ul>\n<p><strong>NOTA<\/strong>: Esta objetiva \u00e9 totalmente manual e n\u00e3o suporta comunica\u00e7\u00e3o eletr\u00f3nica com o corpo da c\u00e2mara.<\/p>\n<\/div>\n<\/div>\n<\/div>\n<\/div>\n<\/div>\n<\/div>\n<div class=\"vc_row wpb_row vc_row-fluid\">\n<div class=\"wpb_column vc_column_container vc_col-sm-12\">\n<div class=\"vc_column-inner\">\n<div class=\"wpb_wrapper\">\n<div class=\"wpb_single_image wpb_content_element vc_align_left wpb_content_element\">\n<figure class=\"wpb_wrapper vc_figure\">\n<div class=\"vc_single_image-wrapper   vc_box_border_grey\"><img loading=\"lazy\" decoding=\"async\" class=\"vc_single_image-img \" title=\"DSC02945\" src=\"https:\/\/ttartisan.pt\/wp-content\/uploads\/2024\/06\/DSC02945-752x502.jpg\" alt=\"DSC02945\" width=\"752\" height=\"502\" \/><\/div>\n<\/figure>\n<\/div>\n<\/div>\n<\/div>\n<\/div>\n<\/div>\n<div class=\"vc_row wpb_row vc_row-fluid\">\n<div class=\"wpb_column vc_column_container vc_col-sm-12\">\n<div class=\"vc_column-inner\">\n<div class=\"wpb_wrapper\">\n<div class=\"wpb_text_column wpb_content_element\">\n<div class=\"wpb_wrapper\">\n<h4>Especifica\u00e7\u00f5es<\/h4>\n<table width=\"670\">\n<tbody>\n<tr>\n<td width=\"255\">Abertura m\u00e1xima<\/td>\n<td>f\/2.0<\/td>\n<\/tr>\n<tr>\n<td width=\"255\">Abertura m\u00ednima<\/td>\n<td>f\/11<\/td>\n<\/tr>\n<tr>\n<td width=\"255\">Montagem da lente<\/td>\n<td>Sony E | Fuji X | Micro 4\/3 | Nikon Z | Canon RF<\/td>\n<\/tr>\n<tr>\n<td width=\"255\">Cobertura do formato da lente<\/td>\n<td>APS-C | M43<\/td>\n<\/tr>\n<tr>\n<td width=\"255\">Dist\u00e2ncia m\u00ednima de focagem<\/td>\n<td>12,5cm<\/td>\n<\/tr>\n<tr>\n<td width=\"255\">\u00c2ngulo de vis\u00e3o<\/td>\n<td>180\u00ba (Diagonal)<\/td>\n<\/tr>\n<tr>\n<td width=\"255\">Design \u00f3tico<\/td>\n<td>11 elementos em 8 grupos<\/td>\n<\/tr>\n<tr>\n<td width=\"255\">L\u00e2minas de diafragma<\/td>\n<td>7<\/td>\n<\/tr>\n<tr>\n<td width=\"255\">Tipo de focagem<\/td>\n<td>Focagem manual<\/td>\n<\/tr>\n<tr>\n<td width=\"255\">Anel de abertura<\/td>\n<td>Com cliques<\/td>\n<\/tr>\n<tr>\n<td width=\"255\">Estabiliza\u00e7\u00e3o de imagem<\/td>\n<td>N\u00e3o<\/td>\n<\/tr>\n<tr>\n<td width=\"255\">Filtro Frontal<\/td>\n<td>Nenhum<\/td>\n<\/tr>\n<tr>\n<td width=\"255\">Dimens\u00e3o (C x D)<\/td>\n<td>57~59 x 72mm<\/td>\n<\/tr>\n<tr>\n<td width=\"255\">Peso<\/td>\n<td>343~370g<\/td>\n<\/tr>\n<\/tbody>\n<\/table>\n<\/div>\n<\/div>\n<\/div>\n<\/div>\n<\/div>\n<\/div>\n<div class=\"vc_row wpb_row vc_row-fluid\">\n<div class=\"wpb_column vc_column_container vc_col-sm-12\">\n<div class=\"vc_column-inner\">\n<div class=\"wpb_wrapper\">\n<div class=\"wpb_single_image wpb_content_element vc_align_left wpb_content_element\">\n<figure class=\"wpb_wrapper vc_figure\">\n<div class=\"vc_single_image-wrapper   vc_box_border_grey\"><img loading=\"lazy\" decoding=\"async\" class=\"vc_single_image-img \" title=\"DSC08980\" src=\"https:\/\/ttartisan.pt\/wp-content\/uploads\/2024\/06\/DSC08980-752x502.jpg\" alt=\"DSC08980\" width=\"752\" height=\"502\" \/><\/div>\n<\/figure>\n<\/div>\n<\/div>\n<\/div>\n<\/div>\n<\/div>\n","protected":false},"excerpt":{"rendered":"<ul>\n<li>APS-C | f\/2.0 a f\/11<\/li>\n<li>Renderiza Fisheye Circular em Full Frame<\/li>\n<li>2 elementos LD e 3 elementos de \u00edndice elevado<\/li>\n<li>Focagem e anel de abertura manual<\/li>\n<li>Dist\u00e2ncia m\u00ednima de focagem: 12.5cm<\/li>\n<li>P\u00e1ra-sol de lente integrado<\/li>\n<li>Diafragma de 7 l\u00e2minas<\/li>\n<\/ul>\n","protected":false},"featured_media":14653,"comment_status":"closed","ping_status":"closed","template":"","meta":{"_acf_changed":false},"product_brand":[2545],"product_cat":[1062],"product_tag":[],"class_list":{"0":"post-18129","1":"product","2":"type-product","3":"status-publish","4":"has-post-thumbnail","6":"product_brand-ttartisan-es","7":"product_cat-mirrorless-objectivos","8":"pa_abertura-maxima-f-2-es","9":"pa_cor-negro","10":"pa_designs-especiais-fisheye-es","11":"pa_diametro-no-tiene","12":"pa_estabilizacao-de-imagem-no","13":"pa_montagem-da-objetiva-canon-rf-es","14":"pa_montagem-da-objetiva-fujifilm-x-es","15":"pa_montagem-da-objetiva-l-mount-es","16":"pa_montagem-da-objetiva-micro-4-3-es","17":"pa_montagem-da-objetiva-nikon-z-es","18":"pa_montagem-da-objetiva-sony-e-es","19":"pa_sensor-aps-c-es","20":"pa_sensor-micro-cuatro-tercios","21":"pa_tipo-de-foco-enfoque-manual","22":"pa_tipo-de-objetiva-gran-angular","23":"pa_zoom-fixa-fijo","25":"first","26":"instock","27":"taxable","28":"shipping-taxable","29":"purchasable","30":"product-type-variable"},"bundled_by":[],"bundle_stock_status":"instock","bundle_stock_quantity":null,"bundle_virtual":false,"bundle_layout":"","bundle_add_to_cart_form_location":"","bundle_editable_in_cart":false,"bundle_sold_individually_context":"","bundle_item_grouping":"","bundle_min_size":"","bundle_max_size":"","bundle_price":[],"bundled_items":[],"bundle_sell_ids":[],"acf":[],"_links":{"self":[{"href":"https:\/\/hi-techwonder.com\/es\/wp-json\/wp\/v2\/product\/18129","targetHints":{"allow":["GET"]}}],"collection":[{"href":"https:\/\/hi-techwonder.com\/es\/wp-json\/wp\/v2\/product"}],"about":[{"href":"https:\/\/hi-techwonder.com\/es\/wp-json\/wp\/v2\/types\/product"}],"replies":[{"embeddable":true,"href":"https:\/\/hi-techwonder.com\/es\/wp-json\/wp\/v2\/comments?post=18129"}],"wp:featuredmedia":[{"embeddable":true,"href":"https:\/\/hi-techwonder.com\/es\/wp-json\/wp\/v2\/media\/14653"}],"wp:attachment":[{"href":"https:\/\/hi-techwonder.com\/es\/wp-json\/wp\/v2\/media?parent=18129"}],"wp:term":[{"taxonomy":"product_brand","embeddable":true,"href":"https:\/\/hi-techwonder.com\/es\/wp-json\/wp\/v2\/product_brand?post=18129"},{"taxonomy":"product_cat","embeddable":true,"href":"https:\/\/hi-techwonder.com\/es\/wp-json\/wp\/v2\/product_cat?post=18129"},{"taxonomy":"product_tag","embeddable":true,"href":"https:\/\/hi-techwonder.com\/es\/wp-json\/wp\/v2\/product_tag?post=18129"}],"curies":[{"name":"wp","href":"https:\/\/api.w.org\/{rel}","templated":true}]}}