{"id":18200,"date":"2025-07-24T09:07:48","date_gmt":"2025-07-24T09:07:48","guid":{"rendered":"https:\/\/fv6qoy3ls0.wpdns.site\/produto\/viltrox-af-23mm-f-1-4-z-nikon-z\/"},"modified":"2025-12-19T03:05:16","modified_gmt":"2025-12-19T03:05:16","slug":"viltrox-af-23mm-f-1-4-z-nikon-z","status":"publish","type":"product","link":"https:\/\/hi-techwonder.com\/es\/producto\/viltrox-af-23mm-f-1-4-z-nikon-z\/","title":{"rendered":"Viltrox AF 23mm f\/1.4 Z &#8211; Nikon Z"},"content":{"rendered":"<p>Caracterizado por su dise\u00f1o elegante y vers\u00e1til, el Viltrox AF 23 mm f\/1.4 es un objetivo gran angular dise\u00f1ado para c\u00e1maras sin espejo de formato APS-C. La distancia focal flexible de gran angular se combina con la brillante apertura m\u00e1xima de f\/1.4 para adaptarse al trabajo en una variedad de condiciones de iluminaci\u00f3n y tambi\u00e9n permite un control mejorado sobre la profundidad de campo para aislar al sujeto mediante t\u00e9cnicas de enfoque selectivo. El dise\u00f1o \u00f3ptico incorpora un par de elementos de dispersi\u00f3n extra baja y un par de elementos de alto \u00edndice de refracci\u00f3n, que se combinan para suprimir una variedad de aberraciones y producir una gran nitidez, claridad y precisi\u00f3n de color. Tambi\u00e9n se ha aplicado un revestimiento multicapa HD Nano para reducir los destellos y las im\u00e1genes fantasma para lograr un mayor contraste en condiciones de luz brillante y contraluz.<\/p>\n<p>Este objetivo compacto incorpora un motor paso a paso STM, que produce un rendimiento de enfoque autom\u00e1tico r\u00e1pido, casi silencioso y preciso, junto con la anulaci\u00f3n de enfoque manual a tiempo completo. Un dise\u00f1o de enfoque interno tambi\u00e9n permite un rendimiento r\u00e1pido. Adem\u00e1s, la lente tiene un puerto micro-USB incorporado para futuras actualizaciones de firmware. Los objetivos vienen en un acabado Black, excepto la montura Canon EOS-M que viene en un acabado Silver.<\/p>\n<ul>\n<li>El objetivo gran angular principal est\u00e1 dise\u00f1ada para c\u00e1maras sin espejo de formato APS-C y proporciona una distancia focal equivalente a 35 mm.<\/li>\n<li>La brillante apertura m\u00e1xima de f\/1.4 es adecuada para trabajar en condiciones de poca luz y tambi\u00e9n ofrece un mayor control sobre la profundidad de campo.<\/li>\n<li>Dos elementos de dispersi\u00f3n extra baja reducen las franjas de color y las aberraciones crom\u00e1ticas para lograr un alto grado de claridad y precisi\u00f3n de color.<\/li>\n<li>Dos elementos de alto \u00edndice de refracci\u00f3n ayudan a controlar las aberraciones esf\u00e9ricas y reducen la distorsi\u00f3n para una alta nitidez y una reproducci\u00f3n precisa.<\/li>\n<li>El revestimiento multicapa HD Nano se ha aplicado a elementos individuales para suprimir los destellos y las im\u00e1genes fantasma para lograr un mayor contraste y fidelidad de color cuando se trabaja en condiciones de iluminaci\u00f3n brillante.<\/li>\n<li>El motor paso a paso STM permite un rendimiento de enfoque autom\u00e1tico r\u00e1pido, silencioso y preciso junto con la anulaci\u00f3n de enfoque manual a tiempo completo. Adem\u00e1s, un dise\u00f1o de enfoque interno mantiene la longitud completa de la lente durante el uso para un mejor manejo y una respuesta m\u00e1s r\u00e1pida.<\/li>\n<li>Anillo de apertura manual integrado para control de exposici\u00f3n t\u00e1ctil; este anillo tambi\u00e9n cuenta con una posici\u00f3n \u2018A\u2019 para la selecci\u00f3n autom\u00e1tica de apertura basada en la c\u00e1mara.<\/li>\n<li>El diafragma de nueve hojas contribuye a una agradable calidad de bokeh.<\/li>\n<li>Puerto micro-USB integrado para actualizaciones de firmware.<\/li>\n<\/ul>\n<p>&nbsp;<\/p>\n<p><strong>Especificaciones:<\/strong><\/p>\n<table width=\"584\">\n<tbody>\n<tr>\n<td width=\"292\">Longitud focal<\/td>\n<td width=\"292\">23 mm<\/td>\n<\/tr>\n<tr>\n<td width=\"292\">Apertura M\u00e1xima<\/td>\n<td width=\"292\">f\/1.4<\/td>\n<\/tr>\n<tr>\n<td width=\"292\">Apertura M\u00ednima<\/td>\n<td width=\"292\">f\/16<\/td>\n<\/tr>\n<tr>\n<td width=\"292\">Montura<\/td>\n<td width=\"292\">Nikon Z<\/td>\n<\/tr>\n<tr>\n<td width=\"292\">Cobertura de formato de lente<\/td>\n<td width=\"292\">APS-C<\/td>\n<\/tr>\n<tr>\n<td width=\"292\">\u00c1ngulo de visi\u00f3n<\/td>\n<td width=\"292\">63.4\u00b0<\/td>\n<\/tr>\n<tr>\n<td width=\"292\">Distancia m\u00ednima de enfoque<\/td>\n<td width=\"292\">30 cm<\/td>\n<\/tr>\n<tr>\n<td width=\"292\">Ampliaci\u00f3n m\u00e1xima<\/td>\n<td width=\"292\">0,1x<\/td>\n<\/tr>\n<tr>\n<td width=\"292\">Dise\u00f1o \u00f3ptico<\/td>\n<td width=\"292\">11 elementos en 10 grupos<\/td>\n<\/tr>\n<tr>\n<td width=\"292\">Hojas de diafragma<\/td>\n<td width=\"292\">9<\/td>\n<\/tr>\n<tr>\n<td width=\"292\">Tipo de enfoque<\/td>\n<td width=\"292\">Enfoque autom\u00e1tico<\/td>\n<\/tr>\n<tr>\n<td width=\"292\">Estabilizaci\u00f3n de imagen<\/td>\n<td width=\"292\">No<\/td>\n<\/tr>\n<tr>\n<td width=\"292\">Tama\u00f1o del filtro<\/td>\n<td width=\"292\">52 mm (Frente)<\/td>\n<\/tr>\n<tr>\n<td width=\"292\">Dimensiones (\u00f8 x L)<\/td>\n<td width=\"292\">69 x 73 mm<\/td>\n<\/tr>\n<tr>\n<td width=\"292\">Peso<\/td>\n<td width=\"292\">300 g<\/td>\n<\/tr>\n<\/tbody>\n<\/table>\n<p>&nbsp;<\/p>\n","protected":false},"excerpt":{"rendered":"<ul>\n<li>Montura Nikon Z<\/li>\n<li>APS-C | f\/1.4 a f\/16<\/li>\n<li>35 mm (equivalente a fotograma completo)<\/li>\n<li>Dos elementos ED, dos elementos HR<\/li>\n<li>Revestimiento multicapa Nano HD<\/li>\n<li>Motor paso a paso STM AF<\/li>\n<li>Puerto USB integrado para actualizaciones de firmware<\/li>\n<li>Diafragma de 9 hojas<\/li>\n<\/ul>\n","protected":false},"featured_media":13804,"comment_status":"closed","ping_status":"closed","template":"","meta":{"_acf_changed":false},"product_brand":[2544],"product_cat":[1062],"product_tag":[],"class_list":{"0":"post-18200","1":"product","2":"type-product","3":"status-publish","4":"has-post-thumbnail","6":"product_brand-viltrox-es","7":"product_cat-mirrorless-objectivos","8":"pa_abertura-maxima-f-1-4-es","9":"pa_cor-negro","10":"pa_diametro-52mm-es","11":"pa_estabilizacao-de-imagem-no","12":"pa_montagem-da-objetiva-nikon-z-es","13":"pa_sensor-aps-c-es","14":"pa_tipo-de-foco-enfoque-automatico","15":"pa_tipo-de-objetiva-estandar","16":"pa_zoom-fixa-fijo","18":"first","19":"instock","20":"taxable","21":"shipping-taxable","22":"purchasable","23":"product-type-simple"},"bundled_by":[],"bundle_stock_status":"instock","bundle_stock_quantity":1,"bundle_virtual":false,"bundle_layout":"","bundle_add_to_cart_form_location":"","bundle_editable_in_cart":false,"bundle_sold_individually_context":"","bundle_item_grouping":"","bundle_min_size":"","bundle_max_size":"","bundle_price":[],"bundled_items":[],"bundle_sell_ids":[],"acf":[],"_links":{"self":[{"href":"https:\/\/hi-techwonder.com\/es\/wp-json\/wp\/v2\/product\/18200","targetHints":{"allow":["GET"]}}],"collection":[{"href":"https:\/\/hi-techwonder.com\/es\/wp-json\/wp\/v2\/product"}],"about":[{"href":"https:\/\/hi-techwonder.com\/es\/wp-json\/wp\/v2\/types\/product"}],"replies":[{"embeddable":true,"href":"https:\/\/hi-techwonder.com\/es\/wp-json\/wp\/v2\/comments?post=18200"}],"wp:featuredmedia":[{"embeddable":true,"href":"https:\/\/hi-techwonder.com\/es\/wp-json\/wp\/v2\/media\/13804"}],"wp:attachment":[{"href":"https:\/\/hi-techwonder.com\/es\/wp-json\/wp\/v2\/media?parent=18200"}],"wp:term":[{"taxonomy":"product_brand","embeddable":true,"href":"https:\/\/hi-techwonder.com\/es\/wp-json\/wp\/v2\/product_brand?post=18200"},{"taxonomy":"product_cat","embeddable":true,"href":"https:\/\/hi-techwonder.com\/es\/wp-json\/wp\/v2\/product_cat?post=18200"},{"taxonomy":"product_tag","embeddable":true,"href":"https:\/\/hi-techwonder.com\/es\/wp-json\/wp\/v2\/product_tag?post=18200"}],"curies":[{"name":"wp","href":"https:\/\/api.w.org\/{rel}","templated":true}]}}