{"id":18261,"date":"2025-07-24T09:07:54","date_gmt":"2025-07-24T09:07:54","guid":{"rendered":"https:\/\/fv6qoy3ls0.wpdns.site\/produto\/viltrox-af-56mm-f-1-4-m-xf-e\/"},"modified":"2026-04-06T12:39:32","modified_gmt":"2026-04-06T11:39:32","slug":"viltrox-af-56mm-f-1-4-m-xf-e","status":"publish","type":"product","link":"https:\/\/hi-techwonder.com\/es\/producto\/viltrox-af-56mm-f-1-4-m-xf-e\/","title":{"rendered":"Viltrox AF 56mm f\/1.4 M | XF | E"},"content":{"rendered":"<p>Con un dise\u00f1o delgado, el Viltrox AF 56 mm f\/1.4 M es un objetivo principal compacto de tama\u00f1o retrato dise\u00f1ado para c\u00e1maras sin espejo. La longitud focal corta del teleobjetivo se combina con una brillante apertura m\u00e1xima de f\/1.4 para ayudar a lograr un control notable sobre la profundidad de campo y tambi\u00e9n beneficia el trabajo en situaciones de iluminaci\u00f3n dif\u00edciles. El dise\u00f1o \u00f3ptico tambi\u00e9n incorpora elementos de dispersi\u00f3n extra baja y alto \u00edndice de refracci\u00f3n para reducir varias aberraciones y distorsiones para una alta claridad, precisi\u00f3n de color y nitidez.<\/p>\n<p>Este objetivo compacto incorpora un motor paso a paso STM, que produce un rendimiento de enfoque autom\u00e1tico r\u00e1pido, casi silencioso y preciso, junto con la anulaci\u00f3n de enfoque manual a tiempo completo. Un dise\u00f1o de enfoque interno tambi\u00e9n permite un rendimiento r\u00e1pido. Adem\u00e1s, la lente tiene un puerto micro-USB incorporado para futuras actualizaciones de firmware.<\/p>\n<p><img loading=\"lazy\" decoding=\"async\" class=\"alignnone wp-image-28371\" src=\"https:\/\/hi-techwonder.com\/wp-content\/themes\/woodmart\/images\/lazy.svg\" data-src=\"https:\/\/viltrox.pt\/wp-content\/uploads\/2023\/09\/DSC03441.jpg\" sizes=\"auto, (max-width: 752px) 100vw, 752px\" srcset=\"\" data-srcset=\"https:\/\/viltrox.es\/wp-content\/uploads\/2023\/09\/DSC03441.jpg 9504w, https:\/\/viltrox.es\/wp-content\/uploads\/2023\/09\/DSC03441-300x200.jpg 300w, https:\/\/viltrox.es\/wp-content\/uploads\/2023\/09\/DSC03441-768x512.jpg 768w, https:\/\/viltrox.es\/wp-content\/uploads\/2023\/09\/DSC03441-600x400.jpg 600w\" alt=\"\" width=\"752\" height=\"501\"><\/p>\n<ul>\n<li>El objetivo prime de longitud de retrato est\u00e1 dise\u00f1ada para c\u00e1maras sin espejo de formato APS-C y proporciona una distancia focal equivalente a 85 mm.<\/li>\n<li>La brillante apertura m\u00e1xima de f\/1.4 es adecuada para trabajar en condiciones de poca luz y tambi\u00e9n ofrece un mayor control sobre la profundidad de campo.<\/li>\n<li>Un elemento de dispersi\u00f3n extra baja reduce las franjas de color y las aberraciones crom\u00e1ticas para lograr un alto grado de claridad y precisi\u00f3n de color.<\/li>\n<li>Un elemento de alto \u00edndice de refracci\u00f3n ayuda a controlar las aberraciones esf\u00e9ricas y reduce la distorsi\u00f3n para una alta nitidez y una reproducci\u00f3n precisa.<\/li>\n<li>El motor paso a paso STM permite un enfoque autom\u00e1tico r\u00e1pido, silencioso y preciso junto con la anulaci\u00f3n del enfoque manual a tiempo completo. Adem\u00e1s, un dise\u00f1o de enfoque interno mantiene la longitud completa de la lente durante el uso para un mejor manejo y una respuesta m\u00e1s r\u00e1pida.<\/li>\n<li>Anillo de apertura manual integrado para control de exposici\u00f3n t\u00e1ctil; este anillo tambi\u00e9n cuenta con una posici\u00f3n \u2018A\u2019 para la selecci\u00f3n autom\u00e1tica de apertura basada en la c\u00e1mara.<\/li>\n<li>El diafragma de nueve hojas contribuye a una agradable calidad de bokeh.<\/li>\n<li>El puerto micro USB incorporado se puede usar para actualizar el firmware de la lente.<\/li>\n<\/ul>\n<p><img loading=\"lazy\" decoding=\"async\" class=\"alignnone wp-image-28373\" src=\"https:\/\/hi-techwonder.com\/wp-content\/themes\/woodmart\/images\/lazy.svg\" data-src=\"https:\/\/viltrox.pt\/wp-content\/uploads\/2023\/09\/DSCF3036-1024x683.jpg\" sizes=\"auto, (max-width: 752px) 100vw, 752px\" srcset=\"\" data-srcset=\"https:\/\/viltrox.es\/wp-content\/uploads\/2023\/09\/DSCF3036-1024x683.jpg 1024w, https:\/\/viltrox.es\/wp-content\/uploads\/2023\/09\/DSCF3036-300x200.jpg 300w, https:\/\/viltrox.es\/wp-content\/uploads\/2023\/09\/DSCF3036-768x512.jpg 768w, https:\/\/viltrox.es\/wp-content\/uploads\/2023\/09\/DSCF3036-1536x1024.jpg 1536w, https:\/\/viltrox.es\/wp-content\/uploads\/2023\/09\/DSCF3036-2048x1365.jpg 2048w, https:\/\/viltrox.es\/wp-content\/uploads\/2023\/09\/DSCF3036-270x180.jpg 270w, https:\/\/viltrox.es\/wp-content\/uploads\/2023\/09\/DSCF3036-600x400.jpg 600w\" alt=\"\" width=\"752\" height=\"501\"><\/p>\n<p><strong>Especificaciones:<\/strong><\/p>\n<table width=\"584\">\n<tbody>\n<tr>\n<td width=\"292\">Longitud focal<\/td>\n<td width=\"292\">56 mm (Equivalente en Fotograma Completo: 85mm)<\/td>\n<\/tr>\n<tr>\n<td width=\"292\">Apertura M\u00e1xima<\/td>\n<td width=\"292\">f\/1.4<\/td>\n<\/tr>\n<tr>\n<td width=\"292\">Apertura M\u00ednima<\/td>\n<td width=\"292\">f\/16<\/td>\n<\/tr>\n<tr>\n<td width=\"292\">Montura<\/td>\n<td width=\"292\">Sony E | Fujifilm X | Canon EOS-M&nbsp;<\/p>\n<p>&nbsp;<\/td>\n<\/tr>\n<tr>\n<td width=\"292\">Cobertura de formato de lente<\/td>\n<td width=\"292\">APS-C<\/td>\n<\/tr>\n<tr>\n<td width=\"292\">\u00c1ngulo de visi\u00f3n<\/td>\n<td width=\"292\">28\u00b0 | 27.7\u00b0 (Canon M)<\/td>\n<\/tr>\n<tr>\n<td width=\"292\">Distancia m\u00ednima de enfoque<\/td>\n<td width=\"292\">60 cm<\/td>\n<\/tr>\n<tr>\n<td width=\"292\">Ampliaci\u00f3n m\u00e1xima<\/td>\n<td width=\"292\">0,1x<\/td>\n<\/tr>\n<tr>\n<td width=\"292\">Dise\u00f1o \u00f3ptico<\/td>\n<td width=\"292\">10 elementos en 9 grupos<\/td>\n<\/tr>\n<tr>\n<td width=\"292\">Hojas de diafragma<\/td>\n<td width=\"292\">9<\/td>\n<\/tr>\n<tr>\n<td width=\"292\">Tipo de enfoque<\/td>\n<td width=\"292\">Enfoque autom\u00e1tico<\/td>\n<\/tr>\n<tr>\n<td width=\"292\">Estabilizaci\u00f3n de imagen<\/td>\n<td width=\"292\">No<\/td>\n<\/tr>\n<tr>\n<td width=\"292\">Tama\u00f1o del filtro<\/td>\n<td width=\"292\">52 mm (Frente)<\/td>\n<\/tr>\n<tr>\n<td width=\"292\">Dimensiones (\u00f8 x L)<\/td>\n<td width=\"292\">65 x 72 mm<\/td>\n<\/tr>\n<tr>\n<td width=\"292\">Peso<\/td>\n<td width=\"292\">290 g<\/td>\n<\/tr>\n<\/tbody>\n<\/table>\n<p>&nbsp;<\/p>\n","protected":false},"excerpt":{"rendered":"<ul>\n<li>Montura Sony E | Fujifilm X | Canon EOS-M<\/li>\n<li>APS-C | f\/1.4 a f\/16<\/li>\n<li>85 mm (equivalente a fotograma completo)<\/li>\n<li>Dos elementos ED, dos elementos HR<\/li>\n<li>Revestimiento multicapa Nano HD<\/li>\n<li>Motor paso a paso STM AF<\/li>\n<li>Puerto USB integrado para actualizaciones de firmware<\/li>\n<li>Diafragma de 9 hojas<\/li>\n<\/ul>\n","protected":false},"featured_media":13863,"comment_status":"closed","ping_status":"closed","template":"","meta":{"_acf_changed":false},"product_brand":[2544],"product_cat":[1062],"product_tag":[],"class_list":{"0":"post-18261","1":"product","2":"type-product","3":"status-publish","4":"has-post-thumbnail","6":"product_brand-viltrox-es","7":"product_cat-mirrorless-objectivos","8":"pa_abertura-maxima-f-1-4-es","9":"pa_cor-negro","10":"pa_cor-plata","11":"pa_diametro-52mm-es","12":"pa_estabilizacao-de-imagem-no","13":"pa_montagem-da-objetiva-canon-m-es","14":"pa_montagem-da-objetiva-fujifilm-x-es","15":"pa_montagem-da-objetiva-sony-e-es","16":"pa_sensor-aps-c-es","17":"pa_tipo-de-foco-enfoque-automatico","18":"pa_tipo-de-objetiva-teleobjetivo","19":"pa_zoom-fixa-fijo","21":"first","22":"instock","23":"taxable","24":"shipping-taxable","25":"purchasable","26":"product-type-variable"},"bundled_by":[],"bundle_stock_status":"instock","bundle_stock_quantity":null,"bundle_virtual":false,"bundle_layout":"","bundle_add_to_cart_form_location":"","bundle_editable_in_cart":false,"bundle_sold_individually_context":"","bundle_item_grouping":"","bundle_min_size":"","bundle_max_size":"","bundle_price":[],"bundled_items":[],"bundle_sell_ids":[],"acf":[],"_links":{"self":[{"href":"https:\/\/hi-techwonder.com\/es\/wp-json\/wp\/v2\/product\/18261","targetHints":{"allow":["GET"]}}],"collection":[{"href":"https:\/\/hi-techwonder.com\/es\/wp-json\/wp\/v2\/product"}],"about":[{"href":"https:\/\/hi-techwonder.com\/es\/wp-json\/wp\/v2\/types\/product"}],"replies":[{"embeddable":true,"href":"https:\/\/hi-techwonder.com\/es\/wp-json\/wp\/v2\/comments?post=18261"}],"wp:featuredmedia":[{"embeddable":true,"href":"https:\/\/hi-techwonder.com\/es\/wp-json\/wp\/v2\/media\/13863"}],"wp:attachment":[{"href":"https:\/\/hi-techwonder.com\/es\/wp-json\/wp\/v2\/media?parent=18261"}],"wp:term":[{"taxonomy":"product_brand","embeddable":true,"href":"https:\/\/hi-techwonder.com\/es\/wp-json\/wp\/v2\/product_brand?post=18261"},{"taxonomy":"product_cat","embeddable":true,"href":"https:\/\/hi-techwonder.com\/es\/wp-json\/wp\/v2\/product_cat?post=18261"},{"taxonomy":"product_tag","embeddable":true,"href":"https:\/\/hi-techwonder.com\/es\/wp-json\/wp\/v2\/product_tag?post=18261"}],"curies":[{"name":"wp","href":"https:\/\/api.w.org\/{rel}","templated":true}]}}