{"id":18324,"date":"2025-07-24T09:08:04","date_gmt":"2025-07-24T09:08:04","guid":{"rendered":"https:\/\/fv6qoy3ls0.wpdns.site\/produto\/viltrox-weeylite-c01-mini-tripode\/"},"modified":"2025-11-19T10:30:21","modified_gmt":"2025-11-19T10:30:21","slug":"viltrox-weeylite-c01-mini-tripode","status":"publish","type":"product","link":"https:\/\/hi-techwonder.com\/es\/producto\/viltrox-weeylite-c01-mini-tripode\/","title":{"rendered":"Viltrox Weeylite C01 Mini tr\u00edpode"},"content":{"rendered":"<h3><strong>Viltrox Weeylite C01 Mini tr\u00edpode<\/strong><\/h3>\n<p>El mini tr\u00edpode Viltrox Weeylite C01 es un tr\u00edpode de mesa simple y compacto para montar equipos de video o estabilizadores de montaje de 1\/4\u2033. El modelo est\u00e1 hecho de pl\u00e1stico ABS duradero y tiene un revestimiento antideslizante en las patas. Adecuado para instalar luces como la Viltrox K21. Tambi\u00e9n se puede utilizar abierto, como tr\u00edpode de mesa, o cerrado como asa, aumentando as\u00ed su versatilidad.<\/p>\n<ul>\n<li>Interfaz de tornillo de \u00bc\u201d: adecuada para estabilizador gimbal, c\u00e1mara, monopi\u00e9, etc.<\/li>\n<li>El mini tr\u00edpode con patas de goma antideslizantes, muy adecuado para uso en escritorio.<\/li>\n<li>Tama\u00f1o peque\u00f1o y f\u00e1cil de transportar: el tama\u00f1o del mini tr\u00edpode es de 8,9 x 4,1 cm, pesa s\u00f3lo 48 g y se puede guardar en el bolsillo.<\/li>\n<li>Fabricado en metal + pl\u00e1stico ABS, de alta calidad, s\u00f3lido y port\u00e1til.<\/li>\n<li>Port\u00e1til y multiprop\u00f3sito: satisface diversas necesidades de fotograf\u00eda de escritorio o port\u00e1til, en exteriores o en interiores.<\/li>\n<\/ul>\n<h5>Especificaciones:<\/h5>\n<table width=\"624\">\n<tbody>\n<tr>\n<td width=\"227\"><strong>Material<\/strong><\/td>\n<td width=\"397\">Pl\u00e1stico ABS&nbsp;<\/p>\n<p>Goma<\/td>\n<\/tr>\n<tr>\n<td width=\"227\"><strong>Montura<\/strong><\/td>\n<td width=\"397\">1 rosca macho de \u00bc\u201d<\/td>\n<\/tr>\n<tr>\n<td width=\"227\"><strong>Dimens\u00f5es<\/strong><\/td>\n<td width=\"397\">8,9 x 4,1 cm<\/td>\n<\/tr>\n<tr>\n<td width=\"227\"><strong>Peso<\/strong><\/td>\n<td width=\"397\">48g<\/td>\n<\/tr>\n<\/tbody>\n<\/table>\n","protected":false},"excerpt":{"rendered":"<ul>\n<li>Tr\u00edpode de mesa multifunci\u00f3n<\/li>\n<li>Cuerpo en pl\u00e1stico ABS y goma antideslizante.<\/li>\n<li>Ligero y port\u00e1til<\/li>\n<li>Con rosca macho de \u00bc\u201d<\/li>\n<\/ul>\n","protected":false},"featured_media":13925,"comment_status":"closed","ping_status":"closed","template":"","meta":{"_acf_changed":false},"product_brand":[2544],"product_cat":[1093],"product_tag":[],"class_list":{"0":"post-18324","1":"product","2":"type-product","3":"status-publish","4":"has-post-thumbnail","6":"product_brand-viltrox-es","7":"product_cat-mini-tripodes","9":"first","10":"pre-order","11":"taxable","12":"shipping-taxable","13":"purchasable","14":"product-type-simple"},"bundled_by":[],"bundle_stock_status":"pre-order","bundle_stock_quantity":null,"bundle_virtual":false,"bundle_layout":"","bundle_add_to_cart_form_location":"","bundle_editable_in_cart":false,"bundle_sold_individually_context":"","bundle_item_grouping":"","bundle_min_size":"","bundle_max_size":"","bundle_price":[],"bundled_items":[],"bundle_sell_ids":[],"acf":[],"_links":{"self":[{"href":"https:\/\/hi-techwonder.com\/es\/wp-json\/wp\/v2\/product\/18324","targetHints":{"allow":["GET"]}}],"collection":[{"href":"https:\/\/hi-techwonder.com\/es\/wp-json\/wp\/v2\/product"}],"about":[{"href":"https:\/\/hi-techwonder.com\/es\/wp-json\/wp\/v2\/types\/product"}],"replies":[{"embeddable":true,"href":"https:\/\/hi-techwonder.com\/es\/wp-json\/wp\/v2\/comments?post=18324"}],"wp:featuredmedia":[{"embeddable":true,"href":"https:\/\/hi-techwonder.com\/es\/wp-json\/wp\/v2\/media\/13925"}],"wp:attachment":[{"href":"https:\/\/hi-techwonder.com\/es\/wp-json\/wp\/v2\/media?parent=18324"}],"wp:term":[{"taxonomy":"product_brand","embeddable":true,"href":"https:\/\/hi-techwonder.com\/es\/wp-json\/wp\/v2\/product_brand?post=18324"},{"taxonomy":"product_cat","embeddable":true,"href":"https:\/\/hi-techwonder.com\/es\/wp-json\/wp\/v2\/product_cat?post=18324"},{"taxonomy":"product_tag","embeddable":true,"href":"https:\/\/hi-techwonder.com\/es\/wp-json\/wp\/v2\/product_tag?post=18324"}],"curies":[{"name":"wp","href":"https:\/\/api.w.org\/{rel}","templated":true}]}}