{"id":18336,"date":"2025-07-24T09:08:04","date_gmt":"2025-07-24T09:08:04","guid":{"rendered":"https:\/\/fv6qoy3ls0.wpdns.site\/produto\/viltrox-weeylite-s-1-mango-para-ninja-200-300\/"},"modified":"2025-11-19T10:30:23","modified_gmt":"2025-11-19T10:30:23","slug":"viltrox-weeylite-s-1-mango-para-ninja-200-300","status":"publish","type":"product","link":"https:\/\/hi-techwonder.com\/es\/producto\/viltrox-weeylite-s-1-mango-para-ninja-200-300\/","title":{"rendered":"Viltrox Weeylite S-1 Mango para Ninja 200\/300"},"content":{"rendered":"<h3><strong>Viltrox Weeylite S-1 Mango para Ninja 200\/300<\/strong><\/h3>\n<p>El mango Viltrox Weeylite S-1 le permite utilizar las luces LED Weeylite Ninja 200 o Ninja 300 de forma a\u00fan m\u00e1s din\u00e1mica. Gracias a la conexi\u00f3n de p\u00faas, las luces LED son muy f\u00e1ciles de montar en el mango S-1. Equipado con dos entradas roscadas m\u00e1s de \u00bc\u201d en el lateral y debajo del mango, permite fijar equipos adicionales con un tornillo de \u00bc\u201d. La empu\u00f1adura S-1 evita que sus luces se limiten al uso de tr\u00edpode, lo que permite una iluminaci\u00f3n din\u00e1mica para crear efectos sorprendentes para su fotograf\u00eda o video. El mango S-1 tiene una forma ergon\u00f3mica que permite un uso c\u00f3modo.<\/p>\n<h5>Especificaciones:<\/h5>\n<table width=\"624\">\n<tbody>\n<tr>\n<td width=\"227\"><strong>Material<\/strong><\/td>\n<td width=\"397\"><strong>Fibra de nailon (cuerpo)<\/strong><\/p>\n<p>Silicona (Mango)<\/td>\n<\/tr>\n<tr>\n<td width=\"227\"><strong>Montura<\/strong><\/td>\n<td width=\"397\">1 x pico macho<\/p>\n<p>2 x rosca hembra de \u00bc\u201d<\/td>\n<\/tr>\n<tr>\n<td width=\"227\"><strong>Dimensiones<\/strong><\/td>\n<td width=\"397\">16.3 x 7.3 x 4.3 cm<\/td>\n<\/tr>\n<tr>\n<td width=\"227\"><strong>Peso<\/strong><\/td>\n<td width=\"397\">140 g<\/td>\n<\/tr>\n<\/tbody>\n<\/table>\n","protected":false},"excerpt":{"rendered":"<ul>\n<li>Mango de forma ergon\u00f3mica<\/li>\n<li>F\u00e1cil instalaci\u00f3n de las luces LED Viltrox Weeylite Ninja 200 y Ninja 300<\/li>\n<li>Con conexi\u00f3n de espiga<\/li>\n<li>2x rosca integrada de 1\/4 para montar equipos adicionales<\/li>\n<li>Ideal para tomas flexibles en exteriores y para crear efectos de iluminaci\u00f3n que requieren luz en movimiento<\/li>\n<\/ul>\n","protected":false},"featured_media":13937,"comment_status":"closed","ping_status":"closed","template":"","meta":{"_acf_changed":false},"product_brand":[2544],"product_cat":[992],"product_tag":[],"class_list":{"0":"post-18336","1":"product","2":"type-product","3":"status-publish","4":"has-post-thumbnail","6":"product_brand-viltrox-es","7":"product_cat-accesorios-luz-continua","9":"first","10":"pre-order","11":"taxable","12":"shipping-taxable","13":"purchasable","14":"product-type-simple"},"bundled_by":[],"bundle_stock_status":"pre-order","bundle_stock_quantity":null,"bundle_virtual":false,"bundle_layout":"","bundle_add_to_cart_form_location":"","bundle_editable_in_cart":false,"bundle_sold_individually_context":"","bundle_item_grouping":"","bundle_min_size":"","bundle_max_size":"","bundle_price":[],"bundled_items":[],"bundle_sell_ids":[],"acf":[],"_links":{"self":[{"href":"https:\/\/hi-techwonder.com\/es\/wp-json\/wp\/v2\/product\/18336","targetHints":{"allow":["GET"]}}],"collection":[{"href":"https:\/\/hi-techwonder.com\/es\/wp-json\/wp\/v2\/product"}],"about":[{"href":"https:\/\/hi-techwonder.com\/es\/wp-json\/wp\/v2\/types\/product"}],"replies":[{"embeddable":true,"href":"https:\/\/hi-techwonder.com\/es\/wp-json\/wp\/v2\/comments?post=18336"}],"wp:featuredmedia":[{"embeddable":true,"href":"https:\/\/hi-techwonder.com\/es\/wp-json\/wp\/v2\/media\/13937"}],"wp:attachment":[{"href":"https:\/\/hi-techwonder.com\/es\/wp-json\/wp\/v2\/media?parent=18336"}],"wp:term":[{"taxonomy":"product_brand","embeddable":true,"href":"https:\/\/hi-techwonder.com\/es\/wp-json\/wp\/v2\/product_brand?post=18336"},{"taxonomy":"product_cat","embeddable":true,"href":"https:\/\/hi-techwonder.com\/es\/wp-json\/wp\/v2\/product_cat?post=18336"},{"taxonomy":"product_tag","embeddable":true,"href":"https:\/\/hi-techwonder.com\/es\/wp-json\/wp\/v2\/product_tag?post=18336"}],"curies":[{"name":"wp","href":"https:\/\/api.w.org\/{rel}","templated":true}]}}