{"id":18358,"date":"2025-07-24T09:08:09","date_gmt":"2025-07-24T09:08:09","guid":{"rendered":"https:\/\/fv6qoy3ls0.wpdns.site\/produto\/viltrox-weeylite-we-9-led-anillo-bicolor-y-rgb\/"},"modified":"2026-04-15T17:53:32","modified_gmt":"2026-04-15T16:53:32","slug":"viltrox-weeylite-we-9-led-anillo-bicolor-y-rgb","status":"publish","type":"product","link":"https:\/\/hi-techwonder.com\/es\/producto\/viltrox-weeylite-we-9-led-anillo-bicolor-y-rgb\/","title":{"rendered":"Viltrox Weeylite WE-9 LED Anillo Bicolor y RGB"},"content":{"rendered":"<h3><strong>Viltrox Weeylite WE-9 LED Anillo Bicolor y RGB<\/strong><\/h3>\n<p><iframe loading=\"lazy\" title=\"Viltrox Weeylite WE-9 LED Anelar Bicolor e RGB\" width=\"500\" height=\"281\" src=\"https:\/\/www.youtube.com\/embed\/2l0hLZ9MLEs?feature=oembed\" frameborder=\"0\" allow=\"accelerometer; autoplay; clipboard-write; encrypted-media; gyroscope; picture-in-picture; web-share\" referrerpolicy=\"strict-origin-when-cross-origin\" allowfullscreen><\/iframe><\/p>\n<p>El anillo LED bicolor RGB Weeylite WE-9 de Viltrox presenta un factor de forma distintivo y una temperatura de color que var\u00eda de 2500 K a 8500 K para coincidir con otros iluminadores, condiciones de luz ambiental o simplemente para la expresi\u00f3n creativa. La clasificaci\u00f3n CRI\/TLCI del WE-9 es su garant\u00eda de rendimiento superior en la reproducci\u00f3n del color.<\/p>\n<p>El WE-9 tambi\u00e9n tiene otra caracter\u00edstica valiosa, un modo RGB que ofrece al usuario una selecci\u00f3n de 360 \u200b\u200bcolores y con ajustes de tono, saturaci\u00f3n e intensidad que brinda acceso a literalmente millones de colores personalizados para agregar un toque personal a su trabajo. Ideal para selfies, el anillo de luz tiene una abertura central de 26 cm, lo que le permite usar el soporte para tel\u00e9fono inteligente suministrado para disparar a trav\u00e9s de \u00e9l y obtener un efecto suave, casi sin sombras, que favorece su cutis.<\/p>\n<p>Tambi\u00e9n es regulable, de 0 a 100 %, y aunque puedes hacer ajustes de color y brillo en el dispositivo, tambi\u00e9n puedes hacerlo de forma wireless con una aplicaci\u00f3n gratuita. Otra ventaja son los reflejos circulares \u00fanicos en los ojos del sujeto. El WE-9 funciona con una bater\u00eda interna que se carga a trav\u00e9s de USB y proporciona 80 minutos de tiempo de funcionamiento a plena potencia.<\/p>\n<h5>Caracter\u00edsticas principales:<\/h5>\n<ul>\n<li>Bater\u00eda incorporada: 80 minutos de autonom\u00eda<\/li>\n<li>Color: 2500 a 8500K, CRI\/TLCI: 95\/97<\/li>\n<li>Ideal para belleza, peluquer\u00eda y maquillaje<\/li>\n<li>29 efectos de escena<\/li>\n<li>Control mediante aplicaci\u00f3n inal\u00e1mbrica<\/li>\n<li>2 horas de carga<\/li>\n<li>Puede cargar el tel\u00e9fono m\u00f3vil, funcionando como powerbank<\/li>\n<li>Tr\u00edpode de mesa incluido<\/li>\n<\/ul>\n<h5>En la caja:<\/h5>\n<ul>\n<li>Viltrox Weeylite WE-9 anillo LED bicolor y RGB<\/li>\n<li>Cable de carga USB-C a USB-A<\/li>\n<li>Soporte para tel\u00e9fonos inteligentes<\/li>\n<li>Adaptador de zapatos<\/li>\n<li>Mini-cabeza esf\u00e9rica<\/li>\n<li>Manual de usuario<\/li>\n<\/ul>\n<h5>Especificaciones:<\/h5>\n<p><em>L\u00e1mpara<\/em><\/p>\n<table width=\"631\">\n<tbody>\n<tr>\n<td width=\"246\"><strong>Tipo de Art\u00edculo<\/strong><\/td>\n<td width=\"386\"><strong>1 x\u00a0 <\/strong>Antorcha anular LED<\/td>\n<\/tr>\n<tr>\n<td width=\"246\"><strong>Fotometr\u00eda<\/strong><\/td>\n<td width=\"386\">62\u00a0fc \/ 670 Lux\u00a0a 0,5 m* (conectado a la corriente el\u00e9ctrica)<\/p>\n<p>38\u00a0fc \/ 410 Lux\u00a0a 0,5 m* (conectado a la bater\u00eda)<\/p>\n<p>&nbsp;<\/p>\n<p><em>*<\/em> <em>Medidas est\u00e1ndar proporcionadas por el fabricante.<\/em><\/td>\n<\/tr>\n<tr>\n<td width=\"246\"><strong>Temperatura del Color<\/strong><\/td>\n<td width=\"386\">2500K a 8500K<\/td>\n<\/tr>\n<tr>\n<td width=\"246\"><strong>Modos de Color<\/strong><\/td>\n<td width=\"386\">RGB, Luz del D\u00eda, Tungsteno<\/td>\n<\/tr>\n<tr>\n<td width=\"246\"><strong>Est\u00e1ndar de Precisi\u00f3n de Color<\/strong><\/td>\n<td width=\"386\">TLCI97<\/p>\n<p>CRI 95<\/td>\n<\/tr>\n<tr>\n<td width=\"246\"><strong>Sistema de Refrigeraci\u00f3n<\/strong><\/td>\n<td width=\"386\">Pasivo<\/td>\n<\/tr>\n<tr>\n<td width=\"246\"><strong>Oscurecimiento<\/strong><\/td>\n<td width=\"386\">Si, Dimmer Incorporado<\/p>\n<p>0 to 100%<\/td>\n<\/tr>\n<tr>\n<td width=\"246\"><strong>Flash Incorporado<\/strong><\/td>\n<td width=\"386\">No<\/td>\n<\/tr>\n<tr>\n<td width=\"246\"><strong>Montura para Paragua<\/strong><\/td>\n<td width=\"386\">No<\/td>\n<\/tr>\n<\/tbody>\n<\/table>\n<p><em>\u00a0<\/em><em>Conectividad<\/em><\/p>\n<table width=\"633\">\n<tbody>\n<tr>\n<td width=\"246\"><strong>Tipo de Control Remoto<\/strong><\/td>\n<td width=\"387\">Bluetooth<\/td>\n<\/tr>\n<tr>\n<td width=\"246\"><strong>Aplicaci\u00f3n M\u00f3vil Compatible<\/strong><\/td>\n<td width=\"387\">S\u00ed:<\/p>\n<p>*A partir de mayo de 2023: consulte con el fabricante para obtener la compatibilidad m\u00e1s actualizada<\/td>\n<\/tr>\n<tr>\n<td width=\"246\"><strong>Distancia Wireless<\/strong><\/td>\n<td width=\"387\">20 metros<\/td>\n<\/tr>\n<\/tbody>\n<\/table>\n<p><em>\u00a0<\/em><em>Energ\u00eda, E\/S<\/em><\/p>\n<table width=\"631\">\n<tbody>\n<tr>\n<td width=\"246\"><strong>Fuente de Energ\u00eda<\/strong><\/td>\n<td width=\"385\">Bater\u00eda (integrada)<\/td>\n<\/tr>\n<tr>\n<td width=\"246\"><strong>Entradas\/Salidas<\/strong><\/td>\n<td width=\"385\"><strong>1 x <\/strong>Entrada USB-C (hembra)<\/p>\n<p><strong>1 x<\/strong> Salida USB-A (hembra)<\/td>\n<\/tr>\n<tr>\n<td width=\"246\"><strong>Bater\u00eda<\/strong><\/td>\n<td width=\"385\"><strong>1 x <\/strong>Recargable, 3.7 VDC (incorporado)<\/p>\n<p>\u2022 Tiempo de funcionamiento de 80 minutos con brillo m\u00e1ximo<\/td>\n<\/tr>\n<tr>\n<td width=\"246\"><strong>Adaptador\/ Cable Incluido<\/strong><\/td>\n<td width=\"385\"><strong>1 x\u00a0 <\/strong>Cable USB-C para USB-A (Macho\/macho)<\/td>\n<\/tr>\n<tr>\n<td width=\"246\"><strong>Interruptor en L\u00ednea<\/strong><\/td>\n<td width=\"385\">No<\/td>\n<\/tr>\n<tr>\n<td width=\"246\"><strong>Power Pass-Thru<\/strong><\/td>\n<td width=\"385\">No<\/td>\n<\/tr>\n<tr>\n<td width=\"246\"><strong>Consumo<\/strong><\/td>\n<td width=\"385\">12 W (conectado a la corriente el\u00e9ctrica)<\/p>\n<p>8W (conectado a la bater\u00eda)<\/td>\n<\/tr>\n<\/tbody>\n<\/table>\n<p><em>\u00a0<\/em><em>Montura<\/em><\/p>\n<table width=\"647\">\n<tbody>\n<tr>\n<td width=\"246\"><strong>Montaje\/soporte incluido <\/strong><\/td>\n<td colspan=\"2\" width=\"401\"><strong>1 x<\/strong> Tr\u00edpode de mesa<\/td>\n<\/tr>\n<tr>\n<td width=\"246\"><strong>Montura da Fijaci\u00f3n<\/strong><\/td>\n<td width=\"387\"><strong>1 x<\/strong> Rosca hembra de 1\/4&#8243;-20<\/td>\n<\/tr>\n<\/tbody>\n<\/table>\n<p><em>\u00a0<\/em><em>Ambiental<\/em><\/p>\n<table width=\"647\">\n<tbody>\n<tr>\n<td width=\"246\"><strong>Protecci\u00f3n ambiental<\/strong><\/td>\n<td width=\"401\">Ninguno<\/td>\n<\/tr>\n<\/tbody>\n<\/table>\n<p><em>\u00a0<\/em><em>General<\/em><\/p>\n<table width=\"633\">\n<tbody>\n<tr>\n<td width=\"246\"><strong>Display<\/strong><\/td>\n<td width=\"388\">LCD<\/td>\n<\/tr>\n<tr>\n<td width=\"246\"><strong>Dimensiones<\/strong><\/td>\n<td width=\"388\">26.6 x 26.5 x 4.7 cm<\/td>\n<\/tr>\n<tr>\n<td width=\"246\"><strong>Peso<\/strong><\/td>\n<td width=\"388\">350g<\/td>\n<\/tr>\n<\/tbody>\n<\/table>\n","protected":false},"excerpt":{"rendered":"<ul>\n<li>2500-8500K Color, CRI\/TLCI: 95\/97<\/li>\n<li>Modo RGB, Carga USB<\/li>\n<li>80 minutos de autonom\u00eda con bater\u00eda interna<\/li>\n<li>RGB: tono, saturaci\u00f3n, control de intensidad<\/li>\n<li>29 efectos de escena<\/li>\n<\/ul>\n","protected":false},"featured_media":13959,"comment_status":"closed","ping_status":"closed","template":"","meta":{"_acf_changed":false},"product_brand":[2544],"product_cat":[993],"product_tag":[],"class_list":{"0":"post-18358","1":"product","2":"type-product","3":"status-publish","4":"has-post-thumbnail","6":"product_brand-viltrox-es","7":"product_cat-anulares","9":"first","10":"instock","11":"taxable","12":"shipping-taxable","13":"purchasable","14":"product-type-simple"},"bundled_by":[],"bundle_stock_status":"instock","bundle_stock_quantity":1,"bundle_virtual":false,"bundle_layout":"","bundle_add_to_cart_form_location":"","bundle_editable_in_cart":false,"bundle_sold_individually_context":"","bundle_item_grouping":"","bundle_min_size":"","bundle_max_size":"","bundle_price":[],"bundled_items":[],"bundle_sell_ids":[],"acf":[],"_links":{"self":[{"href":"https:\/\/hi-techwonder.com\/es\/wp-json\/wp\/v2\/product\/18358","targetHints":{"allow":["GET"]}}],"collection":[{"href":"https:\/\/hi-techwonder.com\/es\/wp-json\/wp\/v2\/product"}],"about":[{"href":"https:\/\/hi-techwonder.com\/es\/wp-json\/wp\/v2\/types\/product"}],"replies":[{"embeddable":true,"href":"https:\/\/hi-techwonder.com\/es\/wp-json\/wp\/v2\/comments?post=18358"}],"wp:featuredmedia":[{"embeddable":true,"href":"https:\/\/hi-techwonder.com\/es\/wp-json\/wp\/v2\/media\/13959"}],"wp:attachment":[{"href":"https:\/\/hi-techwonder.com\/es\/wp-json\/wp\/v2\/media?parent=18358"}],"wp:term":[{"taxonomy":"product_brand","embeddable":true,"href":"https:\/\/hi-techwonder.com\/es\/wp-json\/wp\/v2\/product_brand?post=18358"},{"taxonomy":"product_cat","embeddable":true,"href":"https:\/\/hi-techwonder.com\/es\/wp-json\/wp\/v2\/product_cat?post=18358"},{"taxonomy":"product_tag","embeddable":true,"href":"https:\/\/hi-techwonder.com\/es\/wp-json\/wp\/v2\/product_tag?post=18358"}],"curies":[{"name":"wp","href":"https:\/\/api.w.org\/{rel}","templated":true}]}}