{"id":18377,"date":"2025-07-24T09:08:09","date_gmt":"2025-07-24T09:08:09","guid":{"rendered":"https:\/\/fv6qoy3ls0.wpdns.site\/produto\/viltrox-l116t-led-compacto-bicolor\/"},"modified":"2026-04-27T12:20:08","modified_gmt":"2026-04-27T11:20:08","slug":"viltrox-l116t-led-compacto-bicolor","status":"publish","type":"product","link":"https:\/\/hi-techwonder.com\/es\/producto\/viltrox-l116t-led-compacto-bicolor\/","title":{"rendered":"Viltrox L116T LED Compacto Bicolor"},"content":{"rendered":"<h3><strong>Viltrox L116T LED Compacto Bicolor<\/strong><\/h3>\n<p><strong><em>Este iluminador no tiene fuente de alimentaci\u00f3n ni bater\u00eda incluidas, \u00a1hay que comprarlo por separado!<\/em><\/strong><\/p>\n<p>Ilumine a sus sujetos con esta luz de c\u00e1mara delgada de difusi\u00f3n suave LED bicolor L116T con pantalla LCD de Viltrox. Esta luz LED bicolor presenta un alto CRI de 95 para una reproducci\u00f3n precisa del color, un \u00e1ngulo de haz de 120\u00b0, una temperatura de color ajustable de 3300-5600K, atenuaci\u00f3n de 20-100% y un brillo m\u00e1ximo de 987 l\u00famenes.<\/p>\n<p>El L116T tiene una placa de bater\u00eda serie L incorporada y tambi\u00e9n puede funcionar con un adaptador de CA disponible por separado. La luz puede durar aproximadamente 2,4 horas con brillo m\u00e1ximo cuando se utiliza una bater\u00eda NP-750. En la parte posterior, la pantalla LCD brillante y f\u00e1cil de leer muestra el estado de la bater\u00eda, el porcentaje de brillo y la temperatura del color. Con la luz se incluye un adaptador de zapata ajustable que le permite montar la luz en la zapata de una c\u00e1mara y tiene una rosca de montaje de 1\/4&#8243;-20 en la parte inferior.<\/p>\n<ul>\n<li>Luz LED difusa y brillante con 116 LED<\/li>\n<li>Temperatura de color de 3300-5600K y clasificaci\u00f3n CRI 95 para una reproducci\u00f3n de colores realistas<\/li>\n<li>Placa de bater\u00eda integrada de la serie L; Puede funcionar con una bater\u00eda de la serie L o con un adaptador de CA, disponible por separado.<\/li>\n<li>20-100 % de atenuaci\u00f3n<\/li>\n<li>Funciona aproximadamente 2,4 horas con brillo m\u00e1ximo con una bater\u00eda NP-F750<\/li>\n<li>Adaptador de zapata incluido; Rosca de montaje de 1\/4&#8243;-20 en la parte inferior<\/li>\n<\/ul>\n<p><img loading=\"lazy\" decoding=\"async\" class=\"alignnone wp-image-28564\" src=\"https:\/\/hi-techwonder.com\/wp-content\/themes\/woodmart\/images\/lazy.svg\" data-src=\"https:\/\/viltrox.pt\/wp-content\/uploads\/2023\/09\/Viltrox-L116T-LED-Compacto-Bicolor-3-1024x1024.jpg\" alt=\"\" width=\"600\" height=\"600\"><\/p>\n<h5>En la caja:<\/h5>\n<ul>\n<li>Luz LED Viltrox L116T<\/li>\n<li>Adaptador de calzado<\/li>\n<li>Manual de usuario<\/li>\n<\/ul>\n<h5>Especificaciones:<\/h5>\n<p><em>L\u00e1mpara<\/em><\/p>\n<table width=\"631\">\n<tbody>\n<tr>\n<td width=\"246\"><strong>Tipo de Art\u00edculo<\/strong><\/td>\n<td width=\"386\"><strong>1 x\u00a0 <\/strong>Panel de luz LED<\/td>\n<\/tr>\n<tr>\n<td width=\"246\"><strong>Filtro incluido<\/strong><\/td>\n<td width=\"386\"><strong>1 x<\/strong> Difusor (Imbutido)<\/td>\n<\/tr>\n<tr>\n<td width=\"246\"><strong>L\u00famenes<\/strong><\/td>\n<td width=\"386\">987<\/td>\n<\/tr>\n<tr>\n<td width=\"246\"><strong>Fotometr\u00eda<\/strong><\/td>\n<td width=\"386\">6\u00a0fc \/ 203\u00a0Lux a 1 m*<\/p>\n<p>75\u00a0fc \/ 810\u00a0Lux a 0,5 m<\/p>\n<p><em>*<\/em> <em>Medidas est\u00e1ndar proporcionadas por el fabricante.<\/em><\/td>\n<\/tr>\n<tr>\n<td width=\"246\"><strong>Temperatura del Color<\/strong><\/td>\n<td width=\"386\">3300K a 5600K<\/td>\n<\/tr>\n<tr>\n<td width=\"246\"><strong>Est\u00e1ndar de Precisi\u00f3n de Color<\/strong><\/td>\n<td width=\"386\">CRI 95<\/td>\n<\/tr>\n<tr>\n<td width=\"246\"><strong>Sistema de Refrigeraci\u00f3n<\/strong><\/td>\n<td width=\"386\">Pasivo<\/td>\n<\/tr>\n<tr>\n<td width=\"246\"><strong>Oscurecimiento<\/strong><\/td>\n<td width=\"386\">Si, Dimmer Incorporado<\/p>\n<p>10 to 100%<\/td>\n<\/tr>\n<tr>\n<td width=\"246\"><strong>\u00c1ngulo de haz<\/strong><\/td>\n<td width=\"386\">120\u00b0<\/td>\n<\/tr>\n<\/tbody>\n<\/table>\n<p><em>\u00a0<\/em><em>Conectividad<\/em><\/p>\n<table width=\"633\">\n<tbody>\n<tr>\n<td width=\"246\"><strong>Compatibilidad de App m\u00f3vil<\/strong><\/td>\n<td width=\"387\">No<\/td>\n<\/tr>\n<\/tbody>\n<\/table>\n<p><em>\u00a0<\/em><em>Energ\u00eda, E\/S<\/em><\/p>\n<table width=\"631\">\n<tbody>\n<tr>\n<td width=\"246\"><strong>Fuente de Energ\u00eda<\/strong><\/td>\n<td width=\"385\"><strong>Adaptador AC-DC (no incluido)<\/strong><\/p>\n<p>Bater\u00eda (no incluida)<\/td>\n<\/tr>\n<tr>\n<td width=\"246\"><strong>Entradas\/Salidas<\/strong><\/td>\n<td width=\"385\"><strong>1 x <\/strong>entrada de alimentaci\u00f3n de barril\/coaxial<\/td>\n<\/tr>\n<tr>\n<td width=\"246\"><strong>Bater\u00eda<\/strong><\/td>\n<td width=\"385\"><strong>1 x <\/strong>Sony tipo NP-F750 recargable (no incluida)<\/p>\n<p><strong>\u00a0\u2022 <\/strong>Hasta 2,4 horas de duraci\u00f3n de la bater\u00eda con 100 % de brillo<\/td>\n<\/tr>\n<tr>\n<td width=\"246\"><strong>Entrada de alimentaci\u00f3n CC<\/strong><\/td>\n<td width=\"385\">12 V a 2 A<\/td>\n<\/tr>\n<tr>\n<td width=\"246\"><strong>Consumo<\/strong><\/td>\n<td width=\"385\">15 W<\/td>\n<\/tr>\n<\/tbody>\n<\/table>\n<p><em>\u00a0<\/em><em>Montura<\/em><\/p>\n<table width=\"647\">\n<tbody>\n<tr>\n<td width=\"246\"><strong>Montura da Fijaci\u00f3n<\/strong><\/td>\n<td colspan=\"2\" width=\"401\"><strong>1 x<\/strong> rosca hembra 1\/4&#8243;-20<\/td>\n<\/tr>\n<tr>\n<td width=\"246\"><strong>Adaptador incluido<\/strong><\/td>\n<td width=\"387\"><strong>1 x <\/strong>Montaje de 4 pines: pie accesorio para tornillo macho de 1\/4&#8243;-20<\/td>\n<td width=\"14\"><\/td>\n<\/tr>\n<\/tbody>\n<\/table>\n<p><em>\u00a0<\/em><em>General<\/em><\/p>\n<table width=\"633\">\n<tbody>\n<tr>\n<td width=\"246\"><strong>Display<\/strong><\/td>\n<td width=\"388\">LCD<\/td>\n<\/tr>\n<tr>\n<td width=\"246\"><strong>Dimensiones<\/strong><\/td>\n<td width=\"388\">19.2 x 12.8 x 3\u00a0cm<\/td>\n<\/tr>\n<tr>\n<td width=\"246\"><strong>Peso<\/strong><\/td>\n<td width=\"388\">260 g<\/td>\n<\/tr>\n<\/tbody>\n<\/table>\n","protected":false},"excerpt":{"rendered":"<ul>\n<li>Luz LED bicolor suave para la c\u00e1mara<\/li>\n<li>Temperatura de color 3300-5600K, CRI 95<\/li>\n<li>20-100% de atenuaci\u00f3n, \u00e1ngulo de haz de 120\u00b0<\/li>\n<li>Brillo de 987 l\u00famenes<\/li>\n<li>Pantalla de estado LCD<\/li>\n<li>Soporte de bater\u00eda integrado serie L<\/li>\n<li>2,4 horas de duraci\u00f3n de la bater\u00eda con brillo m\u00e1ximo<\/li>\n<li>Rosca de montaje de 1\/4&#8243;-20<\/li>\n<li>Adaptador de zapata ajustable incluido<\/li>\n<\/ul>\n","protected":false},"featured_media":13976,"comment_status":"closed","ping_status":"closed","template":"","meta":{"_acf_changed":false},"product_brand":[2544],"product_cat":[994],"product_tag":[],"class_list":{"0":"post-18377","1":"product","2":"type-product","3":"status-publish","4":"has-post-thumbnail","6":"product_brand-viltrox-es","7":"product_cat-compactos-es","9":"first","10":"instock","11":"taxable","12":"shipping-taxable","13":"purchasable","14":"product-type-simple"},"bundled_by":[],"bundle_stock_status":"instock","bundle_stock_quantity":2,"bundle_virtual":false,"bundle_layout":"","bundle_add_to_cart_form_location":"","bundle_editable_in_cart":false,"bundle_sold_individually_context":"","bundle_item_grouping":"","bundle_min_size":"","bundle_max_size":"","bundle_price":[],"bundled_items":[],"bundle_sell_ids":[],"acf":[],"_links":{"self":[{"href":"https:\/\/hi-techwonder.com\/es\/wp-json\/wp\/v2\/product\/18377","targetHints":{"allow":["GET"]}}],"collection":[{"href":"https:\/\/hi-techwonder.com\/es\/wp-json\/wp\/v2\/product"}],"about":[{"href":"https:\/\/hi-techwonder.com\/es\/wp-json\/wp\/v2\/types\/product"}],"replies":[{"embeddable":true,"href":"https:\/\/hi-techwonder.com\/es\/wp-json\/wp\/v2\/comments?post=18377"}],"wp:featuredmedia":[{"embeddable":true,"href":"https:\/\/hi-techwonder.com\/es\/wp-json\/wp\/v2\/media\/13976"}],"wp:attachment":[{"href":"https:\/\/hi-techwonder.com\/es\/wp-json\/wp\/v2\/media?parent=18377"}],"wp:term":[{"taxonomy":"product_brand","embeddable":true,"href":"https:\/\/hi-techwonder.com\/es\/wp-json\/wp\/v2\/product_brand?post=18377"},{"taxonomy":"product_cat","embeddable":true,"href":"https:\/\/hi-techwonder.com\/es\/wp-json\/wp\/v2\/product_cat?post=18377"},{"taxonomy":"product_tag","embeddable":true,"href":"https:\/\/hi-techwonder.com\/es\/wp-json\/wp\/v2\/product_tag?post=18377"}],"curies":[{"name":"wp","href":"https:\/\/api.w.org\/{rel}","templated":true}]}}