{"id":18422,"date":"2025-07-24T09:08:14","date_gmt":"2025-07-24T09:08:14","guid":{"rendered":"https:\/\/fv6qoy3ls0.wpdns.site\/produto\/viltrox-weeylite-rb08p-led-compacto-bicolor-rgb\/"},"modified":"2026-04-27T12:20:40","modified_gmt":"2026-04-27T11:20:40","slug":"viltrox-rb08p-led-compacto-rgb","status":"publish","type":"product","link":"https:\/\/hi-techwonder.com\/es\/producto\/viltrox-rb08p-led-compacto-rgb\/","title":{"rendered":"Viltrox Weeylite RB08P LED Compacto Bicolor RGB"},"content":{"rendered":"<h3><strong>Viltrox Weeylite RB08P LED Compacto Bicolor RGB<\/strong><\/h3>\n<p><iframe loading=\"lazy\" title=\"Viltrox Weeylite RB08P LED Compacto Bicolor RGB\" width=\"500\" height=\"281\" src=\"https:\/\/www.youtube.com\/embed\/KbMw4q1T6x8?feature=oembed\" frameborder=\"0\" allow=\"accelerometer; autoplay; clipboard-write; encrypted-media; gyroscope; picture-in-picture; web-share\" referrerpolicy=\"strict-origin-when-cross-origin\" allowfullscreen><\/iframe><\/p>\n<p>La luz LED port\u00e1til Weeylite RB08P RGB cuenta con 52 LED en una forma liviana y compacta. Seleccione entre 360 \u200b\u200bcolores en modo RGB o ajuste la temperatura de color de 2500 a 8500K. La luz es regulable desde el 100 % de brillo hasta el 10 % en incrementos del 1 %. El accesorio cuenta con un cuerpo de aluminio liviano e incorpora dos orificios de montaje roscados de 1\/4&#8243;-20, y cuenta con un bot\u00f3n de encendido\/apagado y cuatro botones de control en el costado.<\/p>\n<p>La pantalla OLED integrada en la parte posterior muestra el n\u00famero de modo y el medidor de bater\u00eda, as\u00ed como informaci\u00f3n asociada como temperatura de color, tono y saturaci\u00f3n RGB, o configuraci\u00f3n de efectos.<\/p>\n<p>La luz funciona con una bater\u00eda de iones de litio de 3000 mAh incorporada que se puede cargar completamente en aproximadamente tres horas con el cable micro-USB incluido. A pleno brillo, la bater\u00eda dura aproximadamente 1,2 horas. La luz se puede montar utilizando sus dos roscas de montaje de 1\/4&#8243;-20 con un soporte, soporte o brazo oscilante disponibles por separado.<\/p>\n<p><em>Botones de encendido\/apagado y control<\/em><\/p>\n<p>El dispositivo tiene un bot\u00f3n de encendido\/apagado y cuatro botones de control a lo largo del costado: modo, selecci\u00f3n, m\u00e1s y menos<\/p>\n<h5>Modos de iluminaci\u00f3n<\/h5>\n<p>Todos los modos le permiten ajustar el brillo de 10 a 100 % en incrementos de 1 %, excepto el modo 4:<\/p>\n<ul>\n<li>1: cuenta con seis preajustes de temperatura de color, incluidos 3200, 4000, 5200, 5500, 6000 y 7000K<\/li>\n<li>2: le permite ajustar la temperatura de color de salida de 2500 a 8500K en incrementos de 100K<\/li>\n<li>3: RGB con ajustes de tono de 0 a 360\u00b0 y saturaci\u00f3n de 0 a 100 %<\/li>\n<li>4: la coincidencia de color autom\u00e1tica RGB le permite ajustar el rojo, el azul y el verde individualmente de 0 a 100 % de brillo<\/li>\n<li>5: Recorre el espectro de color RGB y tiene tres configuraciones para la velocidad del ciclo<\/li>\n<li>6: el modo Lightning tiene tres configuraciones de velocidad de flash<\/li>\n<li>7: destellos de advertencia entre luces de emergencia rojas y azules con tres configuraciones de velocidad de destello<\/li>\n<li>8: preajustes de escena con siete selecciones: bar, cumplea\u00f1os, cuento de hadas, c\u00e9sped, ola marina, aurora y pel\u00edculas<\/li>\n<\/ul>\n<h5>En la caja:<\/h5>\n<ul>\n<li>Panel LED Viltrox Weeylite RB08P<\/li>\n<li>Adaptador de zapatos<\/li>\n<li>Cable USB<\/li>\n<li>Manual de usuario<\/li>\n<\/ul>\n<h5><strong>Especificaciones:<\/strong><\/h5>\n<p><em>L\u00e1mpara<\/em><\/p>\n<table width=\"631\">\n<tbody>\n<tr>\n<td width=\"246\"><strong>Tipo de Art\u00edculo<\/strong><\/td>\n<td width=\"386\"><strong>1 x\u00a0 <\/strong>Panel de luz LED<\/td>\n<\/tr>\n<tr>\n<td width=\"246\"><strong>Filtro incluido<\/strong><\/td>\n<td width=\"386\"><strong>1 x<\/strong> Difusor<\/td>\n<\/tr>\n<tr>\n<td width=\"246\"><strong>L\u00famenes<\/strong><\/td>\n<td width=\"386\">630<\/td>\n<\/tr>\n<tr>\n<td width=\"246\"><strong>Fotometr\u00eda<\/strong><\/td>\n<td width=\"386\"><strong>120\u00b0 a 5600K:<\/strong><\/p>\n<p>19 fc \/ 213 Lux a 1 m*<\/p>\n<p>79\u00a0fc \/ 850\u00a0Lux a 0,5 m<\/p>\n<p><em>*<\/em> <em>Medidas est\u00e1ndar proporcionadas por el fabricante.<\/em><\/td>\n<\/tr>\n<tr>\n<td width=\"246\"><strong>Temperatura del Color<\/strong><\/td>\n<td width=\"386\">2500K a 8500K<\/td>\n<\/tr>\n<tr>\n<td width=\"246\"><strong>Modos de Color<\/strong><\/td>\n<td width=\"386\">RGB<\/td>\n<\/tr>\n<tr>\n<td width=\"246\"><strong>Est\u00e1ndar de Precisi\u00f3n de Color<\/strong><\/td>\n<td width=\"386\">CRI 95<\/td>\n<\/tr>\n<tr>\n<td width=\"246\"><strong>Sistema de Refrigeraci\u00f3n<\/strong><\/td>\n<td width=\"386\">Pasivo<\/td>\n<\/tr>\n<tr>\n<td width=\"246\"><strong>Oscurecimiento<\/strong><\/td>\n<td width=\"386\">Si, Dimmer Incorporado<\/p>\n<p>10 to 100%<\/td>\n<\/tr>\n<tr>\n<td width=\"246\"><strong>\u00c1ngulo de haz<\/strong><\/td>\n<td width=\"386\">No<\/td>\n<\/tr>\n<\/tbody>\n<\/table>\n<p><em>\u00a0<\/em><em>Conectividad<\/em><\/p>\n<table width=\"633\">\n<tbody>\n<tr>\n<td width=\"246\"><strong>Compatibilidad de App m\u00f3vil<\/strong><\/td>\n<td width=\"387\">No<\/td>\n<\/tr>\n<\/tbody>\n<\/table>\n<p><em>\u00a0<\/em><em>Energ\u00eda, E\/S<\/em><\/p>\n<table width=\"631\">\n<tbody>\n<tr>\n<td width=\"246\"><strong>Fuente de Energ\u00eda<\/strong><\/td>\n<td width=\"385\">Bater\u00eda (integrada)<\/td>\n<\/tr>\n<tr>\n<td width=\"246\"><strong>Entradas\/Salidas<\/strong><\/td>\n<td width=\"385\"><strong>1 x\u00a0<\/strong>Entrada\u00a0 energ\u00eda micro-USB<\/td>\n<\/tr>\n<tr>\n<td width=\"246\"><strong>Bater\u00eda<\/strong><\/td>\n<td width=\"385\"><strong>1 x <\/strong>Recargable, Li-Ion 3,7 VDC, 3000 mAh (incorporado)<\/p>\n<p>\u2022 Autonom\u00eda de hasta 1,2 horas con brillo m\u00e1ximo a 5600K<\/td>\n<\/tr>\n<tr>\n<td width=\"246\"><strong>Adaptador\/ Cable Incluido<\/strong><\/td>\n<td width=\"385\"><strong>1 x\u00a0 <\/strong>Cable micro-USB para USB-A<\/td>\n<\/tr>\n<tr>\n<td width=\"246\"><strong>Consumo<\/strong><\/td>\n<td width=\"385\">8 W<\/td>\n<\/tr>\n<\/tbody>\n<\/table>\n<p><em>\u00a0<\/em><em>Montura<\/em><\/p>\n<table width=\"647\">\n<tbody>\n<tr>\n<td width=\"246\"><strong>Montura da Fijaci\u00f3n<\/strong><\/td>\n<td colspan=\"2\" width=\"401\"><strong>2 x<\/strong> rosca hembra 1\/4&#8243;-20<\/td>\n<\/tr>\n<tr>\n<td width=\"246\"><strong>Adaptador incluido<\/strong><\/td>\n<td width=\"387\"><strong>1 x <\/strong>soporte no giratorio: pie accesorio con rosca hembra de 1\/4&#8243;-20 a tornillo macho de 1\/4&#8243;-20<\/td>\n<td width=\"14\"><\/td>\n<\/tr>\n<\/tbody>\n<\/table>\n<p><em>\u00a0<\/em><em>Ambiental<\/em><\/p>\n<table width=\"647\">\n<tbody>\n<tr>\n<td width=\"246\"><strong>Temperatura funcional<\/strong><\/td>\n<td width=\"401\">-10 to 35\u00b0C<\/td>\n<\/tr>\n<\/tbody>\n<\/table>\n<p><em>\u00a0<\/em><em>General<\/em><\/p>\n<table width=\"633\">\n<tbody>\n<tr>\n<td width=\"246\"><strong>Display<\/strong><\/td>\n<td width=\"388\">OLED<\/td>\n<\/tr>\n<tr>\n<td width=\"246\"><strong>Dimensiones<\/strong><\/td>\n<td width=\"388\">11.5 x 6.8 x 1.4 cm<\/td>\n<\/tr>\n<tr>\n<td width=\"246\"><strong>Peso<\/strong><\/td>\n<td width=\"388\">166 g<\/td>\n<\/tr>\n<\/tbody>\n<\/table>\n","protected":false},"excerpt":{"rendered":"<ul>\n<li>Color variable de 2500 a 8500K<\/li>\n<li>Modo RGB con control de matiz y saturaci\u00f3n<\/li>\n<li>10 a 100 % de brillo<\/li>\n<li>Ocho modos de iluminaci\u00f3n para elegir<\/li>\n<li>Bater\u00eda de litio de 3000 mAh incorporada<\/li>\n<li>Pantalla de estado OLED trasera<\/li>\n<li>Aluminio ligero, factor de forma compacto<\/li>\n<li>Dos roscas de montaje de 1\/4&#8243;-20<\/li>\n<\/ul>\n","protected":false},"featured_media":14019,"comment_status":"closed","ping_status":"closed","template":"","meta":{"_acf_changed":false},"product_brand":[2544],"product_cat":[994],"product_tag":[],"class_list":{"0":"post-18422","1":"product","2":"type-product","3":"status-publish","4":"has-post-thumbnail","6":"product_brand-viltrox-es","7":"product_cat-compactos-es","9":"first","10":"pre-order","11":"taxable","12":"shipping-taxable","13":"purchasable","14":"product-type-simple"},"bundled_by":[],"bundle_stock_status":"pre-order","bundle_stock_quantity":null,"bundle_virtual":false,"bundle_layout":"","bundle_add_to_cart_form_location":"","bundle_editable_in_cart":false,"bundle_sold_individually_context":"","bundle_item_grouping":"","bundle_min_size":"","bundle_max_size":"","bundle_price":[],"bundled_items":[],"bundle_sell_ids":[],"acf":[],"_links":{"self":[{"href":"https:\/\/hi-techwonder.com\/es\/wp-json\/wp\/v2\/product\/18422","targetHints":{"allow":["GET"]}}],"collection":[{"href":"https:\/\/hi-techwonder.com\/es\/wp-json\/wp\/v2\/product"}],"about":[{"href":"https:\/\/hi-techwonder.com\/es\/wp-json\/wp\/v2\/types\/product"}],"replies":[{"embeddable":true,"href":"https:\/\/hi-techwonder.com\/es\/wp-json\/wp\/v2\/comments?post=18422"}],"wp:featuredmedia":[{"embeddable":true,"href":"https:\/\/hi-techwonder.com\/es\/wp-json\/wp\/v2\/media\/14019"}],"wp:attachment":[{"href":"https:\/\/hi-techwonder.com\/es\/wp-json\/wp\/v2\/media?parent=18422"}],"wp:term":[{"taxonomy":"product_brand","embeddable":true,"href":"https:\/\/hi-techwonder.com\/es\/wp-json\/wp\/v2\/product_brand?post=18422"},{"taxonomy":"product_cat","embeddable":true,"href":"https:\/\/hi-techwonder.com\/es\/wp-json\/wp\/v2\/product_cat?post=18422"},{"taxonomy":"product_tag","embeddable":true,"href":"https:\/\/hi-techwonder.com\/es\/wp-json\/wp\/v2\/product_tag?post=18422"}],"curies":[{"name":"wp","href":"https:\/\/api.w.org\/{rel}","templated":true}]}}