{"id":18522,"date":"2025-07-24T09:08:27","date_gmt":"2025-07-24T09:08:27","guid":{"rendered":"https:\/\/fv6qoy3ls0.wpdns.site\/produto\/viltrox-vl-40t-panel-led-bicolor\/"},"modified":"2026-02-16T15:01:56","modified_gmt":"2026-02-16T15:01:56","slug":"viltrox-vl-40t-panel-led-bicolor","status":"publish","type":"product","link":"https:\/\/hi-techwonder.com\/es\/producto\/viltrox-vl-40t-panel-led-bicolor\/","title":{"rendered":"Viltrox VL-40T Panel LED Bicolor"},"content":{"rendered":"<h3><strong>Viltrox VL-40T Panel LED Bicolor<\/strong><\/h3>\n<p>El panel de luz LED bicolor Viltrox VL-40T est\u00e1 fabricado con 540 LED de alta eficiencia para proporcionar una salida de luz bicolor vers\u00e1til y ajustable. Con un alto CRI de 95, el VL-40T reproduce colores y tonos de piel con alta precisi\u00f3n, en cualquier lugar a lo largo de su rango de oscurecimiento sin parpadeos.<\/p>\n<p>La construcci\u00f3n de metal del chasis del panel brinda durabilidad y enfriamiento por convecci\u00f3n eficiente, por lo que el panel sin ventilador es completamente silencioso y adecuado para aplicaciones basadas en video donde se graba sonido en vivo. El dise\u00f1o delgado y liviano es f\u00e1cil de transportar y transportar, donde sea que lo lleve su tarea.<\/p>\n<p><em>Mando a distancia <\/em>wireless <em>de 2,4 GHz<\/em><\/p>\n<p>La temperatura del color y el brillo se pueden controlar localmente en la parte posterior del VL-40T usando los controles intuitivos y la pantalla LCD o usando el control remoto wireless de 2,4 GHz incluido. El control remoto wireless tiene un alcance de hasta 20 metros y puede controlar varias luces en 19 grupos y 6 canales.<\/p>\n<p><em>CA multivoltaje, energ\u00eda de bater\u00eda opcional<\/em><\/p>\n<p>El adaptador de CA multivoltaje permite que la luz se use en cualquier parte del mundo o tambi\u00e9n se puede alimentar en el sitio usando dos bater\u00edas tipo L\/NP-F que se compran por separado.<\/p>\n<h5>En la caja:<\/h5>\n<ul>\n<li>Panel de luz LED bicolor Viltrox VL-40T<\/li>\n<li>Control remoto wireless VL-500RT de 2,4 GHz<\/li>\n<li>Fuente de alimentaci\u00f3n de CA multivoltaje<\/li>\n<\/ul>\n<h5>Especificaciones:<\/h5>\n<p><em>L\u00e1mpara<\/em><\/p>\n<table width=\"653\">\n<tbody>\n<tr>\n<td width=\"236\"><strong>Tipo de Art\u00edculo<\/strong><\/td>\n<td width=\"416\"><strong>1 x\u00a0 <\/strong>Panel de luz LED<\/td>\n<\/tr>\n<tr>\n<td width=\"236\"><strong>Caja de Almacenamiento Incluida<\/strong><\/td>\n<td width=\"416\">Ninguno<\/td>\n<\/tr>\n<tr>\n<td width=\"236\"><strong>L\u00famenes<\/strong><\/td>\n<td width=\"416\">4400<\/td>\n<\/tr>\n<tr>\n<td width=\"236\"><strong>Fotometr\u00eda<\/strong><\/td>\n<td width=\"416\"><strong>5600K:<\/strong><\/p>\n<p>242\u00a0fc \/ 2600\u00a0Lux a 1 m*<\/p>\n<p>&nbsp;<\/p>\n<p><em>*<\/em> <em>Medidas est\u00e1ndar proporcionadas por el fabricante.<\/em><\/td>\n<\/tr>\n<tr>\n<td width=\"236\"><strong>Temperatura del Color<\/strong><\/td>\n<td width=\"416\">3300K a 5600K<\/td>\n<\/tr>\n<tr>\n<td width=\"236\"><strong>Est\u00e1ndar de Precisi\u00f3n de Color<\/strong><\/td>\n<td width=\"416\">CRI 95<\/td>\n<\/tr>\n<tr>\n<td width=\"236\"><strong>Sistema de Refrigeraci\u00f3n<\/strong><\/td>\n<td width=\"416\">Pasivo<\/td>\n<\/tr>\n<tr>\n<td width=\"236\"><strong>Oscurecimiento<\/strong><\/td>\n<td width=\"416\">Si, Dimmer Incorporado<\/p>\n<p>20 to 100%<\/td>\n<\/tr>\n<tr>\n<td width=\"236\"><strong>Flash Incorporado<\/strong><\/td>\n<td width=\"416\">No<\/td>\n<\/tr>\n<tr>\n<td width=\"236\"><strong>Montura para Paragua<\/strong><\/td>\n<td width=\"416\">No<\/td>\n<\/tr>\n<tr>\n<td width=\"236\"><strong>Montura para accesorio frontal<\/strong><\/td>\n<td width=\"416\">Proprietario<\/td>\n<\/tr>\n<\/tbody>\n<\/table>\n<p><em>\u00a0<\/em><em>Conectividad<\/em><\/p>\n<table width=\"653\">\n<tbody>\n<tr>\n<td width=\"236\"><strong>Tipo de Control Remoto<\/strong><\/td>\n<td width=\"417\">Radio\/RF (Comando Remoto Incluido)<\/td>\n<\/tr>\n<tr>\n<td width=\"236\"><strong>Canales Wireless<\/strong><\/td>\n<td width=\"417\">19<\/td>\n<\/tr>\n<tr>\n<td width=\"236\"><strong>Grupos Wireless<\/strong><\/td>\n<td width=\"417\">6<\/td>\n<\/tr>\n<tr>\n<td width=\"236\"><strong>Frecuencia Wireless<\/strong><\/td>\n<td width=\"417\">2,4 GHz<\/td>\n<\/tr>\n<tr>\n<td width=\"236\"><strong>Rango Wireless<\/strong><\/td>\n<td width=\"417\">20 m<\/td>\n<\/tr>\n<\/tbody>\n<\/table>\n<p><em>\u00a0<\/em><em>Energ\u00eda, E\/S<\/em><\/p>\n<table width=\"652\">\n<tbody>\n<tr>\n<td width=\"236\"><strong>Fuente de Energ\u00eda<\/strong><\/td>\n<td width=\"216\">Adaptador AC para DC (Incluido)<\/p>\n<p>Bater\u00eda (no incluida)<\/td>\n<td width=\"200\"><\/td>\n<\/tr>\n<tr>\n<td width=\"236\"><strong>Entradas\/Salidas<\/strong><\/td>\n<td colspan=\"2\" width=\"415\"><strong>1 x\u00a0<\/strong>Entrada de alimentaci\u00f3n cil\u00edndrica\/coaxial \u00a0(18 VDC at 3.5 A)<\/td>\n<\/tr>\n<tr>\n<td width=\"236\"><strong>Tipo de placa de bater\u00eda<\/strong><\/td>\n<td colspan=\"2\" width=\"415\">2 x Sony L-Series \/ NP-F (integrado)<\/td>\n<\/tr>\n<tr>\n<td width=\"236\"><strong>Bater\u00eda<\/strong><\/td>\n<td colspan=\"2\" width=\"415\"><strong>2 x<\/strong> recargables (no incluidas)<\/td>\n<\/tr>\n<tr>\n<td width=\"236\"><strong>Entrada de Energia AC<\/strong><\/td>\n<td colspan=\"2\" width=\"415\">120 at\u00e9 240 VAC, 50 \/ 60 Hz<\/td>\n<\/tr>\n<tr>\n<td width=\"236\"><strong>Entrada de Energ\u00eda DC <\/strong><\/td>\n<td colspan=\"2\" width=\"415\">18 VDC<\/td>\n<\/tr>\n<tr>\n<td width=\"236\"><strong>Adaptador\/ Cable Incluido<\/strong><\/td>\n<td colspan=\"2\" width=\"415\"><strong>1 x\u00a0 <\/strong>Enchufe Edison para Adaptador cil\u00edndrica\/coaxial AC para DC<\/td>\n<\/tr>\n<tr>\n<td width=\"236\"><strong>Consumo de energia<\/strong><\/td>\n<td colspan=\"2\" width=\"415\">40W<\/td>\n<\/tr>\n<\/tbody>\n<\/table>\n<p><em>\u00a0<\/em><em>Montura<\/em><\/p>\n<table width=\"651\">\n<tbody>\n<tr>\n<td width=\"236\"><strong>Tipo de Yugo<\/strong><\/td>\n<td width=\"414\">Operado manualmente (inclinable 180\u00ba)<\/td>\n<\/tr>\n<tr>\n<td width=\"236\"><strong>Montaje de fijaci\u00f3n<\/strong><\/td>\n<td width=\"414\">1 x receptor 5\/8\u201d (a trav\u00e9s del montura del yugo)<\/td>\n<\/tr>\n<\/tbody>\n<\/table>\n<p><em>\u00a0<\/em><em>General<\/em><\/p>\n<table width=\"651\">\n<tbody>\n<tr>\n<td width=\"236\"><strong>Display<\/strong><\/td>\n<td width=\"415\">LCD<\/td>\n<\/tr>\n<tr>\n<td width=\"236\"><strong>Dimensiones<\/strong><\/td>\n<td width=\"415\">31.7 x 24.9 x 4.8\u00a0cm<\/td>\n<\/tr>\n<tr>\n<td width=\"236\"><strong>Peso<\/strong><\/td>\n<td width=\"415\">1,2 kg<\/td>\n<\/tr>\n<\/tbody>\n<\/table>\n","protected":false},"excerpt":{"rendered":"<ul>\n<li>Superficie del panel: 31,7 x 24,9 cm<\/li>\n<li>Rango de temperatura de color: 3300-5600K<\/li>\n<li>40 W, IRC: 95<\/li>\n<li>20-100 % de atenuaci\u00f3n, control remoto inal\u00e1mbrico de 2,4 GHz<\/li>\n<li>CA multivoltaje, energ\u00eda de bater\u00eda opcional<\/li>\n<\/ul>\n","protected":false},"featured_media":14123,"comment_status":"closed","ping_status":"closed","template":"","meta":{"_acf_changed":false},"product_brand":[2544],"product_cat":[998],"product_tag":[],"class_list":{"0":"post-18522","1":"product","2":"type-product","3":"status-publish","4":"has-post-thumbnail","6":"product_brand-viltrox-es","7":"product_cat-paneles-es","9":"first","10":"instock","11":"taxable","12":"shipping-taxable","13":"purchasable","14":"product-type-simple"},"bundled_by":[],"bundle_stock_status":"instock","bundle_stock_quantity":1,"bundle_virtual":false,"bundle_layout":"","bundle_add_to_cart_form_location":"","bundle_editable_in_cart":false,"bundle_sold_individually_context":"","bundle_item_grouping":"","bundle_min_size":"","bundle_max_size":"","bundle_price":[],"bundled_items":[],"bundle_sell_ids":[],"acf":[],"_links":{"self":[{"href":"https:\/\/hi-techwonder.com\/es\/wp-json\/wp\/v2\/product\/18522","targetHints":{"allow":["GET"]}}],"collection":[{"href":"https:\/\/hi-techwonder.com\/es\/wp-json\/wp\/v2\/product"}],"about":[{"href":"https:\/\/hi-techwonder.com\/es\/wp-json\/wp\/v2\/types\/product"}],"replies":[{"embeddable":true,"href":"https:\/\/hi-techwonder.com\/es\/wp-json\/wp\/v2\/comments?post=18522"}],"wp:featuredmedia":[{"embeddable":true,"href":"https:\/\/hi-techwonder.com\/es\/wp-json\/wp\/v2\/media\/14123"}],"wp:attachment":[{"href":"https:\/\/hi-techwonder.com\/es\/wp-json\/wp\/v2\/media?parent=18522"}],"wp:term":[{"taxonomy":"product_brand","embeddable":true,"href":"https:\/\/hi-techwonder.com\/es\/wp-json\/wp\/v2\/product_brand?post=18522"},{"taxonomy":"product_cat","embeddable":true,"href":"https:\/\/hi-techwonder.com\/es\/wp-json\/wp\/v2\/product_cat?post=18522"},{"taxonomy":"product_tag","embeddable":true,"href":"https:\/\/hi-techwonder.com\/es\/wp-json\/wp\/v2\/product_tag?post=18522"}],"curies":[{"name":"wp","href":"https:\/\/api.w.org\/{rel}","templated":true}]}}