{"id":18544,"date":"2025-07-24T09:08:31","date_gmt":"2025-07-24T09:08:31","guid":{"rendered":"https:\/\/fv6qoy3ls0.wpdns.site\/produto\/viltrox-vl-200t-panel-led-bicolor-kit-triple\/"},"modified":"2026-01-29T15:22:48","modified_gmt":"2026-01-29T15:22:48","slug":"viltrox-vl-200t-panel-led-kit-triple","status":"publish","type":"product","link":"https:\/\/hi-techwonder.com\/es\/producto\/viltrox-vl-200t-panel-led-kit-triple\/","title":{"rendered":"Viltrox VL-200T Panel LED Bicolor &#8211; Kit Triple"},"content":{"rendered":"<h3><strong>Viltrox VL-200T Panel LED Bicolor &#8211; Kit Triple<\/strong><\/h3>\n<p>Ilumine sus sujetos con este panel LED bicolor VL-200T con pantalla LCD de Viltrox. En este kit a\u00fan m\u00e1s econ\u00f3mico, recibes 3 paneles VL-200T, con 3 soportes y adaptadores, 3 fuentes de alimentaci\u00f3n, 1 mando a distancia e incluso una bolsa para transportar tu kit.<\/p>\n<p>Esta suave luz LED bicolor cuenta con un CRI alto de 95 para una reproducci\u00f3n crom\u00e1tica precisa, una temperatura de color ajustable de 3300 a 5600 K, atenuaci\u00f3n del 20 al 100 % y un brillo m\u00e1ximo de 2500 l\u00famenes.<\/p>\n<p>El VL-200T tambi\u00e9n cuenta con un sistema remoto RF wireless de seis grupos y diecinueve canales. El control remoto wireless incluido le permite controlar una o varias luces desde una distancia de hasta 20 metros. Le permite ver y controlar la temperatura del color, el brillo y la configuraci\u00f3n del grupo de iluminaci\u00f3n.<\/p>\n<p>El VL-200T tiene una placa de bater\u00eda dual de la serie L incorporada y tambi\u00e9n puede alimentarse con el adaptador de CC incluido. La luz puede durar aproximadamente tres horas a pleno brillo cuando se utilizan dos bater\u00edas NP-960 de 4800 mAh. En la parte posterior, la pantalla LCD brillante y f\u00e1cil de leer muestra el estado de la bater\u00eda, el porcentaje de brillo y la temperatura del color. Tambi\u00e9n se incluye con cada luz un adaptador de zapata ajustable para montaje en una c\u00e1mara o soporte.<\/p>\n<h5>Caracter\u00edsticas principales<\/h5>\n<ul>\n<li>Luz LED suave y brillante con 96 LED de luz diurna y 96 LED de tungsteno<\/li>\n<li>La pantalla LCD muestra el nivel de brillo, la temperatura del color y el estado de la bater\u00eda<\/li>\n<li>Control v\u00eda control remoto sobre sistema RF de 2.4GHz con seis grupos y diecinueve canales<\/li>\n<li>Temperatura de color ajustable de 3300 a 5600 K y clasificaci\u00f3n CRI 95 para una reproducci\u00f3n de color precisa<\/li>\n<li>Placa de bater\u00eda doble integrada de la serie L; se puede alimentar con bater\u00edas de la serie L disponibles por separado o con el adaptador de CC incluido<\/li>\n<li>Atenuaci\u00f3n del 20 al 100 %<\/li>\n<li>Funciona aproximadamente tres horas a pleno brillo con dos bater\u00edas NP-F960 de 4800 mAh<\/li>\n<li>Adaptador de zapata y control remoto incluidos<\/li>\n<\/ul>\n<p><img loading=\"lazy\" decoding=\"async\" class=\"alignnone wp-image-30420\" src=\"https:\/\/hi-techwonder.com\/wp-content\/themes\/woodmart\/images\/lazy.svg\" data-src=\"https:\/\/viltrox.pt\/wp-content\/uploads\/2023\/09\/Viltrox-VL-200T-Painel-LED-Bicolor.jpg\" alt=\"\" width=\"600\" height=\"370\"><\/p>\n<h5>En la caja:<\/h5>\n<ul>\n<li>LED bicolores Viltrox VL-200T x3<\/li>\n<li>zapatas fr\u00edas x3<\/li>\n<li>mando a distancia x1<\/li>\n<li>adaptadores de CA x3<\/li>\n<li>manuales de usuario<\/li>\n<li>tr\u00edpodes para l\u00e1mpara x3<\/li>\n<li>estuche de transporte x1<\/li>\n<\/ul>\n<h5>Especificaciones:<\/h5>\n<p><em>L\u00e1mpara<\/em><\/p>\n<table width=\"653\">\n<tbody>\n<tr>\n<td width=\"255\"><strong>Tipo de Art\u00edculo<\/strong><\/td>\n<td width=\"397\"><strong>3 x\u00a0 <\/strong>Panel de luz LED<\/td>\n<\/tr>\n<tr>\n<td width=\"255\"><strong>Caja de Almacenamiento Incluida<\/strong><\/td>\n<td width=\"397\">Maleta<\/td>\n<\/tr>\n<tr>\n<td width=\"255\"><strong>L\u00famenes<\/strong><\/td>\n<td width=\"397\">2500 (a 4400K)<\/td>\n<\/tr>\n<tr>\n<td width=\"255\"><strong>Fotometr\u00eda<\/strong><\/td>\n<td width=\"397\"><strong>4400K:<\/strong><\/p>\n<p>56\u00a0fc \/ 613\u00a0Lux a 1 m*<\/p>\n<p>228\u00a0fc \/ 2450\u00a0Lux a 0,5 m<\/p>\n<p>&nbsp;<\/p>\n<p><em>*<\/em> <em>Medidas est\u00e1ndar proporcionadas por el fabricante.<\/em><\/td>\n<\/tr>\n<tr>\n<td width=\"255\"><strong>Temperatura del Color<\/strong><\/td>\n<td width=\"397\">3300K a 5600K<\/td>\n<\/tr>\n<tr>\n<td width=\"255\"><strong>Est\u00e1ndar de Precisi\u00f3n de Color<\/strong><\/td>\n<td width=\"397\">CRI 95<\/td>\n<\/tr>\n<tr>\n<td width=\"255\"><strong>Sistema de Refrigeraci\u00f3n<\/strong><\/td>\n<td width=\"397\">Pasivo<\/td>\n<\/tr>\n<tr>\n<td width=\"255\"><strong>Oscurecimiento<\/strong><\/td>\n<td width=\"397\">Si, Dimmer Incorporado<\/p>\n<p>20 to 100%<\/td>\n<\/tr>\n<tr>\n<td width=\"255\"><strong>Flash Incorporado<\/strong><\/td>\n<td width=\"397\">No<\/td>\n<\/tr>\n<tr>\n<td width=\"255\"><strong>Montura para Paragua<\/strong><\/td>\n<td width=\"397\">No<\/td>\n<\/tr>\n<\/tbody>\n<\/table>\n<p><em>\u00a0<\/em><em>Conectividad<\/em><\/p>\n<table width=\"653\">\n<tbody>\n<tr>\n<td width=\"255\"><strong>Tipo de Control Remoto<\/strong><\/td>\n<td width=\"398\">Radio\/RF (Comando Remoto Incluido)<\/td>\n<\/tr>\n<tr>\n<td width=\"255\"><strong>Compatible con la aplicaci\u00f3n m\u00f3vil<\/strong><\/td>\n<td width=\"398\">N\u00e3o<\/td>\n<\/tr>\n<tr>\n<td width=\"255\"><strong>Canales Wireless<\/strong><\/td>\n<td width=\"398\">19<\/td>\n<\/tr>\n<tr>\n<td width=\"255\"><strong>Grupos Wireless<\/strong><\/td>\n<td width=\"398\">6<\/td>\n<\/tr>\n<tr>\n<td width=\"255\"><strong>Frecuencia Wireless<\/strong><\/td>\n<td width=\"398\">2,4 GHz<\/td>\n<\/tr>\n<tr>\n<td width=\"255\"><strong>Rango Wireless<\/strong><\/td>\n<td width=\"398\">20 m<\/td>\n<\/tr>\n<\/tbody>\n<\/table>\n<p><em>\u00a0<\/em><em>Energ\u00eda, E\/S<\/em><\/p>\n<table width=\"652\">\n<tbody>\n<tr>\n<td width=\"255\"><strong>Fuente de Energ\u00eda<\/strong><\/td>\n<td width=\"197\">Adaptador AC para DC (Incluido)<\/p>\n<p>Bater\u00eda (no incluida)<\/td>\n<td width=\"200\"><\/td>\n<\/tr>\n<tr>\n<td width=\"255\"><strong>Entradas\/Salidas<\/strong><\/td>\n<td colspan=\"2\" width=\"397\"><strong>1 x\u00a0<\/strong>Entrada de alimentaci\u00f3n cil\u00edndrica\/coaxial<\/td>\n<\/tr>\n<tr>\n<td width=\"255\"><strong>Tipo de placa de bater\u00eda<\/strong><\/td>\n<td colspan=\"2\" width=\"397\">2 x Sony L-Series \/ NP-F (integrado)<\/td>\n<\/tr>\n<tr>\n<td width=\"255\"><strong>Bater\u00eda<\/strong><\/td>\n<td colspan=\"2\" width=\"397\">Por panel: <strong>2 x<\/strong> recargables NP-F960 Sony, 4800 mAh (no incluidas)<\/p>\n<p>\u2022 Autonom\u00eda de hasta 3 horas al 100 % de brillo<\/td>\n<\/tr>\n<tr>\n<td width=\"255\"><strong>Entrada de Energia AC<\/strong><\/td>\n<td colspan=\"2\" width=\"397\">100 at\u00e9 240 VAC, 50 \/ 60 Hz<\/td>\n<\/tr>\n<tr>\n<td width=\"255\"><strong>Entrada de Energ\u00eda DC <\/strong><\/td>\n<td colspan=\"2\" width=\"397\">13 hasta 18 VDC at 2 A<\/td>\n<\/tr>\n<tr>\n<td width=\"255\"><strong>Adaptador\/ Cable Incluido<\/strong><\/td>\n<td colspan=\"2\" width=\"397\"><strong>1 x\u00a0 <\/strong>Enchufe Edison para Adaptador cil\u00edndrica\/coaxial AC para DC<\/td>\n<\/tr>\n<tr>\n<td width=\"255\"><strong>Consumo de energia<\/strong><\/td>\n<td colspan=\"2\" width=\"397\">30W<\/td>\n<\/tr>\n<\/tbody>\n<\/table>\n<p><em>\u00a0<\/em><em>Montura<\/em><\/p>\n<table width=\"651\">\n<tbody>\n<tr>\n<td width=\"255\"><strong>Montura da Fijaci\u00f3n<\/strong><\/td>\n<td width=\"395\"><strong>1 x <\/strong>Rosca hembra de 1\/4&#8243;-20<\/td>\n<\/tr>\n<tr>\n<td width=\"255\"><strong>Adaptador Incluido<\/strong><\/td>\n<td width=\"395\">1 x Montura de 4 pines: pie accesorio para tornillo macho<\/p>\n<p>desde 1\/4&#8243;-20<\/td>\n<\/tr>\n<\/tbody>\n<\/table>\n<p><em>\u00a0<\/em><em>General<\/em><\/p>\n<table width=\"651\">\n<tbody>\n<tr>\n<td width=\"265\"><strong>Display<\/strong><\/td>\n<td width=\"386\">LCD<\/td>\n<\/tr>\n<tr>\n<td width=\"265\"><strong>Dimensiones<\/strong><\/td>\n<td width=\"386\">26 x 20 x 2.2\u00a0cm<\/td>\n<\/tr>\n<tr>\n<td width=\"265\"><strong>Peso<\/strong><\/td>\n<td width=\"386\">0,56 kg<\/td>\n<\/tr>\n<\/tbody>\n<\/table>\n","protected":false},"excerpt":{"rendered":"<ul>\n<li>Kit triple con bolsa de transporte<\/li>\n<li>Luz LED bicolor suave<\/li>\n<li>Temperatura de color 3300-5600K<\/li>\n<li>Sistema de control de RF de 6 grupos y 19 canales<\/li>\n<li>2500 l\u00famenes a 4400K de brillo completo<\/li>\n<li>Atenuaci\u00f3n del 20 al 100 %<\/li>\n<li>Mando a distancia RF incluido<\/li>\n<li>Placa de bater\u00eda doble integrada de la serie L<\/li>\n<\/ul>\n","protected":false},"featured_media":14140,"comment_status":"closed","ping_status":"closed","template":"","meta":{"_acf_changed":false},"product_brand":[2544],"product_cat":[998],"product_tag":[],"class_list":{"0":"post-18544","1":"product","2":"type-product","3":"status-publish","4":"has-post-thumbnail","6":"product_brand-viltrox-es","7":"product_cat-paneles-es","9":"first","10":"onbackorder","11":"taxable","12":"shipping-taxable","13":"purchasable","14":"product-type-simple"},"bundled_by":[],"bundle_stock_status":"onbackorder","bundle_stock_quantity":null,"bundle_virtual":false,"bundle_layout":"","bundle_add_to_cart_form_location":"","bundle_editable_in_cart":false,"bundle_sold_individually_context":"","bundle_item_grouping":"","bundle_min_size":"","bundle_max_size":"","bundle_price":[],"bundled_items":[],"bundle_sell_ids":[],"acf":[],"_links":{"self":[{"href":"https:\/\/hi-techwonder.com\/es\/wp-json\/wp\/v2\/product\/18544","targetHints":{"allow":["GET"]}}],"collection":[{"href":"https:\/\/hi-techwonder.com\/es\/wp-json\/wp\/v2\/product"}],"about":[{"href":"https:\/\/hi-techwonder.com\/es\/wp-json\/wp\/v2\/types\/product"}],"replies":[{"embeddable":true,"href":"https:\/\/hi-techwonder.com\/es\/wp-json\/wp\/v2\/comments?post=18544"}],"wp:featuredmedia":[{"embeddable":true,"href":"https:\/\/hi-techwonder.com\/es\/wp-json\/wp\/v2\/media\/14140"}],"wp:attachment":[{"href":"https:\/\/hi-techwonder.com\/es\/wp-json\/wp\/v2\/media?parent=18544"}],"wp:term":[{"taxonomy":"product_brand","embeddable":true,"href":"https:\/\/hi-techwonder.com\/es\/wp-json\/wp\/v2\/product_brand?post=18544"},{"taxonomy":"product_cat","embeddable":true,"href":"https:\/\/hi-techwonder.com\/es\/wp-json\/wp\/v2\/product_cat?post=18544"},{"taxonomy":"product_tag","embeddable":true,"href":"https:\/\/hi-techwonder.com\/es\/wp-json\/wp\/v2\/product_tag?post=18544"}],"curies":[{"name":"wp","href":"https:\/\/api.w.org\/{rel}","templated":true}]}}