{"id":18547,"date":"2025-07-24T09:12:45","date_gmt":"2025-07-24T09:12:45","guid":{"rendered":"https:\/\/fv6qoy3ls0.wpdns.site\/produto\/ttartisan-aps-c-17mm-f-1-4\/"},"modified":"2026-04-06T12:19:06","modified_gmt":"2026-04-06T11:19:06","slug":"ttartisan-aps-c-17mm-f-1-4","status":"publish","type":"product","link":"https:\/\/hi-techwonder.com\/es\/producto\/ttartisan-aps-c-17mm-f-1-4\/","title":{"rendered":"TTArtisan APS-C 17mm f\/1.4"},"content":{"rendered":"<div class=\"vc_row wpb_row vc_row-fluid\">\n<div class=\"wpb_column vc_column_container vc_col-sm-12\">\n<div class=\"vc_column-inner\">\n<div class=\"wpb_wrapper\">\n<div class=\"wpb_text_column wpb_content_element\">\n<div class=\"wpb_wrapper\">\n<h3>TTArtisan APS-C 17mm f\/1.4<\/h3>\n<\/div>\n<\/div>\n<\/div>\n<\/div>\n<\/div>\n<\/div>\n<div class=\"vc_row wpb_row vc_row-fluid\">\n<div class=\"wpb_column vc_column_container vc_col-sm-12\">\n<div class=\"vc_column-inner\">\n<div class=\"wpb_wrapper\">\n<div class=\"wpb_text_column wpb_content_element\">\n<div class=\"wpb_wrapper\">\n<p>A objetiva TTArtisan 17mm f\/1.4 para sensores APS-C \u00e9 uma objetiva prime grande angular cl\u00e1ssica de focagem manual adequada para paisagens, interiores de divis\u00f5es, fotografia de rua e muito mais. Com um comprimento focal equivalente a 25mm em Full Frame e uma angulo de vis\u00e3o de 81\u00ba.<\/p>\n<p>Disp\u00f5e de uma abertura m\u00e1xima de f\/1.4 brilhante, permitindo a sua utiliza\u00e7\u00e3o em situa\u00e7\u00f5es de pouca luz e proporcionando um melhor controlo criativo da profundidade de campo.<\/p>\n<\/div>\n<\/div>\n<\/div>\n<\/div>\n<\/div>\n<\/div>\n<div class=\"vc_row wpb_row vc_row-fluid\">\n<div class=\"wpb_column vc_column_container vc_col-sm-12\">\n<div class=\"vc_column-inner\">\n<div class=\"wpb_wrapper\">\n<div class=\"wpb_text_column wpb_content_element\">\n<div class=\"wpb_wrapper\">\n<h4>Caracter\u00edsticas principais<\/h4>\n<ul>\n<li>A objetiva de 17 mm produz uma dist\u00e2ncia focal equivalente a 25,5 mm em formato full frame. N\u00e3o \u00e9 exageradamente larga, com 81\u00ba de \u00e2ngulo de vis\u00e3o, permitindo capturar a beleza de forma mais simples que uma ultra grande \u00e2ngular.<\/li>\n<li>Com um bom balan\u00e7o entre pessoas e objetos na imagem, a objetiva torna-se utiliz\u00e1vel em qualquer situa\u00e7\u00e3o do dia-a-dia, que seja fotografia de rua, paisagem ou foto-reportagem.<\/li>\n<li>Dist\u00e2ncia m\u00ednima de focagem de 20 cm, permite fazer fotografias close-up ambientais, expandindo as ferramentas para a sua criatividade.<\/li>\n<li>A combina\u00e7\u00e3o de nove elementos multirrevestidos e um elemento asf\u00e9rico proporciona nitidez e transmiss\u00e3o de cor realista em toda a \u00e1rea da imagem.<\/li>\n<li>Com um peso de ~248g e um design compacto, esta objetiva pode ir consigo onde for.<\/li>\n<li>Anel de abertura com clique<\/li>\n<\/ul>\n<\/div>\n<\/div>\n<\/div>\n<\/div>\n<\/div>\n<\/div>\n<div class=\"vc_row wpb_row vc_row-fluid\">\n<div class=\"wpb_column vc_column_container vc_col-sm-12\">\n<div class=\"vc_column-inner\">\n<div class=\"wpb_wrapper\">\n<div class=\"wpb_gallery wpb_content_element vc_clearfix wpb_content_element\">\n<div class=\"wpb_wrapper\">\n<div class=\"wpb_gallery_slides wpb_image_grid\" data-interval=\"3\">\n<p><a class=\"\" href=\"https:\/\/ttartisan.pt\/wp-content\/uploads\/2024\/06\/with-FUJIFILM-4-1024x1024.jpg\" data-lightbox=\"lightbox[rel-29505-954310685]\" target=\"_blank\" rel=\"noopener\"><picture class=\"attachment-thumbnail\" title=\"with FUJIFILM (4)\"><source srcset=\"https:\/\/ttartisan.pt\/wp-content\/uploads\/2024\/06\/with-FUJIFILM-4-150x150.jpg.avif 150w, https:\/\/ttartisan.pt\/wp-content\/uploads\/2024\/06\/with-FUJIFILM-4-300x300.jpg.avif 300w, https:\/\/ttartisan.pt\/wp-content\/uploads\/2024\/06\/with-FUJIFILM-4-1024x1024.jpg.avif 1024w, https:\/\/ttartisan.pt\/wp-content\/uploads\/2024\/06\/with-FUJIFILM-4-768x768.jpg.avif 768w, https:\/\/ttartisan.pt\/wp-content\/uploads\/2024\/06\/with-FUJIFILM-4-1536x1536.jpg.avif 1536w, https:\/\/ttartisan.pt\/wp-content\/uploads\/2024\/06\/with-FUJIFILM-4-600x600.jpg.avif 600w, https:\/\/ttartisan.pt\/wp-content\/uploads\/2024\/06\/with-FUJIFILM-4-100x100.jpg.avif 100w, https:\/\/ttartisan.pt\/wp-content\/uploads\/2024\/06\/with-FUJIFILM-4.jpg.avif 2000w\" type=\"image\/avif\" sizes=\"auto, (max-width: 150px) 100vw, 150px\" \/><img loading=\"lazy\" decoding=\"async\" src=\"https:\/\/ttartisan.pt\/wp-content\/uploads\/2024\/06\/with-FUJIFILM-4-150x150.jpg\" sizes=\"auto, (max-width: 150px) 100vw, 150px\" srcset=\"https:\/\/ttartisan.pt\/wp-content\/uploads\/2024\/06\/with-FUJIFILM-4-150x150.jpg 150w, https:\/\/ttartisan.pt\/wp-content\/uploads\/2024\/06\/with-FUJIFILM-4-300x300.jpg 300w, https:\/\/ttartisan.pt\/wp-content\/uploads\/2024\/06\/with-FUJIFILM-4-1024x1024.jpg 1024w, https:\/\/ttartisan.pt\/wp-content\/uploads\/2024\/06\/with-FUJIFILM-4-768x768.jpg 768w, https:\/\/ttartisan.pt\/wp-content\/uploads\/2024\/06\/with-FUJIFILM-4-1536x1536.jpg 1536w, https:\/\/ttartisan.pt\/wp-content\/uploads\/2024\/06\/with-FUJIFILM-4-600x600.jpg 600w, https:\/\/ttartisan.pt\/wp-content\/uploads\/2024\/06\/with-FUJIFILM-4-100x100.jpg 100w, https:\/\/ttartisan.pt\/wp-content\/uploads\/2024\/06\/with-FUJIFILM-4.jpg 2000w\" alt=\"\" width=\"150\" height=\"150\"><\/picture><\/a><a class=\"\" href=\"https:\/\/ttartisan.pt\/wp-content\/uploads\/2024\/06\/12-1024x1024.jpg\" data-lightbox=\"lightbox[rel-29505-954310685]\" target=\"_blank\" rel=\"noopener\"><picture class=\"attachment-thumbnail\" title=\"12\"><source srcset=\"https:\/\/ttartisan.pt\/wp-content\/uploads\/2024\/06\/12-150x150.jpg.avif 150w, https:\/\/ttartisan.pt\/wp-content\/uploads\/2024\/06\/12-300x300.jpg.avif 300w, https:\/\/ttartisan.pt\/wp-content\/uploads\/2024\/06\/12-1024x1024.jpg.avif 1024w, https:\/\/ttartisan.pt\/wp-content\/uploads\/2024\/06\/12-768x768.jpg.avif 768w, https:\/\/ttartisan.pt\/wp-content\/uploads\/2024\/06\/12-1536x1536.jpg.avif 1536w, https:\/\/ttartisan.pt\/wp-content\/uploads\/2024\/06\/12-600x600.jpg.avif 600w, https:\/\/ttartisan.pt\/wp-content\/uploads\/2024\/06\/12-100x100.jpg.avif 100w, https:\/\/ttartisan.pt\/wp-content\/uploads\/2024\/06\/12.jpg.avif 2000w\" type=\"image\/avif\" sizes=\"auto, (max-width: 150px) 100vw, 150px\" \/><img loading=\"lazy\" decoding=\"async\" src=\"https:\/\/ttartisan.pt\/wp-content\/uploads\/2024\/06\/12-150x150.jpg\" sizes=\"auto, (max-width: 150px) 100vw, 150px\" srcset=\"https:\/\/ttartisan.pt\/wp-content\/uploads\/2024\/06\/12-150x150.jpg 150w, https:\/\/ttartisan.pt\/wp-content\/uploads\/2024\/06\/12-300x300.jpg 300w, https:\/\/ttartisan.pt\/wp-content\/uploads\/2024\/06\/12-1024x1024.jpg 1024w, https:\/\/ttartisan.pt\/wp-content\/uploads\/2024\/06\/12-768x768.jpg 768w, https:\/\/ttartisan.pt\/wp-content\/uploads\/2024\/06\/12-1536x1536.jpg 1536w, https:\/\/ttartisan.pt\/wp-content\/uploads\/2024\/06\/12-600x600.jpg 600w, https:\/\/ttartisan.pt\/wp-content\/uploads\/2024\/06\/12-100x100.jpg 100w, https:\/\/ttartisan.pt\/wp-content\/uploads\/2024\/06\/12.jpg 2000w\" alt=\"\" width=\"150\" height=\"150\"><\/picture><\/a><a class=\"\" href=\"https:\/\/ttartisan.pt\/wp-content\/uploads\/2024\/06\/with-Olympus-2-1024x1024.jpg\" data-lightbox=\"lightbox[rel-29505-954310685]\" target=\"_blank\" rel=\"noopener\"><picture class=\"attachment-thumbnail\" title=\"with Olympus (2)\"><source srcset=\"https:\/\/ttartisan.pt\/wp-content\/uploads\/2024\/06\/with-Olympus-2-150x150.jpg.avif 150w, https:\/\/ttartisan.pt\/wp-content\/uploads\/2024\/06\/with-Olympus-2-300x300.jpg.avif 300w, https:\/\/ttartisan.pt\/wp-content\/uploads\/2024\/06\/with-Olympus-2-1024x1024.jpg.avif 1024w, https:\/\/ttartisan.pt\/wp-content\/uploads\/2024\/06\/with-Olympus-2-768x768.jpg.avif 768w, https:\/\/ttartisan.pt\/wp-content\/uploads\/2024\/06\/with-Olympus-2-1536x1536.jpg.avif 1536w, https:\/\/ttartisan.pt\/wp-content\/uploads\/2024\/06\/with-Olympus-2-600x600.jpg.avif 600w, https:\/\/ttartisan.pt\/wp-content\/uploads\/2024\/06\/with-Olympus-2-100x100.jpg.avif 100w, https:\/\/ttartisan.pt\/wp-content\/uploads\/2024\/06\/with-Olympus-2.jpg.avif 2000w\" type=\"image\/avif\" sizes=\"auto, (max-width: 150px) 100vw, 150px\" \/><img loading=\"lazy\" decoding=\"async\" src=\"https:\/\/ttartisan.pt\/wp-content\/uploads\/2024\/06\/with-Olympus-2-150x150.jpg\" sizes=\"auto, (max-width: 150px) 100vw, 150px\" srcset=\"https:\/\/ttartisan.pt\/wp-content\/uploads\/2024\/06\/with-Olympus-2-150x150.jpg 150w, https:\/\/ttartisan.pt\/wp-content\/uploads\/2024\/06\/with-Olympus-2-300x300.jpg 300w, https:\/\/ttartisan.pt\/wp-content\/uploads\/2024\/06\/with-Olympus-2-1024x1024.jpg 1024w, https:\/\/ttartisan.pt\/wp-content\/uploads\/2024\/06\/with-Olympus-2-768x768.jpg 768w, https:\/\/ttartisan.pt\/wp-content\/uploads\/2024\/06\/with-Olympus-2-1536x1536.jpg 1536w, https:\/\/ttartisan.pt\/wp-content\/uploads\/2024\/06\/with-Olympus-2-600x600.jpg 600w, https:\/\/ttartisan.pt\/wp-content\/uploads\/2024\/06\/with-Olympus-2-100x100.jpg 100w, https:\/\/ttartisan.pt\/wp-content\/uploads\/2024\/06\/with-Olympus-2.jpg 2000w\" alt=\"\" width=\"150\" height=\"150\"><\/picture><\/a><a class=\"\" href=\"https:\/\/ttartisan.pt\/wp-content\/uploads\/2024\/06\/with-Sony-3-1024x1024.jpg\" data-lightbox=\"lightbox[rel-29505-954310685]\" target=\"_blank\" rel=\"noopener\"><picture class=\"attachment-thumbnail\" title=\"with Sony (3)\"><source srcset=\"https:\/\/ttartisan.pt\/wp-content\/uploads\/2024\/06\/with-Sony-3-150x150.jpg.avif 150w, https:\/\/ttartisan.pt\/wp-content\/uploads\/2024\/06\/with-Sony-3-300x300.jpg.avif 300w, https:\/\/ttartisan.pt\/wp-content\/uploads\/2024\/06\/with-Sony-3-1024x1024.jpg.avif 1024w, https:\/\/ttartisan.pt\/wp-content\/uploads\/2024\/06\/with-Sony-3-768x768.jpg.avif 768w, https:\/\/ttartisan.pt\/wp-content\/uploads\/2024\/06\/with-Sony-3-1536x1536.jpg.avif 1536w, https:\/\/ttartisan.pt\/wp-content\/uploads\/2024\/06\/with-Sony-3-600x600.jpg.avif 600w, https:\/\/ttartisan.pt\/wp-content\/uploads\/2024\/06\/with-Sony-3-100x100.jpg.avif 100w, https:\/\/ttartisan.pt\/wp-content\/uploads\/2024\/06\/with-Sony-3.jpg.avif 2000w\" type=\"image\/avif\" sizes=\"auto, (max-width: 150px) 100vw, 150px\" \/><img loading=\"lazy\" decoding=\"async\" src=\"https:\/\/ttartisan.pt\/wp-content\/uploads\/2024\/06\/with-Sony-3-150x150.jpg\" sizes=\"auto, (max-width: 150px) 100vw, 150px\" srcset=\"https:\/\/ttartisan.pt\/wp-content\/uploads\/2024\/06\/with-Sony-3-150x150.jpg 150w, https:\/\/ttartisan.pt\/wp-content\/uploads\/2024\/06\/with-Sony-3-300x300.jpg 300w, https:\/\/ttartisan.pt\/wp-content\/uploads\/2024\/06\/with-Sony-3-1024x1024.jpg 1024w, https:\/\/ttartisan.pt\/wp-content\/uploads\/2024\/06\/with-Sony-3-768x768.jpg 768w, https:\/\/ttartisan.pt\/wp-content\/uploads\/2024\/06\/with-Sony-3-1536x1536.jpg 1536w, https:\/\/ttartisan.pt\/wp-content\/uploads\/2024\/06\/with-Sony-3-600x600.jpg 600w, https:\/\/ttartisan.pt\/wp-content\/uploads\/2024\/06\/with-Sony-3-100x100.jpg 100w, https:\/\/ttartisan.pt\/wp-content\/uploads\/2024\/06\/with-Sony-3.jpg 2000w\" alt=\"\" width=\"150\" height=\"150\"><\/picture><\/a><\/p>\n<\/div>\n<\/div>\n<\/div>\n<\/div>\n<\/div>\n<\/div>\n<\/div>\n<div class=\"vc_row wpb_row vc_row-fluid\">\n<div class=\"wpb_column vc_column_container vc_col-sm-12\">\n<div class=\"vc_column-inner\">\n<div class=\"wpb_wrapper\">\n<div class=\"wpb_text_column wpb_content_element\">\n<div class=\"wpb_wrapper\">\n<h4>Especifica\u00e7\u00f5es<\/h4>\n<table width=\"670\">\n<tbody>\n<tr>\n<td width=\"255\">Abertura m\u00e1xima<\/td>\n<td>f\/1.4<\/td>\n<\/tr>\n<tr>\n<td width=\"255\">Abertura m\u00ednima<\/td>\n<td>f\/16<\/td>\n<\/tr>\n<tr>\n<td width=\"255\">Montagem da lente<\/td>\n<td>Sony E | Fuji X | Micro 4\/3 | Nikon Z<\/td>\n<\/tr>\n<tr>\n<td width=\"255\">Cobertura do formato da lente<\/td>\n<td>APS-C | M43<\/td>\n<\/tr>\n<tr>\n<td width=\"255\">Dist\u00e2ncia m\u00ednima de focagem<\/td>\n<td>20cm<\/td>\n<\/tr>\n<tr>\n<td width=\"255\">\u00c2ngulo de vis\u00e3o<\/td>\n<td>81\u00ba<\/td>\n<\/tr>\n<tr>\n<td width=\"255\">Design \u00f3tico<\/td>\n<td>9 elementos em 8 grupos<\/td>\n<\/tr>\n<tr>\n<td width=\"255\">L\u00e2minas de diafragma<\/td>\n<td>10<\/td>\n<\/tr>\n<tr>\n<td width=\"255\">Tipo de focagem<\/td>\n<td>Focagem manual<\/td>\n<\/tr>\n<tr>\n<td width=\"255\">Anel de abertura<\/td>\n<td>Com cliques<\/td>\n<\/tr>\n<tr>\n<td width=\"255\">Estabiliza\u00e7\u00e3o de imagem<\/td>\n<td>N\u00e3o<\/td>\n<\/tr>\n<tr>\n<td width=\"255\">Filtro Frontal<\/td>\n<td>40.5mm<\/td>\n<\/tr>\n<tr>\n<td width=\"255\">Dimens\u00e3o (C x D)<\/td>\n<td>58 x 54mm<\/td>\n<\/tr>\n<tr>\n<td width=\"255\">Peso<\/td>\n<td>~248g<\/td>\n<\/tr>\n<\/tbody>\n<\/table>\n<\/div>\n<\/div>\n<\/div>\n<\/div>\n<\/div>\n<\/div>\n","protected":false},"excerpt":{"rendered":"<ul>\n<li>Formato APS-C<\/li>\n<li>Equivalente a 35 mm: 25,5 mm<\/li>\n<li>Intervalo de abertura: f\/1.4 a f\/16<\/li>\n<li>Dist\u00e2ncia m\u00ednima de focagem: 20cm<\/li>\n<li>Um elemento asf\u00e9rico<\/li>\n<li>Focagem e abertura manuais<\/li>\n<li>\u00d3tica Multicoated<\/li>\n<li>9 elementos em 8 grupos<\/li>\n<li>Diafragma de 10 l\u00e2minas<\/li>\n<li>Tamanho do filtro: 40,5 mm<\/li>\n<\/ul>\n","protected":false},"featured_media":14869,"comment_status":"closed","ping_status":"closed","template":"","meta":{"_acf_changed":false},"product_brand":[2545],"product_cat":[1062],"product_tag":[],"class_list":{"0":"post-18547","1":"product","2":"type-product","3":"status-publish","4":"has-post-thumbnail","6":"product_brand-ttartisan-es","7":"product_cat-mirrorless-objectivos","8":"pa_abertura-maxima-f-1-4-es","9":"pa_cor-negro","10":"pa_diametro-40-5mm-es","11":"pa_estabilizacao-de-imagem-no","12":"pa_montagem-da-objetiva-fujifilm-x-es","13":"pa_montagem-da-objetiva-micro-4-3-es","14":"pa_montagem-da-objetiva-nikon-z-es","15":"pa_montagem-da-objetiva-sony-e-es","16":"pa_sensor-aps-c-es","17":"pa_sensor-micro-cuatro-tercios","18":"pa_tipo-de-foco-enfoque-manual","19":"pa_tipo-de-objetiva-gran-angular","20":"pa_zoom-fixa-fijo","22":"first","23":"instock","24":"taxable","25":"shipping-taxable","26":"purchasable","27":"product-type-variable"},"bundled_by":[],"bundle_stock_status":"instock","bundle_stock_quantity":null,"bundle_virtual":false,"bundle_layout":"","bundle_add_to_cart_form_location":"","bundle_editable_in_cart":false,"bundle_sold_individually_context":"","bundle_item_grouping":"","bundle_min_size":"","bundle_max_size":"","bundle_price":[],"bundled_items":[],"bundle_sell_ids":[],"acf":[],"_links":{"self":[{"href":"https:\/\/hi-techwonder.com\/es\/wp-json\/wp\/v2\/product\/18547","targetHints":{"allow":["GET"]}}],"collection":[{"href":"https:\/\/hi-techwonder.com\/es\/wp-json\/wp\/v2\/product"}],"about":[{"href":"https:\/\/hi-techwonder.com\/es\/wp-json\/wp\/v2\/types\/product"}],"replies":[{"embeddable":true,"href":"https:\/\/hi-techwonder.com\/es\/wp-json\/wp\/v2\/comments?post=18547"}],"wp:featuredmedia":[{"embeddable":true,"href":"https:\/\/hi-techwonder.com\/es\/wp-json\/wp\/v2\/media\/14869"}],"wp:attachment":[{"href":"https:\/\/hi-techwonder.com\/es\/wp-json\/wp\/v2\/media?parent=18547"}],"wp:term":[{"taxonomy":"product_brand","embeddable":true,"href":"https:\/\/hi-techwonder.com\/es\/wp-json\/wp\/v2\/product_brand?post=18547"},{"taxonomy":"product_cat","embeddable":true,"href":"https:\/\/hi-techwonder.com\/es\/wp-json\/wp\/v2\/product_cat?post=18547"},{"taxonomy":"product_tag","embeddable":true,"href":"https:\/\/hi-techwonder.com\/es\/wp-json\/wp\/v2\/product_tag?post=18547"}],"curies":[{"name":"wp","href":"https:\/\/api.w.org\/{rel}","templated":true}]}}