{"id":18548,"date":"2025-07-24T09:08:31","date_gmt":"2025-07-24T09:08:31","guid":{"rendered":"https:\/\/fv6qoy3ls0.wpdns.site\/produto\/viltrox-vl-d60t-panel-led-bicolor\/"},"modified":"2026-02-16T15:01:55","modified_gmt":"2026-02-16T15:01:55","slug":"viltrox-vl-d60t-panel-led-bicolor","status":"publish","type":"product","link":"https:\/\/hi-techwonder.com\/es\/producto\/viltrox-vl-d60t-panel-led-bicolor\/","title":{"rendered":"Viltrox VL-D60T Panel LED Bicolor"},"content":{"rendered":"<h3><strong>Viltrox VL-D60T Panel LED Bicolor<\/strong><\/h3>\n<p>El panel LED bicolor de alto brillo VL-D60T de Viltrox est\u00e1 fabricado con una serie de LED de tungsteno balanceados con luz diurna de alta eficiencia para proporcionar una fuente de luz bicolor ajustable y precisa. Con un alto CRI de 95, el VL-D60T reproduce colores y tonos de piel con gran precisi\u00f3n, en cualquier lugar de su rango de atenuaci\u00f3n sin parpadeo.<\/p>\n<p>Con control local, adem\u00e1s de control remoto wireless y DMX de 2,4 GHz, significa que incluso las configuraciones de luz grandes se pueden ajustar f\u00e1cilmente sobre la marcha. La construcci\u00f3n de metal del chasis del panel brinda durabilidad y enfriamiento por convecci\u00f3n eficiente, por lo que la luz sin ventilador es completamente silenciosa y adecuada para aplicaciones basadas en video donde se graba sonido en vivo.<\/p>\n<p>La temperatura del color y el brillo se pueden controlar localmente en la parte posterior del VL-D85T mediante los controles intuitivos y la pantalla LCD o mediante el control remoto wireless de 2,4 GHz incluido. El mando a distancia wireless tiene un alcance de hasta 20 m y puede controlar varias luces en 19 grupos y 6 canales. Adem\u00e1s, los puertos de entrada\/salida RJ45 DMX permiten operar los paneles mediante conectividad de red DMX.<\/p>\n<p>El adaptador de CA multivoltaje permite que la luz se use en cualquier parte del mundo o se puede alimentar en el sitio usando la placa de bater\u00eda V-mount integrada, las bater\u00edas y el cargador de bater\u00eda disponibles por separado.<\/p>\n<h5>En la caja:<\/h5>\n<ul>\n<li>Panel LED bicolor Viltrox VL-D60T<\/li>\n<li>Control remoto wireless VL-500RT de 2,4 GHz<\/li>\n<li>Fuente de alimentaci\u00f3n de CA multivoltaje<\/li>\n<\/ul>\n<h5>Especificaciones:<\/h5>\n<p><em>L\u00e1mpara<\/em><\/p>\n<table style=\"height: 682px;\" width=\"1139\">\n<tbody>\n<tr>\n<td width=\"246\"><strong>Tipo de Art\u00edculo<\/strong><\/td>\n<td width=\"691\"><strong>1 x\u00a0 <\/strong>Panel de luz LED<\/td>\n<\/tr>\n<tr>\n<td width=\"246\"><strong>Caja de Almacenamiento Incluida<\/strong><\/td>\n<td width=\"691\">Ninguno<\/td>\n<\/tr>\n<tr>\n<td width=\"246\"><strong>L\u00famenes<\/strong><\/td>\n<td width=\"691\">6324<\/td>\n<\/tr>\n<tr>\n<td width=\"246\"><strong>Fotometr\u00eda<\/strong><\/td>\n<td width=\"691\">404\u00a0fc \/ 4350\u00a0Lux\u00a0a 1 m*<\/p>\n<p><em>*<\/em> <em>Medidas est\u00e1ndar proporcionadas por el fabricante.<\/em><\/td>\n<\/tr>\n<tr>\n<td width=\"246\"><strong>Temperatura del Color<\/strong><\/td>\n<td width=\"691\">3300K a 5600K<\/td>\n<\/tr>\n<tr>\n<td width=\"246\"><strong>Est\u00e1ndar de Precisi\u00f3n de Color<\/strong><\/td>\n<td width=\"691\">CRI 95<\/td>\n<\/tr>\n<tr>\n<td width=\"246\"><strong>Sistema de Refrigeraci\u00f3n<\/strong><\/td>\n<td width=\"691\">Pasivo<\/td>\n<\/tr>\n<tr>\n<td width=\"246\"><strong>Oscurecimiento<\/strong><\/td>\n<td width=\"691\">Si, Dimmer Incorporado<\/p>\n<p>20 to 100%<\/td>\n<\/tr>\n<tr>\n<td width=\"246\"><strong>Flash Incorporado<\/strong><\/td>\n<td width=\"691\">No<\/td>\n<\/tr>\n<tr>\n<td width=\"246\"><strong>Montura para Paragua<\/strong><\/td>\n<td width=\"691\">No<\/td>\n<\/tr>\n<tr>\n<td width=\"246\"><strong>Montura de Accesorios Delanteros<\/strong><\/td>\n<td width=\"691\">Proprietario<\/td>\n<\/tr>\n<\/tbody>\n<\/table>\n<p><em>\u00a0<\/em><em>Conectividad<\/em><\/p>\n<table style=\"height: 248px;\" width=\"1141\">\n<tbody>\n<tr>\n<td width=\"154\"><strong>Tipo de Control Remoto<\/strong><\/td>\n<td width=\"433\">Radio\/RF (Comando Remoto Incluido)<\/td>\n<\/tr>\n<tr>\n<td width=\"154\"><strong>Canales Wireless<\/strong><\/td>\n<td width=\"433\">19<\/td>\n<\/tr>\n<tr>\n<td width=\"154\"><strong>Grupos Wireless <\/strong><\/td>\n<td width=\"433\">6<\/td>\n<\/tr>\n<tr>\n<td width=\"154\"><strong>Distancia Wireless<\/strong><\/td>\n<td width=\"433\">20 m<\/td>\n<\/tr>\n<\/tbody>\n<\/table>\n<p><em>\u00a0<\/em><em>Energ\u00eda, E\/S<\/em><\/p>\n<table style=\"height: 677px;\" width=\"1144\">\n<tbody>\n<tr>\n<td width=\"151\"><strong>Fuente de Energ\u00eda<\/strong><\/td>\n<td width=\"426\">Adaptador AC para DC (Incluido)<\/p>\n<p>Bater\u00eda (no incluida)<\/td>\n<\/tr>\n<tr>\n<td width=\"151\"><strong>Entradas\/Salidas<\/strong><\/td>\n<td width=\"426\">Entrada de alimentaci\u00f3n cil\u00edndrica\/coaxial <strong>x1<\/strong><\/p>\n<p>Entrada RJ45 DMX <strong>x1<\/strong><\/p>\n<p>Salida RJ45 DMX <strong>x1<\/strong><\/td>\n<\/tr>\n<tr>\n<td width=\"151\"><strong>Tipo de placa de bater\u00eda<\/strong><\/td>\n<td width=\"426\"><strong>1 x<\/strong> V-Mount (Imbutida)<\/td>\n<\/tr>\n<tr>\n<td width=\"151\"><strong>Bater\u00eda<\/strong><\/td>\n<td width=\"426\"><strong>1 x<\/strong> recargables (no incluidas)<\/td>\n<\/tr>\n<tr>\n<td width=\"151\"><strong>Entrada de Energia AC<\/strong><\/td>\n<td width=\"426\">110 at\u00e9 240 VAC, 50 \/ 60 Hz<\/td>\n<\/tr>\n<tr>\n<td width=\"151\"><strong>Entrada de Energ\u00edaDC <\/strong><\/td>\n<td width=\"426\">18 VDC<\/td>\n<\/tr>\n<tr>\n<td width=\"151\"><strong>Adaptador\/ Cable Incluido<\/strong><\/td>\n<td width=\"426\"><strong>1 x\u00a0 <\/strong>Enchufe Edison para Adaptador cil\u00edndrica\/coaxial AC<\/p>\n<p>para DC<\/td>\n<\/tr>\n<tr>\n<td width=\"151\"><strong>Interruptor en L\u00ednea<\/strong><\/td>\n<td width=\"426\">No<\/td>\n<\/tr>\n<tr>\n<td width=\"151\"><strong>Power Pass-Thru<\/strong><\/td>\n<td width=\"426\">No<\/td>\n<\/tr>\n<tr>\n<td width=\"151\"><strong>Consumo<\/strong><\/td>\n<td width=\"426\">60 W<\/td>\n<\/tr>\n<\/tbody>\n<\/table>\n<p><em>\u00a0<\/em><em>Montura<\/em><\/p>\n<table style=\"height: 52px;\" width=\"1138\">\n<tbody>\n<tr>\n<td width=\"139\"><strong>Tipo de Yugo<\/strong><\/td>\n<td width=\"436\">Operado Manualmente (Inclinable 180\u00ba)<\/td>\n<\/tr>\n<tr>\n<td width=\"139\"><strong>Montura da Fijaci\u00f3n<\/strong><\/td>\n<td width=\"436\"><strong>1 x\u00a0<\/strong>Receptor de 5\/8&#8243; (Via Yugo)<\/td>\n<\/tr>\n<\/tbody>\n<\/table>\n<p><em>\u00a0<\/em><em>General<\/em><\/p>\n<table style=\"height: 43px;\" width=\"1135\">\n<tbody>\n<tr>\n<td width=\"142\"><strong>Display<\/strong><\/td>\n<td width=\"443\">LCD<\/td>\n<\/tr>\n<tr>\n<td width=\"142\"><strong>Dimensiones<\/strong><\/td>\n<td width=\"443\">34.5 x 32 x 5.8\u00a0cm<\/td>\n<\/tr>\n<tr>\n<td width=\"142\"><strong>Peso<\/strong><\/td>\n<td width=\"443\">1.9 kg<\/td>\n<\/tr>\n<\/tbody>\n<\/table>\n","protected":false},"excerpt":{"rendered":"<ul>\n<li>Superficie del panel: 34.5 x 32 cm<\/li>\n<li>Temperatura de color: 3300-5600K, CRI: 95<\/li>\n<li>Mando a distancia wireless de 2,4 GHz, control DMX<\/li>\n<li>CA multivoltaje, bater\u00eda opcional<\/li>\n<\/ul>\n","protected":false},"featured_media":14143,"comment_status":"closed","ping_status":"closed","template":"","meta":{"_acf_changed":false},"product_brand":[2544],"product_cat":[998],"product_tag":[],"class_list":{"0":"post-18548","1":"product","2":"type-product","3":"status-publish","4":"has-post-thumbnail","6":"product_brand-viltrox-es","7":"product_cat-paneles-es","9":"first","10":"instock","11":"taxable","12":"shipping-taxable","13":"purchasable","14":"product-type-simple"},"bundled_by":[],"bundle_stock_status":"instock","bundle_stock_quantity":1,"bundle_virtual":false,"bundle_layout":"","bundle_add_to_cart_form_location":"","bundle_editable_in_cart":false,"bundle_sold_individually_context":"","bundle_item_grouping":"","bundle_min_size":"","bundle_max_size":"","bundle_price":[],"bundled_items":[],"bundle_sell_ids":[],"acf":[],"_links":{"self":[{"href":"https:\/\/hi-techwonder.com\/es\/wp-json\/wp\/v2\/product\/18548","targetHints":{"allow":["GET"]}}],"collection":[{"href":"https:\/\/hi-techwonder.com\/es\/wp-json\/wp\/v2\/product"}],"about":[{"href":"https:\/\/hi-techwonder.com\/es\/wp-json\/wp\/v2\/types\/product"}],"replies":[{"embeddable":true,"href":"https:\/\/hi-techwonder.com\/es\/wp-json\/wp\/v2\/comments?post=18548"}],"wp:featuredmedia":[{"embeddable":true,"href":"https:\/\/hi-techwonder.com\/es\/wp-json\/wp\/v2\/media\/14143"}],"wp:attachment":[{"href":"https:\/\/hi-techwonder.com\/es\/wp-json\/wp\/v2\/media?parent=18548"}],"wp:term":[{"taxonomy":"product_brand","embeddable":true,"href":"https:\/\/hi-techwonder.com\/es\/wp-json\/wp\/v2\/product_brand?post=18548"},{"taxonomy":"product_cat","embeddable":true,"href":"https:\/\/hi-techwonder.com\/es\/wp-json\/wp\/v2\/product_cat?post=18548"},{"taxonomy":"product_tag","embeddable":true,"href":"https:\/\/hi-techwonder.com\/es\/wp-json\/wp\/v2\/product_tag?post=18548"}],"curies":[{"name":"wp","href":"https:\/\/api.w.org\/{rel}","templated":true}]}}