{"id":18601,"date":"2025-07-24T09:08:36","date_gmt":"2025-07-24T09:08:36","guid":{"rendered":"https:\/\/fv6qoy3ls0.wpdns.site\/produto\/viltrox-weeylite-sprite-15c-led-compacto-rgb\/"},"modified":"2026-01-29T14:55:15","modified_gmt":"2026-01-29T14:55:15","slug":"viltrox-weeylite-sprite-15c-led-compacto-rgb","status":"publish","type":"product","link":"https:\/\/hi-techwonder.com\/es\/producto\/viltrox-weeylite-sprite-15c-led-compacto-rgb\/","title":{"rendered":"Viltrox Weeylite Sprite 15C LED Compacto RGB"},"content":{"rendered":"<h3><strong>Viltrox Weeylite Sprite 15C LED Compacto RGB<\/strong><\/h3>\n<p>Construido teniendo en cuenta la versatilidad y la portabilidad, el panel LED RGB Viltrox Weeylite Sprite 15C presenta un rango de 2800 a 6800K CCT con modo RGB a todo color. Este panel compacto de 17,58 x 11,24 cm emite una luz suave y uniformemente distribuida para mejorar la iluminaci\u00f3n de sus fotos y videos. Tiene una placa de bater\u00eda de la serie L incorporada para la bater\u00eda NP-F incluida, lo que brinda a los usuarios la flexibilidad de una fuente de alimentaci\u00f3n externa.<\/p>\n<p>Adem\u00e1s de su operaci\u00f3n intuitiva, la luz ofrece 26 efectos especiales para satisfacer sus necesidades creativas. Tambi\u00e9n se incluye un adaptador de zapata que conecta r\u00e1pidamente la luz a su c\u00e1mara, tr\u00edpode o soporte. El Sprite 15C est\u00e1 listo para su uso en todo el mundo y viene convenientemente con un cable USB-C.<\/p>\n<p>La pantalla integrada ofrece una visualizaci\u00f3n simple, mientras que un conjunto de botones permite ajustes de luz locales. Puede controlar f\u00e1cilmente el Sprite 15C a trav\u00e9s de una aplicaci\u00f3n o con un control remoto opcional. La unidad tambi\u00e9n permite vincular el control del host con otros equipos, ampliando sus posibilidades.<\/p>\n<ul>\n<li>El accesorio tiene 225 perlas LED (75 luz blanca, 75 blanco c\u00e1lido, 75 rgb)<\/li>\n<li>Salida RGB para su elecci\u00f3n de 36 000 colores<\/li>\n<li>La intensidad de la luz es variable de 0 a 100%<\/li>\n<li>Salidas de hasta 388 lux a 1 m<\/li>\n<li>CRI\/TLCI de 95 para una reproducci\u00f3n precisa del color<\/li>\n<li>Hasta dos horas de duraci\u00f3n de la bater\u00eda<\/li>\n<li>Rosca hembra de 1\/4&#8243;-20 ampliamente compatible<\/li>\n<\/ul>\n<h5>En la caja:<\/h5>\n<ul>\n<li>Panel LED Viltrox Weeylite Sprite 15C<\/li>\n<li>Bater\u00eda de litio NP-F550<\/li>\n<li>Cable USB-C<\/li>\n<li>Adaptador de zapata giratoria<\/li>\n<li>Manual de instrucciones<\/li>\n<\/ul>\n<h5>Especificaciones:<\/h5>\n<p><em>L\u00e1mpara<\/em><\/p>\n<table width=\"631\">\n<tbody>\n<tr>\n<td width=\"246\"><strong>Tipo de Art\u00edculo<\/strong><\/td>\n<td width=\"386\"><strong>1 x\u00a0 <\/strong>Panel de luz LED<\/td>\n<\/tr>\n<tr>\n<td width=\"246\"><strong>Filtros incluidos<\/strong><\/td>\n<td width=\"386\">Difusi\u00f3n<\/td>\n<\/tr>\n<tr>\n<td width=\"246\"><strong>Caja de Almacenamiento Incluida<\/strong><\/td>\n<td width=\"386\">Ninguno<\/td>\n<\/tr>\n<tr>\n<td width=\"246\"><strong>L\u00famenes<\/strong><\/td>\n<td width=\"386\">1,600<\/td>\n<\/tr>\n<tr>\n<td width=\"246\"><strong>Fotometr\u00eda<\/strong><\/td>\n<td width=\"386\">36 fc \/ 388 Lux a 1 m*<\/p>\n<p>143\u00a0fc \/ 1550\u00a0Lux a 0,5 m<\/p>\n<p><em>*<\/em> <em>Medidas est\u00e1ndar proporcionadas por el fabricante.<\/em><\/td>\n<\/tr>\n<tr>\n<td width=\"246\"><strong>Temperatura del Color<\/strong><\/td>\n<td width=\"386\">2800K a 6800K<\/td>\n<\/tr>\n<tr>\n<td width=\"246\"><strong>Modos de Color<\/strong><\/td>\n<td width=\"386\">RGB, Luz del D\u00eda, Tungsteno<\/td>\n<\/tr>\n<tr>\n<td width=\"246\"><strong>Est\u00e1ndar de Precisi\u00f3n de Color<\/strong><\/td>\n<td width=\"386\">CRI 95<\/p>\n<p>TLCI 95<\/td>\n<\/tr>\n<tr>\n<td width=\"246\"><strong>Sistema de Refrigeraci\u00f3n<\/strong><\/td>\n<td width=\"386\">Pasivo<\/td>\n<\/tr>\n<tr>\n<td width=\"246\"><strong>Oscurecimiento<\/strong><\/td>\n<td width=\"386\">Si, Dimmer Incorporado<\/p>\n<p>0 to 100%<\/td>\n<\/tr>\n<tr>\n<td width=\"246\"><strong>Flash Incorporado<\/strong><\/td>\n<td width=\"386\">No<\/td>\n<\/tr>\n<tr>\n<td width=\"246\"><strong>Montura para Paragua<\/strong><\/td>\n<td width=\"386\">No<\/td>\n<\/tr>\n<tr>\n<td width=\"246\"><strong>Montura de Accesorios Delanteros<\/strong><\/td>\n<td width=\"386\">Ninguno<\/td>\n<\/tr>\n<\/tbody>\n<\/table>\n<p><em>\u00a0<\/em><em>Conectividad<\/em><\/p>\n<table width=\"633\">\n<tbody>\n<tr>\n<td width=\"246\"><strong>Tipo de Control Remoto<\/strong><\/td>\n<td width=\"387\">Bluetooth<\/p>\n<p>Radio\/RF (Comando Remoto No Incluido)<\/td>\n<\/tr>\n<tr>\n<td width=\"246\"><strong>Aplicaci\u00f3n M\u00f3vil Compatible<\/strong><\/td>\n<td width=\"387\">Si<\/p>\n<p>Nombre de la aplicaci\u00f3n: Weeylite Pro<\/p>\n<p>Funcionalidad: Control Remoto<\/p>\n<p><em>*<\/em> <em>En mayo de 2023: consulte con el fabricante para<\/em><\/p>\n<p><em>\u00faltima compatibilidad<\/em><\/td>\n<\/tr>\n<tr>\n<td width=\"246\"><strong>Canales Wireless<\/strong><\/td>\n<td width=\"387\">19<\/td>\n<\/tr>\n<tr>\n<td width=\"246\"><strong>Grupos Wireless<\/strong><\/td>\n<td width=\"387\">6<\/td>\n<\/tr>\n<\/tbody>\n<\/table>\n<p><em>\u00a0<\/em><em>Energ\u00eda, E\/S<\/em><\/p>\n<table width=\"631\">\n<tbody>\n<tr>\n<td width=\"246\"><strong>Fuente de Energ\u00eda<\/strong><\/td>\n<td width=\"385\">USB (Cable Incluido)<\/p>\n<p>Bater\u00eda (Incluida)<\/td>\n<\/tr>\n<tr>\n<td width=\"246\"><strong>Entradas\/Salidas<\/strong><\/td>\n<td width=\"385\"><strong>1 x\u00a0<\/strong>Entrada USB-C (Hembra)<\/td>\n<\/tr>\n<tr>\n<td width=\"246\"><strong>Tipo de placa de bater\u00eda<\/strong><\/td>\n<td width=\"385\"><strong>1 x<\/strong> Sony L-Series \/ NP-F (integrado)<\/td>\n<\/tr>\n<tr>\n<td width=\"246\"><strong>Bater\u00eda<\/strong><\/td>\n<td width=\"385\"><strong>1 x<\/strong> Tipo Sony NP-F550 recargable (incluida)<\/p>\n<p>\u2022 tiempo de funcionamiento de 120 minutos<\/td>\n<\/tr>\n<tr>\n<td width=\"246\"><strong>Entrada de Energ\u00eda DC <\/strong><\/td>\n<td width=\"385\">5\/9 VDC<\/td>\n<\/tr>\n<tr>\n<td width=\"246\"><strong>Adaptador\/ Cable Incluido<\/strong><\/td>\n<td width=\"385\"><strong>1 x\u00a0 <\/strong>Cable USB-C para USB-A (Macho-Macho)<\/td>\n<\/tr>\n<tr>\n<td width=\"246\"><strong>Interruptor en L\u00ednea<\/strong><\/td>\n<td width=\"385\">No<\/td>\n<\/tr>\n<tr>\n<td width=\"246\"><strong>Power Pass-Thru<\/strong><\/td>\n<td width=\"385\">No<\/td>\n<\/tr>\n<tr>\n<td width=\"246\"><strong>Consumo<\/strong><\/td>\n<td width=\"385\">15 W<\/td>\n<\/tr>\n<\/tbody>\n<\/table>\n<p><em>\u00a0<\/em><em>Montura<\/em><\/p>\n<table width=\"633\">\n<tbody>\n<tr>\n<td width=\"246\"><strong>Montura da Fijaci\u00f3n<\/strong><\/td>\n<td width=\"387\"><strong>1 x<\/strong> Rosca hembra de 1\/4&#8243;-20<\/td>\n<\/tr>\n<tr>\n<td width=\"246\"><strong>Adaptador Incluido<\/strong><\/td>\n<td width=\"387\"><strong>1 x<\/strong> Montaje de 4 pines: pie accesorio para tornillo macho 1\/4&#8243;-20<\/td>\n<\/tr>\n<\/tbody>\n<\/table>\n<p><em>\u00a0<\/em><em>Ambiental<\/em><\/p>\n<table width=\"647\">\n<tbody>\n<tr>\n<td width=\"246\"><strong>Protecci\u00f3n Ambiental<\/strong><\/td>\n<td width=\"401\">Ninguno<\/td>\n<\/tr>\n<\/tbody>\n<\/table>\n<p><em>\u00a0<\/em><em>General<\/em><\/p>\n<table width=\"633\">\n<tbody>\n<tr>\n<td width=\"246\"><strong>Display<\/strong><\/td>\n<td width=\"388\">LCD<\/td>\n<\/tr>\n<tr>\n<td width=\"246\"><strong>Dimensiones<\/strong><\/td>\n<td width=\"388\">17.58 x 11.24 x 3.9\u00a0cm<\/td>\n<\/tr>\n<tr>\n<td width=\"246\"><strong>Peso<\/strong><\/td>\n<td width=\"388\">263 g<\/td>\n<\/tr>\n<\/tbody>\n<\/table>\n","protected":false},"excerpt":{"rendered":"<ul>\n<li>Para creadores de contenido y vloggers<\/li>\n<li>Salida: 388 Lux a 1m<\/li>\n<li>2800-6800K TCC; Control de color RGB<\/li>\n<li>Panel de 17,58 x 11,24 cm; 2 horas de duraci\u00f3n de la bater\u00eda<\/li>\n<li>IRC 95 | TLCI 95<\/li>\n<li>Control integrado y basado en aplicaciones<\/li>\n<li>0-100 % de atenuaci\u00f3n<\/li>\n<li>26 efectos especiales<\/li>\n<li>Control remoto wireless opcional<\/li>\n<li>Incluye bater\u00eda NP-F y cable USB-C<\/li>\n<\/ul>\n","protected":false},"featured_media":14182,"comment_status":"closed","ping_status":"closed","template":"","meta":{"_acf_changed":false},"product_brand":[2544],"product_cat":[994],"product_tag":[],"class_list":{"0":"post-18601","1":"product","2":"type-product","3":"status-publish","4":"has-post-thumbnail","6":"product_brand-viltrox-es","7":"product_cat-compactos-es","9":"first","10":"instock","11":"taxable","12":"shipping-taxable","13":"purchasable","14":"product-type-simple"},"bundled_by":[],"bundle_stock_status":"instock","bundle_stock_quantity":1,"bundle_virtual":false,"bundle_layout":"","bundle_add_to_cart_form_location":"","bundle_editable_in_cart":false,"bundle_sold_individually_context":"","bundle_item_grouping":"","bundle_min_size":"","bundle_max_size":"","bundle_price":[],"bundled_items":[],"bundle_sell_ids":[],"acf":[],"_links":{"self":[{"href":"https:\/\/hi-techwonder.com\/es\/wp-json\/wp\/v2\/product\/18601","targetHints":{"allow":["GET"]}}],"collection":[{"href":"https:\/\/hi-techwonder.com\/es\/wp-json\/wp\/v2\/product"}],"about":[{"href":"https:\/\/hi-techwonder.com\/es\/wp-json\/wp\/v2\/types\/product"}],"replies":[{"embeddable":true,"href":"https:\/\/hi-techwonder.com\/es\/wp-json\/wp\/v2\/comments?post=18601"}],"wp:featuredmedia":[{"embeddable":true,"href":"https:\/\/hi-techwonder.com\/es\/wp-json\/wp\/v2\/media\/14182"}],"wp:attachment":[{"href":"https:\/\/hi-techwonder.com\/es\/wp-json\/wp\/v2\/media?parent=18601"}],"wp:term":[{"taxonomy":"product_brand","embeddable":true,"href":"https:\/\/hi-techwonder.com\/es\/wp-json\/wp\/v2\/product_brand?post=18601"},{"taxonomy":"product_cat","embeddable":true,"href":"https:\/\/hi-techwonder.com\/es\/wp-json\/wp\/v2\/product_cat?post=18601"},{"taxonomy":"product_tag","embeddable":true,"href":"https:\/\/hi-techwonder.com\/es\/wp-json\/wp\/v2\/product_tag?post=18601"}],"curies":[{"name":"wp","href":"https:\/\/api.w.org\/{rel}","templated":true}]}}