{"id":18643,"date":"2025-07-24T09:08:36","date_gmt":"2025-07-24T09:08:36","guid":{"rendered":"https:\/\/fv6qoy3ls0.wpdns.site\/produto\/viltrox-weeylite-sprite-40-painel-led-bicolor-rgb\/"},"modified":"2026-02-19T16:36:24","modified_gmt":"2026-02-19T16:36:24","slug":"viltrox-sprite-40-painel-led-rgb","status":"publish","type":"product","link":"https:\/\/hi-techwonder.com\/es\/producto\/viltrox-sprite-40-painel-led-rgb\/","title":{"rendered":"Viltrox Weeylite Sprite 40 Panel LED Bicolor RGB"},"content":{"rendered":"<h3><strong>Viltrox Weeylite Sprite 40 Painel LED Bicolor RGB<\/strong><\/h3>\n<p>El panel LED Sprite 40 RGB de Weeylite mide 36 x 24 x 2,5 cm y tiene un amplio control de color. Se puede utilizar como luz lateral, luz principal espectacular o luz para espacios de dif\u00edcil acceso. La luz tiene una amplia gama de colores CCT de 2500 a 8500K para manejar la luz ambiental, combinarla con otros equipos o producir efectos creativos.<\/p>\n<p>Tiene un modo RGB con control de tono, saturaci\u00f3n e intensidad para acceder a millones de colores personalizados. El panel se puede atenuar de 0 a 100 % y, si bien puede realizar ajustes en esta configuraci\u00f3n localmente en el dispositivo, tambi\u00e9n puede hacerlo de forma remota a trav\u00e9s de una aplicaci\u00f3n Bluetooth o el control remoto incluido.<\/p>\n<p>Sprite tambi\u00e9n tiene 17 efectos especiales, que incluyen flash, alarma, pel\u00edcula, arco iris, slash, cumplea\u00f1os, cuento de hadas, pastizales, surf, aurora, rojo, naranja, amarillo, verde, cian, azul y morado. El Sprite 40 funcionar\u00e1 con su adaptador de CA o con dos bater\u00edas NP-F compradas por separado cuando no haya energ\u00eda el\u00e9ctrica disponible.<\/p>\n<h5>En la caja:<\/h5>\n<ul>\n<li>Viltrox Weeylite Panel LED Sprite 40 RGB<\/li>\n<li>Adaptador de montaje<\/li>\n<li>Adaptador de energ\u00eda<\/li>\n<li>Control remoto RC-11<\/li>\n<\/ul>\n<h5>Especificaciones:<\/h5>\n<p><em>L\u00e1mpara<\/em><\/p>\n<table width=\"631\">\n<tbody>\n<tr>\n<td width=\"246\"><strong>Tipo de Art\u00edculo<\/strong><\/td>\n<td width=\"386\"><strong>1 x\u00a0 <\/strong>Panel de luz LED<\/td>\n<\/tr>\n<tr>\n<td width=\"246\"><strong>Filtros incluidos<\/strong><\/td>\n<td width=\"386\">Difusi\u00f3n suave<\/td>\n<\/tr>\n<tr>\n<td width=\"246\"><strong>Caja de Almacenamiento Incluida<\/strong><\/td>\n<td width=\"386\">Ninguno<\/td>\n<\/tr>\n<tr>\n<td width=\"246\"><strong>L\u00famenes<\/strong><\/td>\n<td width=\"386\">3,500 (a 5500K)<\/td>\n<\/tr>\n<tr>\n<td width=\"246\"><strong>Fotometr\u00eda<\/strong><\/td>\n<td width=\"386\">91\u00a0fc \/ 980\u00a0Lux a 1 m*<\/p>\n<p>255 fc \/ 2750 Lux a 0,5 m<\/p>\n<p><em>*<\/em> <em>Medidas est\u00e1ndar proporcionadas por el fabricante.<\/em><\/td>\n<\/tr>\n<tr>\n<td width=\"246\"><strong>Temperatura del Color<\/strong><\/td>\n<td width=\"386\">2500K a 8500K<\/td>\n<\/tr>\n<tr>\n<td width=\"246\"><strong>Modos de Color<\/strong><\/td>\n<td width=\"386\">RGB, Luz del D\u00eda, Tungsteno<\/td>\n<\/tr>\n<tr>\n<td width=\"246\"><strong>Est\u00e1ndar de Precisi\u00f3n de Color<\/strong><\/td>\n<td width=\"386\">CRI 95<\/td>\n<\/tr>\n<tr>\n<td width=\"246\"><strong>Sistema de Refrigeraci\u00f3n<\/strong><\/td>\n<td width=\"386\">Pasivo<\/td>\n<\/tr>\n<tr>\n<td width=\"246\"><strong>Oscurecimiento<\/strong><\/td>\n<td width=\"386\">Si, Dimmer Incorporado<\/p>\n<p>0 to 100%<\/td>\n<\/tr>\n<tr>\n<td width=\"246\"><strong>Flash Incorporado<\/strong><\/td>\n<td width=\"386\">No<\/td>\n<\/tr>\n<tr>\n<td width=\"246\"><strong>Montura para Paragua<\/strong><\/td>\n<td width=\"386\">No<\/td>\n<\/tr>\n<tr>\n<td width=\"246\"><strong>Montura de Accesorios Delanteros<\/strong><\/td>\n<td width=\"386\">Ninguno<\/td>\n<\/tr>\n<\/tbody>\n<\/table>\n<p><em>\u00a0<\/em><em>Conectividad<\/em><\/p>\n<table width=\"633\">\n<tbody>\n<tr>\n<td width=\"246\"><strong>Tipo de Control Remoto<\/strong><\/td>\n<td width=\"387\">Bluetooth<\/p>\n<p>Radio\/RF (Comando Remoto Incluido)<\/td>\n<\/tr>\n<tr>\n<td width=\"246\"><strong>Aplicaci\u00f3n M\u00f3vil Compatible<\/strong><\/td>\n<td width=\"387\">Si<\/p>\n<p><em>*<\/em> <em>En mayo de 2023: consulte con el fabricante para<\/em><em>\u00faltima compatibilidad<\/em><\/td>\n<\/tr>\n<tr>\n<td width=\"246\"><strong>Canales Wireless<\/strong><\/td>\n<td width=\"387\">19<\/td>\n<\/tr>\n<tr>\n<td width=\"246\"><strong>Grupos Wireless <\/strong><\/td>\n<td width=\"387\">6<\/td>\n<\/tr>\n<\/tbody>\n<\/table>\n<p><em>\u00a0<\/em><em>Energ\u00eda, E\/S<\/em><\/p>\n<table width=\"631\">\n<tbody>\n<tr>\n<td width=\"246\"><strong>Fuente de Energ\u00eda<\/strong><\/td>\n<td width=\"385\">Adaptador AC para DC (Incluido)<\/p>\n<p>Bater\u00eda (no incluida)<\/td>\n<\/tr>\n<tr>\n<td width=\"246\"><strong>Entradas\/Salidas<\/strong><\/td>\n<td width=\"385\"><strong>1 x\u00a0<\/strong>Entrada de alimentaci\u00f3n cil\u00edndrica\/coaxial<\/td>\n<\/tr>\n<tr>\n<td width=\"246\"><strong>Tipo de placa de bater\u00eda<\/strong><\/td>\n<td width=\"385\">2 x Sony L-Series \/ NP-F (integrado)<\/td>\n<\/tr>\n<tr>\n<td width=\"246\"><strong>Bater\u00eda<\/strong><\/td>\n<td width=\"385\"><strong>2 x<\/strong> recargables (no incluidas)<\/td>\n<\/tr>\n<tr>\n<td width=\"246\"><strong>Entrada de Energ\u00edaDC <\/strong><\/td>\n<td width=\"385\">18 VDC at 2 A<\/td>\n<\/tr>\n<tr>\n<td width=\"246\"><strong>Adaptador\/ Cable Incluido<\/strong><\/td>\n<td width=\"385\"><strong>1 x\u00a0 <\/strong>Enchufe Edison para Adaptador cil\u00edndrica\/coaxial AC<\/p>\n<p>para DC<\/td>\n<\/tr>\n<tr>\n<td width=\"246\"><strong>Interruptor en L\u00ednea<\/strong><\/td>\n<td width=\"385\">No<\/td>\n<\/tr>\n<tr>\n<td width=\"246\"><strong>Power Pass-Thru<\/strong><\/td>\n<td width=\"385\">No<\/td>\n<\/tr>\n<tr>\n<td width=\"246\"><strong>Consumo<\/strong><\/td>\n<td width=\"385\">40 W (M\u00e1ximo)<\/td>\n<\/tr>\n<\/tbody>\n<\/table>\n<p><em>\u00a0<\/em><em>Montura<\/em><\/p>\n<table width=\"633\">\n<tbody>\n<tr>\n<td width=\"246\"><strong>Montura da Fijaci\u00f3n<\/strong><\/td>\n<td width=\"387\">1 x Rosca hembra de 1\/4&#8243;-20<\/td>\n<\/tr>\n<tr>\n<td width=\"246\"><strong>Adaptador Incluido<\/strong><\/td>\n<td width=\"387\">Montaje giratorio: receptor de 5\/8&#8243; para tornillo macho de 1\/4&#8243;-20<\/td>\n<\/tr>\n<\/tbody>\n<\/table>\n<p><em>\u00a0G<\/em><em>eneral<\/em><\/p>\n<table width=\"633\">\n<tbody>\n<tr>\n<td width=\"246\"><strong>Display<\/strong><\/td>\n<td width=\"388\">LCD<\/td>\n<\/tr>\n<tr>\n<td width=\"246\"><strong>Dimensiones<\/strong><\/td>\n<td width=\"388\">36 x 24 x 2.5 cm<\/td>\n<\/tr>\n<tr>\n<td width=\"246\"><strong>Peso<\/strong><\/td>\n<td width=\"388\">1.08\u00a0kg<\/td>\n<\/tr>\n<\/tbody>\n<\/table>\n","protected":false},"excerpt":{"rendered":"<ul>\n<li>Temperatura de color 2500-8500K, 95 CRI<\/li>\n<li>Medidas: 36 x 24 x 2,5 cm<\/li>\n<li>Compartimiento de bater\u00eda doble NP-F<\/li>\n<li>RGB: tono, saturaci\u00f3n, control de intensidad<\/li>\n<li>17 efectos de escena<\/li>\n<\/ul>\n","protected":false},"featured_media":14224,"comment_status":"closed","ping_status":"closed","template":"","meta":{"_acf_changed":false},"product_brand":[2544],"product_cat":[998],"product_tag":[],"class_list":{"0":"post-18643","1":"product","2":"type-product","3":"status-publish","4":"has-post-thumbnail","6":"product_brand-viltrox-es","7":"product_cat-paneles-es","9":"first","10":"instock","11":"taxable","12":"shipping-taxable","13":"purchasable","14":"product-type-simple"},"bundled_by":[],"bundle_stock_status":"instock","bundle_stock_quantity":1,"bundle_virtual":false,"bundle_layout":"","bundle_add_to_cart_form_location":"","bundle_editable_in_cart":false,"bundle_sold_individually_context":"","bundle_item_grouping":"","bundle_min_size":"","bundle_max_size":"","bundle_price":[],"bundled_items":[],"bundle_sell_ids":[],"acf":[],"_links":{"self":[{"href":"https:\/\/hi-techwonder.com\/es\/wp-json\/wp\/v2\/product\/18643","targetHints":{"allow":["GET"]}}],"collection":[{"href":"https:\/\/hi-techwonder.com\/es\/wp-json\/wp\/v2\/product"}],"about":[{"href":"https:\/\/hi-techwonder.com\/es\/wp-json\/wp\/v2\/types\/product"}],"replies":[{"embeddable":true,"href":"https:\/\/hi-techwonder.com\/es\/wp-json\/wp\/v2\/comments?post=18643"}],"wp:featuredmedia":[{"embeddable":true,"href":"https:\/\/hi-techwonder.com\/es\/wp-json\/wp\/v2\/media\/14224"}],"wp:attachment":[{"href":"https:\/\/hi-techwonder.com\/es\/wp-json\/wp\/v2\/media?parent=18643"}],"wp:term":[{"taxonomy":"product_brand","embeddable":true,"href":"https:\/\/hi-techwonder.com\/es\/wp-json\/wp\/v2\/product_brand?post=18643"},{"taxonomy":"product_cat","embeddable":true,"href":"https:\/\/hi-techwonder.com\/es\/wp-json\/wp\/v2\/product_cat?post=18643"},{"taxonomy":"product_tag","embeddable":true,"href":"https:\/\/hi-techwonder.com\/es\/wp-json\/wp\/v2\/product_tag?post=18643"}],"curies":[{"name":"wp","href":"https:\/\/api.w.org\/{rel}","templated":true}]}}