{"id":18688,"date":"2025-07-24T09:08:41","date_gmt":"2025-07-24T09:08:41","guid":{"rendered":"https:\/\/fv6qoy3ls0.wpdns.site\/produto\/viltrox-weeylite-vp-45-softbox-octogonal\/"},"modified":"2026-04-27T12:20:48","modified_gmt":"2026-04-27T11:20:48","slug":"viltrox-vp-45-softbox-octogonal","status":"publish","type":"product","link":"https:\/\/hi-techwonder.com\/es\/producto\/viltrox-vp-45-softbox-octogonal\/","title":{"rendered":"Viltrox Weeylite VP-45 Softbox Octogonal"},"content":{"rendered":"<h3><strong>Viltrox Weeylite VP-45 Softbox Octogonal<\/strong><\/h3>\n<p>La softbox Weeylite VP-45 es una softbox que suaviza la luz para la fotograf\u00eda de moda, belleza y retratos. La softbox est\u00e1 equipada con el soporte Weeylite Miniport y, por lo tanto, es ideal para Weeylite Ninja 200 o Ninja 300.<\/p>\n<p>Con su construcci\u00f3n simple, el rizador ligero con un di\u00e1metro de 60 cm se configura r\u00e1pida y f\u00e1cilmente. Es igual de f\u00e1cil volver a desmontar la caja de luz: simplemente presione los botones respectivos en el anillo y los soportes individuales se liberar\u00e1n de su sujeci\u00f3n.<\/p>\n<p>Los dos difusores suministrados, el difusor interior m\u00e1s peque\u00f1o y el difusor frontal, dispersan la luz reflejada desde el revestimiento interior plateado y crean gradientes de sombra suaves para una iluminaci\u00f3n homog\u00e9nea. Como tambi\u00e9n reducen los reflejos de las \u00e1reas suaves del sujeto, como la piel, a menudo se usan en retratos y fotograf\u00eda de belleza. La construcci\u00f3n octogonal tambi\u00e9n provoca una forma de softbox casi redonda, que se nota en los reflejos de luz redondos de aspecto natural en los ojos de un modelo.<\/p>\n<h5>En la Caja:<\/h5>\n<ul>\n<li>Softbox Viltrox Weeylite VP-45<\/li>\n<li>Difusor Interno<\/li>\n<li>Difusor externo<\/li>\n<li>Estuche de almacenamiento<\/li>\n<\/ul>\n<h5>Especificaciones:<\/h5>\n<p><em>Softbox<\/em><\/p>\n<table width=\"653\">\n<tbody>\n<tr>\n<td width=\"217\"><strong>Forma<\/strong><\/td>\n<td width=\"436\">Octogonal<\/td>\n<\/tr>\n<tr>\n<td width=\"217\"><strong>Dimensones<\/strong><\/td>\n<td width=\"436\">60 x 30 x 40\u00a0cm<\/td>\n<\/tr>\n<tr>\n<td width=\"217\"><strong>Interiores <\/strong><\/td>\n<td width=\"436\">Plateado<\/td>\n<\/tr>\n<tr>\n<td width=\"217\"><strong>Montura<\/strong><\/td>\n<td width=\"436\">Weeylite Miniport<\/td>\n<\/tr>\n<tr>\n<td width=\"217\"><strong>Peso<\/strong><\/td>\n<td width=\"436\">0,44\u00a0kg<\/td>\n<\/tr>\n<\/tbody>\n<\/table>\n","protected":false},"excerpt":{"rendered":"<ul>\n<li>Softbox Octogonal de 60 cm<\/li>\n<li>Interior plateado<\/li>\n<li>Montura de Weeylite Miniport<\/li>\n<\/ul>\n","protected":false},"featured_media":14264,"comment_status":"closed","ping_status":"closed","template":"","meta":{"_acf_changed":false},"product_brand":[2544],"product_cat":[1011],"product_tag":[],"class_list":{"0":"post-18688","1":"product","2":"type-product","3":"status-publish","4":"has-post-thumbnail","6":"product_brand-viltrox-es","7":"product_cat-octogonales","9":"first","10":"instock","11":"taxable","12":"shipping-taxable","13":"purchasable","14":"product-type-simple"},"bundled_by":[],"bundle_stock_status":"instock","bundle_stock_quantity":3,"bundle_virtual":false,"bundle_layout":"","bundle_add_to_cart_form_location":"","bundle_editable_in_cart":false,"bundle_sold_individually_context":"","bundle_item_grouping":"","bundle_min_size":"","bundle_max_size":"","bundle_price":[],"bundled_items":[],"bundle_sell_ids":[],"acf":[],"_links":{"self":[{"href":"https:\/\/hi-techwonder.com\/es\/wp-json\/wp\/v2\/product\/18688","targetHints":{"allow":["GET"]}}],"collection":[{"href":"https:\/\/hi-techwonder.com\/es\/wp-json\/wp\/v2\/product"}],"about":[{"href":"https:\/\/hi-techwonder.com\/es\/wp-json\/wp\/v2\/types\/product"}],"replies":[{"embeddable":true,"href":"https:\/\/hi-techwonder.com\/es\/wp-json\/wp\/v2\/comments?post=18688"}],"wp:featuredmedia":[{"embeddable":true,"href":"https:\/\/hi-techwonder.com\/es\/wp-json\/wp\/v2\/media\/14264"}],"wp:attachment":[{"href":"https:\/\/hi-techwonder.com\/es\/wp-json\/wp\/v2\/media?parent=18688"}],"wp:term":[{"taxonomy":"product_brand","embeddable":true,"href":"https:\/\/hi-techwonder.com\/es\/wp-json\/wp\/v2\/product_brand?post=18688"},{"taxonomy":"product_cat","embeddable":true,"href":"https:\/\/hi-techwonder.com\/es\/wp-json\/wp\/v2\/product_cat?post=18688"},{"taxonomy":"product_tag","embeddable":true,"href":"https:\/\/hi-techwonder.com\/es\/wp-json\/wp\/v2\/product_tag?post=18688"}],"curies":[{"name":"wp","href":"https:\/\/api.w.org\/{rel}","templated":true}]}}