{"id":18699,"date":"2025-07-24T09:08:41","date_gmt":"2025-07-24T09:08:41","guid":{"rendered":"https:\/\/fv6qoy3ls0.wpdns.site\/produto\/viltrox-weeylite-vp-65i-softbox-linterna\/"},"modified":"2026-02-15T17:35:49","modified_gmt":"2026-02-15T17:35:49","slug":"viltrox-weeylite-vp-65i-linterna","status":"publish","type":"product","link":"https:\/\/hi-techwonder.com\/es\/producto\/viltrox-weeylite-vp-65i-linterna\/","title":{"rendered":"Viltrox Weeylite VP-65i Softbox Linterna"},"content":{"rendered":"<h3><strong>Viltrox Weeylite VP-65i Softbox Linterna<\/strong><\/h3>\n<p>Use la linterna Viltrox Weeylite VP-65i \u00a0Softbox para una exposici\u00f3n e iluminaci\u00f3n constantes cuando use flash de estudio, flash speedlite o flash de estudio profesional. La caja de luz de linterna octogonal (linterna) ofrece posibilidades adicionales de modelado de luz. El Weeylite VP-65i est\u00e1 especialmente dise\u00f1ado para los focos y flashes con montura Bowens.<\/p>\n<p>Su dise\u00f1o permite la iluminaci\u00f3n omnidireccional y es de r\u00e1pido montaje, permiti\u00e9ndote aumentar la velocidad de trabajo en tu estudio o cualquier otro lugar.<\/p>\n<ul>\n<li>Tama\u00f1o 65 cm de di\u00e1metro<\/li>\n<li>Disipador blanco para ajuste de luz suave<\/li>\n<li>Dise\u00f1o de linterna para una iluminaci\u00f3n perfecta y uniforme<\/li>\n<li>Velcro cosido en los costados, f\u00e1cil de instalar y soltar<\/li>\n<\/ul>\n<h5>Especificaciones:<\/h5>\n<p><em>Softbox<\/em><\/p>\n<table width=\"937\">\n<tbody>\n<tr>\n<td width=\"227\"><strong>Montura<\/strong><\/td>\n<td width=\"710\">Bowens<\/td>\n<\/tr>\n<tr>\n<td width=\"227\"><strong>Interior<\/strong><\/td>\n<td width=\"710\">Plateado<\/td>\n<\/tr>\n<tr>\n<td width=\"227\"><strong>Di\u00e1metro<\/strong><\/td>\n<td width=\"710\">65cm<\/td>\n<\/tr>\n<\/tbody>\n<\/table>\n","protected":false},"excerpt":{"rendered":"<p>\u2022 Softbox linterna de 65 cm<\/p>\n<p>\u2022 Interior plateado<\/p>\n<p>\u2022 Montura de Bowens S<\/p>\n","protected":false},"featured_media":14275,"comment_status":"closed","ping_status":"closed","template":"","meta":{"_acf_changed":false},"product_brand":[2544],"product_cat":[1010],"product_tag":[],"class_list":{"0":"post-18699","1":"product","2":"type-product","3":"status-publish","4":"has-post-thumbnail","6":"product_brand-viltrox-es","7":"product_cat-linternas","9":"first","10":"instock","11":"taxable","12":"shipping-taxable","13":"purchasable","14":"product-type-simple"},"bundled_by":[],"bundle_stock_status":"instock","bundle_stock_quantity":1,"bundle_virtual":false,"bundle_layout":"","bundle_add_to_cart_form_location":"","bundle_editable_in_cart":false,"bundle_sold_individually_context":"","bundle_item_grouping":"","bundle_min_size":"","bundle_max_size":"","bundle_price":[],"bundled_items":[],"bundle_sell_ids":[],"acf":[],"_links":{"self":[{"href":"https:\/\/hi-techwonder.com\/es\/wp-json\/wp\/v2\/product\/18699","targetHints":{"allow":["GET"]}}],"collection":[{"href":"https:\/\/hi-techwonder.com\/es\/wp-json\/wp\/v2\/product"}],"about":[{"href":"https:\/\/hi-techwonder.com\/es\/wp-json\/wp\/v2\/types\/product"}],"replies":[{"embeddable":true,"href":"https:\/\/hi-techwonder.com\/es\/wp-json\/wp\/v2\/comments?post=18699"}],"wp:featuredmedia":[{"embeddable":true,"href":"https:\/\/hi-techwonder.com\/es\/wp-json\/wp\/v2\/media\/14275"}],"wp:attachment":[{"href":"https:\/\/hi-techwonder.com\/es\/wp-json\/wp\/v2\/media?parent=18699"}],"wp:term":[{"taxonomy":"product_brand","embeddable":true,"href":"https:\/\/hi-techwonder.com\/es\/wp-json\/wp\/v2\/product_brand?post=18699"},{"taxonomy":"product_cat","embeddable":true,"href":"https:\/\/hi-techwonder.com\/es\/wp-json\/wp\/v2\/product_cat?post=18699"},{"taxonomy":"product_tag","embeddable":true,"href":"https:\/\/hi-techwonder.com\/es\/wp-json\/wp\/v2\/product_tag?post=18699"}],"curies":[{"name":"wp","href":"https:\/\/api.w.org\/{rel}","templated":true}]}}