{"id":18746,"date":"2025-07-24T09:08:41","date_gmt":"2025-07-24T09:08:41","guid":{"rendered":"https:\/\/fv6qoy3ls0.wpdns.site\/produto\/viltrox-ninja-10-cob-led-luz-dia\/"},"modified":"2026-04-21T15:11:08","modified_gmt":"2026-04-21T14:11:08","slug":"viltrox-ninja-10-cob-led-luz-dia","status":"publish","type":"product","link":"https:\/\/hi-techwonder.com\/es\/producto\/viltrox-ninja-10-cob-led-luz-dia\/","title":{"rendered":"Viltrox Ninja 10 COB LED Luz D\u00eda (Oferta Softbox VP-45)"},"content":{"rendered":"<h3><strong>Viltrox Ninja 10 COB LED Luz D\u00eda<\/strong><\/h3>\n<p><iframe loading=\"lazy\" title=\"Viltrox Ninja 10\/10B\" width=\"500\" height=\"281\" src=\"https:\/\/www.youtube.com\/embed\/E3ctqV5vBWw?feature=oembed\" frameborder=\"0\" allow=\"accelerometer; autoplay; clipboard-write; encrypted-media; gyroscope; picture-in-picture; web-share\" referrerpolicy=\"strict-origin-when-cross-origin\" allowfullscreen><\/iframe><\/p>\n<p>El Ninja 10 de Viltrox es un iluminador LED de 5600K solo para luz diurna con una potencia de 120W. Su tecnolog\u00eda COB LED proporciona una salida sin parpadeos con un rendimiento de disipaci\u00f3n de calor y ruido superior al promedio. Cuenta con una montura Bowens para ser compatible con todo tipo de herramientas de modelado de luz, y el cuerpo del iluminador est\u00e1 construido completamente de metal. Tiene un ventilador incorporado para enfriamiento.<\/p>\n<ul>\n<li>La luz diurna balanceada tiene una temperatura de color de 5600K con un rendimiento sin parpadeos.<\/li>\n<li>El LED COB de 120 W proporciona una salida CRI alta con reproducci\u00f3n de color precisa y control de atenuaci\u00f3n de 0-100 %.<\/li>\n<li>El control integrado est\u00e1 disponible usando las dos perillas de control y la pantalla LCD trasera.<\/li>\n<li>Tambi\u00e9n se puede controlar a trav\u00e9s de Bluetooth.<\/li>\n<li>El ventilador integrado ayuda a mantener el iluminador fresco para un uso seguro y uniforme.<\/li>\n<li>La montura Bowens S es compatible con una variedad de modificadores de luz y accesorios.<\/li>\n<\/ul>\n<h5>\u00a0En la caja:<\/h5>\n<ul>\n<li>Viltrox Ninja 10 Daylight<\/li>\n<li>Reflector<\/li>\n<li>Clip de fijaci\u00f3n W-01<\/li>\n<li>Adaptador de CC<\/li>\n<li>Capa protectora<\/li>\n<li>Estuche de transporte<\/li>\n<\/ul>\n<h5>Especificaciones:<\/h5>\n<p><em>L\u00e1mpara<\/em><\/p>\n<table width=\"937\">\n<tbody>\n<tr>\n<td width=\"246\"><strong>Tipo de Art\u00edculo<\/strong><\/td>\n<td width=\"691\"><strong>1 x\u00a0 <\/strong>Monoluz LED COB<\/td>\n<\/tr>\n<tr>\n<td width=\"246\"><strong>Modificador de Luz Inclu\u00eddo<\/strong><\/td>\n<td width=\"691\"><strong>1 x\u00a0<\/strong>Refletor<\/td>\n<\/tr>\n<tr>\n<td width=\"246\"><strong>Caja de Almacenamiento Incluida<\/strong><\/td>\n<td width=\"691\">Estuche de transporte<\/td>\n<\/tr>\n<tr>\n<td width=\"246\"><strong>L\u00famenes<\/strong><\/td>\n<td width=\"691\">14,400<\/td>\n<\/tr>\n<tr>\n<td width=\"246\"><strong>Fotometr\u00eda<\/strong><\/td>\n<td width=\"691\"><strong>5600K:<\/strong><\/p>\n<p>4366 fc \/ 47.000 Lux a 1 m (com Refletor)*<em>*<\/em> <em>Medidas est\u00e1ndar proporcionadas por el fabricante.<\/em><\/td>\n<\/tr>\n<tr>\n<td width=\"246\"><strong>Temperatura del Color<\/strong><\/td>\n<td width=\"691\">5600K<\/td>\n<\/tr>\n<tr>\n<td width=\"246\"><strong>Modos de Color<\/strong><\/td>\n<td width=\"691\">Luz del D\u00eda<\/td>\n<\/tr>\n<tr>\n<td width=\"246\"><strong>Est\u00e1ndar de Precisi\u00f3n de Color<\/strong><\/td>\n<td width=\"691\">TLCI\u00a095<\/p>\n<p>CRI 95<\/td>\n<\/tr>\n<tr>\n<td width=\"246\"><strong>Sistema de Refrigeraci\u00f3n<\/strong><\/td>\n<td width=\"691\">Ventilador<\/td>\n<\/tr>\n<tr>\n<td width=\"246\"><strong>Oscurecimiento<\/strong><\/td>\n<td width=\"691\">Si, Dimmer Incorporado<\/p>\n<p>0 to 100%<\/td>\n<\/tr>\n<tr>\n<td width=\"246\"><strong>Flash Incorporado<\/strong><\/td>\n<td width=\"691\">No<\/td>\n<\/tr>\n<tr>\n<td width=\"246\"><strong>Montura para Paragua<\/strong><\/td>\n<td width=\"691\">No<\/td>\n<\/tr>\n<tr>\n<td width=\"246\"><strong>Montura de Accesorios Delanteros<\/strong><\/td>\n<td width=\"691\">Bowens S<\/td>\n<\/tr>\n<\/tbody>\n<\/table>\n<p><em>\u00a0<\/em><em>Conectividad<\/em><\/p>\n<table width=\"937\">\n<tbody>\n<tr>\n<td width=\"245\"><strong>Tipo de Control Remoto<\/strong><\/td>\n<td width=\"691\">Bluetooth<\/p>\n<p>Radio\/RF (no incluido)<\/td>\n<\/tr>\n<tr>\n<td width=\"245\"><strong>Aplicaci\u00f3n M\u00f3vil Compatible<\/strong><\/td>\n<td width=\"691\">Si: Android &amp; iOS<\/p>\n<p>Nome da App: Weeylite Remote<\/p>\n<p><em>*<\/em> <em>En febrero de 2023: consulte con el fabricante para<\/em><em>\u00faltima compatibilidad<\/em><\/td>\n<\/tr>\n<tr>\n<td width=\"245\"><strong>Canales Wireless<\/strong><\/td>\n<td width=\"691\">19<\/td>\n<\/tr>\n<tr>\n<td width=\"245\"><strong>Grupos Wireless <\/strong><\/td>\n<td width=\"691\">6<\/td>\n<\/tr>\n<\/tbody>\n<\/table>\n<p><em>\u00a0<\/em><em>Energ\u00eda, E\/S<\/em><\/p>\n<table width=\"937\">\n<tbody>\n<tr>\n<td width=\"245\"><strong>Fuente de Energ\u00eda<\/strong><\/td>\n<td width=\"691\">Adaptador AC para DC (Inclu\u00eddo)<\/td>\n<\/tr>\n<tr>\n<td width=\"245\"><strong>Entradas\/Salidas<\/strong><\/td>\n<td width=\"691\"><strong>1 x\u00a0<\/strong>Entrada de energ\u00eda<\/td>\n<\/tr>\n<tr>\n<td width=\"245\"><strong>Adaptador\/ Cable Incluido<\/strong><\/td>\n<td width=\"691\"><strong>1 x\u00a0 <\/strong>Enchufe Edison para Adaptador AC<\/p>\n<p>para DC (24 VDC a 6.25 A)<\/td>\n<\/tr>\n<tr>\n<td width=\"245\"><strong>Interruptor en L\u00ednea<\/strong><\/td>\n<td width=\"691\">No<\/td>\n<\/tr>\n<tr>\n<td width=\"245\"><strong>Power Pass-Thru<\/strong><\/td>\n<td width=\"691\">No<\/td>\n<\/tr>\n<tr>\n<td width=\"245\"><strong>Consumo<\/strong><\/td>\n<td width=\"691\">120 W (M\u00e1ximo)<\/td>\n<\/tr>\n<\/tbody>\n<\/table>\n<p><em>\u00a0<\/em><em>Montura<\/em><\/p>\n<table width=\"937\">\n<tbody>\n<tr>\n<td width=\"227\"><strong>Tipo de Yugo<\/strong><\/td>\n<td width=\"710\">Operado Manualmente<\/td>\n<\/tr>\n<tr>\n<td width=\"227\"><strong>Montura da Fijaci\u00f3n<\/strong><\/td>\n<td width=\"710\"><strong>1 x\u00a0<\/strong>Receptor 5\/8&#8243; (Via Montagem de Garfo)<\/td>\n<\/tr>\n<\/tbody>\n<\/table>\n<p><em>\u00a0<\/em><em>General<\/em><\/p>\n<table width=\"937\">\n<tbody>\n<tr>\n<td width=\"227\"><strong>Display<\/strong><\/td>\n<td width=\"710\">LCD<\/td>\n<\/tr>\n<tr>\n<td width=\"227\"><strong>Dimensiones<\/strong><\/td>\n<td width=\"710\">27.5 x 12.6 x 14.2\u00a0cm<\/td>\n<\/tr>\n<tr>\n<td width=\"227\"><strong>Peso<\/strong><\/td>\n<td width=\"710\">0,97\u00a0kg<\/td>\n<\/tr>\n<\/tbody>\n<\/table>\n<h3><strong>Viltrox Weeylite VP-45 Softbox Octogonal<\/strong><\/h3>\n<p>La softbox Weeylite VP-45 es una softbox que suaviza la luz para la fotograf\u00eda de moda, belleza y retratos. La softbox est\u00e1 equipada con el soporte Weeylite Miniport y, por lo tanto, es ideal para Weeylite Ninja 200 o Ninja 300.<\/p>\n<p>Con su construcci\u00f3n simple, el rizador ligero con un di\u00e1metro de 60 cm se configura r\u00e1pida y f\u00e1cilmente. Es igual de f\u00e1cil volver a desmontar la caja de luz: simplemente presione los botones respectivos en el anillo y los soportes individuales se liberar\u00e1n de su sujeci\u00f3n.<\/p>\n<p>Los dos difusores suministrados, el difusor interior m\u00e1s peque\u00f1o y el difusor frontal, dispersan la luz reflejada desde el revestimiento interior plateado y crean gradientes de sombra suaves para una iluminaci\u00f3n homog\u00e9nea. Como tambi\u00e9n reducen los reflejos de las \u00e1reas suaves del sujeto, como la piel, a menudo se usan en retratos y fotograf\u00eda de belleza. La construcci\u00f3n octogonal tambi\u00e9n provoca una forma de softbox casi redonda, que se nota en los reflejos de luz redondos de aspecto natural en los ojos de un modelo.<\/p>\n<h5>En la Caja:<\/h5>\n<ul>\n<li>Softbox Viltrox Weeylite VP-45<\/li>\n<li>Difusor Interno<\/li>\n<li>Difusor externo<\/li>\n<li>Estuche de almacenamiento<\/li>\n<\/ul>\n<h5>Especificaciones:<\/h5>\n<p><em>Softbox<\/em><\/p>\n<table width=\"653\">\n<tbody>\n<tr>\n<td width=\"217\"><strong>Forma<\/strong><\/td>\n<td width=\"436\">Octogonal<\/td>\n<\/tr>\n<tr>\n<td width=\"217\"><strong>Dimensones<\/strong><\/td>\n<td width=\"436\">60 x 30 x 40\u00a0cm<\/td>\n<\/tr>\n<tr>\n<td width=\"217\"><strong>Interiores<\/strong><\/td>\n<td width=\"436\">Plateado<\/td>\n<\/tr>\n<tr>\n<td width=\"217\"><strong>Montura<\/strong><\/td>\n<td width=\"436\">Weeylite Miniport<\/td>\n<\/tr>\n<tr>\n<td width=\"217\"><strong>Peso<\/strong><\/td>\n<td width=\"436\">0,44\u00a0kg<\/td>\n<\/tr>\n<\/tbody>\n<\/table>\n","protected":false},"excerpt":{"rendered":"<ul>\n<li>Dise\u00f1o LED Chip-on-Board (COB) de 120W<\/li>\n<li>Temperatura de color 5600K<\/li>\n<li>47.000 lux a 1 metro con reflector<\/li>\n<li>95+ CRI, 95+ TCLI<\/li>\n<li>Receptor wireless de 2,4 GHz incorporado<\/li>\n<li>Panel de control con pantalla LCD<\/li>\n<\/ul>\n","protected":false},"featured_media":14315,"comment_status":"closed","ping_status":"closed","template":"","meta":{"_acf_changed":false},"product_brand":[2544],"product_cat":[997],"product_tag":[],"class_list":{"0":"post-18746","1":"product","2":"type-product","3":"status-publish","4":"has-post-thumbnail","6":"product_brand-viltrox-es","7":"product_cat-focos","9":"first","10":"instock","11":"taxable","12":"shipping-taxable","13":"purchasable","14":"product-type-simple"},"bundled_by":[],"bundle_stock_status":"instock","bundle_stock_quantity":3,"bundle_virtual":false,"bundle_layout":"","bundle_add_to_cart_form_location":"","bundle_editable_in_cart":false,"bundle_sold_individually_context":"","bundle_item_grouping":"","bundle_min_size":"","bundle_max_size":"","bundle_price":[],"bundled_items":[],"bundle_sell_ids":[],"acf":[],"_links":{"self":[{"href":"https:\/\/hi-techwonder.com\/es\/wp-json\/wp\/v2\/product\/18746","targetHints":{"allow":["GET"]}}],"collection":[{"href":"https:\/\/hi-techwonder.com\/es\/wp-json\/wp\/v2\/product"}],"about":[{"href":"https:\/\/hi-techwonder.com\/es\/wp-json\/wp\/v2\/types\/product"}],"replies":[{"embeddable":true,"href":"https:\/\/hi-techwonder.com\/es\/wp-json\/wp\/v2\/comments?post=18746"}],"wp:featuredmedia":[{"embeddable":true,"href":"https:\/\/hi-techwonder.com\/es\/wp-json\/wp\/v2\/media\/14315"}],"wp:attachment":[{"href":"https:\/\/hi-techwonder.com\/es\/wp-json\/wp\/v2\/media?parent=18746"}],"wp:term":[{"taxonomy":"product_brand","embeddable":true,"href":"https:\/\/hi-techwonder.com\/es\/wp-json\/wp\/v2\/product_brand?post=18746"},{"taxonomy":"product_cat","embeddable":true,"href":"https:\/\/hi-techwonder.com\/es\/wp-json\/wp\/v2\/product_cat?post=18746"},{"taxonomy":"product_tag","embeddable":true,"href":"https:\/\/hi-techwonder.com\/es\/wp-json\/wp\/v2\/product_tag?post=18746"}],"curies":[{"name":"wp","href":"https:\/\/api.w.org\/{rel}","templated":true}]}}