{"id":18815,"date":"2025-07-24T09:08:46","date_gmt":"2025-07-24T09:08:46","guid":{"rendered":"https:\/\/fv6qoy3ls0.wpdns.site\/produto\/viltrox-weeylite-ninja-20b-led-cob-bicolor\/"},"modified":"2025-11-19T10:31:02","modified_gmt":"2025-11-19T10:31:02","slug":"viltrox-weeylite-ninja-20b-led-cob-bicolor","status":"publish","type":"product","link":"https:\/\/hi-techwonder.com\/es\/producto\/viltrox-weeylite-ninja-20b-led-cob-bicolor\/","title":{"rendered":"Viltrox Weeylite Ninja 20B LED COB Bicolor"},"content":{"rendered":"<h3><strong>Viltrox Weeylite Ninja 20B LED COB Bicolor<\/strong><\/h3>\n<p>Este Viltrox Weeylite Ninja 20B Bi-Color es una monoluz LED COB bicolor de alto rendimiento con una iluminancia m\u00e1xima de 77.900 lux a 1 metro. El iluminador proporciona un rango de temperatura de color variable de 2800 a 6800 K para lograr efectos creativos y combinar con la luz ambiental de su escena, y la luz ofrece un alto CRI de 97, lo que garantiza una reproducci\u00f3n precisa del color. Con el Ninja 20B se incluye un reflector est\u00e1ndar de 55\u00b0, y la luz cuenta con una montura Bowens S, lo que la hace compatible con una amplia gama de herramientas de modelado de luz.<\/p>\n<p>Los controles incorporados intuitivos le permiten ajustar su configuraci\u00f3n de manera r\u00e1pida y eficiente, y la unidad ofrece una atenuaci\u00f3n de 0 a 100 % para ajustar el brillo de la luz. Para la operaci\u00f3n inal\u00e1mbrica, el Ninja 20B es compatible con un control remoto comprado por separado, y la unidad se puede operar de forma remota desde su tel\u00e9fono con la aplicaci\u00f3n WeeylitePro Bluetooth. Para un funcionamiento m\u00e1s avanzado, la luz admite protocolos DMX512. Dise\u00f1ado teniendo en cuenta los requisitos de audio, el Ninja 20B adopta un dise\u00f1o de ventilador ultra silencioso con un ruido m\u00e1ximo de 26 dB a m\u00e1xima potencia.<\/p>\n<h5>Caracter\u00edsticas principales<\/h5>\n<ul>\n<li>Luz de v\u00eddeo LED de alta potencia con una iluminaci\u00f3n m\u00e1xima de 77 900 lux a 1 metro<\/li>\n<li>Rango de temperatura de color variable de 2800 a 6800K<\/li>\n<li>CRI de 97 para garantizar una reproducci\u00f3n precisa del color<\/li>\n<li>Controles integrados intuitivos para ajustar r\u00e1pidamente la configuraci\u00f3n<\/li>\n<li>Atenuaci\u00f3n de 0 a 100 % para un ajuste fino del brillo<\/li>\n<li>Compatible con la aplicaci\u00f3n WeeylitePro Bluetooth<\/li>\n<li>Dise\u00f1o de ventilador ultra silencioso<\/li>\n<\/ul>\n<h5>En la caja:<\/h5>\n<ul>\n<li>Viltrox Weeylite Ninja 20B bicolor<\/li>\n<li>Reflector<\/li>\n<li>Capa protectora<\/li>\n<li>Cable de energ\u00eda<\/li>\n<li>Clip de retenci\u00f3n del cable de alimentaci\u00f3n J-1<\/li>\n<\/ul>\n<h5>Especificaciones:<\/h5>\n<p><em>L\u00e1mpara<\/em><\/p>\n<table width=\"937\">\n<tbody>\n<tr>\n<td width=\"246\"><strong>Tipo de Art\u00edculo<\/strong><\/td>\n<td width=\"691\"><strong>1 x\u00a0 <\/strong>Monoluz LED COB<\/td>\n<\/tr>\n<tr>\n<td width=\"246\"><strong>Modificador de Luz Inclu\u00eddo<\/strong><\/td>\n<td width=\"691\"><strong>1 x\u00a0<\/strong>Refletor<\/td>\n<\/tr>\n<tr>\n<td width=\"246\"><strong>Caja de Almacenamiento Incluida<\/strong><\/td>\n<td width=\"691\"><em>Nenhum<\/em><\/td>\n<\/tr>\n<tr>\n<td width=\"246\"><strong>L\u00famenes<\/strong><\/td>\n<td width=\"691\">22,000<\/td>\n<\/tr>\n<tr>\n<td width=\"246\"><strong>Fotometr\u00eda<\/strong><\/td>\n<td width=\"691\"><strong>5000K:<\/strong><\/p>\n<p>7236\u00a0fc \/ 77,900\u00a0Lux a 1 m (con Reflector)*<\/p>\n<p><strong>2800K:<\/strong><\/p>\n<p>5211\u00a0fc \/ 56,100\u00a0Lux a 1 m (con Reflector)*<\/p>\n<p><strong>6800K:<\/strong><\/p>\n<p>6512\u00a0fc \/ 70,100\u00a0Lux a 1 m (con Reflector)*<em>*<\/em> <em>Medidas est\u00e1ndar proporcionadas por el fabricante.<\/em><\/td>\n<\/tr>\n<tr>\n<td width=\"246\"><strong>Temperatura del Color<\/strong><\/td>\n<td width=\"691\">2800 to 6800K<\/td>\n<\/tr>\n<tr>\n<td width=\"246\"><strong>Modos de Color<\/strong><\/td>\n<td width=\"691\">Luz del D\u00eda, Tungsteno<\/td>\n<\/tr>\n<tr>\n<td width=\"246\"><strong>Est\u00e1ndar de Precisi\u00f3n de Color<\/strong><\/td>\n<td width=\"691\">TLCI\u00a097<\/td>\n<\/tr>\n<tr>\n<td width=\"246\"><strong>Sistema de Refrigeraci\u00f3n<\/strong><\/td>\n<td width=\"691\">Ventilador<\/td>\n<\/tr>\n<tr>\n<td width=\"246\"><strong>Oscurecimiento<\/strong><\/td>\n<td width=\"691\">Si, Dimmer Incorporado<\/p>\n<p>0 to 100%<\/td>\n<\/tr>\n<tr>\n<td width=\"246\"><strong>Flash Incorporado<\/strong><\/td>\n<td width=\"691\">No<\/td>\n<\/tr>\n<tr>\n<td width=\"246\"><strong>Montura para Paragua<\/strong><\/td>\n<td width=\"691\">No<\/td>\n<\/tr>\n<tr>\n<td width=\"246\"><strong>Montura de Accesorios Delanteros<\/strong><\/td>\n<td width=\"691\">Bowens S<\/td>\n<\/tr>\n<\/tbody>\n<\/table>\n<p><em>\u00a0<\/em><em>Conectividad<\/em><\/p>\n<table width=\"937\">\n<tbody>\n<tr>\n<td width=\"245\"><strong>Tipo de Control Remoto<\/strong><\/td>\n<td width=\"691\">Bluetooth<\/p>\n<p>Radio\/RF<\/td>\n<\/tr>\n<tr>\n<td width=\"245\"><strong>Aplicaci\u00f3n M\u00f3vil Compatible<\/strong><\/td>\n<td width=\"691\">Si: Android &amp; iOS<\/p>\n<p>Nome da App: Weeylite Remote<\/p>\n<p><em>*<\/em> <em>En febrero de 2023: consulte con el fabricante para<\/em><em>\u00faltima compatibilidad<\/em><\/td>\n<\/tr>\n<tr>\n<td width=\"245\"><strong>Canales Wireless<\/strong><\/td>\n<td width=\"691\">19<\/td>\n<\/tr>\n<tr>\n<td width=\"245\"><strong>Grupos Wireless <\/strong><\/td>\n<td width=\"691\">6<\/td>\n<\/tr>\n<\/tbody>\n<\/table>\n<p><em>\u00a0<\/em><em>Energ\u00eda, E\/S<\/em><\/p>\n<table width=\"937\">\n<tbody>\n<tr>\n<td width=\"245\"><strong>Fuente de Energ\u00eda<\/strong><\/td>\n<td width=\"691\">Adaptador AC para DC (Inclu\u00eddo)<\/td>\n<\/tr>\n<tr>\n<td width=\"245\"><strong>Entradas\/Salidas<\/strong><\/td>\n<td width=\"691\">Entrada de energ\u00eda XLR 3-Pin <strong>x1<\/strong><\/p>\n<p>Entrada etherCON\/RJ45 DMX <strong>x1<\/strong><\/p>\n<p>Salida etherCON\/RJ45 DMX <strong>x1<\/strong><\/td>\n<\/tr>\n<tr>\n<td width=\"245\"><strong>Entrada de Energ\u00eda AC <\/strong><\/td>\n<td width=\"691\">100 a 240 VAC, 50 \/ 60 Hz<\/td>\n<\/tr>\n<tr>\n<td width=\"245\"><strong>Entrada de Energ\u00edaDC <\/strong><\/td>\n<td width=\"691\">36 VDC<\/td>\n<\/tr>\n<tr>\n<td width=\"245\"><strong>Adaptador\/ Cable Incluido<\/strong><\/td>\n<td width=\"691\"><strong>1 x\u00a0 <\/strong>Enchufe Edison para Adaptador XLR 3-Pin AC<\/p>\n<p>para DC (36 VDC at 6.38 A)<\/td>\n<\/tr>\n<tr>\n<td width=\"245\"><strong>Interruptor en L\u00ednea<\/strong><\/td>\n<td width=\"691\">No<\/td>\n<\/tr>\n<tr>\n<td width=\"245\"><strong>Power Pass-Thru<\/strong><\/td>\n<td width=\"691\">No<\/td>\n<\/tr>\n<tr>\n<td width=\"245\"><strong>Consumo<\/strong><\/td>\n<td width=\"691\">200 W (M\u00e1ximo)<\/td>\n<\/tr>\n<\/tbody>\n<\/table>\n<p><em>\u00a0<\/em><em>M<\/em><em>ontura<\/em><\/p>\n<table width=\"937\">\n<tbody>\n<tr>\n<td width=\"227\"><strong>Tipo de Yugo<\/strong><\/td>\n<td width=\"710\">Operado Manualmente<\/td>\n<\/tr>\n<tr>\n<td width=\"227\"><strong>Montura da Fijaci\u00f3n<\/strong><\/td>\n<td width=\"710\"><strong>1 x\u00a0<\/strong>Receptor 5\/8&#8243; (Via Montagem de Garfo)<\/td>\n<\/tr>\n<\/tbody>\n<\/table>\n<p><em>General<\/em><\/p>\n<table width=\"937\">\n<tbody>\n<tr>\n<td width=\"227\"><strong>Display<\/strong><\/td>\n<td width=\"710\">LCD<\/td>\n<\/tr>\n<tr>\n<td width=\"227\"><strong>Dimensiones<\/strong><\/td>\n<td width=\"710\">39.1 x 38.1 x 18.3\u00a0cm<\/td>\n<\/tr>\n<tr>\n<td width=\"227\"><strong>Peso<\/strong><\/td>\n<td width=\"710\">2.4\u00a0kg<\/td>\n<\/tr>\n<\/tbody>\n<\/table>\n","protected":false},"excerpt":{"rendered":"<ul>\n<li>Monoluz LED COB<\/li>\n<li>Para producci\u00f3n de video y vlogging<\/li>\n<li>Fotometr\u00eda 77.900 Lux a 1m con reflector<\/li>\n<li>Rango de temperatura de color de 2800-6800K<\/li>\n<li>Operaci\u00f3n de CA de voltaje m\u00faltiple<\/li>\n<li>Controles integrados y compatibilidad con DMX512<\/li>\n<li>Control de aplicaciones Bluetooth<\/li>\n<li>TLCI&gt;97<\/li>\n<li>Sistema ultrasilencioso refrigerado por ventilador<\/li>\n<li>Compatibilidad con montura Bowens S<\/li>\n<li>10 modos de efectos especiales<\/li>\n<\/ul>\n","protected":false},"featured_media":14366,"comment_status":"closed","ping_status":"closed","template":"","meta":{"_acf_changed":false},"product_brand":[2544],"product_cat":[997],"product_tag":[],"class_list":{"0":"post-18815","1":"product","2":"type-product","3":"status-publish","4":"has-post-thumbnail","6":"product_brand-viltrox-es","7":"product_cat-focos","9":"first","10":"pre-order","11":"taxable","12":"shipping-taxable","13":"purchasable","14":"product-type-simple"},"bundled_by":[],"bundle_stock_status":"pre-order","bundle_stock_quantity":null,"bundle_virtual":false,"bundle_layout":"","bundle_add_to_cart_form_location":"","bundle_editable_in_cart":false,"bundle_sold_individually_context":"","bundle_item_grouping":"","bundle_min_size":"","bundle_max_size":"","bundle_price":[],"bundled_items":[],"bundle_sell_ids":[],"acf":[],"_links":{"self":[{"href":"https:\/\/hi-techwonder.com\/es\/wp-json\/wp\/v2\/product\/18815","targetHints":{"allow":["GET"]}}],"collection":[{"href":"https:\/\/hi-techwonder.com\/es\/wp-json\/wp\/v2\/product"}],"about":[{"href":"https:\/\/hi-techwonder.com\/es\/wp-json\/wp\/v2\/types\/product"}],"replies":[{"embeddable":true,"href":"https:\/\/hi-techwonder.com\/es\/wp-json\/wp\/v2\/comments?post=18815"}],"wp:featuredmedia":[{"embeddable":true,"href":"https:\/\/hi-techwonder.com\/es\/wp-json\/wp\/v2\/media\/14366"}],"wp:attachment":[{"href":"https:\/\/hi-techwonder.com\/es\/wp-json\/wp\/v2\/media?parent=18815"}],"wp:term":[{"taxonomy":"product_brand","embeddable":true,"href":"https:\/\/hi-techwonder.com\/es\/wp-json\/wp\/v2\/product_brand?post=18815"},{"taxonomy":"product_cat","embeddable":true,"href":"https:\/\/hi-techwonder.com\/es\/wp-json\/wp\/v2\/product_cat?post=18815"},{"taxonomy":"product_tag","embeddable":true,"href":"https:\/\/hi-techwonder.com\/es\/wp-json\/wp\/v2\/product_tag?post=18815"}],"curies":[{"name":"wp","href":"https:\/\/api.w.org\/{rel}","templated":true}]}}