{"id":18886,"date":"2025-07-24T09:08:46","date_gmt":"2025-07-24T09:08:46","guid":{"rendered":"https:\/\/fv6qoy3ls0.wpdns.site\/produto\/viltrox-weeylite-h18-tubo-led-rgb-bicolor\/"},"modified":"2026-01-29T12:56:32","modified_gmt":"2026-01-29T12:56:32","slug":"viltrox-h18-tubo-led-rgb-bicolor","status":"publish","type":"product","link":"https:\/\/hi-techwonder.com\/es\/producto\/viltrox-h18-tubo-led-rgb-bicolor\/","title":{"rendered":"Viltrox Weeylite H18 Tubo LED RGB Bicolor"},"content":{"rendered":"<h3><strong>Viltrox Weeylite H18 Tubo LED RGB Bicolor<\/strong><\/h3>\n<p><iframe loading=\"lazy\" title=\"Viltrox H18 Tubo LED RGB Bicolor\" width=\"500\" height=\"281\" src=\"https:\/\/www.youtube.com\/embed\/SZHpk7KdBcQ?feature=oembed\" frameborder=\"0\" allow=\"accelerometer; autoplay; clipboard-write; encrypted-media; gyroscope; picture-in-picture; web-share\" referrerpolicy=\"strict-origin-when-cross-origin\" allowfullscreen><\/iframe><\/p>\n<p>Ofreciendo versatilidad, este tubo de luz LED H18 bicolor y RGB de 57 cm de largo de Viltrox le permite cambiar r\u00e1pidamente entre el modo RGB y la salida bicolor con solo hacer clic en un bot\u00f3n. Dise\u00f1ado para satisfacer sus variadas necesidades, funciona muy bien como luz principal, luz trasera o incluso iluminaci\u00f3n de productos. Este tubo alimentado por bater\u00eda y controlado por una aplicaci\u00f3n tiene una temperatura de color de 2800 a 6800 K y una atenuaci\u00f3n de 0 a 100 %.<\/p>\n<p>El accesorio es ideal para los creadores que trabajan en una amplia variedad de escenarios de fotograf\u00eda y video y es lo suficientemente liviano como para ser port\u00e1til o montado en casi cualquier lugar. El H18 viene con banderas desmontables que le permiten moldear a\u00fan m\u00e1s la luz.<\/p>\n<p><em>Doble cara<\/em><\/p>\n<p>Un lado est\u00e1 dise\u00f1ado con perlas LED de temperatura bicolor y el otro lado es de color RGB para brindar acceso a hasta 36,000 colores.<\/p>\n<p><em>Color ajustable y preciso<\/em><\/p>\n<p>Con 192 perlas LED, el H18 emite hasta 1357 lux a 1 metro. Tiene una gama de colores variable de 2800 a 6800K con una clasificaci\u00f3n CRI\/TLCI de 95, lo que garantiza una reproducci\u00f3n precisa del color.<\/p>\n<p><em>Gran cantidad de efectos<\/em><\/p>\n<p>Este tubo ofrece 26 tipos de efectos para satisfacer su visi\u00f3n creativa, que incluyen velas, llamas, bucle CCT, TV, fuegos artificiales, polic\u00eda, parpadeo, soldadura, SOS, ambulancia, cami\u00f3n de bomberos, bucle RGB, rom\u00e1ntico, club, ola, flash, explosi\u00f3n , bombilla de flash y m\u00e1s.<\/p>\n<p><em>Control remoto<\/em><\/p>\n<p>Controle la temperatura del color, el oscurecimiento, los efectos y m\u00e1s a trav\u00e9s de la aplicaci\u00f3n. Un control remoto inal\u00e1mbrico opcional tambi\u00e9n puede controlar la luz a distancia.<\/p>\n<h5>Caracter\u00edsticas principales<\/h5>\n<ul>\n<li>Crea una luz suave y directa sobre el sujeto<\/li>\n<li>Adecuado para transmisi\u00f3n en vivo, iluminaci\u00f3n de maquillaje, selfies y otros escenarios<\/li>\n<li>Operaci\u00f3n intuitiva<\/li>\n<li>La bater\u00eda integrada proporciona hasta 110 minutos de funcionamiento al 100 %<\/li>\n<li>Ambos extremos cuentan con orificios para tornillos de 1\/4&#8243;-20 ampliamente compatibles<\/li>\n<li>Incluye adaptador de corriente para luz constante<\/li>\n<li>Incluye tr\u00edpode y estuche de transporte para su comodidad<\/li>\n<\/ul>\n<h5>En la caja:<\/h5>\n<ul>\n<li>Tubo LED Viltrox H18 RGB y Bicolor<\/li>\n<li>Viseras<\/li>\n<li>Tr\u00edpode<\/li>\n<li>Adaptador de energ\u00eda<\/li>\n<li>Estuche de transporte<\/li>\n<\/ul>\n<h5><strong>Especificaciones:<\/strong><\/h5>\n<p><em>L\u00e1mpara<\/em><\/p>\n<table width=\"653\">\n<tbody>\n<tr>\n<td width=\"236\"><strong>Tipo de Art\u00edculo<\/strong><\/td>\n<td width=\"416\"><strong>1 x\u00a0 <\/strong>Tubo de luz LED<\/td>\n<\/tr>\n<tr>\n<td width=\"236\"><strong>Modificador de luz incluido<\/strong><\/td>\n<td width=\"416\"><strong>1 x<\/strong> Viseras<\/td>\n<\/tr>\n<tr>\n<td width=\"236\"><strong>Caja de Almacenamiento Incluida<\/strong><\/td>\n<td width=\"416\"><strong>1 x<\/strong> Estuche de transporte<\/td>\n<\/tr>\n<tr>\n<td width=\"236\"><strong>L\u00famenes<\/strong><\/td>\n<td width=\"416\">1800<\/td>\n<\/tr>\n<tr>\n<td width=\"236\"><strong>Fotometr\u00eda<\/strong><\/td>\n<td width=\"416\"><strong>5600K:<\/strong><\/p>\n<p>126\u00a0fc \/ 1357\u00a0Lux a 1 m*<\/p>\n<p>257\u00a0fc \/ 2770\u00a0Lux a 0,7m<\/p>\n<p>&nbsp;<\/p>\n<p><em>*<\/em> <em>Medidas est\u00e1ndar proporcionadas por el fabricante.<\/em><\/td>\n<\/tr>\n<tr>\n<td width=\"236\"><strong>Temperatura del Color<\/strong><\/td>\n<td width=\"416\">2800K a 6800K<\/td>\n<\/tr>\n<tr>\n<td width=\"236\"><strong>Modos de Color<\/strong><\/td>\n<td width=\"416\">Luz del Dia, tungsteno, RGB<\/td>\n<\/tr>\n<tr>\n<td width=\"236\"><strong>Est\u00e1ndar de Precisi\u00f3n de Color<\/strong><\/td>\n<td width=\"416\">CRI 95<\/p>\n<p>TLCI 95<\/td>\n<\/tr>\n<tr>\n<td width=\"236\"><strong>Oscurecimiento<\/strong><\/td>\n<td width=\"416\">Si, Dimmer Incorporado<\/p>\n<p>0 to 100%<\/td>\n<\/tr>\n<tr>\n<td width=\"236\"><strong>Flash Incorporado<\/strong><\/td>\n<td width=\"416\">No<\/td>\n<\/tr>\n<tr>\n<td width=\"236\"><strong>Montura para Paragua<\/strong><\/td>\n<td width=\"416\">No<\/td>\n<\/tr>\n<tr>\n<td width=\"236\"><strong>Montura para accesorio frontal<\/strong><\/td>\n<td width=\"416\">Proprietario<\/td>\n<\/tr>\n<\/tbody>\n<\/table>\n<p><em>\u00a0<\/em><em>Conectividad<\/em><\/p>\n<table width=\"653\">\n<tbody>\n<tr>\n<td width=\"236\"><strong>Tipo de Control Remoto<\/strong><\/td>\n<td width=\"417\">Radio\/RF (No Incluido)<\/p>\n<p>Bluetooth<\/td>\n<\/tr>\n<tr>\n<td width=\"236\"><strong>Aplicaci\u00f3n m\u00f3vil compatible<\/strong><\/td>\n<td width=\"417\">S\u00ed: Android e iOS<\/p>\n<p>Nombre de la aplicaci\u00f3n: Weeylite Pro<\/p>\n<p>*A partir de junio de 2023: consulte con el fabricante para obtener la compatibilidad m\u00e1s actualizada<\/td>\n<\/tr>\n<tr>\n<td width=\"236\"><strong>Canales Wireless<\/strong><\/td>\n<td width=\"417\">19<\/td>\n<\/tr>\n<tr>\n<td width=\"236\"><strong>Grupos Wireless<\/strong><\/td>\n<td width=\"417\">6<\/td>\n<\/tr>\n<\/tbody>\n<\/table>\n<p><em>\u00a0<\/em><em>Energ\u00eda, E\/S<\/em><\/p>\n<table width=\"652\">\n<tbody>\n<tr>\n<td width=\"236\"><strong>Fuente de Energ\u00eda<\/strong><\/td>\n<td width=\"216\">Adaptador AC para DC (Incluido)<\/p>\n<p>Bater\u00eda (Integrada)<\/td>\n<td width=\"200\"><\/td>\n<\/tr>\n<tr>\n<td width=\"236\"><strong>Entradas\/Salidas<\/strong><\/td>\n<td colspan=\"2\" width=\"415\"><strong>1 x\u00a0<\/strong>Entrada de alimentaci\u00f3n cil\u00edndrica\/coaxial<\/td>\n<\/tr>\n<tr>\n<td width=\"236\"><strong>Bater\u00eda<\/strong><\/td>\n<td colspan=\"2\" width=\"415\"><strong>1 x<\/strong> Recargable (incorporado)<\/p>\n<p>110 minutos al 100%<\/td>\n<\/tr>\n<tr>\n<td width=\"236\"><strong>Bateria cargador<\/strong><\/td>\n<td colspan=\"2\" width=\"415\">Adaptador AC para DC (Incluido)<\/td>\n<\/tr>\n<tr>\n<td width=\"236\"><strong>Entrada de Energ\u00eda DC <\/strong><\/td>\n<td colspan=\"2\" width=\"415\">24 VDC<\/td>\n<\/tr>\n<tr>\n<td width=\"236\"><strong>Adaptador\/ Cable Incluido<\/strong><\/td>\n<td colspan=\"2\" width=\"415\"><strong>1 x\u00a0 <\/strong>Enchufe Edison para Adaptador cil\u00edndrica\/coaxial AC para DC<\/td>\n<\/tr>\n<tr>\n<td width=\"236\"><strong>Consumo de energia<\/strong><\/td>\n<td colspan=\"2\" width=\"415\">18W<\/td>\n<\/tr>\n<\/tbody>\n<\/table>\n<p><em>\u00a0<\/em><em>Montura<\/em><\/p>\n<table width=\"651\">\n<tbody>\n<tr>\n<td width=\"236\"><strong>Soporte\/soporte de luz incluido<\/strong><\/td>\n<td width=\"414\"><strong>1 x<\/strong> Nano tr\u00edpode de altura fija (se pliega para agarre)<\/td>\n<\/tr>\n<tr>\n<td width=\"236\"><strong>Montaje de fijaci\u00f3n<\/strong><\/td>\n<td width=\"414\"><strong>2 x<\/strong> hilo hembra 1\/4&#8243;-20<\/td>\n<\/tr>\n<\/tbody>\n<\/table>\n<p><em>\u00a0<\/em><em>General<\/em><\/p>\n<table width=\"651\">\n<tbody>\n<tr>\n<td width=\"236\"><strong>Display<\/strong><\/td>\n<td width=\"415\">LCD<\/td>\n<\/tr>\n<tr>\n<td width=\"236\"><strong>Dimensiones<\/strong><\/td>\n<td width=\"415\">57 x 5.6 x 5.6\u00a0cm<\/td>\n<\/tr>\n<tr>\n<td width=\"236\"><strong>Peso<\/strong><\/td>\n<td width=\"415\">665.5\u00a0g<\/td>\n<\/tr>\n<\/tbody>\n<\/table>\n","protected":false},"excerpt":{"rendered":"<p>\u2022 Para entusiastas de la fotograf\u00eda y el video<\/p>\n<p>\u2022 Salida: 1357 Lux a 1 metro (5600K)<\/p>\n<p>\u2022 2800-6800K TCC; modo RGB<\/p>\n<p>\u2022 Control integrado y de aplicaciones<\/p>\n<p>\u2022 IRC 95 | TLCI 95<\/p>\n<p>\u2022 26 efectos especiales preestablecidos<\/p>\n<p>\u2022 Bater\u00eda recargable incorporada; Alimentaci\u00f3n de CA<\/p>\n<p>\u2022 Ensamblaje de 1\/4&#8243;-20<\/p>\n<p>\u2022 Compatible con control remoto opcional<\/p>\n<p>\u2022 Incluye banderas, tr\u00edpode y estuche<\/p>\n","protected":false},"featured_media":14421,"comment_status":"closed","ping_status":"closed","template":"","meta":{"_acf_changed":false},"product_brand":[2544],"product_cat":[999],"product_tag":[],"class_list":{"0":"post-18886","1":"product","2":"type-product","3":"status-publish","4":"has-post-thumbnail","6":"product_brand-viltrox-es","7":"product_cat-tubulares-es","9":"first","10":"instock","11":"taxable","12":"shipping-taxable","13":"purchasable","14":"product-type-simple"},"bundled_by":[],"bundle_stock_status":"instock","bundle_stock_quantity":1,"bundle_virtual":false,"bundle_layout":"","bundle_add_to_cart_form_location":"","bundle_editable_in_cart":false,"bundle_sold_individually_context":"","bundle_item_grouping":"","bundle_min_size":"","bundle_max_size":"","bundle_price":[],"bundled_items":[],"bundle_sell_ids":[],"acf":[],"_links":{"self":[{"href":"https:\/\/hi-techwonder.com\/es\/wp-json\/wp\/v2\/product\/18886","targetHints":{"allow":["GET"]}}],"collection":[{"href":"https:\/\/hi-techwonder.com\/es\/wp-json\/wp\/v2\/product"}],"about":[{"href":"https:\/\/hi-techwonder.com\/es\/wp-json\/wp\/v2\/types\/product"}],"replies":[{"embeddable":true,"href":"https:\/\/hi-techwonder.com\/es\/wp-json\/wp\/v2\/comments?post=18886"}],"wp:featuredmedia":[{"embeddable":true,"href":"https:\/\/hi-techwonder.com\/es\/wp-json\/wp\/v2\/media\/14421"}],"wp:attachment":[{"href":"https:\/\/hi-techwonder.com\/es\/wp-json\/wp\/v2\/media?parent=18886"}],"wp:term":[{"taxonomy":"product_brand","embeddable":true,"href":"https:\/\/hi-techwonder.com\/es\/wp-json\/wp\/v2\/product_brand?post=18886"},{"taxonomy":"product_cat","embeddable":true,"href":"https:\/\/hi-techwonder.com\/es\/wp-json\/wp\/v2\/product_cat?post=18886"},{"taxonomy":"product_tag","embeddable":true,"href":"https:\/\/hi-techwonder.com\/es\/wp-json\/wp\/v2\/product_tag?post=18886"}],"curies":[{"name":"wp","href":"https:\/\/api.w.org\/{rel}","templated":true}]}}