{"id":18923,"date":"2025-07-24T09:08:52","date_gmt":"2025-07-24T09:08:52","guid":{"rendered":"https:\/\/fv6qoy3ls0.wpdns.site\/produto\/viltrox-dg-c-tubos-de-extension-canon-ef\/"},"modified":"2026-04-27T12:19:22","modified_gmt":"2026-04-27T11:19:22","slug":"viltrox-dgc-tubos-extension-canon-ef","status":"publish","type":"product","link":"https:\/\/hi-techwonder.com\/es\/producto\/viltrox-dgc-tubos-extension-canon-ef\/","title":{"rendered":"Viltrox DG-C Tubos de Extensi\u00f3n \u2013 Canon EF"},"content":{"rendered":"<h3><strong>Viltrox DG-C Tubos de Extensi\u00f3n \u2013 Canon EF<\/strong><\/h3>\n<p>Al acortar la distancia m\u00ednima de enfoque de los objetivos con montura EF de Canon, este conjunto de tubo de extensi\u00f3n autom\u00e1tica Viltrox tambi\u00e9n le permite lograr una mayor ampliaci\u00f3n m\u00e1xima para tomas de primeros planos con cualquier objetivo. Este kit contiene tubos de 12 mm, 20 mm y 36 mm, que se pueden usar de forma independiente o en combinaci\u00f3n para hasta siete longitudes diferentes para adaptarse a diferentes tipos de sujetos. Adem\u00e1s, los contactos chapados en oro incorporados mantienen la funcionalidad completa de enfoque autom\u00e1tico y exposici\u00f3n autom\u00e1tica y cuentan con soportes de aleaci\u00f3n de aluminio duraderos.<\/p>\n<h5>Especificaciones:<\/h5>\n<table width=\"642\">\n<tbody>\n<tr>\n<td width=\"302\"><strong>Montura <\/strong><\/td>\n<td width=\"339\">Canon EF<\/td>\n<\/tr>\n<tr>\n<td width=\"302\"><strong>Longitud<\/strong><\/td>\n<td width=\"339\">12mm<\/p>\n<p>20mm<\/p>\n<p>36mm<\/td>\n<\/tr>\n<tr>\n<td width=\"302\"><strong>Comunicaci\u00f3n electr\u00f3nica<\/strong><\/td>\n<td width=\"339\">Sim<\/td>\n<\/tr>\n<tr>\n<td width=\"302\"><strong>Material de montura<\/strong><\/td>\n<td width=\"339\">Alum\u00ednio<\/td>\n<\/tr>\n<tr>\n<td width=\"302\"><strong>Peso<\/strong><\/td>\n<td width=\"339\">152 g<\/td>\n<\/tr>\n<\/tbody>\n<\/table>\n","protected":false},"excerpt":{"rendered":"<ul>\n<li>Para objetivos y c\u00e1maras Canon EF<\/li>\n<li>Tubos de extensi\u00f3n de 12 mm, 20 mm y 36 mm<\/li>\n<li>Acorta la distancia m\u00ednima de enfoque de la lente<\/li>\n<li>Funcionalidad de enfoque autom\u00e1tico y exposici\u00f3n autom\u00e1tica<\/li>\n<li>Soportes de aluminio, contactos dorados<\/li>\n<\/ul>\n","protected":false},"featured_media":14457,"comment_status":"closed","ping_status":"closed","template":"","meta":{"_acf_changed":false},"product_brand":[2544],"product_cat":[978],"product_tag":[],"class_list":{"0":"post-18923","1":"product","2":"type-product","3":"status-publish","4":"has-post-thumbnail","6":"product_brand-viltrox-es","7":"product_cat-tubos-de-extension","8":"pa_montagem-canon-ef-es","9":"pa_montagem-da-objetiva-canon-ef-es","10":"pa_tipo-de-foco-enfoque-automatico","12":"first","13":"instock","14":"taxable","15":"shipping-taxable","16":"purchasable","17":"product-type-simple"},"bundled_by":[],"bundle_stock_status":"instock","bundle_stock_quantity":1,"bundle_virtual":false,"bundle_layout":"","bundle_add_to_cart_form_location":"","bundle_editable_in_cart":false,"bundle_sold_individually_context":"","bundle_item_grouping":"","bundle_min_size":"","bundle_max_size":"","bundle_price":[],"bundled_items":[],"bundle_sell_ids":[],"acf":[],"_links":{"self":[{"href":"https:\/\/hi-techwonder.com\/es\/wp-json\/wp\/v2\/product\/18923","targetHints":{"allow":["GET"]}}],"collection":[{"href":"https:\/\/hi-techwonder.com\/es\/wp-json\/wp\/v2\/product"}],"about":[{"href":"https:\/\/hi-techwonder.com\/es\/wp-json\/wp\/v2\/types\/product"}],"replies":[{"embeddable":true,"href":"https:\/\/hi-techwonder.com\/es\/wp-json\/wp\/v2\/comments?post=18923"}],"wp:featuredmedia":[{"embeddable":true,"href":"https:\/\/hi-techwonder.com\/es\/wp-json\/wp\/v2\/media\/14457"}],"wp:attachment":[{"href":"https:\/\/hi-techwonder.com\/es\/wp-json\/wp\/v2\/media?parent=18923"}],"wp:term":[{"taxonomy":"product_brand","embeddable":true,"href":"https:\/\/hi-techwonder.com\/es\/wp-json\/wp\/v2\/product_brand?post=18923"},{"taxonomy":"product_cat","embeddable":true,"href":"https:\/\/hi-techwonder.com\/es\/wp-json\/wp\/v2\/product_cat?post=18923"},{"taxonomy":"product_tag","embeddable":true,"href":"https:\/\/hi-techwonder.com\/es\/wp-json\/wp\/v2\/product_tag?post=18923"}],"curies":[{"name":"wp","href":"https:\/\/api.w.org\/{rel}","templated":true}]}}