{"id":18956,"date":"2025-07-24T09:08:52","date_gmt":"2025-07-24T09:08:52","guid":{"rendered":"https:\/\/fv6qoy3ls0.wpdns.site\/produto\/viltrox-dg-fu-tubos-de-extension-fuji-x\/"},"modified":"2026-03-02T17:16:31","modified_gmt":"2026-03-02T17:16:31","slug":"viltrox-dg-fu-tubos-extension-fuji-x","status":"publish","type":"product","link":"https:\/\/hi-techwonder.com\/es\/producto\/viltrox-dg-fu-tubos-extension-fuji-x\/","title":{"rendered":"Viltrox DG-FU Tubos de Extensi\u00f3n \u2013 Fuji X"},"content":{"rendered":"<h3><strong>Viltrox DG-FU Tubos de Extensi\u00f3n \u2013 Fuji X<\/strong><\/h3>\n<p>Al acortar la distancia m\u00ednima de enfoque de los objetivos Fuji X, el conjunto de tubo de extensi\u00f3n autom\u00e1tica de Viltrox tambi\u00e9n le permite lograr una ampliaci\u00f3n m\u00e1xima m\u00e1s alta para tomas de primeros planos con cualquier objetivo. Este kit contiene tubos de 10 mm y 16 mm, que se pueden usar de forma independiente o en combinaci\u00f3n para hasta tres longitudes diferentes para adaptarse a diferentes tipos de sujetos. Adem\u00e1s, los contactos enchapados en cobre incorporados mantienen la funcionalidad completa de enfoque autom\u00e1tico y exposici\u00f3n autom\u00e1tica, y cada anillo cuenta con soportes delanteros y traseros Fuji X duraderos.<\/p>\n<h5>Especificaciones:<\/h5>\n<table width=\"642\">\n<tbody>\n<tr>\n<td width=\"302\"><strong>Montura <\/strong><\/td>\n<td width=\"339\">Fuji X<\/td>\n<\/tr>\n<tr>\n<td width=\"302\"><strong>Longitud<\/strong><\/td>\n<td width=\"339\">10mm<\/p>\n<p>16mm<\/td>\n<\/tr>\n<tr>\n<td width=\"302\"><strong>Comunicaci\u00f3n electr\u00f3nica<\/strong><\/td>\n<td width=\"339\">Sim<\/td>\n<\/tr>\n<tr>\n<td width=\"302\"><strong>Material de montura<\/strong><\/td>\n<td width=\"339\">Aluminio<\/td>\n<\/tr>\n<\/tbody>\n<\/table>\n","protected":false},"excerpt":{"rendered":"<ul>\n<li>Para lentes y c\u00e1maras Fuji X<\/li>\n<li>Tubos de extensi\u00f3n de 10 mm y 16 mm<\/li>\n<li>Acorta la distancia m\u00ednima de enfoque de la lente<\/li>\n<li>Funcionalidad de enfoque autom\u00e1tico y exposici\u00f3n autom\u00e1tica<\/li>\n<li>Soportes de aluminio, contactos enchapados en cobre<\/li>\n<\/ul>\n","protected":false},"featured_media":14468,"comment_status":"closed","ping_status":"closed","template":"","meta":{"_acf_changed":false},"product_brand":[2544],"product_cat":[978],"product_tag":[],"class_list":{"0":"post-18956","1":"product","2":"type-product","3":"status-publish","4":"has-post-thumbnail","6":"product_brand-viltrox-es","7":"product_cat-tubos-de-extension","8":"pa_montagem-fujifilm-x-es","9":"pa_montagem-da-objetiva-fujifilm-x-es","10":"pa_tipo-de-foco-enfoque-automatico","12":"first","13":"instock","14":"taxable","15":"shipping-taxable","16":"purchasable","17":"product-type-simple"},"bundled_by":[],"bundle_stock_status":"instock","bundle_stock_quantity":1,"bundle_virtual":false,"bundle_layout":"","bundle_add_to_cart_form_location":"","bundle_editable_in_cart":false,"bundle_sold_individually_context":"","bundle_item_grouping":"","bundle_min_size":"","bundle_max_size":"","bundle_price":[],"bundled_items":[],"bundle_sell_ids":[],"acf":[],"_links":{"self":[{"href":"https:\/\/hi-techwonder.com\/es\/wp-json\/wp\/v2\/product\/18956","targetHints":{"allow":["GET"]}}],"collection":[{"href":"https:\/\/hi-techwonder.com\/es\/wp-json\/wp\/v2\/product"}],"about":[{"href":"https:\/\/hi-techwonder.com\/es\/wp-json\/wp\/v2\/types\/product"}],"replies":[{"embeddable":true,"href":"https:\/\/hi-techwonder.com\/es\/wp-json\/wp\/v2\/comments?post=18956"}],"wp:featuredmedia":[{"embeddable":true,"href":"https:\/\/hi-techwonder.com\/es\/wp-json\/wp\/v2\/media\/14468"}],"wp:attachment":[{"href":"https:\/\/hi-techwonder.com\/es\/wp-json\/wp\/v2\/media?parent=18956"}],"wp:term":[{"taxonomy":"product_brand","embeddable":true,"href":"https:\/\/hi-techwonder.com\/es\/wp-json\/wp\/v2\/product_brand?post=18956"},{"taxonomy":"product_cat","embeddable":true,"href":"https:\/\/hi-techwonder.com\/es\/wp-json\/wp\/v2\/product_cat?post=18956"},{"taxonomy":"product_tag","embeddable":true,"href":"https:\/\/hi-techwonder.com\/es\/wp-json\/wp\/v2\/product_tag?post=18956"}],"curies":[{"name":"wp","href":"https:\/\/api.w.org\/{rel}","templated":true}]}}