{"id":19027,"date":"2025-07-24T09:08:52","date_gmt":"2025-07-24T09:08:52","guid":{"rendered":"https:\/\/fv6qoy3ls0.wpdns.site\/produto\/viltrox-dg-m43-tubos-de-extension-micro-4-3\/"},"modified":"2026-01-29T12:16:18","modified_gmt":"2026-01-29T12:16:18","slug":"viltrox-dg-m43-tubos-extension-micro","status":"publish","type":"product","link":"https:\/\/hi-techwonder.com\/es\/producto\/viltrox-dg-m43-tubos-extension-micro\/","title":{"rendered":"Viltrox DG-M43 Tubos de Extensi\u00f3n \u2013 Micro 4\/3"},"content":{"rendered":"<h3><strong>Viltrox DG-M43 Tubos de Extensi\u00f3n \u2013 Micro 4\/3<\/strong><\/h3>\n<p>Al acortar la distancia m\u00ednima de enfoque de los objetivos Micro 4\/3, el conjunto de tubo de extensi\u00f3n autom\u00e1tica de Viltrox tambi\u00e9n le permite lograr una ampliaci\u00f3n m\u00e1xima m\u00e1s alta para tomas de primeros planos con cualquier objetivo. Este kit contiene tubos de 10 mm y 16 mm, que se pueden usar de forma independiente o en combinaci\u00f3n para hasta tres longitudes diferentes para adaptarse a diferentes tipos de sujetos. Adem\u00e1s, los contactos enchapados en cobre incorporados mantienen la funcionalidad completa de enfoque autom\u00e1tico y exposici\u00f3n autom\u00e1tica, y cada anillo cuenta con soportes delanteros y traseros Micro 4\/3 duraderos.<\/p>\n<h5>Especificaciones:<\/h5>\n<table width=\"642\">\n<tbody>\n<tr>\n<td width=\"302\"><strong>Montura <\/strong><\/td>\n<td width=\"339\">Micro 4\/3<\/td>\n<\/tr>\n<tr>\n<td width=\"302\"><strong>Longitud<\/strong><\/td>\n<td width=\"339\">10mm<\/p>\n<p>16mm<\/td>\n<\/tr>\n<tr>\n<td width=\"302\"><strong>Comunicaci\u00f3n electr\u00f3nica<\/strong><\/td>\n<td width=\"339\">Sim<\/td>\n<\/tr>\n<tr>\n<td width=\"302\"><strong>Material de montura<\/strong><\/td>\n<td width=\"339\">Aluminio<\/td>\n<\/tr>\n<\/tbody>\n<\/table>\n<p>&nbsp;<\/p>\n","protected":false},"excerpt":{"rendered":"<p>\u2022 Para lentes y c\u00e1maras Micro Four Thirds<\/p>\n<p>\u2022 Tubos de extensi\u00f3n de 12 mm y 24 mm<\/p>\n<p>\u2022 Acorta la distancia m\u00ednima de enfoque de la lente<\/p>\n<p>\u2022 Funcionalidad de enfoque autom\u00e1tico y exposici\u00f3n autom\u00e1tica<\/p>\n<p>\u2022 Soportes de aluminio, contactos enchapados en cobre<\/p>\n","protected":false},"featured_media":14508,"comment_status":"closed","ping_status":"closed","template":"","meta":{"_acf_changed":false},"product_brand":[2544],"product_cat":[978],"product_tag":[],"class_list":{"0":"post-19027","1":"product","2":"type-product","3":"status-publish","4":"has-post-thumbnail","6":"product_brand-viltrox-es","7":"product_cat-tubos-de-extension","8":"pa_montagem-micro-4-3","9":"pa_montagem-da-objetiva-micro-4-3-es","10":"pa_tipo-de-foco-enfoque-automatico","12":"first","13":"pre-order","14":"taxable","15":"shipping-taxable","16":"purchasable","17":"product-type-simple"},"bundled_by":[],"bundle_stock_status":"pre-order","bundle_stock_quantity":null,"bundle_virtual":false,"bundle_layout":"","bundle_add_to_cart_form_location":"","bundle_editable_in_cart":false,"bundle_sold_individually_context":"","bundle_item_grouping":"","bundle_min_size":"","bundle_max_size":"","bundle_price":[],"bundled_items":[],"bundle_sell_ids":[],"acf":[],"_links":{"self":[{"href":"https:\/\/hi-techwonder.com\/es\/wp-json\/wp\/v2\/product\/19027","targetHints":{"allow":["GET"]}}],"collection":[{"href":"https:\/\/hi-techwonder.com\/es\/wp-json\/wp\/v2\/product"}],"about":[{"href":"https:\/\/hi-techwonder.com\/es\/wp-json\/wp\/v2\/types\/product"}],"replies":[{"embeddable":true,"href":"https:\/\/hi-techwonder.com\/es\/wp-json\/wp\/v2\/comments?post=19027"}],"wp:featuredmedia":[{"embeddable":true,"href":"https:\/\/hi-techwonder.com\/es\/wp-json\/wp\/v2\/media\/14508"}],"wp:attachment":[{"href":"https:\/\/hi-techwonder.com\/es\/wp-json\/wp\/v2\/media?parent=19027"}],"wp:term":[{"taxonomy":"product_brand","embeddable":true,"href":"https:\/\/hi-techwonder.com\/es\/wp-json\/wp\/v2\/product_brand?post=19027"},{"taxonomy":"product_cat","embeddable":true,"href":"https:\/\/hi-techwonder.com\/es\/wp-json\/wp\/v2\/product_cat?post=19027"},{"taxonomy":"product_tag","embeddable":true,"href":"https:\/\/hi-techwonder.com\/es\/wp-json\/wp\/v2\/product_tag?post=19027"}],"curies":[{"name":"wp","href":"https:\/\/api.w.org\/{rel}","templated":true}]}}