{"id":19040,"date":"2025-07-24T09:15:41","date_gmt":"2025-07-24T09:15:41","guid":{"rendered":"https:\/\/fv6qoy3ls0.wpdns.site\/produto\/ttartisan-aps-c-40mm-f-2-8-macro\/"},"modified":"2026-04-13T18:35:41","modified_gmt":"2026-04-13T17:35:41","slug":"ttartisan-aps-c-40mm-f-2-8-macro","status":"publish","type":"product","link":"https:\/\/hi-techwonder.com\/es\/producto\/ttartisan-aps-c-40mm-f-2-8-macro\/","title":{"rendered":"TTArtisan APS-C 40mm f\/2.8 Macro"},"content":{"rendered":"<div class=\"vc_row wpb_row vc_row-fluid\">\n<div class=\"wpb_column vc_column_container vc_col-sm-12\">\n<div class=\"vc_column-inner\">\n<div class=\"wpb_wrapper\">\n<div class=\"wpb_text_column wpb_content_element\">\n<div class=\"wpb_wrapper\">\n<h3><strong>TTArtisan APS-C 40mm f\/2.8 Macro<\/strong><\/h3>\n<\/div>\n<\/div>\n<\/div>\n<\/div>\n<\/div>\n<\/div>\n<div class=\"vc_row wpb_row vc_row-fluid\">\n<div class=\"wpb_column vc_column_container vc_col-sm-12\">\n<div class=\"vc_column-inner\">\n<div class=\"wpb_wrapper\">\n<div class=\"wpb_video_widget wpb_content_element vc_clearfix   vc_video-aspect-ratio-169 vc_video-el-width-100 vc_video-align-left\">\n<div class=\"wpb_wrapper\">\n<div class=\"wpb_video_wrapper\"><iframe loading=\"lazy\" title=\"TTArtisan APS-C 40mm f\/2.8 Macro\" src=\"https:\/\/www.youtube.com\/embed\/R5X2nr8ukqw?feature=oembed\" width=\"500\" height=\"281\" frameborder=\"0\" allowfullscreen=\"allowfullscreen\" data-mce-fragment=\"1\"><\/iframe><\/div>\n<\/div>\n<\/div>\n<\/div>\n<\/div>\n<\/div>\n<\/div>\n<div class=\"vc_row wpb_row vc_row-fluid\">\n<div class=\"wpb_column vc_column_container vc_col-sm-12\">\n<div class=\"vc_column-inner\">\n<div class=\"wpb_wrapper\">\n<div class=\"wpb_text_column wpb_content_element\">\n<div class=\"wpb_wrapper\">\n<p>Designada para dist\u00e2ncias pr\u00f3ximas, a 40mm f\/2.8 Macro da TTArtisan \u00e9 uma macro prime equivalente a 60mm (APS-C) ou 80mm (M4\/3) que oferece uma amplia\u00e7\u00e3o m\u00e1xima de 1:1 em tamanho real, juntamente com uma dist\u00e2ncia m\u00ednima de focagem de 17cm.<\/p>\n<p>Beneficiando tanto a fotografia em grande plano como o trabalho a dist\u00e2ncias maiores, o design \u00f3tico utiliza 8 elementos em 7 grupos para manter uma qualidade de imagem consistente e nitidez em toda a gama de focagem. 2 elementos de extra baixa-dispers\u00e3o ajudam a minimizar aberra\u00e7\u00f5es crom\u00e1ticas, dando \u00e0 imagem uma qualidade fenomenal e excelente precis\u00e3o de cor.<\/p>\n<p>A 40mm f\/2.8 tem um design de focagem manual e um diafragma de 11 l\u00e2minas que contribui para uma qualidade de bokeh suave, tornando-a numa excelente objetiva para retratos.<\/p>\n<\/div>\n<\/div>\n<\/div>\n<\/div>\n<\/div>\n<\/div>\n<div class=\"vc_row wpb_row vc_row-fluid\">\n<div class=\"wpb_column vc_column_container vc_col-sm-12\">\n<div class=\"vc_column-inner\">\n<div class=\"wpb_wrapper\">\n<div class=\"wpb_gallery wpb_content_element vc_clearfix wpb_content_element\">\n<div class=\"wpb_wrapper\">\n<div class=\"wpb_gallery_slides wpb_image_grid\" data-interval=\"3\">\n<p><a class=\"\" href=\"https:\/\/ttartisan.pt\/wp-content\/uploads\/2024\/06\/OLYMPUS-4-1024x1024.jpg\" data-lightbox=\"lightbox[rel-29735-3926455250]\" target=\"_blank\" rel=\"noopener\"><picture class=\"attachment-thumbnail\" title=\"OLYMPUS-4\"><source srcset=\"https:\/\/ttartisan.pt\/wp-content\/uploads\/2024\/06\/OLYMPUS-4-150x150.jpg.avif 150w, https:\/\/ttartisan.pt\/wp-content\/uploads\/2024\/06\/OLYMPUS-4-300x300.jpg.avif 300w, https:\/\/ttartisan.pt\/wp-content\/uploads\/2024\/06\/OLYMPUS-4-1024x1024.jpg.avif 1024w, https:\/\/ttartisan.pt\/wp-content\/uploads\/2024\/06\/OLYMPUS-4-768x768.jpg.avif 768w, https:\/\/ttartisan.pt\/wp-content\/uploads\/2024\/06\/OLYMPUS-4-1536x1536.jpg.avif 1536w, https:\/\/ttartisan.pt\/wp-content\/uploads\/2024\/06\/OLYMPUS-4-600x600.jpg.avif 600w, https:\/\/ttartisan.pt\/wp-content\/uploads\/2024\/06\/OLYMPUS-4-100x100.jpg.avif 100w, https:\/\/ttartisan.pt\/wp-content\/uploads\/2024\/06\/OLYMPUS-4.jpg.avif 2000w\" type=\"image\/avif\" sizes=\"auto, (max-width: 150px) 100vw, 150px\" \/><img loading=\"lazy\" decoding=\"async\" src=\"https:\/\/ttartisan.pt\/wp-content\/uploads\/2024\/06\/OLYMPUS-4-150x150.jpg\" sizes=\"auto, (max-width: 150px) 100vw, 150px\" srcset=\"https:\/\/ttartisan.pt\/wp-content\/uploads\/2024\/06\/OLYMPUS-4-150x150.jpg 150w, https:\/\/ttartisan.pt\/wp-content\/uploads\/2024\/06\/OLYMPUS-4-300x300.jpg 300w, https:\/\/ttartisan.pt\/wp-content\/uploads\/2024\/06\/OLYMPUS-4-1024x1024.jpg 1024w, https:\/\/ttartisan.pt\/wp-content\/uploads\/2024\/06\/OLYMPUS-4-768x768.jpg 768w, https:\/\/ttartisan.pt\/wp-content\/uploads\/2024\/06\/OLYMPUS-4-1536x1536.jpg 1536w, https:\/\/ttartisan.pt\/wp-content\/uploads\/2024\/06\/OLYMPUS-4-600x600.jpg 600w, https:\/\/ttartisan.pt\/wp-content\/uploads\/2024\/06\/OLYMPUS-4-100x100.jpg 100w, https:\/\/ttartisan.pt\/wp-content\/uploads\/2024\/06\/OLYMPUS-4.jpg 2000w\" alt=\"\" width=\"150\" height=\"150\"><\/picture><\/a><a class=\"\" href=\"https:\/\/ttartisan.pt\/wp-content\/uploads\/2024\/06\/SONY-5-1024x1024.jpg\" data-lightbox=\"lightbox[rel-29735-3926455250]\" target=\"_blank\" rel=\"noopener\"><picture class=\"attachment-thumbnail\" title=\"SONY-5\"><source srcset=\"https:\/\/ttartisan.pt\/wp-content\/uploads\/2024\/06\/SONY-5-150x150.jpg.avif 150w, https:\/\/ttartisan.pt\/wp-content\/uploads\/2024\/06\/SONY-5-300x300.jpg.avif 300w, https:\/\/ttartisan.pt\/wp-content\/uploads\/2024\/06\/SONY-5-1024x1024.jpg.avif 1024w, https:\/\/ttartisan.pt\/wp-content\/uploads\/2024\/06\/SONY-5-768x768.jpg.avif 768w, https:\/\/ttartisan.pt\/wp-content\/uploads\/2024\/06\/SONY-5-1536x1536.jpg.avif 1536w, https:\/\/ttartisan.pt\/wp-content\/uploads\/2024\/06\/SONY-5-600x600.jpg.avif 600w, https:\/\/ttartisan.pt\/wp-content\/uploads\/2024\/06\/SONY-5-100x100.jpg.avif 100w, https:\/\/ttartisan.pt\/wp-content\/uploads\/2024\/06\/SONY-5.jpg.avif 2000w\" type=\"image\/avif\" sizes=\"auto, (max-width: 150px) 100vw, 150px\" \/><img loading=\"lazy\" decoding=\"async\" src=\"https:\/\/ttartisan.pt\/wp-content\/uploads\/2024\/06\/SONY-5-150x150.jpg\" sizes=\"auto, (max-width: 150px) 100vw, 150px\" srcset=\"https:\/\/ttartisan.pt\/wp-content\/uploads\/2024\/06\/SONY-5-150x150.jpg 150w, https:\/\/ttartisan.pt\/wp-content\/uploads\/2024\/06\/SONY-5-300x300.jpg 300w, https:\/\/ttartisan.pt\/wp-content\/uploads\/2024\/06\/SONY-5-1024x1024.jpg 1024w, https:\/\/ttartisan.pt\/wp-content\/uploads\/2024\/06\/SONY-5-768x768.jpg 768w, https:\/\/ttartisan.pt\/wp-content\/uploads\/2024\/06\/SONY-5-1536x1536.jpg 1536w, https:\/\/ttartisan.pt\/wp-content\/uploads\/2024\/06\/SONY-5-600x600.jpg 600w, https:\/\/ttartisan.pt\/wp-content\/uploads\/2024\/06\/SONY-5-100x100.jpg 100w, https:\/\/ttartisan.pt\/wp-content\/uploads\/2024\/06\/SONY-5.jpg 2000w\" alt=\"\" width=\"150\" height=\"150\"><\/picture><\/a><a class=\"\" href=\"https:\/\/ttartisan.pt\/wp-content\/uploads\/2024\/06\/Fuji-2-1024x1024.jpg\" data-lightbox=\"lightbox[rel-29735-3926455250]\" target=\"_blank\" rel=\"noopener\"><picture class=\"attachment-thumbnail\" title=\"Fuji-2\"><source srcset=\"https:\/\/ttartisan.pt\/wp-content\/uploads\/2024\/06\/Fuji-2-150x150.jpg.avif 150w, https:\/\/ttartisan.pt\/wp-content\/uploads\/2024\/06\/Fuji-2-300x300.jpg.avif 300w, https:\/\/ttartisan.pt\/wp-content\/uploads\/2024\/06\/Fuji-2-1024x1024.jpg.avif 1024w, https:\/\/ttartisan.pt\/wp-content\/uploads\/2024\/06\/Fuji-2-768x768.jpg.avif 768w, https:\/\/ttartisan.pt\/wp-content\/uploads\/2024\/06\/Fuji-2-1536x1536.jpg.avif 1536w, https:\/\/ttartisan.pt\/wp-content\/uploads\/2024\/06\/Fuji-2-600x600.jpg.avif 600w, https:\/\/ttartisan.pt\/wp-content\/uploads\/2024\/06\/Fuji-2-100x100.jpg.avif 100w, https:\/\/ttartisan.pt\/wp-content\/uploads\/2024\/06\/Fuji-2.jpg.avif 2000w\" type=\"image\/avif\" sizes=\"auto, (max-width: 150px) 100vw, 150px\" \/><img loading=\"lazy\" decoding=\"async\" src=\"https:\/\/ttartisan.pt\/wp-content\/uploads\/2024\/06\/Fuji-2-150x150.jpg\" sizes=\"auto, (max-width: 150px) 100vw, 150px\" srcset=\"https:\/\/ttartisan.pt\/wp-content\/uploads\/2024\/06\/Fuji-2-150x150.jpg 150w, https:\/\/ttartisan.pt\/wp-content\/uploads\/2024\/06\/Fuji-2-300x300.jpg 300w, https:\/\/ttartisan.pt\/wp-content\/uploads\/2024\/06\/Fuji-2-1024x1024.jpg 1024w, https:\/\/ttartisan.pt\/wp-content\/uploads\/2024\/06\/Fuji-2-768x768.jpg 768w, https:\/\/ttartisan.pt\/wp-content\/uploads\/2024\/06\/Fuji-2-1536x1536.jpg 1536w, https:\/\/ttartisan.pt\/wp-content\/uploads\/2024\/06\/Fuji-2-600x600.jpg 600w, https:\/\/ttartisan.pt\/wp-content\/uploads\/2024\/06\/Fuji-2-100x100.jpg 100w, https:\/\/ttartisan.pt\/wp-content\/uploads\/2024\/06\/Fuji-2.jpg 2000w\" alt=\"\" width=\"150\" height=\"150\"><\/picture><\/a><a class=\"\" href=\"https:\/\/ttartisan.pt\/wp-content\/uploads\/2024\/06\/Nikon-3-1024x1024.jpg\" data-lightbox=\"lightbox[rel-29735-3926455250]\" target=\"_blank\" rel=\"noopener\"><picture class=\"attachment-thumbnail\" title=\"Nikon-3\"><source srcset=\"https:\/\/ttartisan.pt\/wp-content\/uploads\/2024\/06\/Nikon-3-150x150.jpg.avif 150w, https:\/\/ttartisan.pt\/wp-content\/uploads\/2024\/06\/Nikon-3-300x300.jpg.avif 300w, https:\/\/ttartisan.pt\/wp-content\/uploads\/2024\/06\/Nikon-3-1024x1024.jpg.avif 1024w, https:\/\/ttartisan.pt\/wp-content\/uploads\/2024\/06\/Nikon-3-768x768.jpg.avif 768w, https:\/\/ttartisan.pt\/wp-content\/uploads\/2024\/06\/Nikon-3-1536x1536.jpg.avif 1536w, https:\/\/ttartisan.pt\/wp-content\/uploads\/2024\/06\/Nikon-3-600x600.jpg.avif 600w, https:\/\/ttartisan.pt\/wp-content\/uploads\/2024\/06\/Nikon-3-100x100.jpg.avif 100w, https:\/\/ttartisan.pt\/wp-content\/uploads\/2024\/06\/Nikon-3.jpg.avif 2000w\" type=\"image\/avif\" sizes=\"auto, (max-width: 150px) 100vw, 150px\" \/><img loading=\"lazy\" decoding=\"async\" src=\"https:\/\/ttartisan.pt\/wp-content\/uploads\/2024\/06\/Nikon-3-150x150.jpg\" sizes=\"auto, (max-width: 150px) 100vw, 150px\" srcset=\"https:\/\/ttartisan.pt\/wp-content\/uploads\/2024\/06\/Nikon-3-150x150.jpg 150w, https:\/\/ttartisan.pt\/wp-content\/uploads\/2024\/06\/Nikon-3-300x300.jpg 300w, https:\/\/ttartisan.pt\/wp-content\/uploads\/2024\/06\/Nikon-3-1024x1024.jpg 1024w, https:\/\/ttartisan.pt\/wp-content\/uploads\/2024\/06\/Nikon-3-768x768.jpg 768w, https:\/\/ttartisan.pt\/wp-content\/uploads\/2024\/06\/Nikon-3-1536x1536.jpg 1536w, https:\/\/ttartisan.pt\/wp-content\/uploads\/2024\/06\/Nikon-3-600x600.jpg 600w, https:\/\/ttartisan.pt\/wp-content\/uploads\/2024\/06\/Nikon-3-100x100.jpg 100w, https:\/\/ttartisan.pt\/wp-content\/uploads\/2024\/06\/Nikon-3.jpg 2000w\" alt=\"\" width=\"150\" height=\"150\"><\/picture><\/a><\/p>\n<\/div>\n<\/div>\n<\/div>\n<\/div>\n<\/div>\n<\/div>\n<\/div>\n<div class=\"vc_row wpb_row vc_row-fluid\">\n<div class=\"wpb_column vc_column_container vc_col-sm-12\">\n<div class=\"vc_column-inner\">\n<div class=\"wpb_wrapper\">\n<div class=\"wpb_text_column wpb_content_element\">\n<div class=\"wpb_wrapper\">\n<h4>Caracter\u00edsticas<strong>\u00a0principais<\/strong><\/h4>\n<ul>\n<li>Ideal para fotografia macro, esta objetiva oferece uma amplia\u00e7\u00e3o m\u00e1xima de 1:1 em tamanho real, juntamente com uma dist\u00e2ncia de focagem m\u00ednima de 17cm para se adequar ao trabalho com motivos em grande plano.<\/li>\n<li>O diafragma de onze l\u00e2minas e a abertura m\u00e1xima brilhante de f\/2,8 ajudam a criar um bokeh suave e agrad\u00e1vel para beneficiar as imagens de profundidade de campo reduzida.<\/li>\n<li>Excelente objetiva para retratos com grande abertura para fotografar em condi\u00e7\u00f5es de ilumina\u00e7\u00e3o dif\u00edceis.<\/li>\n<li>Funcionamento de focagem manual para um controlo preciso da dist\u00e2ncia de focagem quando se trabalha com motivos em grande plano.<\/li>\n<li>O design fino e leve \u00e9 mais f\u00e1cil de utilizar com a m\u00e3o e oferece mais espa\u00e7o para iluminar motivos em grande plano.<\/li>\n<\/ul>\n<\/div>\n<\/div>\n<\/div>\n<\/div>\n<\/div>\n<\/div>\n<div class=\"vc_row wpb_row vc_row-fluid\">\n<div class=\"wpb_column vc_column_container vc_col-sm-12\">\n<div class=\"vc_column-inner\">\n<div class=\"wpb_wrapper\">\n<div class=\"wpb_single_image wpb_content_element vc_align_left wpb_content_element\">\n<figure class=\"wpb_wrapper vc_figure\">\n<div class=\"vc_single_image-wrapper   vc_box_border_grey\"><img loading=\"lazy\" decoding=\"async\" class=\"vc_single_image-img \" title=\"DSC03890T\" src=\"https:\/\/ttartisan.pt\/wp-content\/uploads\/2024\/06\/DSC03890T-752x502.jpg\" alt=\"DSC03890T\" width=\"752\" height=\"502\" \/><\/div>\n<\/figure>\n<\/div>\n<\/div>\n<\/div>\n<\/div>\n<\/div>\n<div class=\"vc_row wpb_row vc_row-fluid\">\n<div class=\"wpb_column vc_column_container vc_col-sm-12\">\n<div class=\"vc_column-inner\">\n<div class=\"wpb_wrapper\">\n<div class=\"wpb_text_column wpb_content_element\">\n<div class=\"wpb_wrapper\">\n<h4>Especifica\u00e7\u00f5es<\/h4>\n<table width=\"670\">\n<tbody>\n<tr>\n<td width=\"255\">Abertura m\u00e1xima<\/td>\n<td>f\/2.8<\/td>\n<\/tr>\n<tr>\n<td width=\"255\">Abertura m\u00ednima<\/td>\n<td>f\/16<\/td>\n<\/tr>\n<tr>\n<td width=\"255\">Montagem da lente<\/td>\n<td>Sony E | Fuji X | Micro 4\/3 | Nikon Z<\/td>\n<\/tr>\n<tr>\n<td width=\"255\">Cobertura do formato da lente<\/td>\n<td>APS-C<\/td>\n<\/tr>\n<tr>\n<td width=\"255\">Dist\u00e2ncia m\u00ednima de focagem<\/td>\n<td>17cm<\/td>\n<\/tr>\n<tr>\n<td width=\"255\">\u00c2ngulo de vis\u00e3o<\/td>\n<td>40\u00ba<\/td>\n<\/tr>\n<tr>\n<td width=\"255\">Magnifica\u00e7\u00e3o<\/td>\n<td>1x<\/td>\n<\/tr>\n<tr>\n<td width=\"255\">Design \u00f3tico<\/td>\n<td>8 elementos em 7 grupos<\/td>\n<\/tr>\n<tr>\n<td width=\"255\">L\u00e2minas de diafragma<\/td>\n<td>11<\/td>\n<\/tr>\n<tr>\n<td width=\"255\">Tipo de focagem<\/td>\n<td>Focagem manual<\/td>\n<\/tr>\n<tr>\n<td width=\"255\">Estabiliza\u00e7\u00e3o de imagem<\/td>\n<td>N\u00e3o<\/td>\n<\/tr>\n<tr>\n<td width=\"255\">Filtro Frontal<\/td>\n<td>52mm<\/td>\n<\/tr>\n<tr>\n<td width=\"255\">Dimens\u00e3o (C x D)<\/td>\n<td>Sony E | Fuji X | Micro 4\/3: 76 x 62mm&nbsp;<\/p>\n<p>Nikon Z: 77x 63mm<\/td>\n<\/tr>\n<tr>\n<td width=\"255\">Comprimento m\u00e1ximo<\/td>\n<td>117~120mm<\/td>\n<\/tr>\n<tr>\n<td width=\"255\">Peso<\/td>\n<td>371~403g<\/td>\n<\/tr>\n<\/tbody>\n<\/table>\n<\/div>\n<\/div>\n<\/div>\n<\/div>\n<\/div>\n<\/div>\n<div class=\"vc_row wpb_row vc_row-fluid\">\n<div class=\"wpb_column vc_column_container vc_col-sm-12\">\n<div class=\"vc_column-inner\">\n<div class=\"wpb_wrapper\">\n<div class=\"wpb_single_image wpb_content_element vc_align_left wpb_content_element\">\n<figure class=\"wpb_wrapper vc_figure\">\n<div class=\"vc_single_image-wrapper   vc_box_border_grey\"><img loading=\"lazy\" decoding=\"async\" class=\"vc_single_image-img \" title=\"DSC04028T\" src=\"https:\/\/ttartisan.pt\/wp-content\/uploads\/2024\/06\/DSC04028T-752x502.jpg\" alt=\"DSC04028T\" width=\"752\" height=\"502\" \/><\/div>\n<\/figure>\n<\/div>\n<\/div>\n<\/div>\n<\/div>\n<\/div>\n","protected":false},"excerpt":{"rendered":"<ul>\n<li>Objetiva macro com magnifica\u00e7\u00e3o m\u00e1xima 1:1<\/li>\n<li>Formato APS-C<\/li>\n<li>Intervalo de abertura: f\/2,8 a f\/16<\/li>\n<li>Lente de focagem manual<\/li>\n<li>Diafragma de 11 l\u00e2minas<\/li>\n<\/ul>\n","protected":false},"featured_media":15115,"comment_status":"closed","ping_status":"closed","template":"","meta":{"_acf_changed":false},"product_brand":[2545],"product_cat":[1062],"product_tag":[],"class_list":{"0":"post-19040","1":"product","2":"type-product","3":"status-publish","4":"has-post-thumbnail","6":"product_brand-ttartisan-es","7":"product_cat-mirrorless-objectivos","8":"pa_abertura-maxima-f-2-8-es","9":"pa_cor-negro","10":"pa_designs-especiais-macro-es","11":"pa_diametro-52mm-es","12":"pa_estabilizacao-de-imagem-no","13":"pa_montagem-da-objetiva-fujifilm-x-es","14":"pa_montagem-da-objetiva-micro-4-3-es","15":"pa_montagem-da-objetiva-nikon-z-es","16":"pa_montagem-da-objetiva-sony-e-es","17":"pa_sensor-aps-c-es","18":"pa_sensor-micro-cuatro-tercios","19":"pa_tipo-de-foco-enfoque-manual","20":"pa_tipo-de-objetiva-estandar","21":"pa_zoom-fixa-fijo","23":"first","24":"instock","25":"taxable","26":"shipping-taxable","27":"purchasable","28":"product-type-variable"},"bundled_by":[],"bundle_stock_status":"instock","bundle_stock_quantity":null,"bundle_virtual":false,"bundle_layout":"","bundle_add_to_cart_form_location":"","bundle_editable_in_cart":false,"bundle_sold_individually_context":"","bundle_item_grouping":"","bundle_min_size":"","bundle_max_size":"","bundle_price":[],"bundled_items":[],"bundle_sell_ids":[],"acf":[],"_links":{"self":[{"href":"https:\/\/hi-techwonder.com\/es\/wp-json\/wp\/v2\/product\/19040","targetHints":{"allow":["GET"]}}],"collection":[{"href":"https:\/\/hi-techwonder.com\/es\/wp-json\/wp\/v2\/product"}],"about":[{"href":"https:\/\/hi-techwonder.com\/es\/wp-json\/wp\/v2\/types\/product"}],"replies":[{"embeddable":true,"href":"https:\/\/hi-techwonder.com\/es\/wp-json\/wp\/v2\/comments?post=19040"}],"wp:featuredmedia":[{"embeddable":true,"href":"https:\/\/hi-techwonder.com\/es\/wp-json\/wp\/v2\/media\/15115"}],"wp:attachment":[{"href":"https:\/\/hi-techwonder.com\/es\/wp-json\/wp\/v2\/media?parent=19040"}],"wp:term":[{"taxonomy":"product_brand","embeddable":true,"href":"https:\/\/hi-techwonder.com\/es\/wp-json\/wp\/v2\/product_brand?post=19040"},{"taxonomy":"product_cat","embeddable":true,"href":"https:\/\/hi-techwonder.com\/es\/wp-json\/wp\/v2\/product_cat?post=19040"},{"taxonomy":"product_tag","embeddable":true,"href":"https:\/\/hi-techwonder.com\/es\/wp-json\/wp\/v2\/product_tag?post=19040"}],"curies":[{"name":"wp","href":"https:\/\/api.w.org\/{rel}","templated":true}]}}