{"id":19055,"date":"2025-07-24T09:08:57","date_gmt":"2025-07-24T09:08:57","guid":{"rendered":"https:\/\/fv6qoy3ls0.wpdns.site\/produto\/viltrox-dg-z-tubos-de-extension-nikon-z\/"},"modified":"2026-02-02T14:50:41","modified_gmt":"2026-02-02T14:50:41","slug":"viltrox-dg-z-tubos-extension-nikon-z","status":"publish","type":"product","link":"https:\/\/hi-techwonder.com\/es\/producto\/viltrox-dg-z-tubos-extension-nikon-z\/","title":{"rendered":"Viltrox DG-Z Tubos de Extensi\u00f3n \u2013 Nikon Z"},"content":{"rendered":"<h3><strong>Viltrox DG-Z Tubos de Extensi\u00f3n \u2013 Nikon Z<\/strong><\/h3>\n<p>Al acortar la distancia m\u00ednima de enfoque de los objetivos Nikon Z, el conjunto de tubo de extensi\u00f3n autom\u00e1tica de Viltrox tambi\u00e9n le permite lograr una ampliaci\u00f3n m\u00e1xima m\u00e1s alta para tomas de primeros planos con cualquier objetivo. Este kit contiene tubos de 12 mm y 24 mm, que se pueden usar de forma independiente o en combinaci\u00f3n para hasta tres longitudes diferentes para adaptarse a diferentes tipos de sujetos. Adem\u00e1s, los contactos enchapados en cobre incorporados mantienen la funcionalidad completa de enfoque autom\u00e1tico y exposici\u00f3n autom\u00e1tica, y cada anillo cuenta con soportes delanteros y traseros Nikon Z duraderos.<\/p>\n<p><img loading=\"lazy\" decoding=\"async\" class=\"alignnone wp-image-30347\" src=\"https:\/\/hi-techwonder.com\/wp-content\/themes\/woodmart\/images\/lazy.svg\" data-src=\"https:\/\/viltrox.pt\/wp-content\/uploads\/2023\/09\/Viltrox-DG-Z-Tubos-de-Extensao-\u2013-Nikon-Z.jpg\" alt=\"\" width=\"600\" height=\"173\"><\/p>\n<h5>Especificaciones:<em>\u00a0<\/em><\/h5>\n<table width=\"642\">\n<tbody>\n<tr>\n<td width=\"302\"><strong>Montura <\/strong><\/td>\n<td width=\"339\">Nikon Z<\/td>\n<\/tr>\n<tr>\n<td width=\"302\"><strong>Longitud<\/strong><\/td>\n<td width=\"339\">12mm<\/p>\n<p>24mm<\/td>\n<\/tr>\n<tr>\n<td width=\"302\"><strong>Comunicaci\u00f3n electr\u00f3nica<\/strong><\/td>\n<td width=\"339\">Sim<\/td>\n<\/tr>\n<tr>\n<td width=\"302\"><strong>Material de montura<\/strong><\/td>\n<td width=\"339\">Lat\u00f3n<\/td>\n<\/tr>\n<\/tbody>\n<\/table>\n","protected":false},"excerpt":{"rendered":"<ul>\n<li>Para lentes y c\u00e1maras Nikon Z<\/li>\n<li>Tubos de extensi\u00f3n de 12 mm y 24 mm<\/li>\n<li>Acorta la distancia m\u00ednima de enfoque de la lente<\/li>\n<li>Funcionalidad de enfoque autom\u00e1tico y exposici\u00f3n autom\u00e1tica<\/li>\n<li>Soportes de lat\u00f3n, contactos enchapados en cobre<\/li>\n<\/ul>\n","protected":false},"featured_media":14528,"comment_status":"closed","ping_status":"closed","template":"","meta":{"_acf_changed":false},"product_brand":[2544],"product_cat":[978],"product_tag":[],"class_list":{"0":"post-19055","1":"product","2":"type-product","3":"status-publish","4":"has-post-thumbnail","6":"product_brand-viltrox-es","7":"product_cat-tubos-de-extension","8":"pa_montagem-nikon-z-es","9":"pa_montagem-da-objetiva-nikon-z-es","10":"pa_tipo-de-foco-enfoque-automatico","12":"first","13":"instock","14":"taxable","15":"shipping-taxable","16":"purchasable","17":"product-type-simple"},"bundled_by":[],"bundle_stock_status":"instock","bundle_stock_quantity":1,"bundle_virtual":false,"bundle_layout":"","bundle_add_to_cart_form_location":"","bundle_editable_in_cart":false,"bundle_sold_individually_context":"","bundle_item_grouping":"","bundle_min_size":"","bundle_max_size":"","bundle_price":[],"bundled_items":[],"bundle_sell_ids":[],"acf":[],"_links":{"self":[{"href":"https:\/\/hi-techwonder.com\/es\/wp-json\/wp\/v2\/product\/19055","targetHints":{"allow":["GET"]}}],"collection":[{"href":"https:\/\/hi-techwonder.com\/es\/wp-json\/wp\/v2\/product"}],"about":[{"href":"https:\/\/hi-techwonder.com\/es\/wp-json\/wp\/v2\/types\/product"}],"replies":[{"embeddable":true,"href":"https:\/\/hi-techwonder.com\/es\/wp-json\/wp\/v2\/comments?post=19055"}],"wp:featuredmedia":[{"embeddable":true,"href":"https:\/\/hi-techwonder.com\/es\/wp-json\/wp\/v2\/media\/14528"}],"wp:attachment":[{"href":"https:\/\/hi-techwonder.com\/es\/wp-json\/wp\/v2\/media?parent=19055"}],"wp:term":[{"taxonomy":"product_brand","embeddable":true,"href":"https:\/\/hi-techwonder.com\/es\/wp-json\/wp\/v2\/product_brand?post=19055"},{"taxonomy":"product_cat","embeddable":true,"href":"https:\/\/hi-techwonder.com\/es\/wp-json\/wp\/v2\/product_cat?post=19055"},{"taxonomy":"product_tag","embeddable":true,"href":"https:\/\/hi-techwonder.com\/es\/wp-json\/wp\/v2\/product_tag?post=19055"}],"curies":[{"name":"wp","href":"https:\/\/api.w.org\/{rel}","templated":true}]}}