{"id":19094,"date":"2025-07-24T09:08:57","date_gmt":"2025-07-24T09:08:57","guid":{"rendered":"https:\/\/fv6qoy3ls0.wpdns.site\/produto\/viltrox-af-20mm-f-2-8-air-fe-z\/"},"modified":"2026-04-21T15:01:43","modified_gmt":"2026-04-21T14:01:43","slug":"viltrox-af-20mm-f-2-8-air-fe-z","status":"publish","type":"product","link":"https:\/\/hi-techwonder.com\/es\/producto\/viltrox-af-20mm-f-2-8-air-fe-z\/","title":{"rendered":"Viltrox AF 20mm f\/2.8 Air FE | Z"},"content":{"rendered":"<h3><strong>Viltrox AF 20mm f\/2.8 Air FE | Z<\/strong><\/h3>\n<p><iframe loading=\"lazy\" title=\"Viltrox AF 20mm f\/2.8 FE para Sony E\" src=\"https:\/\/www.youtube.com\/embed\/aTst4NW_5yA?feature=oembed\" width=\"1170\" height=\"658\" frameborder=\"0\" allowfullscreen=\"allowfullscreen\" data-mce-fragment=\"1\"><\/iframe><\/p>\n<p>El Viltrox AF 20mm f\/2,8 es un gran angular de focal fija dise\u00f1ado para las c\u00e1maras sin espejo Sony E | Nikon Z. La longitud focal gran angular del objetivo se combina con el luminoso dise\u00f1o f\/2,8 para adaptarse al trabajo en diversas condiciones de iluminaci\u00f3n y tambi\u00e9n para controlar la profundidad de campo y aislar el sujeto.<\/p>\n<p>El dise\u00f1o \u00f3ptico incluye dos elementos de dispersi\u00f3n extrabaja y un elemento de alto \u00edndice de refracci\u00f3n, que ayudan a reducir las aberraciones crom\u00e1ticas para conseguir una gran nitidez y colores precisos. Su peque\u00f1o tama\u00f1o y su peso pluma permiten utilizarlo en cualquier lugar y lo convierten en el mejor compa\u00f1ero para el vlogger. Adem\u00e1s, el objetivo incorpora un motor STM para un rendimiento de autoenfoque r\u00e1pido y silencioso, junto con una distancia m\u00ednima de enfoque de 19 cm para trabajar con sujetos en primer plano.<\/p>\n<p><img loading=\"lazy\" decoding=\"async\" class=\"alignnone wp-image-29897\" src=\"https:\/\/hi-techwonder.com\/wp-content\/themes\/woodmart\/images\/lazy.svg\" data-src=\"https:\/\/viltrox.pt\/wp-content\/uploads\/2023\/11\/WechatIMG301-1024x768.jpg\" sizes=\"auto, (max-width: 752px) 100vw, 752px\" srcset=\"\" data-srcset=\"https:\/\/viltrox.es\/wp-content\/uploads\/2023\/11\/WechatIMG301-1024x768.jpg 1024w, https:\/\/viltrox.es\/wp-content\/uploads\/2023\/11\/WechatIMG301-300x225.jpg 300w, https:\/\/viltrox.es\/wp-content\/uploads\/2023\/11\/WechatIMG301-768x576.jpg 768w, https:\/\/viltrox.es\/wp-content\/uploads\/2023\/11\/WechatIMG301-1536x1152.jpg 1536w, https:\/\/viltrox.es\/wp-content\/uploads\/2023\/11\/WechatIMG301-600x450.jpg 600w, https:\/\/viltrox.es\/wp-content\/uploads\/2023\/11\/WechatIMG301.jpg 1707w\" alt=\"\" width=\"752\" height=\"564\"><\/p>\n<h5>Caracter\u00edsticas principales:<\/h5>\n<ul>\n<li>Este gran angular de focal fija se dise\u00f1\u00f3 para c\u00e1maras sin formato Full Frame, aunque tambi\u00e9n se puede utilizar con modelos APS-C, con los que ofrece una distancia focal equivalente a 30 mm.<\/li>\n<li>La luminosa abertura m\u00e1xima de f\/2,8 favorece el trabajo en condiciones de iluminaci\u00f3n dif\u00edciles y tambi\u00e9n ofrece un amplio control sobre la posici\u00f3n de enfoque cuando se utilizan t\u00e9cnicas de poca profundidad de campo.<\/li>\n<li>Dos elementos de dispersi\u00f3n extrabaja y un elemento de alto \u00edndice de refracci\u00f3n contribuyen a reducir diversas aberraciones para producir im\u00e1genes bien corregidas con colores precisos y sin franjas de color.<\/li>\n<li>Con revestimiento de lente que garantiza la protecci\u00f3n contra el polvo y la humedad en el elemento frontal<\/li>\n<li>El motor de enfoque autom\u00e1tico STM ofrece un rendimiento de enfoque preciso y silencioso y una distancia m\u00ednima de enfoque de 19 cm.<\/li>\n<li>Los contactos electr\u00f3nicos transmiten datos Exif, adem\u00e1s de permitir la selecci\u00f3n del diafragma basada en la c\u00e1mara. Adem\u00e1s, un puerto USB-C integrado permite actualizar el firmware del objetivo.<\/li>\n<li>El diafragma de siete l\u00e1minas contribuye a una agradable calidad bokeh.<\/li>\n<li>El parasol incluido protege el elemento frontal de la luz par\u00e1sita que provoca reflejos y tambi\u00e9n ofrece cierta protecci\u00f3n f\u00edsica adicional.<\/li>\n<\/ul>\n<p><img loading=\"lazy\" decoding=\"async\" class=\"alignnone wp-image-30528\" src=\"https:\/\/hi-techwonder.com\/wp-content\/themes\/woodmart\/images\/lazy.svg\" data-src=\"https:\/\/viltrox.pt\/wp-content\/uploads\/2023\/11\/DSC6491.jpeg\" sizes=\"auto, (max-width: 752px) 100vw, 752px\" srcset=\"\" data-srcset=\"https:\/\/viltrox.es\/wp-content\/uploads\/2023\/11\/DSC6491.jpeg 9504w, https:\/\/viltrox.es\/wp-content\/uploads\/2023\/11\/DSC6491-300x200.jpeg 300w, https:\/\/viltrox.es\/wp-content\/uploads\/2023\/11\/DSC6491-768x512.jpeg 768w, https:\/\/viltrox.es\/wp-content\/uploads\/2023\/11\/DSC6491-600x400.jpeg 600w\" alt=\"\" width=\"752\" height=\"501\"><\/p>\n<h5>Especificaciones:<\/h5>\n<table width=\"584\">\n<tbody>\n<tr>\n<td width=\"292\">Longitud focal<\/td>\n<td width=\"292\">20mm<\/td>\n<\/tr>\n<tr>\n<td width=\"292\">Apertura M\u00e1xima<\/td>\n<td width=\"292\">f\/2.8<\/td>\n<\/tr>\n<tr>\n<td width=\"292\">Apertura M\u00ednima<\/td>\n<td width=\"292\">f\/16<\/td>\n<\/tr>\n<tr>\n<td width=\"292\">Montura<\/td>\n<td width=\"292\">Sony E | Nikon Z<\/td>\n<\/tr>\n<tr>\n<td width=\"292\">Cobertura de formato de lente<\/td>\n<td width=\"292\">Fotograma Completo<\/td>\n<\/tr>\n<tr>\n<td width=\"292\">\u00c1ngulo de visi\u00f3n<\/td>\n<td width=\"292\">91.6\u00b0<\/td>\n<\/tr>\n<tr>\n<td width=\"292\">Distancia m\u00ednima de enfoque<\/td>\n<td width=\"292\">\u00a019 cm<\/td>\n<\/tr>\n<tr>\n<td width=\"292\">Ampliaci\u00f3n m\u00e1xima<\/td>\n<td width=\"292\">0,17x<\/td>\n<\/tr>\n<tr>\n<td width=\"292\">Dise\u00f1o \u00f3ptico<\/td>\n<td width=\"292\">10 elementos en 8 grupos<\/td>\n<\/tr>\n<tr>\n<td width=\"292\">Hojas de diafragma<\/td>\n<td width=\"292\">7<\/td>\n<\/tr>\n<tr>\n<td width=\"292\">Tipo de enfoque<\/td>\n<td width=\"292\">Enfoque autom\u00e1tico<\/td>\n<\/tr>\n<tr>\n<td width=\"292\">Estabilizaci\u00f3n de imagen<\/td>\n<td width=\"292\">No<\/td>\n<\/tr>\n<tr>\n<td width=\"292\">Tama\u00f1o del filtro<\/td>\n<td width=\"292\">52 mm (Frente)<\/td>\n<\/tr>\n<tr>\n<td width=\"292\">Dimensiones (\u00f8 x L)<\/td>\n<td width=\"292\">65 x 59.5 mm (FE) | 68 x 60.8mm (Z)<\/td>\n<\/tr>\n<tr>\n<td width=\"292\">Peso<\/td>\n<td width=\"292\">157 g (Sony E) | 173 (Nikon Z)<\/td>\n<\/tr>\n<\/tbody>\n<\/table>\n<h3><\/h3>\n","protected":false},"excerpt":{"rendered":"<ul>\n<li>Formato Full Frame | Montura Sony E | Nikon Z<\/li>\n<li>Longitud focal de 20 mm, apertura de F2,8<\/li>\n<li>8 grupos de 10 elementos de construcci\u00f3n \u00f3ptica, incluyendo 2 lentes ED, 1 lente con alto \u00edndice de refracci\u00f3n y 2 lentes asf\u00e9ricas<\/li>\n<li>Recubrimiento multicapa HD Nano con revestimiento resistente al agua y antiincrustante<\/li>\n<li>Abertura electr\u00f3nica, enfoque interno, longitud de lente constante<\/li>\n<li>Motor de enfoque STM sin ruido<\/li>\n<li>Bayoneta de precisi\u00f3n de aleaci\u00f3n de aluminio endurecido<\/li>\n<li>Conveniente y ligero<\/li>\n<\/ul>\n","protected":false},"featured_media":14553,"comment_status":"closed","ping_status":"closed","template":"","meta":{"_acf_changed":false},"product_brand":[2544],"product_cat":[1062],"product_tag":[],"class_list":{"0":"post-19094","1":"product","2":"type-product","3":"status-publish","4":"has-post-thumbnail","6":"product_brand-viltrox-es","7":"product_cat-mirrorless-objectivos","8":"pa_abertura-maxima-f-2-8-es","9":"pa_cor-negro","10":"pa_diametro-52mm-es","11":"pa_estabilizacao-de-imagem-no","12":"pa_montagem-da-objetiva-nikon-z-es","13":"pa_montagem-da-objetiva-sony-e-es","14":"pa_sensor-fotograma-completo","15":"pa_tipo-de-foco-enfoque-automatico","16":"pa_tipo-de-objetiva-gran-angular","17":"pa_zoom-fixa-fijo","19":"first","20":"instock","21":"taxable","22":"shipping-taxable","23":"purchasable","24":"product-type-variable"},"bundled_by":[],"bundle_stock_status":"instock","bundle_stock_quantity":null,"bundle_virtual":false,"bundle_layout":"","bundle_add_to_cart_form_location":"","bundle_editable_in_cart":false,"bundle_sold_individually_context":"","bundle_item_grouping":"","bundle_min_size":"","bundle_max_size":"","bundle_price":[],"bundled_items":[],"bundle_sell_ids":[],"acf":[],"_links":{"self":[{"href":"https:\/\/hi-techwonder.com\/es\/wp-json\/wp\/v2\/product\/19094","targetHints":{"allow":["GET"]}}],"collection":[{"href":"https:\/\/hi-techwonder.com\/es\/wp-json\/wp\/v2\/product"}],"about":[{"href":"https:\/\/hi-techwonder.com\/es\/wp-json\/wp\/v2\/types\/product"}],"replies":[{"embeddable":true,"href":"https:\/\/hi-techwonder.com\/es\/wp-json\/wp\/v2\/comments?post=19094"}],"wp:featuredmedia":[{"embeddable":true,"href":"https:\/\/hi-techwonder.com\/es\/wp-json\/wp\/v2\/media\/14553"}],"wp:attachment":[{"href":"https:\/\/hi-techwonder.com\/es\/wp-json\/wp\/v2\/media?parent=19094"}],"wp:term":[{"taxonomy":"product_brand","embeddable":true,"href":"https:\/\/hi-techwonder.com\/es\/wp-json\/wp\/v2\/product_brand?post=19094"},{"taxonomy":"product_cat","embeddable":true,"href":"https:\/\/hi-techwonder.com\/es\/wp-json\/wp\/v2\/product_cat?post=19094"},{"taxonomy":"product_tag","embeddable":true,"href":"https:\/\/hi-techwonder.com\/es\/wp-json\/wp\/v2\/product_tag?post=19094"}],"curies":[{"name":"wp","href":"https:\/\/api.w.org\/{rel}","templated":true}]}}