{"id":19103,"date":"2025-07-24T09:16:07","date_gmt":"2025-07-24T09:16:07","guid":{"rendered":"https:\/\/fv6qoy3ls0.wpdns.site\/produto\/ttartisan-aps-c-50mm-f-0-95\/"},"modified":"2026-02-13T17:29:59","modified_gmt":"2026-02-13T17:29:59","slug":"ttartisan-aps-c-50mm-f-0-95","status":"publish","type":"product","link":"https:\/\/hi-techwonder.com\/es\/producto\/ttartisan-aps-c-50mm-f-0-95\/","title":{"rendered":"TTArtisan APS-C 50mm f\/0.95"},"content":{"rendered":"<p>[vc_row][vc_column][vc_column_text]<br \/>\nn<\/p>\n<div class=\"vc_row wpb_row vc_row-fluid\">\n<div class=\"wpb_column vc_column_container vc_col-sm-12\">\n<div class=\"vc_column-inner\">\n<div class=\"wpb_wrapper\">\n<div class=\"wpb_text_column wpb_content_element\">\n<div class=\"wpb_wrapper\">\n<h3>TTArtisan APS-C 50mm f\/0.95<\/h3>\n<\/div>\n<\/div>\n<\/div>\n<\/div>\n<\/div>\n<\/div>\n<div class=\"vc_row wpb_row vc_row-fluid\">\n<div class=\"wpb_column vc_column_container vc_col-sm-12\">\n<div class=\"vc_column-inner\">\n<div class=\"wpb_wrapper\">\n<div class=\"wpb_video_widget wpb_content_element vc_clearfix   vc_video-aspect-ratio-169 vc_video-el-width-100 vc_video-align-left\">\n<div class=\"wpb_wrapper\">\n<div class=\"wpb_video_wrapper\"><iframe loading=\"lazy\" title=\"TTArtisan APS-C 50mm f\/0.95\" src=\"https:\/\/www.youtube.com\/embed\/f0ZiiNHWcQI?feature=oembed\" width=\"500\" height=\"281\" frameborder=\"0\" allowfullscreen=\"allowfullscreen\" data-mce-fragment=\"1\"><\/iframe><\/div>\n<\/div>\n<\/div>\n<\/div>\n<\/div>\n<\/div>\n<\/div>\n<div class=\"vc_row wpb_row vc_row-fluid\">\n<div class=\"wpb_column vc_column_container vc_col-sm-12\">\n<div class=\"vc_column-inner\">\n<div class=\"wpb_wrapper\">\n<div class=\"wpb_text_column wpb_content_element\">\n<div class=\"wpb_wrapper\">\n<p>Distinguida pelo seu design retro e t\u00e1til, esta objetiva de 50 mm f\/0.95 da TTArtisan \u00e9 uma objetiva de retrato para c\u00e2maras com sensores APS-C | Micro 4\/3. A sua abertura m\u00e1xima impressionantemente r\u00e1pida oferece um grande controlo sobre a profundidade de campo e tamb\u00e9m beneficia o trabalho em condi\u00e7\u00f5es de escurid\u00e3o e pouca luz.<\/p>\n<p>Para al\u00e9m da grande abertura, a objetiva utiliza uma variedade de elementos especializados e vidro de alta qualidade para obter imagens n\u00edtidas com cores precisas. O design de focagem manual da objetiva permite trabalhar com motivos a uma dist\u00e2ncia de 50cmm e inclui um diafragma de 10 l\u00e2minas que contribui para uma qualidade de bokeh suave e cremosa.<\/p>\n<\/div>\n<\/div>\n<\/div>\n<\/div>\n<\/div>\n<\/div>\n<div class=\"vc_row wpb_row vc_row-fluid\">\n<div class=\"wpb_column vc_column_container vc_col-sm-12\">\n<div class=\"vc_column-inner\">\n<div class=\"wpb_wrapper\">\n<div class=\"wpb_gallery wpb_content_element vc_clearfix wpb_content_element\">\n<div class=\"wpb_wrapper\">\n<div class=\"wpb_gallery_slides wpb_image_grid\" data-interval=\"3\">\n<p><a class=\"\" href=\"https:\/\/ttartisan.pt\/wp-content\/uploads\/2024\/06\/SONY-2-1-1024x1024.jpg\" data-lightbox=\"lightbox[rel-29784-3539515801]\" target=\"_blank\" rel=\"noopener\"><picture class=\"attachment-thumbnail\" title=\"SONY (2)\"><source srcset=\"https:\/\/ttartisan.pt\/wp-content\/uploads\/2024\/06\/SONY-2-1-150x150.jpg.avif 150w, https:\/\/ttartisan.pt\/wp-content\/uploads\/2024\/06\/SONY-2-1-300x300.jpg.avif 300w, https:\/\/ttartisan.pt\/wp-content\/uploads\/2024\/06\/SONY-2-1-1024x1024.jpg.avif 1024w, https:\/\/ttartisan.pt\/wp-content\/uploads\/2024\/06\/SONY-2-1-768x768.jpg.avif 768w, https:\/\/ttartisan.pt\/wp-content\/uploads\/2024\/06\/SONY-2-1-1536x1536.jpg.avif 1536w, https:\/\/ttartisan.pt\/wp-content\/uploads\/2024\/06\/SONY-2-1-600x600.jpg.avif 600w, https:\/\/ttartisan.pt\/wp-content\/uploads\/2024\/06\/SONY-2-1-100x100.jpg.avif 100w, https:\/\/ttartisan.pt\/wp-content\/uploads\/2024\/06\/SONY-2-1.jpg.avif 2000w\" type=\"image\/avif\" sizes=\"auto, (max-width: 150px) 100vw, 150px\" \/><img loading=\"lazy\" decoding=\"async\" src=\"https:\/\/ttartisan.pt\/wp-content\/uploads\/2024\/06\/SONY-2-1-150x150.jpg\" sizes=\"auto, (max-width: 150px) 100vw, 150px\" srcset=\"https:\/\/ttartisan.pt\/wp-content\/uploads\/2024\/06\/SONY-2-1-150x150.jpg 150w, https:\/\/ttartisan.pt\/wp-content\/uploads\/2024\/06\/SONY-2-1-300x300.jpg 300w, https:\/\/ttartisan.pt\/wp-content\/uploads\/2024\/06\/SONY-2-1-1024x1024.jpg 1024w, https:\/\/ttartisan.pt\/wp-content\/uploads\/2024\/06\/SONY-2-1-768x768.jpg 768w, https:\/\/ttartisan.pt\/wp-content\/uploads\/2024\/06\/SONY-2-1-1536x1536.jpg 1536w, https:\/\/ttartisan.pt\/wp-content\/uploads\/2024\/06\/SONY-2-1-600x600.jpg 600w, https:\/\/ttartisan.pt\/wp-content\/uploads\/2024\/06\/SONY-2-1-100x100.jpg 100w, https:\/\/ttartisan.pt\/wp-content\/uploads\/2024\/06\/SONY-2-1.jpg 2000w\" alt=\"\" width=\"150\" height=\"150\"><\/picture><\/a><a class=\"\" href=\"https:\/\/ttartisan.pt\/wp-content\/uploads\/2024\/06\/fuji-2-1-1024x1024.jpg\" data-lightbox=\"lightbox[rel-29784-3539515801]\" target=\"_blank\" rel=\"noopener\"><picture class=\"attachment-thumbnail\" title=\"fuji (2)\"><source srcset=\"https:\/\/ttartisan.pt\/wp-content\/uploads\/2024\/06\/fuji-2-1-150x150.jpg.avif 150w, https:\/\/ttartisan.pt\/wp-content\/uploads\/2024\/06\/fuji-2-1-300x300.jpg.avif 300w, https:\/\/ttartisan.pt\/wp-content\/uploads\/2024\/06\/fuji-2-1-1024x1024.jpg.avif 1024w, https:\/\/ttartisan.pt\/wp-content\/uploads\/2024\/06\/fuji-2-1-768x768.jpg.avif 768w, https:\/\/ttartisan.pt\/wp-content\/uploads\/2024\/06\/fuji-2-1-1536x1536.jpg.avif 1536w, https:\/\/ttartisan.pt\/wp-content\/uploads\/2024\/06\/fuji-2-1-600x600.jpg.avif 600w, https:\/\/ttartisan.pt\/wp-content\/uploads\/2024\/06\/fuji-2-1-100x100.jpg.avif 100w, https:\/\/ttartisan.pt\/wp-content\/uploads\/2024\/06\/fuji-2-1.jpg.avif 2000w\" type=\"image\/avif\" sizes=\"auto, (max-width: 150px) 100vw, 150px\" \/><img loading=\"lazy\" decoding=\"async\" src=\"https:\/\/ttartisan.pt\/wp-content\/uploads\/2024\/06\/fuji-2-1-150x150.jpg\" sizes=\"auto, (max-width: 150px) 100vw, 150px\" srcset=\"https:\/\/ttartisan.pt\/wp-content\/uploads\/2024\/06\/fuji-2-1-150x150.jpg 150w, https:\/\/ttartisan.pt\/wp-content\/uploads\/2024\/06\/fuji-2-1-300x300.jpg 300w, https:\/\/ttartisan.pt\/wp-content\/uploads\/2024\/06\/fuji-2-1-1024x1024.jpg 1024w, https:\/\/ttartisan.pt\/wp-content\/uploads\/2024\/06\/fuji-2-1-768x768.jpg 768w, https:\/\/ttartisan.pt\/wp-content\/uploads\/2024\/06\/fuji-2-1-1536x1536.jpg 1536w, https:\/\/ttartisan.pt\/wp-content\/uploads\/2024\/06\/fuji-2-1-600x600.jpg 600w, https:\/\/ttartisan.pt\/wp-content\/uploads\/2024\/06\/fuji-2-1-100x100.jpg 100w, https:\/\/ttartisan.pt\/wp-content\/uploads\/2024\/06\/fuji-2-1.jpg 2000w\" alt=\"\" width=\"150\" height=\"150\"><\/picture><\/a><a class=\"\" href=\"https:\/\/ttartisan.pt\/wp-content\/uploads\/2024\/06\/Nikon-3-1-1024x1024.jpg\" data-lightbox=\"lightbox[rel-29784-3539515801]\" target=\"_blank\" rel=\"noopener\"><picture class=\"attachment-thumbnail\" title=\"Nikon (3)\"><source srcset=\"https:\/\/ttartisan.pt\/wp-content\/uploads\/2024\/06\/Nikon-3-1-150x150.jpg.avif 150w, https:\/\/ttartisan.pt\/wp-content\/uploads\/2024\/06\/Nikon-3-1-300x300.jpg.avif 300w, https:\/\/ttartisan.pt\/wp-content\/uploads\/2024\/06\/Nikon-3-1-1024x1024.jpg.avif 1024w, https:\/\/ttartisan.pt\/wp-content\/uploads\/2024\/06\/Nikon-3-1-768x768.jpg.avif 768w, https:\/\/ttartisan.pt\/wp-content\/uploads\/2024\/06\/Nikon-3-1-1536x1536.jpg.avif 1536w, https:\/\/ttartisan.pt\/wp-content\/uploads\/2024\/06\/Nikon-3-1-600x600.jpg.avif 600w, https:\/\/ttartisan.pt\/wp-content\/uploads\/2024\/06\/Nikon-3-1-100x100.jpg.avif 100w, https:\/\/ttartisan.pt\/wp-content\/uploads\/2024\/06\/Nikon-3-1.jpg.avif 2000w\" type=\"image\/avif\" sizes=\"auto, (max-width: 150px) 100vw, 150px\" \/><img loading=\"lazy\" decoding=\"async\" src=\"https:\/\/ttartisan.pt\/wp-content\/uploads\/2024\/06\/Nikon-3-1-150x150.jpg\" sizes=\"auto, (max-width: 150px) 100vw, 150px\" srcset=\"https:\/\/ttartisan.pt\/wp-content\/uploads\/2024\/06\/Nikon-3-1-150x150.jpg 150w, https:\/\/ttartisan.pt\/wp-content\/uploads\/2024\/06\/Nikon-3-1-300x300.jpg 300w, https:\/\/ttartisan.pt\/wp-content\/uploads\/2024\/06\/Nikon-3-1-1024x1024.jpg 1024w, https:\/\/ttartisan.pt\/wp-content\/uploads\/2024\/06\/Nikon-3-1-768x768.jpg 768w, https:\/\/ttartisan.pt\/wp-content\/uploads\/2024\/06\/Nikon-3-1-1536x1536.jpg 1536w, https:\/\/ttartisan.pt\/wp-content\/uploads\/2024\/06\/Nikon-3-1-600x600.jpg 600w, https:\/\/ttartisan.pt\/wp-content\/uploads\/2024\/06\/Nikon-3-1-100x100.jpg 100w, https:\/\/ttartisan.pt\/wp-content\/uploads\/2024\/06\/Nikon-3-1.jpg 2000w\" alt=\"\" width=\"150\" height=\"150\"><\/picture><\/a><a class=\"\" href=\"https:\/\/ttartisan.pt\/wp-content\/uploads\/2024\/06\/OLYMPUS-4-1-1024x1024.jpg\" data-lightbox=\"lightbox[rel-29784-3539515801]\" target=\"_blank\" rel=\"noopener\"><picture class=\"attachment-thumbnail\" title=\"OLYMPUS (4)\"><source srcset=\"https:\/\/ttartisan.pt\/wp-content\/uploads\/2024\/06\/OLYMPUS-4-1-150x150.jpg.avif 150w, https:\/\/ttartisan.pt\/wp-content\/uploads\/2024\/06\/OLYMPUS-4-1-300x300.jpg.avif 300w, https:\/\/ttartisan.pt\/wp-content\/uploads\/2024\/06\/OLYMPUS-4-1-1024x1024.jpg.avif 1024w, https:\/\/ttartisan.pt\/wp-content\/uploads\/2024\/06\/OLYMPUS-4-1-768x768.jpg.avif 768w, https:\/\/ttartisan.pt\/wp-content\/uploads\/2024\/06\/OLYMPUS-4-1-1536x1536.jpg.avif 1536w, https:\/\/ttartisan.pt\/wp-content\/uploads\/2024\/06\/OLYMPUS-4-1-600x600.jpg.avif 600w, https:\/\/ttartisan.pt\/wp-content\/uploads\/2024\/06\/OLYMPUS-4-1-100x100.jpg.avif 100w, https:\/\/ttartisan.pt\/wp-content\/uploads\/2024\/06\/OLYMPUS-4-1.jpg.avif 2000w\" type=\"image\/avif\" sizes=\"auto, (max-width: 150px) 100vw, 150px\" \/><img loading=\"lazy\" decoding=\"async\" src=\"https:\/\/ttartisan.pt\/wp-content\/uploads\/2024\/06\/OLYMPUS-4-1-150x150.jpg\" sizes=\"auto, (max-width: 150px) 100vw, 150px\" srcset=\"https:\/\/ttartisan.pt\/wp-content\/uploads\/2024\/06\/OLYMPUS-4-1-150x150.jpg 150w, https:\/\/ttartisan.pt\/wp-content\/uploads\/2024\/06\/OLYMPUS-4-1-300x300.jpg 300w, https:\/\/ttartisan.pt\/wp-content\/uploads\/2024\/06\/OLYMPUS-4-1-1024x1024.jpg 1024w, https:\/\/ttartisan.pt\/wp-content\/uploads\/2024\/06\/OLYMPUS-4-1-768x768.jpg 768w, https:\/\/ttartisan.pt\/wp-content\/uploads\/2024\/06\/OLYMPUS-4-1-1536x1536.jpg 1536w, https:\/\/ttartisan.pt\/wp-content\/uploads\/2024\/06\/OLYMPUS-4-1-600x600.jpg 600w, https:\/\/ttartisan.pt\/wp-content\/uploads\/2024\/06\/OLYMPUS-4-1-100x100.jpg 100w, https:\/\/ttartisan.pt\/wp-content\/uploads\/2024\/06\/OLYMPUS-4-1.jpg 2000w\" alt=\"\" width=\"150\" height=\"150\"><\/picture><\/a><\/p>\n<\/div>\n<\/div>\n<\/div>\n<\/div>\n<\/div>\n<\/div>\n<\/div>\n<div class=\"vc_row wpb_row vc_row-fluid\">\n<div class=\"wpb_column vc_column_container vc_col-sm-12\">\n<div class=\"vc_column-inner\">\n<div class=\"wpb_wrapper\">\n<div class=\"wpb_text_column wpb_content_element\">\n<div class=\"wpb_wrapper\">\n<h4>Caracter\u00edsticas principais<\/h4>\n<ul>\n<li>Objetiva prime concebida para fotografar todos os dias com motivos que incluem retrato, rua e reportagem<\/li>\n<li>A abertura m\u00e1xima f\/0.95 extremamente r\u00e1pida \u00e9 adequada para trabalhar em condi\u00e7\u00f5es de pouca luz e tamb\u00e9m oferece um grande controlo sobre a profundidade de campo para isolar o motivo utilizando t\u00e9cnicas de focagem selectiva<\/li>\n<li>Um bokeh sonhador, cremoso e suave<\/li>\n<li>O seu aspecto retro, aliado ao seu corpo todo em metal, combinado com qualquer c\u00e2mara torna-distinta e um artigo de moda, sempre actual<\/li>\n<li>O design de focagem manual permite um controlo suave e refinado com uma dist\u00e2ncia m\u00ednima de focagem de 50cm<\/li>\n<\/ul>\n<\/div>\n<\/div>\n<\/div>\n<\/div>\n<\/div>\n<\/div>\n<div class=\"vc_row wpb_row vc_row-fluid\">\n<div class=\"wpb_column vc_column_container vc_col-sm-12\">\n<div class=\"vc_column-inner\">\n<div class=\"wpb_wrapper\">\n<div class=\"wpb_single_image wpb_content_element vc_align_left wpb_content_element\">\n<figure class=\"wpb_wrapper vc_figure\">\n<div class=\"vc_single_image-wrapper   vc_box_border_grey\"><img loading=\"lazy\" decoding=\"async\" class=\"vc_single_image-img \" title=\"504bec9d36c926ff671d40145d7b494\" src=\"https:\/\/ttartisan.pt\/wp-content\/uploads\/2024\/06\/504bec9d36c926ff671d40145d7b494-750x502.jpg\" alt=\"504bec9d36c926ff671d40145d7b494\" width=\"750\" height=\"502\" \/><\/div>\n<\/figure>\n<\/div>\n<\/div>\n<\/div>\n<\/div>\n<\/div>\n<div class=\"vc_row wpb_row vc_row-fluid\">\n<div class=\"wpb_column vc_column_container vc_col-sm-12\">\n<div class=\"vc_column-inner\">\n<div class=\"wpb_wrapper\">\n<div class=\"wpb_text_column wpb_content_element\">\n<div class=\"wpb_wrapper\">\n<h4>Especifica\u00e7\u00f5es<\/h4>\n<table width=\"670\">\n<tbody>\n<tr>\n<td width=\"255\">Abertura m\u00e1xima<\/td>\n<td>f\/0.95<\/td>\n<\/tr>\n<tr>\n<td width=\"255\">Abertura m\u00ednima<\/td>\n<td>f\/16<\/td>\n<\/tr>\n<tr>\n<td width=\"255\">Montagem da lente<\/td>\n<td>Sony E | Fuji X | Micro 4\/3 | Nikon Z | Canon RF<\/td>\n<\/tr>\n<tr>\n<td width=\"255\">Cobertura do formato da lente<\/td>\n<td>APS-C<\/td>\n<\/tr>\n<tr>\n<td width=\"255\">Dist\u00e2ncia m\u00ednima de focagem<\/td>\n<td>50cm<\/td>\n<\/tr>\n<tr>\n<td width=\"255\">\u00c2ngulo de vis\u00e3o<\/td>\n<td>32\u00ba<\/td>\n<\/tr>\n<tr>\n<td width=\"255\">Design \u00f3tico<\/td>\n<td>8 elementos em 6 grupos<\/td>\n<\/tr>\n<tr>\n<td width=\"255\">L\u00e2minas de diafragma<\/td>\n<td>10<\/td>\n<\/tr>\n<tr>\n<td width=\"255\">Tipo de focagem<\/td>\n<td>Focagem manual<\/td>\n<\/tr>\n<tr>\n<td width=\"255\">Anel de abertura<\/td>\n<td>Com cliques<\/td>\n<\/tr>\n<tr>\n<td width=\"255\">Estabiliza\u00e7\u00e3o de imagem<\/td>\n<td>N\u00e3o<\/td>\n<\/tr>\n<tr>\n<td width=\"255\">Filtro Frontal<\/td>\n<td>58mm<\/td>\n<\/tr>\n<tr>\n<td width=\"255\">Dimens\u00e3o (C x D)<\/td>\n<td>Sony E | Fuji X | Micro 4\/3: 61 x 62mm&nbsp;<\/p>\n<p>Canon RF: 60 x 63mm<\/p>\n<p>Nikon Z: 63 x 64mm<\/td>\n<\/tr>\n<tr>\n<td width=\"255\">Peso<\/td>\n<td>~411g<\/td>\n<\/tr>\n<\/tbody>\n<\/table>\n<\/div>\n<\/div>\n<\/div>\n<\/div>\n<\/div>\n<\/div>\n<div class=\"vc_row wpb_row vc_row-fluid\">\n<div class=\"wpb_column vc_column_container vc_col-sm-12\">\n<div class=\"vc_column-inner\">\n<div class=\"wpb_wrapper\">\n<div class=\"wpb_single_image wpb_content_element vc_align_left wpb_content_element\">\n<figure class=\"wpb_wrapper vc_figure\">\n<div class=\"vc_single_image-wrapper   vc_box_border_grey\"><img loading=\"lazy\" decoding=\"async\" class=\"vc_single_image-img \" title=\"b33013564d7dab0eb7ebe670bf1aa88\" src=\"https:\/\/ttartisan.pt\/wp-content\/uploads\/2024\/06\/b33013564d7dab0eb7ebe670bf1aa88-750x502.jpg\" alt=\"b33013564d7dab0eb7ebe670bf1aa88\" width=\"750\" height=\"502\" \/><\/div>\n<\/figure>\n<\/div>\n<\/div>\n<\/div>\n<\/div>\n<\/div>\n","protected":false},"excerpt":{"rendered":"<ul>\n<li>Formato APS-C<\/li>\n<li>50mm (equivalente em full frame: 75mm)<\/li>\n<li>Intervalo de abertura: f\/0.95 a f\/16<\/li>\n<li>Design retro e t\u00e1til<\/li>\n<li>Opera\u00e7\u00e3o de focagem manual<\/li>\n<li>Diafragma de 10 l\u00e2minas<\/li>\n<\/ul>\n","protected":false},"featured_media":15158,"comment_status":"closed","ping_status":"closed","template":"","meta":{"_acf_changed":false},"product_brand":[2545],"product_cat":[1062],"product_tag":[],"class_list":{"0":"post-19103","1":"product","2":"type-product","3":"status-publish","4":"has-post-thumbnail","6":"product_brand-ttartisan-es","7":"product_cat-mirrorless-objectivos","8":"pa_abertura-maxima-f-0-95-es","9":"pa_cor-negro","10":"pa_diametro-58mm-es","11":"pa_estabilizacao-de-imagem-no","12":"pa_montagem-da-objetiva-canon-rf-es","13":"pa_montagem-da-objetiva-fujifilm-x-es","14":"pa_montagem-da-objetiva-micro-4-3-es","15":"pa_montagem-da-objetiva-nikon-z-es","16":"pa_montagem-da-objetiva-sony-e-es","17":"pa_sensor-aps-c-es","18":"pa_sensor-micro-cuatro-tercios","19":"pa_tipo-de-foco-enfoque-manual","20":"pa_tipo-de-objetiva-teleobjetivo","21":"pa_zoom-fixa-fijo","23":"first","24":"instock","25":"taxable","26":"shipping-taxable","27":"purchasable","28":"product-type-variable"},"bundled_by":[],"bundle_stock_status":"instock","bundle_stock_quantity":null,"bundle_virtual":false,"bundle_layout":"","bundle_add_to_cart_form_location":"","bundle_editable_in_cart":false,"bundle_sold_individually_context":"","bundle_item_grouping":"","bundle_min_size":"","bundle_max_size":"","bundle_price":[],"bundled_items":[],"bundle_sell_ids":[],"acf":[],"_links":{"self":[{"href":"https:\/\/hi-techwonder.com\/es\/wp-json\/wp\/v2\/product\/19103","targetHints":{"allow":["GET"]}}],"collection":[{"href":"https:\/\/hi-techwonder.com\/es\/wp-json\/wp\/v2\/product"}],"about":[{"href":"https:\/\/hi-techwonder.com\/es\/wp-json\/wp\/v2\/types\/product"}],"replies":[{"embeddable":true,"href":"https:\/\/hi-techwonder.com\/es\/wp-json\/wp\/v2\/comments?post=19103"}],"wp:featuredmedia":[{"embeddable":true,"href":"https:\/\/hi-techwonder.com\/es\/wp-json\/wp\/v2\/media\/15158"}],"wp:attachment":[{"href":"https:\/\/hi-techwonder.com\/es\/wp-json\/wp\/v2\/media?parent=19103"}],"wp:term":[{"taxonomy":"product_brand","embeddable":true,"href":"https:\/\/hi-techwonder.com\/es\/wp-json\/wp\/v2\/product_brand?post=19103"},{"taxonomy":"product_cat","embeddable":true,"href":"https:\/\/hi-techwonder.com\/es\/wp-json\/wp\/v2\/product_cat?post=19103"},{"taxonomy":"product_tag","embeddable":true,"href":"https:\/\/hi-techwonder.com\/es\/wp-json\/wp\/v2\/product_tag?post=19103"}],"curies":[{"name":"wp","href":"https:\/\/api.w.org\/{rel}","templated":true}]}}