{"id":19127,"date":"2025-07-24T09:16:29","date_gmt":"2025-07-24T09:16:29","guid":{"rendered":"https:\/\/fv6qoy3ls0.wpdns.site\/produto\/ttartisan-aps-c-50mm-f-1-2\/"},"modified":"2026-04-28T16:13:28","modified_gmt":"2026-04-28T15:13:28","slug":"ttartisan-aps-c-50mm-f-1-2","status":"publish","type":"product","link":"https:\/\/hi-techwonder.com\/es\/producto\/ttartisan-aps-c-50mm-f-1-2\/","title":{"rendered":"TTArtisan APS-C 50mm f\/1.2"},"content":{"rendered":"<div class=\"vc_row wpb_row vc_row-fluid\">\n<div class=\"wpb_column vc_column_container vc_col-sm-12\">\n<div class=\"vc_column-inner\">\n<div class=\"wpb_wrapper\">\n<div class=\"wpb_text_column wpb_content_element\">\n<div class=\"wpb_wrapper\">\n<h3>TTArtisan APS-C 50mm f\/1.2<\/h3>\n<\/div>\n<\/div>\n<\/div>\n<\/div>\n<\/div>\n<\/div>\n<div class=\"vc_row wpb_row vc_row-fluid\">\n<div class=\"wpb_column vc_column_container vc_col-sm-12\">\n<div class=\"vc_column-inner\">\n<div class=\"wpb_wrapper\">\n<div class=\"wpb_video_widget wpb_content_element vc_clearfix   vc_video-aspect-ratio-169 vc_video-el-width-100 vc_video-align-left\">\n<div class=\"wpb_wrapper\">\n<div class=\"wpb_video_wrapper\"><iframe loading=\"lazy\" title=\"TTArtisan APS-C 50mm f\/1.2\" src=\"https:\/\/www.youtube.com\/embed\/KbcBSr52utA?feature=oembed\" width=\"500\" height=\"281\" frameborder=\"0\" allowfullscreen=\"allowfullscreen\" data-mce-fragment=\"1\"><\/iframe><\/div>\n<\/div>\n<\/div>\n<\/div>\n<\/div>\n<\/div>\n<\/div>\n<div class=\"vc_row wpb_row vc_row-fluid\">\n<div class=\"wpb_column vc_column_container vc_col-sm-12\">\n<div class=\"vc_column-inner\">\n<div class=\"wpb_wrapper\">\n<div class=\"wpb_text_column wpb_content_element\">\n<div class=\"wpb_wrapper\">\n<p>A objetiva 50mm f\/1.2 da TTArtisan combina a sua dist\u00e2ncia focal vers\u00e1til de telemetria curta com uma abertura m\u00e1xima f\/1.2 excecionalmente r\u00e1pida. Este design brilhante oferece um controlo impressionante da profundidade de campo para isolar o objeto e melhorar o desempenho em condi\u00e7\u00f5es de pouca luz. Para al\u00e9m da velocidade, a objetiva utiliza um design \u00f3tico que d\u00e1 prioridade \u00e0 nitidez e \u00e0 baixa distor\u00e7\u00e3o para uma reprodu\u00e7\u00e3o clara e precisa.<\/p>\n<p>A 50mm f\/1.2 tem um design de focagem manual, capaz de focar at\u00e9 50cm \u00a0de dist\u00e2ncia, e um diafragma de 10 l\u00e2minas que contribui para uma qualidade de bokeh suave.<\/p>\n<\/div>\n<\/div>\n<\/div>\n<\/div>\n<\/div>\n<\/div>\n<div class=\"vc_row wpb_row vc_row-fluid\">\n<div class=\"wpb_column vc_column_container vc_col-sm-12\">\n<div class=\"vc_column-inner\">\n<div class=\"wpb_wrapper\">\n<div class=\"wpb_gallery wpb_content_element vc_clearfix wpb_content_element\">\n<div class=\"wpb_wrapper\">\n<div class=\"wpb_gallery_slides wpb_image_grid\" data-interval=\"3\">\n<p><a class=\"\" href=\"https:\/\/ttartisan.pt\/wp-content\/uploads\/2024\/06\/22-1024x1024.jpg\" data-lightbox=\"lightbox[rel-29843-2659651114]\" target=\"_blank\" rel=\"noopener\"><picture class=\"attachment-thumbnail\" title=\"22\"><source srcset=\"https:\/\/ttartisan.pt\/wp-content\/uploads\/2024\/06\/22-150x150.jpg.avif 150w, https:\/\/ttartisan.pt\/wp-content\/uploads\/2024\/06\/22-300x300.jpg.avif 300w, https:\/\/ttartisan.pt\/wp-content\/uploads\/2024\/06\/22-1024x1024.jpg.avif 1024w, https:\/\/ttartisan.pt\/wp-content\/uploads\/2024\/06\/22-768x768.jpg.avif 768w, https:\/\/ttartisan.pt\/wp-content\/uploads\/2024\/06\/22-1536x1536.jpg.avif 1536w, https:\/\/ttartisan.pt\/wp-content\/uploads\/2024\/06\/22-600x600.jpg.avif 600w, https:\/\/ttartisan.pt\/wp-content\/uploads\/2024\/06\/22-100x100.jpg.avif 100w, https:\/\/ttartisan.pt\/wp-content\/uploads\/2024\/06\/22.jpg.avif 2000w\" type=\"image\/avif\" sizes=\"auto, (max-width: 150px) 100vw, 150px\" \/><img loading=\"lazy\" decoding=\"async\" src=\"https:\/\/ttartisan.pt\/wp-content\/uploads\/2024\/06\/22-150x150.jpg\" sizes=\"auto, (max-width: 150px) 100vw, 150px\" srcset=\"https:\/\/ttartisan.pt\/wp-content\/uploads\/2024\/06\/22-150x150.jpg 150w, https:\/\/ttartisan.pt\/wp-content\/uploads\/2024\/06\/22-300x300.jpg 300w, https:\/\/ttartisan.pt\/wp-content\/uploads\/2024\/06\/22-1024x1024.jpg 1024w, https:\/\/ttartisan.pt\/wp-content\/uploads\/2024\/06\/22-768x768.jpg 768w, https:\/\/ttartisan.pt\/wp-content\/uploads\/2024\/06\/22-1536x1536.jpg 1536w, https:\/\/ttartisan.pt\/wp-content\/uploads\/2024\/06\/22-600x600.jpg 600w, https:\/\/ttartisan.pt\/wp-content\/uploads\/2024\/06\/22-100x100.jpg 100w, https:\/\/ttartisan.pt\/wp-content\/uploads\/2024\/06\/22.jpg 2000w\" alt=\"\" width=\"150\" height=\"150\"><\/picture><\/a><a class=\"\" href=\"https:\/\/ttartisan.pt\/wp-content\/uploads\/2024\/06\/34-1024x1024.jpg\" data-lightbox=\"lightbox[rel-29843-2659651114]\" target=\"_blank\" rel=\"noopener\"><picture class=\"attachment-thumbnail\" title=\"34\"><source srcset=\"https:\/\/ttartisan.pt\/wp-content\/uploads\/2024\/06\/34-150x150.jpg.avif 150w, https:\/\/ttartisan.pt\/wp-content\/uploads\/2024\/06\/34-300x300.jpg.avif 300w, https:\/\/ttartisan.pt\/wp-content\/uploads\/2024\/06\/34-1024x1024.jpg.avif 1024w, https:\/\/ttartisan.pt\/wp-content\/uploads\/2024\/06\/34-768x768.jpg.avif 768w, https:\/\/ttartisan.pt\/wp-content\/uploads\/2024\/06\/34-1536x1536.jpg.avif 1536w, https:\/\/ttartisan.pt\/wp-content\/uploads\/2024\/06\/34-600x600.jpg.avif 600w, https:\/\/ttartisan.pt\/wp-content\/uploads\/2024\/06\/34-100x100.jpg.avif 100w, https:\/\/ttartisan.pt\/wp-content\/uploads\/2024\/06\/34.jpg.avif 2000w\" type=\"image\/avif\" sizes=\"auto, (max-width: 150px) 100vw, 150px\" \/><img loading=\"lazy\" decoding=\"async\" src=\"https:\/\/ttartisan.pt\/wp-content\/uploads\/2024\/06\/34-150x150.jpg\" sizes=\"auto, (max-width: 150px) 100vw, 150px\" srcset=\"https:\/\/ttartisan.pt\/wp-content\/uploads\/2024\/06\/34-150x150.jpg 150w, https:\/\/ttartisan.pt\/wp-content\/uploads\/2024\/06\/34-300x300.jpg 300w, https:\/\/ttartisan.pt\/wp-content\/uploads\/2024\/06\/34-1024x1024.jpg 1024w, https:\/\/ttartisan.pt\/wp-content\/uploads\/2024\/06\/34-768x768.jpg 768w, https:\/\/ttartisan.pt\/wp-content\/uploads\/2024\/06\/34-1536x1536.jpg 1536w, https:\/\/ttartisan.pt\/wp-content\/uploads\/2024\/06\/34-600x600.jpg 600w, https:\/\/ttartisan.pt\/wp-content\/uploads\/2024\/06\/34-100x100.jpg 100w, https:\/\/ttartisan.pt\/wp-content\/uploads\/2024\/06\/34.jpg 2000w\" alt=\"\" width=\"150\" height=\"150\"><\/picture><\/a><a class=\"\" href=\"https:\/\/ttartisan.pt\/wp-content\/uploads\/2024\/06\/37-1024x1024.jpg\" data-lightbox=\"lightbox[rel-29843-2659651114]\" target=\"_blank\" rel=\"noopener\"><picture class=\"attachment-thumbnail\" title=\"37\"><source srcset=\"https:\/\/ttartisan.pt\/wp-content\/uploads\/2024\/06\/37-150x150.jpg.avif 150w, https:\/\/ttartisan.pt\/wp-content\/uploads\/2024\/06\/37-300x300.jpg.avif 300w, https:\/\/ttartisan.pt\/wp-content\/uploads\/2024\/06\/37-1024x1024.jpg.avif 1024w, https:\/\/ttartisan.pt\/wp-content\/uploads\/2024\/06\/37-768x768.jpg.avif 768w, https:\/\/ttartisan.pt\/wp-content\/uploads\/2024\/06\/37-1536x1536.jpg.avif 1536w, https:\/\/ttartisan.pt\/wp-content\/uploads\/2024\/06\/37-600x600.jpg.avif 600w, https:\/\/ttartisan.pt\/wp-content\/uploads\/2024\/06\/37-100x100.jpg.avif 100w, https:\/\/ttartisan.pt\/wp-content\/uploads\/2024\/06\/37.jpg.avif 2000w\" type=\"image\/avif\" sizes=\"auto, (max-width: 150px) 100vw, 150px\" \/><img loading=\"lazy\" decoding=\"async\" src=\"https:\/\/ttartisan.pt\/wp-content\/uploads\/2024\/06\/37-150x150.jpg\" sizes=\"auto, (max-width: 150px) 100vw, 150px\" srcset=\"https:\/\/ttartisan.pt\/wp-content\/uploads\/2024\/06\/37-150x150.jpg 150w, https:\/\/ttartisan.pt\/wp-content\/uploads\/2024\/06\/37-300x300.jpg 300w, https:\/\/ttartisan.pt\/wp-content\/uploads\/2024\/06\/37-1024x1024.jpg 1024w, https:\/\/ttartisan.pt\/wp-content\/uploads\/2024\/06\/37-768x768.jpg 768w, https:\/\/ttartisan.pt\/wp-content\/uploads\/2024\/06\/37-1536x1536.jpg 1536w, https:\/\/ttartisan.pt\/wp-content\/uploads\/2024\/06\/37-600x600.jpg 600w, https:\/\/ttartisan.pt\/wp-content\/uploads\/2024\/06\/37-100x100.jpg 100w, https:\/\/ttartisan.pt\/wp-content\/uploads\/2024\/06\/37.jpg 2000w\" alt=\"\" width=\"150\" height=\"150\"><\/picture><\/a><a class=\"\" href=\"https:\/\/ttartisan.pt\/wp-content\/uploads\/2024\/06\/50mm-F1.2-6-1024x1024.jpg\" data-lightbox=\"lightbox[rel-29843-2659651114]\" target=\"_blank\" rel=\"noopener\"><picture class=\"attachment-thumbnail\" title=\"50mm F1.2-6\"><source srcset=\"https:\/\/ttartisan.pt\/wp-content\/uploads\/2024\/06\/50mm-F1.2-6-150x150.jpg.avif 150w, https:\/\/ttartisan.pt\/wp-content\/uploads\/2024\/06\/50mm-F1.2-6-300x300.jpg.avif 300w, https:\/\/ttartisan.pt\/wp-content\/uploads\/2024\/06\/50mm-F1.2-6-1024x1024.jpg.avif 1024w, https:\/\/ttartisan.pt\/wp-content\/uploads\/2024\/06\/50mm-F1.2-6-768x768.jpg.avif 768w, https:\/\/ttartisan.pt\/wp-content\/uploads\/2024\/06\/50mm-F1.2-6-1536x1536.jpg.avif 1536w, https:\/\/ttartisan.pt\/wp-content\/uploads\/2024\/06\/50mm-F1.2-6-600x600.jpg.avif 600w, https:\/\/ttartisan.pt\/wp-content\/uploads\/2024\/06\/50mm-F1.2-6-100x100.jpg.avif 100w, https:\/\/ttartisan.pt\/wp-content\/uploads\/2024\/06\/50mm-F1.2-6.jpg.avif 2000w\" type=\"image\/avif\" sizes=\"auto, (max-width: 150px) 100vw, 150px\" \/><img loading=\"lazy\" decoding=\"async\" src=\"https:\/\/ttartisan.pt\/wp-content\/uploads\/2024\/06\/50mm-F1.2-6-150x150.jpg\" sizes=\"auto, (max-width: 150px) 100vw, 150px\" srcset=\"https:\/\/ttartisan.pt\/wp-content\/uploads\/2024\/06\/50mm-F1.2-6-150x150.jpg 150w, https:\/\/ttartisan.pt\/wp-content\/uploads\/2024\/06\/50mm-F1.2-6-300x300.jpg 300w, https:\/\/ttartisan.pt\/wp-content\/uploads\/2024\/06\/50mm-F1.2-6-1024x1024.jpg 1024w, https:\/\/ttartisan.pt\/wp-content\/uploads\/2024\/06\/50mm-F1.2-6-768x768.jpg 768w, https:\/\/ttartisan.pt\/wp-content\/uploads\/2024\/06\/50mm-F1.2-6-1536x1536.jpg 1536w, https:\/\/ttartisan.pt\/wp-content\/uploads\/2024\/06\/50mm-F1.2-6-600x600.jpg 600w, https:\/\/ttartisan.pt\/wp-content\/uploads\/2024\/06\/50mm-F1.2-6-100x100.jpg 100w, https:\/\/ttartisan.pt\/wp-content\/uploads\/2024\/06\/50mm-F1.2-6.jpg 2000w\" alt=\"\" width=\"150\" height=\"150\"><\/picture><\/a><a class=\"\" href=\"https:\/\/ttartisan.pt\/wp-content\/uploads\/2024\/06\/28-1024x1024.jpg\" data-lightbox=\"lightbox[rel-29843-2659651114]\" target=\"_blank\" rel=\"noopener\"><picture class=\"attachment-thumbnail\" title=\"28\"><source srcset=\"https:\/\/ttartisan.pt\/wp-content\/uploads\/2024\/06\/28-150x150.jpg.avif 150w, https:\/\/ttartisan.pt\/wp-content\/uploads\/2024\/06\/28-300x300.jpg.avif 300w, https:\/\/ttartisan.pt\/wp-content\/uploads\/2024\/06\/28-1024x1024.jpg.avif 1024w, https:\/\/ttartisan.pt\/wp-content\/uploads\/2024\/06\/28-768x768.jpg.avif 768w, https:\/\/ttartisan.pt\/wp-content\/uploads\/2024\/06\/28-1536x1536.jpg.avif 1536w, https:\/\/ttartisan.pt\/wp-content\/uploads\/2024\/06\/28-600x600.jpg.avif 600w, https:\/\/ttartisan.pt\/wp-content\/uploads\/2024\/06\/28-100x100.jpg.avif 100w, https:\/\/ttartisan.pt\/wp-content\/uploads\/2024\/06\/28.jpg.avif 2000w\" type=\"image\/avif\" sizes=\"auto, (max-width: 150px) 100vw, 150px\" \/><img loading=\"lazy\" decoding=\"async\" src=\"https:\/\/ttartisan.pt\/wp-content\/uploads\/2024\/06\/28-150x150.jpg\" sizes=\"auto, (max-width: 150px) 100vw, 150px\" srcset=\"https:\/\/ttartisan.pt\/wp-content\/uploads\/2024\/06\/28-150x150.jpg 150w, https:\/\/ttartisan.pt\/wp-content\/uploads\/2024\/06\/28-300x300.jpg 300w, https:\/\/ttartisan.pt\/wp-content\/uploads\/2024\/06\/28-1024x1024.jpg 1024w, https:\/\/ttartisan.pt\/wp-content\/uploads\/2024\/06\/28-768x768.jpg 768w, https:\/\/ttartisan.pt\/wp-content\/uploads\/2024\/06\/28-1536x1536.jpg 1536w, https:\/\/ttartisan.pt\/wp-content\/uploads\/2024\/06\/28-600x600.jpg 600w, https:\/\/ttartisan.pt\/wp-content\/uploads\/2024\/06\/28-100x100.jpg 100w, https:\/\/ttartisan.pt\/wp-content\/uploads\/2024\/06\/28.jpg 2000w\" alt=\"\" width=\"150\" height=\"150\"><\/picture><\/a><\/p>\n<\/div>\n<\/div>\n<\/div>\n<\/div>\n<\/div>\n<\/div>\n<\/div>\n<div class=\"vc_row wpb_row vc_row-fluid\">\n<div class=\"wpb_column vc_column_container vc_col-sm-12\">\n<div class=\"vc_column-inner\">\n<div class=\"wpb_wrapper\">\n<div class=\"wpb_text_column wpb_content_element\">\n<div class=\"wpb_wrapper\">\n<h4>Caracter\u00edsticas<strong>\u00a0principais<\/strong><\/h4>\n<ul>\n<li>A lente prime de comprimento de retrato foi concebida para c\u00e2maras de formato APS-C e oferece uma dist\u00e2ncia focal equivalente a 75 mm.<\/li>\n<li>A abertura m\u00e1xima f\/1.2 impressionantemente brilhante \u00e9 excelente em condi\u00e7\u00f5es de pouca luz e tamb\u00e9m permite um maior controlo da profundidade de campo.<\/li>\n<li>O conceito \u00f3tico promove um elevado grau de nitidez, baixa distor\u00e7\u00e3o e uma reprodu\u00e7\u00e3o precisa.<\/li>\n<li>O design de focagem manual permite trabalhar com objectos a uma dist\u00e2ncia de 50cm.<\/li>\n<li>O diafragma de 10 l\u00e2minas contribui para uma qualidade de bokeh agrad\u00e1vel e suave.<\/li>\n<\/ul>\n<\/div>\n<\/div>\n<\/div>\n<\/div>\n<\/div>\n<\/div>\n<div class=\"vc_row wpb_row vc_row-fluid\">\n<div class=\"wpb_column vc_column_container vc_col-sm-12\">\n<div class=\"vc_column-inner\">\n<div class=\"wpb_wrapper\">\n<div class=\"wpb_single_image wpb_content_element vc_align_left wpb_content_element\">\n<figure class=\"wpb_wrapper vc_figure\">\n<div class=\"vc_single_image-wrapper   vc_box_border_grey\"><img loading=\"lazy\" decoding=\"async\" class=\"vc_single_image-img \" title=\"RASK2228\" src=\"https:\/\/ttartisan.pt\/wp-content\/uploads\/2024\/06\/RASK2228-752x502.jpg\" alt=\"RASK2228\" width=\"752\" height=\"502\" \/><\/div>\n<\/figure>\n<\/div>\n<\/div>\n<\/div>\n<\/div>\n<\/div>\n<div class=\"vc_row wpb_row vc_row-fluid\">\n<div class=\"wpb_column vc_column_container vc_col-sm-12\">\n<div class=\"vc_column-inner\">\n<div class=\"wpb_wrapper\">\n<div class=\"wpb_text_column wpb_content_element\">\n<div class=\"wpb_wrapper\">\n<h4>Especifica\u00e7\u00f5es<\/h4>\n<table width=\"670\">\n<tbody>\n<tr>\n<td width=\"255\">Abertura m\u00e1xima<\/td>\n<td>f\/1.2<\/td>\n<\/tr>\n<tr>\n<td width=\"255\">Abertura m\u00ednima<\/td>\n<td>f\/16<\/td>\n<\/tr>\n<tr>\n<td width=\"255\">Montagem da lente<\/td>\n<td>Sony E | Fuji X | Micro 4\/3 | Nikon Z | Canon RF<\/td>\n<\/tr>\n<tr>\n<td width=\"255\">Cobertura do formato da lente<\/td>\n<td>APS-C<\/td>\n<\/tr>\n<tr>\n<td width=\"255\">Dist\u00e2ncia m\u00ednima de focagem<\/td>\n<td>50cm<\/td>\n<\/tr>\n<tr>\n<td width=\"255\">\u00c2ngulo de vis\u00e3o<\/td>\n<td>32\u00ba<\/td>\n<\/tr>\n<tr>\n<td width=\"255\">Design \u00f3tico<\/td>\n<td>7 elementos em 5 grupos<\/td>\n<\/tr>\n<tr>\n<td width=\"255\">L\u00e2minas de diafragma<\/td>\n<td>10<\/td>\n<\/tr>\n<tr>\n<td width=\"255\">Tipo de focagem<\/td>\n<td>Focagem manual<\/td>\n<\/tr>\n<tr>\n<td width=\"255\">Anel de abertura<\/td>\n<td>Com cliques<\/td>\n<\/tr>\n<tr>\n<td width=\"255\">Estabiliza\u00e7\u00e3o de imagem<\/td>\n<td>N\u00e3o<\/td>\n<\/tr>\n<tr>\n<td width=\"255\">Filtro Frontal<\/td>\n<td>52mm<\/td>\n<\/tr>\n<tr>\n<td width=\"255\">Dimens\u00e3o (C x D)<\/td>\n<td>60 x 62 mm<\/td>\n<\/tr>\n<tr>\n<td width=\"255\">Peso<\/td>\n<td>~336g<\/td>\n<\/tr>\n<\/tbody>\n<\/table>\n<\/div>\n<\/div>\n<\/div>\n<\/div>\n<\/div>\n<\/div>\n<div class=\"vc_row wpb_row vc_row-fluid\">\n<div class=\"wpb_column vc_column_container vc_col-sm-12\">\n<div class=\"vc_column-inner\">\n<div class=\"wpb_wrapper\">\n<div class=\"wpb_single_image wpb_content_element vc_align_left wpb_content_element\">\n<figure class=\"wpb_wrapper vc_figure\">\n<div class=\"vc_single_image-wrapper   vc_box_border_grey\"><img loading=\"lazy\" decoding=\"async\" class=\"vc_single_image-img \" title=\"50mm F1.2\" src=\"https:\/\/ttartisan.pt\/wp-content\/uploads\/2024\/06\/50mm-F1.2-752x502.jpg\" alt=\"50mm F1.2\" width=\"752\" height=\"502\" \/><\/div>\n<\/figure>\n<\/div>\n<\/div>\n<\/div>\n<\/div>\n<\/div>\n","protected":false},"excerpt":{"rendered":"<ul>\n<li>Formato APS-C<\/li>\n<li>50mm (equivalente em Full Frame: 75 mm )<\/li>\n<li>Intervalo de abertura: f\/1.2 a f\/16<\/li>\n<li>Design de focagem manual<\/li>\n<li>Diafragma de 10 l\u00e2minas<\/li>\n<\/ul>\n","protected":false},"featured_media":15193,"comment_status":"closed","ping_status":"closed","template":"","meta":{"_acf_changed":false},"product_brand":[2545],"product_cat":[1062],"product_tag":[],"class_list":{"0":"post-19127","1":"product","2":"type-product","3":"status-publish","4":"has-post-thumbnail","6":"product_brand-ttartisan-es","7":"product_cat-mirrorless-objectivos","8":"pa_abertura-maxima-f-1-2-es","9":"pa_cor-negro","10":"pa_diametro-52mm-es","11":"pa_estabilizacao-de-imagem-no","12":"pa_montagem-da-objetiva-canon-rf-es","13":"pa_montagem-da-objetiva-fujifilm-x-es","14":"pa_montagem-da-objetiva-micro-4-3-es","15":"pa_montagem-da-objetiva-nikon-z-es","16":"pa_montagem-da-objetiva-sony-e-es","17":"pa_sensor-aps-c-es","18":"pa_sensor-micro-cuatro-tercios","19":"pa_tipo-de-foco-enfoque-manual","20":"pa_tipo-de-objetiva-teleobjetivo","21":"pa_zoom-fixa-fijo","23":"first","24":"instock","25":"taxable","26":"shipping-taxable","27":"purchasable","28":"product-type-variable"},"bundled_by":[],"bundle_stock_status":"instock","bundle_stock_quantity":null,"bundle_virtual":false,"bundle_layout":"","bundle_add_to_cart_form_location":"","bundle_editable_in_cart":false,"bundle_sold_individually_context":"","bundle_item_grouping":"","bundle_min_size":"","bundle_max_size":"","bundle_price":[],"bundled_items":[],"bundle_sell_ids":[],"acf":[],"_links":{"self":[{"href":"https:\/\/hi-techwonder.com\/es\/wp-json\/wp\/v2\/product\/19127","targetHints":{"allow":["GET"]}}],"collection":[{"href":"https:\/\/hi-techwonder.com\/es\/wp-json\/wp\/v2\/product"}],"about":[{"href":"https:\/\/hi-techwonder.com\/es\/wp-json\/wp\/v2\/types\/product"}],"replies":[{"embeddable":true,"href":"https:\/\/hi-techwonder.com\/es\/wp-json\/wp\/v2\/comments?post=19127"}],"wp:featuredmedia":[{"embeddable":true,"href":"https:\/\/hi-techwonder.com\/es\/wp-json\/wp\/v2\/media\/15193"}],"wp:attachment":[{"href":"https:\/\/hi-techwonder.com\/es\/wp-json\/wp\/v2\/media?parent=19127"}],"wp:term":[{"taxonomy":"product_brand","embeddable":true,"href":"https:\/\/hi-techwonder.com\/es\/wp-json\/wp\/v2\/product_brand?post=19127"},{"taxonomy":"product_cat","embeddable":true,"href":"https:\/\/hi-techwonder.com\/es\/wp-json\/wp\/v2\/product_cat?post=19127"},{"taxonomy":"product_tag","embeddable":true,"href":"https:\/\/hi-techwonder.com\/es\/wp-json\/wp\/v2\/product_tag?post=19127"}],"curies":[{"name":"wp","href":"https:\/\/api.w.org\/{rel}","templated":true}]}}